{"id":1005,"date":"2025-02-18T07:46:12","date_gmt":"2025-02-18T07:46:12","guid":{"rendered":"https:\/\/www.educatiusacademy.org\/?page_id=1005"},"modified":"2026-02-18T11:11:14","modified_gmt":"2026-02-18T11:11:14","slug":"for-parents","status":"publish","type":"page","link":"https:\/\/www.educatiusacademy.org\/es\/for-parents\/","title":{"rendered":"For parents"},"content":{"rendered":"\n<div class=\"wp-block-group has-gray-background-color has-background\"><div class=\"wp-block-group__inner-container is-layout-constrained wp-block-group-is-layout-constrained\">\n<div style=\"height:100px\" aria-hidden=\"true\" class=\"wp-block-spacer\"><\/div>\n\n\n\n<div class=\"wp-block-columns container has-gray-background-color has-background is-layout-flex wp-container-core-columns-is-layout-1 wp-block-columns-is-layout-flex\">\n<div class=\"wp-block-column is-layout-flow wp-block-column-is-layout-flow\">\n<div class=\"wp-block-educatius-title-paragraph-darkbutton container\"><div class=\"text-block-wrap py-4 py-md-0\"><h3 class=\"text-block-title text-primary\">Para padres<\/h3><p class=\"text-primary\"> <br>Su hijo\/a contar\u00e1 con un acompa\u00f1amiento s\u00f3lido y una orientaci\u00f3n constante a lo largo de sus programas acad\u00e9micos. Aplicamos una metodolog\u00eda de eficacia probada que garantiza que los alumnos tengan un buen comienzo, se sientan apoyados durante todo su recorrido acad\u00e9mico y est\u00e9n adecuadamente preparados para el acceso a la universidad al finalizar sus estudios de bachillerato.<br><br><strong>Orientaci\u00f3n personalizada<\/strong><br>Las sesiones individuales de orientaci\u00f3n permiten tomar decisiones informadas sobre la trayectoria acad\u00e9mica de su hijo\/a. Analizaremos sus objetivos e intereses, as\u00ed como su expediente acad\u00e9mico y su nivel de ingl\u00e9s. Esta informaci\u00f3n nos permitir\u00e1 recomendar el programa y las asignaturas m\u00e1s adecuadas para su perfil.<br><br><strong>Apoyo acad\u00e9mico<\/strong><br>Los profesores de Estados Unidos participan regularmente en sesiones en directo con los alumnos y pueden ser contactados directamente para resolver dudas sobre contenidos, tareas y evaluaciones. Adem\u00e1s, los tutores acad\u00e9micos est\u00e1n disponibles durante todo el a\u00f1o. Este apoyo personalizado permite que su hijo\/a obtenga respuesta a sus preguntas y reciba la ayuda necesaria para la realizaci\u00f3n de tareas y la preparaci\u00f3n de ex\u00e1menes.<br><br><strong>Asesor del programa<\/strong><br>Educatius asigna un asesor del programa encargado de supervisar el rendimiento acad\u00e9mico de los alumnos y de garantizar que cumplan los plazos y completen con \u00e9xito los cursos. Este asesor se pondr\u00e1 en contacto con su hijo\/a de forma peri\u00f3dica y le ofrecer\u00e1 apoyo adicional siempre que sea necesario.<br><br><strong>Acompa\u00f1e el progreso de su hijo\/a<\/strong><br>Adem\u00e1s del acompa\u00f1amiento del asesor del programa, los padres pueden realizar un seguimiento del progreso y del rendimiento acad\u00e9mico de su hijo\/a a trav\u00e9s de la plataforma de aprendizaje. Podemos configurar el acceso como observador para que pueda consultar su evoluci\u00f3n acad\u00e9mica en todo momento.<br><strong><br>Programa de asesoramiento universitario<\/strong><br>Nuestro Programa de Asesoramiento Universitario (CAP) ofrece orientaci\u00f3n universitaria personalizada, informaci\u00f3n sobre oportunidades de becas y apoyo en los procesos de solicitud a universidades y centros de educaci\u00f3n superior en Estados Unidos y otros pa\u00edses.<br><br><\/p><a href=\"\/es\/whats-included\/\" class=\"btn btn-primary\">Saber M\u00e1s<\/a><\/div><\/div>\n<\/div>\n\n\n\n<div class=\"wp-block-column is-layout-flow wp-block-column-is-layout-flow\">\n<figure class=\"wp-block-image size-full\"><img loading=\"lazy\" decoding=\"async\" width=\"640\" height=\"426\" src=\"https:\/\/www.educatiusacademy.org\/wp-content\/uploads\/2025\/02\/academy-online-mother-and-teenage-boy-640x426px.jpg\" alt=\"\" class=\"wp-image-198\" srcset=\"https:\/\/www.educatiusacademy.org\/wp-content\/uploads\/2025\/02\/academy-online-mother-and-teenage-boy-640x426px.jpg 640w, https:\/\/www.educatiusacademy.org\/wp-content\/uploads\/2025\/02\/academy-online-mother-and-teenage-boy-640x426px-300x200.jpg 300w, https:\/\/www.educatiusacademy.org\/wp-content\/uploads\/2025\/02\/academy-online-mother-and-teenage-boy-640x426px-24x16.jpg 24w, https:\/\/www.educatiusacademy.org\/wp-content\/uploads\/2025\/02\/academy-online-mother-and-teenage-boy-640x426px-36x24.jpg 36w, https:\/\/www.educatiusacademy.org\/wp-content\/uploads\/2025\/02\/academy-online-mother-and-teenage-boy-640x426px-48x32.jpg 48w\" sizes=\"auto, (max-width: 640px) 100vw, 640px\" \/><\/figure>\n<\/div>\n<\/div>\n<\/div><\/div>\n\n\n\n<div class=\"wp-block-columns container is-layout-flex wp-container-core-columns-is-layout-2 wp-block-columns-is-layout-flex\">\n<div class=\"wp-block-column is-layout-flow wp-block-column-is-layout-flow\">\n<figure class=\"wp-block-image size-full\"><img loading=\"lazy\" decoding=\"async\" width=\"640\" height=\"480\" src=\"https:\/\/www.educatiusacademy.org\/wp-content\/uploads\/2025\/02\/group-of-students-with-diplomas-on-graduation-day-select-high-school-640x480px.jpg\" alt=\"\" class=\"wp-image-225\" srcset=\"https:\/\/www.educatiusacademy.org\/wp-content\/uploads\/2025\/02\/group-of-students-with-diplomas-on-graduation-day-select-high-school-640x480px.jpg 640w, https:\/\/www.educatiusacademy.org\/wp-content\/uploads\/2025\/02\/group-of-students-with-diplomas-on-graduation-day-select-high-school-640x480px-300x225.jpg 300w, https:\/\/www.educatiusacademy.org\/wp-content\/uploads\/2025\/02\/group-of-students-with-diplomas-on-graduation-day-select-high-school-640x480px-24x18.jpg 24w, https:\/\/www.educatiusacademy.org\/wp-content\/uploads\/2025\/02\/group-of-students-with-diplomas-on-graduation-day-select-high-school-640x480px-36x27.jpg 36w, https:\/\/www.educatiusacademy.org\/wp-content\/uploads\/2025\/02\/group-of-students-with-diplomas-on-graduation-day-select-high-school-640x480px-48x36.jpg 48w\" sizes=\"auto, (max-width: 640px) 100vw, 640px\" \/><\/figure>\n<\/div>\n\n\n\n<div class=\"wp-block-column has-deep-red-background-color has-background is-layout-flow wp-block-column-is-layout-flow\">\n<div class=\"wp-block-educatius-bordered-text container\"><div class=\"quick-fact-section\"><h6 class=\"text-block-title text-primary\">Datos de inter\u00e9s<\/h6><ul class=\"list-group text-primary\"><li class=\"list-item\">Recomendamos el programa y las asignaturas m\u00e1s adecuadas para el perfil acad\u00e9mico de su hijo\/a.<\/li><br><li class=\"list-item\">Los profesores y tutores ofrecen apoyo continuo al aprendizaje a lo largo de los estudios de su hijo\/a.<\/li><br><li class=\"list-item\">Los informes de progreso acad\u00e9mico est\u00e1n disponibles para las familias siempre que lo soliciten.<\/li><br><li class=\"list-item\">Nuestros asesores del programa acompa\u00f1an a su hijo\/a para garantizar un progreso acad\u00e9mico adecuado hasta la finalizaci\u00f3n de sus estudios.<\/li><\/ul><\/div><\/div>\n<\/div>\n<\/div>\n\n\n\n<div class=\"wp-block-columns container is-layout-flex wp-container-core-columns-is-layout-3 wp-block-columns-is-layout-flex\">\n<div class=\"wp-block-column has-light-pink-background-color has-background is-layout-flow wp-block-column-is-layout-flow\">\n<div class=\"wp-block-educatius-title-paragraph-darkbutton container\"><div class=\"text-block-wrap py-4 py-md-0\"><h3 class=\"text-block-title text-primary\">Accredited High School Programs<\/h3><p class=\"text-primary\">Students study on the virtual platforms of our accredited U.S. high school partners. Educatius offers virtual as well as on-campus programs with prominent, long-time boarding schools including Washington Academy, Thornton Academy, and Wayland Academy. In addition, our virtual partner, EdOptions Academy, offers diploma programs and a wide selection of courses&nbsp; in a variety of subjects.<\/p><a href=\"\/dual-diploma\/\" class=\"btn btn-primary\">Our Diploma Programs<\/a><\/div><\/div>\n<\/div>\n\n\n\n<div class=\"wp-block-column has-gray-background-color has-background is-layout-flow wp-block-column-is-layout-flow\">\n<div class=\"wp-block-educatius-title-paragraph-darkbutton container\"><div class=\"text-block-wrap py-4 py-md-0\"><h3 class=\"text-block-title text-primary\">Why Educatius Academy?<\/h3><p class=\"text-primary\">Educatius Academy is a division of Educatius Inc, a member of Educatius Group, the world leader in international high school education. Together with our partner network of education agents, consultants, and hundreds of school partners, we enroll 8,000 students annually from 60 countries on high school study exchanges in 14 top destinations worldwide. Our vast experience with high school programs guides us in finding the right program and supporting your child.<\/p><a href=\"\/about-us\/\" class=\"btn btn-primary\">Learn More<\/a><\/div><\/div>\n<\/div>\n<\/div>\n\n\n\n<section class=\"wp-block-educatius-right-image-and-text highlight-section-reverse py-1 py-sm-2 py-md-2 py-sm-5 py-md-5\"><div class=\"container\"><div class=\"row\"><div class=\"col-md-6 order-md-1\"><img decoding=\"async\" src=\"https:\/\/www.educatiusacademy.org\/wp-content\/uploads\/2025\/02\/academy-online-jev-langues-dual-diploma-640x427px.jpg\" class=\"w-100\" \/><\/div><div class=\"col-md-6 order-md-0\" style=\"background:#691c32\"><div class=\"text-block-wrap py-md-0 px-md-5\"><span class=\"text-block-title\" style=\"color:#ffffff\"><\/span><h3 class=\"text-block-title\" style=\"color:#ffffff\">Asesoramiento acad\u00e9mico<\/h3><p style=\"color:#ffffff\">P\u00f3ngase en contacto con nosotros para concertar una reuni\u00f3n individual con un asesor acad\u00e9mico especializado. Durante la sesi\u00f3n, analizaremos c\u00f3mo los programas de Educatius Academy pueden contribuir al desarrollo acad\u00e9mico de su hijo\/a.<br>Podr\u00e1 resolver sus dudas sobre nuestra oferta educativa, incluidos el apoyo ling\u00fc\u00edstico y al aprendizaje, as\u00ed como los servicios de orientaci\u00f3n universitaria. Estaremos encantados de atenderle.<\/p><a href=\"\/es\/contact-us-student\/\" class=\"btn btn-outline-primary btn-lg\" style=\"border-color:#ffffff;color:#ffffff\">Solicite una consulta acad\u00e9mica gratuita<\/a><\/div><\/div><\/div><\/div><\/section>\n","protected":false},"excerpt":{"rendered":"","protected":false},"author":2,"featured_media":0,"parent":0,"menu_order":0,"comment_status":"closed","ping_status":"closed","template":"","meta":{"_acf_changed":false,"inline_featured_image":false,"footnotes":""},"wf_page_folders":[],"class_list":["post-1005","page","type-page","status-publish","hentry"],"acf":[],"yoast_head":"<!-- This site is optimized with the Yoast SEO Premium plugin v23.4 (Yoast SEO v23.6) - https:\/\/yoast.com\/wordpress\/plugins\/seo\/ -->\n<title>Parents Rest Easy with Educatius Support - Educatius Academy Online- Educatius Academy Online<\/title>\n<meta name=\"description\" content=\"Your child will succeed with their USA high school degree with personal guidance, academic tutoring, advisors and college prep plus English language.\" \/>\n<meta name=\"robots\" content=\"index, follow, max-snippet:-1, max-image-preview:large, max-video-preview:-1\" \/>\n<link rel=\"canonical\" href=\"https:\/\/www.educatiusacademy.org\/es\/for-parents\/\" \/>\n<meta property=\"og:locale\" content=\"es_ES\" \/>\n<meta property=\"og:type\" content=\"article\" \/>\n<meta property=\"og:title\" content=\"For parents\" \/>\n<meta property=\"og:description\" content=\"Your child will succeed with their USA high school degree with personal guidance, academic tutoring, advisors and college prep plus English language.\" \/>\n<meta property=\"og:url\" content=\"https:\/\/www.educatiusacademy.org\/es\/for-parents\/\" \/>\n<meta property=\"og:site_name\" content=\"Educatius Academy Online\" \/>\n<meta property=\"article:modified_time\" content=\"2026-02-18T11:11:14+00:00\" \/>\n<meta property=\"og:image\" content=\"https:\/\/www.educatiusacademy.org\/wp-content\/uploads\/2025\/02\/academy-online-mother-and-teenage-boy-640x426px.jpg\" \/>\n\t<meta property=\"og:image:width\" content=\"640\" \/>\n\t<meta property=\"og:image:height\" content=\"426\" \/>\n\t<meta property=\"og:image:type\" content=\"image\/jpeg\" \/>\n<meta name=\"twitter:card\" content=\"summary_large_image\" \/>\n<meta name=\"twitter:label1\" content=\"Est. reading time\" \/>\n\t<meta name=\"twitter:data1\" content=\"4 minutos\" \/>\n<script type=\"application\/ld+json\" class=\"yoast-schema-graph\">{\"@context\":\"https:\/\/schema.org\",\"@graph\":[{\"@type\":\"WebPage\",\"@id\":\"https:\/\/www.educatiusacademy.org\/es\/for-parents\/\",\"url\":\"https:\/\/www.educatiusacademy.org\/es\/for-parents\/\",\"name\":\"Parents Rest Easy with Educatius Support - Educatius Academy Online- Educatius Academy Online\",\"isPartOf\":{\"@id\":\"https:\/\/www.educatiusacademy.org\/es\/#website\"},\"primaryImageOfPage\":{\"@id\":\"https:\/\/www.educatiusacademy.org\/es\/for-parents\/#primaryimage\"},\"image\":{\"@id\":\"https:\/\/www.educatiusacademy.org\/es\/for-parents\/#primaryimage\"},\"thumbnailUrl\":\"https:\/\/www.educatiusacademy.org\/wp-content\/uploads\/2025\/02\/academy-online-mother-and-teenage-boy-640x426px.jpg\",\"datePublished\":\"2025-02-18T07:46:12+00:00\",\"dateModified\":\"2026-02-18T11:11:14+00:00\",\"description\":\"Your child will succeed with their USA high school degree with personal guidance, academic tutoring, advisors and college prep plus English language.\",\"breadcrumb\":{\"@id\":\"https:\/\/www.educatiusacademy.org\/es\/for-parents\/#breadcrumb\"},\"inLanguage\":\"es\",\"potentialAction\":[{\"@type\":\"ReadAction\",\"target\":[\"https:\/\/www.educatiusacademy.org\/es\/for-parents\/\"]}]},{\"@type\":\"ImageObject\",\"inLanguage\":\"es\",\"@id\":\"https:\/\/www.educatiusacademy.org\/es\/for-parents\/#primaryimage\",\"url\":\"https:\/\/www.educatiusacademy.org\/wp-content\/uploads\/2025\/02\/academy-online-mother-and-teenage-boy-640x426px.jpg\",\"contentUrl\":\"https:\/\/www.educatiusacademy.org\/wp-content\/uploads\/2025\/02\/academy-online-mother-and-teenage-boy-640x426px.jpg\"},{\"@type\":\"BreadcrumbList\",\"@id\":\"https:\/\/www.educatiusacademy.org\/es\/for-parents\/#breadcrumb\",\"itemListElement\":[{\"@type\":\"ListItem\",\"position\":1,\"name\":\"Home\",\"item\":\"https:\/\/www.educatiusacademy.org\/es\/\"},{\"@type\":\"ListItem\",\"position\":2,\"name\":\"For parents\"}]},{\"@type\":\"WebSite\",\"@id\":\"https:\/\/www.educatiusacademy.org\/es\/#website\",\"url\":\"https:\/\/www.educatiusacademy.org\/es\/\",\"name\":\"Educatius Academy Online\",\"description\":\"\",\"publisher\":{\"@id\":\"https:\/\/www.educatiusacademy.org\/es\/#organization\"},\"potentialAction\":[{\"@type\":\"SearchAction\",\"target\":{\"@type\":\"EntryPoint\",\"urlTemplate\":\"https:\/\/www.educatiusacademy.org\/es\/?s={search_term_string}\"},\"query-input\":{\"@type\":\"PropertyValueSpecification\",\"valueRequired\":true,\"valueName\":\"search_term_string\"}}],\"inLanguage\":\"es\"},{\"@type\":\"Organization\",\"@id\":\"https:\/\/www.educatiusacademy.org\/es\/#organization\",\"name\":\"Educatius Academy Online\",\"url\":\"https:\/\/www.educatiusacademy.org\/es\/\",\"logo\":{\"@type\":\"ImageObject\",\"inLanguage\":\"es\",\"@id\":\"https:\/\/www.educatiusacademy.org\/es\/#\/schema\/logo\/image\/\",\"url\":\"https:\/\/www.educatiusacademy.org\/wp-content\/uploads\/2025\/02\/educatius_academy_white.png\",\"contentUrl\":\"https:\/\/www.educatiusacademy.org\/wp-content\/uploads\/2025\/02\/educatius_academy_white.png\",\"width\":837,\"height\":332,\"caption\":\"Educatius Academy Online\"},\"image\":{\"@id\":\"https:\/\/www.educatiusacademy.org\/es\/#\/schema\/logo\/image\/\"}}]}<\/script>\n<!-- \/ Yoast SEO Premium plugin. -->","yoast_head_json":{"title":"Parents Rest Easy with Educatius Support - Educatius Academy Online- Educatius Academy Online","description":"Your child will succeed with their USA high school degree with personal guidance, academic tutoring, advisors and college prep plus English language.","robots":{"index":"index","follow":"follow","max-snippet":"max-snippet:-1","max-image-preview":"max-image-preview:large","max-video-preview":"max-video-preview:-1"},"canonical":"https:\/\/www.educatiusacademy.org\/es\/for-parents\/","og_locale":"es_ES","og_type":"article","og_title":"For parents","og_description":"Your child will succeed with their USA high school degree with personal guidance, academic tutoring, advisors and college prep plus English language.","og_url":"https:\/\/www.educatiusacademy.org\/es\/for-parents\/","og_site_name":"Educatius Academy Online","article_modified_time":"2026-02-18T11:11:14+00:00","og_image":[{"width":640,"height":426,"url":"https:\/\/www.educatiusacademy.org\/wp-content\/uploads\/2025\/02\/academy-online-mother-and-teenage-boy-640x426px.jpg","type":"image\/jpeg"}],"twitter_card":"summary_large_image","twitter_misc":{"Est. reading time":"4 minutos"},"schema":{"@context":"https:\/\/schema.org","@graph":[{"@type":"WebPage","@id":"https:\/\/www.educatiusacademy.org\/es\/for-parents\/","url":"https:\/\/www.educatiusacademy.org\/es\/for-parents\/","name":"Parents Rest Easy with Educatius Support - Educatius Academy Online- Educatius Academy Online","isPartOf":{"@id":"https:\/\/www.educatiusacademy.org\/es\/#website"},"primaryImageOfPage":{"@id":"https:\/\/www.educatiusacademy.org\/es\/for-parents\/#primaryimage"},"image":{"@id":"https:\/\/www.educatiusacademy.org\/es\/for-parents\/#primaryimage"},"thumbnailUrl":"https:\/\/www.educatiusacademy.org\/wp-content\/uploads\/2025\/02\/academy-online-mother-and-teenage-boy-640x426px.jpg","datePublished":"2025-02-18T07:46:12+00:00","dateModified":"2026-02-18T11:11:14+00:00","description":"Your child will succeed with their USA high school degree with personal guidance, academic tutoring, advisors and college prep plus English language.","breadcrumb":{"@id":"https:\/\/www.educatiusacademy.org\/es\/for-parents\/#breadcrumb"},"inLanguage":"es","potentialAction":[{"@type":"ReadAction","target":["https:\/\/www.educatiusacademy.org\/es\/for-parents\/"]}]},{"@type":"ImageObject","inLanguage":"es","@id":"https:\/\/www.educatiusacademy.org\/es\/for-parents\/#primaryimage","url":"https:\/\/www.educatiusacademy.org\/wp-content\/uploads\/2025\/02\/academy-online-mother-and-teenage-boy-640x426px.jpg","contentUrl":"https:\/\/www.educatiusacademy.org\/wp-content\/uploads\/2025\/02\/academy-online-mother-and-teenage-boy-640x426px.jpg"},{"@type":"BreadcrumbList","@id":"https:\/\/www.educatiusacademy.org\/es\/for-parents\/#breadcrumb","itemListElement":[{"@type":"ListItem","position":1,"name":"Home","item":"https:\/\/www.educatiusacademy.org\/es\/"},{"@type":"ListItem","position":2,"name":"For parents"}]},{"@type":"WebSite","@id":"https:\/\/www.educatiusacademy.org\/es\/#website","url":"https:\/\/www.educatiusacademy.org\/es\/","name":"Educatius Academy Online","description":"","publisher":{"@id":"https:\/\/www.educatiusacademy.org\/es\/#organization"},"potentialAction":[{"@type":"SearchAction","target":{"@type":"EntryPoint","urlTemplate":"https:\/\/www.educatiusacademy.org\/es\/?s={search_term_string}"},"query-input":{"@type":"PropertyValueSpecification","valueRequired":true,"valueName":"search_term_string"}}],"inLanguage":"es"},{"@type":"Organization","@id":"https:\/\/www.educatiusacademy.org\/es\/#organization","name":"Educatius Academy Online","url":"https:\/\/www.educatiusacademy.org\/es\/","logo":{"@type":"ImageObject","inLanguage":"es","@id":"https:\/\/www.educatiusacademy.org\/es\/#\/schema\/logo\/image\/","url":"https:\/\/www.educatiusacademy.org\/wp-content\/uploads\/2025\/02\/educatius_academy_white.png","contentUrl":"https:\/\/www.educatiusacademy.org\/wp-content\/uploads\/2025\/02\/educatius_academy_white.png","width":837,"height":332,"caption":"Educatius Academy Online"},"image":{"@id":"https:\/\/www.educatiusacademy.org\/es\/#\/schema\/logo\/image\/"}}]}},"_links":{"self":[{"href":"https:\/\/www.educatiusacademy.org\/es\/wp-json\/wp\/v2\/pages\/1005","targetHints":{"allow":["GET"]}}],"collection":[{"href":"https:\/\/www.educatiusacademy.org\/es\/wp-json\/wp\/v2\/pages"}],"about":[{"href":"https:\/\/www.educatiusacademy.org\/es\/wp-json\/wp\/v2\/types\/page"}],"author":[{"embeddable":true,"href":"https:\/\/www.educatiusacademy.org\/es\/wp-json\/wp\/v2\/users\/2"}],"replies":[{"embeddable":true,"href":"https:\/\/www.educatiusacademy.org\/es\/wp-json\/wp\/v2\/comments?post=1005"}],"version-history":[{"count":11,"href":"https:\/\/www.educatiusacademy.org\/es\/wp-json\/wp\/v2\/pages\/1005\/revisions"}],"predecessor-version":[{"id":3469,"href":"https:\/\/www.educatiusacademy.org\/es\/wp-json\/wp\/v2\/pages\/1005\/revisions\/3469"}],"wp:attachment":[{"href":"https:\/\/www.educatiusacademy.org\/es\/wp-json\/wp\/v2\/media?parent=1005"}],"wp:term":[{"taxonomy":"wf_page_folders","embeddable":true,"href":"https:\/\/www.educatiusacademy.org\/es\/wp-json\/wp\/v2\/wf_page_folders?post=1005"}],"curies":[{"name":"wp","href":"https:\/\/api.w.org\/{rel}","templated":true}]}}