{"id":1012,"date":"2025-02-18T09:46:50","date_gmt":"2025-02-18T09:46:50","guid":{"rendered":"https:\/\/www.educatiusacademy.org\/?page_id=1012"},"modified":"2026-02-02T11:52:24","modified_gmt":"2026-02-02T11:52:24","slug":"for-partners","status":"publish","type":"page","link":"https:\/\/www.educatiusacademy.org\/es\/for-partners\/","title":{"rendered":"For Partners"},"content":{"rendered":"\n<div class=\"wp-block-group has-gray-background-color has-background\"><div class=\"wp-block-group__inner-container is-layout-constrained wp-block-group-is-layout-constrained\">\n<div style=\"height:100px\" aria-hidden=\"true\" class=\"wp-block-spacer\"><\/div>\n\n\n\n<div class=\"wp-block-columns has-gray-background-color has-background is-layout-flex wp-container-core-columns-is-layout-1 wp-block-columns-is-layout-flex\">\n<div class=\"wp-block-column is-layout-flow wp-block-column-is-layout-flow\">\n<div class=\"wp-block-educatius-title-paragraph-darkbutton container\"><div class=\"text-block-wrap py-4 py-md-0\"><h3 class=\"text-block-title text-primary\">Para colegios<\/h3><p class=\"text-primary\">Educatius Group es la mayor organizaci\u00f3n internacional especializada en programas de estudios en el extranjero para alumnos de educaci\u00f3n secundaria. Colaboramos con colegios y centros educativos para ofrecer experiencias de educaci\u00f3n secundaria internacional de alta calidad a alumnos de todo el mundo.<br>Educatius Academy complementa esta oferta a trav\u00e9s de programas acad\u00e9micos online que facilitan el acceso al t\u00edtulo de bachillerato estadounidense a alumnos de distintos pa\u00edses.<\/p><\/div><\/div>\n<\/div>\n\n\n\n<div class=\"wp-block-column is-layout-flow wp-block-column-is-layout-flow\">\n<figure class=\"wp-block-embed is-type-rich is-provider-embed-handler wp-block-embed-embed-handler wp-embed-aspect-16-9 wp-has-aspect-ratio\"><div class=\"wp-block-embed__wrapper\">\n<iframe loading=\"lazy\" title=\"Dual Diploma Graduation \ud83c\udf93 A celebration to remember in Paris\ud83d\uddfc\" width=\"640\" height=\"360\" src=\"https:\/\/www.youtube.com\/embed\/4PFBukx5oUI?feature=oembed\" frameborder=\"0\" allow=\"accelerometer; autoplay; clipboard-write; encrypted-media; gyroscope; picture-in-picture; web-share\" referrerpolicy=\"strict-origin-when-cross-origin\" allowfullscreen><\/iframe>\n<\/div><\/figure>\n<\/div>\n<\/div>\n<\/div><\/div>\n\n\n\n<div class=\"wp-block-educatius-underscore-heading container\"><h2 class=\"section-title text-center mx-auto mt-5 mb-2\">Colegios asociados<\/h2><\/div>\n\n\n\n<div class=\"wp-block-columns container is-layout-flex wp-container-core-columns-is-layout-2 wp-block-columns-is-layout-flex\">\n<div class=\"wp-block-column is-layout-flow wp-block-column-is-layout-flow\">\n<figure class=\"wp-block-image size-full\"><img loading=\"lazy\" decoding=\"async\" width=\"640\" height=\"427\" src=\"https:\/\/www.educatiusacademy.org\/wp-content\/uploads\/2025\/02\/academy-student-partners.jpg\" alt=\"\" class=\"wp-image-766\" srcset=\"https:\/\/www.educatiusacademy.org\/wp-content\/uploads\/2025\/02\/academy-student-partners.jpg 640w, https:\/\/www.educatiusacademy.org\/wp-content\/uploads\/2025\/02\/academy-student-partners-300x200.jpg 300w, https:\/\/www.educatiusacademy.org\/wp-content\/uploads\/2025\/02\/academy-student-partners-24x16.jpg 24w, https:\/\/www.educatiusacademy.org\/wp-content\/uploads\/2025\/02\/academy-student-partners-36x24.jpg 36w, https:\/\/www.educatiusacademy.org\/wp-content\/uploads\/2025\/02\/academy-student-partners-48x32.jpg 48w\" sizes=\"auto, (max-width: 640px) 100vw, 640px\" \/><\/figure>\n<\/div>\n\n\n\n<div class=\"wp-block-column is-layout-flow wp-block-column-is-layout-flow\">\n<div class=\"wp-block-educatius-bordered-text container\"><div class=\"quick-fact-section\"><h6 class=\"text-block-title text-primary\">Construyendo juntos<\/h6><ul class=\"list-group text-primary\"><li class=\"list-item\"><strong>Apoyar a los alumnos en su desarrollo acad\u00e9mico permitir\u00e1 diferenciar su centro educativo.<\/strong> Les acompa\u00f1amos en el camino para obtener un diploma estadounidense, ya sea mediante una experiencia en el extranjero o desde su pa\u00eds de origen.<\/li><br><li class=\"list-item\"><strong>Ampliar la oferta educativa incorporando programas internacionales<\/strong> que permitan a los alumnos obtener un diploma estadounidense, tanto en el extranjero como desde su propio pa\u00eds.<\/li><br><li class=\"list-item\"><strong>Ofrecer programas acad\u00e9micos online a los alumnos que no pueden realizar una estancia en el extranjero<\/strong>, facilit\u00e1ndoles el acceso a un diploma estadounidense desde su pa\u00eds de origen.<\/li><br><li class=\"list-item\"><strong>Colaborar con centros educativos de su entorno<\/strong> para ofrecer a los alumnos programas de doble titulaci\u00f3n y ampliar sus oportunidades acad\u00e9micas internacionales.<\/li><\/ul><a href=\"\/es\/contact-us-agent\/\" class=\"btn btn-outline-primary\">Solicite informaci\u00f3n<\/a><\/div><\/div>\n<\/div>\n<\/div>\n\n\n\n<div class=\"wp-block-columns container is-layout-flex wp-container-core-columns-is-layout-3 wp-block-columns-is-layout-flex\">\n<div class=\"wp-block-column is-layout-flow wp-block-column-is-layout-flow\">\n<div class=\"wp-block-educatius-bordered-text container\"><div class=\"quick-fact-section\"><h6 class=\"text-block-title text-primary\">Proporcionar una educaci\u00f3n internacional<\/h6><ul class=\"list-group text-primary\"><li class=\"list-item\"><strong>Ofrecer una experiencia educativa internacional desde el propio centro <\/strong>permite a los alumnos desenvolverse en un entorno acad\u00e9mico diferente y beneficiarse de la obtenci\u00f3n de dos titulaciones: una de su centro educativo y otra de Estados Unidos.<\/li><br><li class=\"list-item\"><strong>Incorporar un programa Dual Diploma reconocido en Estados Unidos<\/strong> y diferenciar su centro educativo dentro de la comunidad educativa.<\/li><br><li class=\"list-item\"><strong>El programa Dual Diploma es una forma accesible y eficiente de incorporar educaci\u00f3n internacional al proyecto educativo del centro.<\/strong> No requiere formaci\u00f3n intensiva del profesorado y no tiene coste para el colegio. El centro puede limitarse a difundir el programa entre sus alumnos o, si lo desea, ofrecer apoyo acad\u00e9mico adicional.<\/li><br><li class=\"list-item\"><strong>Contribuye a la mejora del nivel de ingl\u00e9s de los alumnos.<\/strong> Cursar asignaturas acad\u00e9micas en ingl\u00e9s refuerza sus competencias ling\u00fc\u00edsticas y les prepara para estudios superiores y trayectorias profesionales de car\u00e1cter internacional.<\/li><\/ul><\/div><\/div>\n<\/div>\n\n\n\n<div class=\"wp-block-column is-layout-flow wp-block-column-is-layout-flow\"><div class=\"wp-block-image flexbox-image\">\n<figure class=\"alignleft size-full\"><img loading=\"lazy\" decoding=\"async\" width=\"601\" height=\"355\" src=\"https:\/\/www.educatiusacademy.org\/wp-content\/uploads\/2025\/02\/thornton-academy-601x355px.jpg\" alt=\"\" class=\"wp-image-837\" srcset=\"https:\/\/www.educatiusacademy.org\/wp-content\/uploads\/2025\/02\/thornton-academy-601x355px.jpg 601w, https:\/\/www.educatiusacademy.org\/wp-content\/uploads\/2025\/02\/thornton-academy-601x355px-300x177.jpg 300w, https:\/\/www.educatiusacademy.org\/wp-content\/uploads\/2025\/02\/thornton-academy-601x355px-24x14.jpg 24w, https:\/\/www.educatiusacademy.org\/wp-content\/uploads\/2025\/02\/thornton-academy-601x355px-36x21.jpg 36w, https:\/\/www.educatiusacademy.org\/wp-content\/uploads\/2025\/02\/thornton-academy-601x355px-48x28.jpg 48w\" sizes=\"auto, (max-width: 601px) 100vw, 601px\" \/><\/figure><\/div><\/div>\n<\/div>\n\n\n\n<div class=\"wp-block-columns container is-layout-flex wp-container-core-columns-is-layout-4 wp-block-columns-is-layout-flex\">\n<div class=\"wp-block-column is-layout-flow wp-block-column-is-layout-flow\"><\/div>\n\n\n\n<div class=\"wp-block-column is-layout-flow wp-block-column-is-layout-flow\"><\/div>\n<\/div>\n\n\n\n<div style=\"height:41px\" aria-hidden=\"true\" class=\"wp-block-spacer\"><\/div>\n\n\n\n<section class=\"wp-block-educatius-large-icon-and-text whats-included-section text-center py-3\"><div class=\"container\"><div class=\"row\"><div class=\"col\"><img decoding=\"async\" src=\"https:\/\/www.educatiusacademy.org\/wp-content\/uploads\/2025\/02\/Unrivalled_support_icon_burgundy_border.png\" \/><h6>Ampl\u00ede su oferta educativa<\/h6><p>Ampliar la oferta acad\u00e9mica con programas internacionales permite al centro aportar mayor valor educativo y diversificar sus l\u00edneas de desarrollo institucional.<\/p><\/div><div class=\"col\"><img decoding=\"async\" src=\"https:\/\/www.educatiusacademy.org\/wp-content\/uploads\/2025\/02\/Competetive_edge-_icon__burgundy_border.png\" \/><h6>Refuerce el posicionamiento de su centro<\/h6><p>Ofrecer la posibilidad de obtener una titulaci\u00f3n internacional contribuye a reforzar el posicionamiento del centro y a diferenciar su proyecto educativo.<\/p><\/div><div class=\"col\"><img decoding=\"async\" src=\"https:\/\/www.educatiusacademy.org\/wp-content\/uploads\/2025\/02\/Inspire_others_icon_burgundy_border.png\" \/><h6>Aumente el atractivo de su proyecto educativo<\/h6><p>Incorporar hitos acad\u00e9micos internacionales incrementa el inter\u00e9s de los alumnos y las familias por el proyecto educativo del centro.<\/p><\/div><div class=\"col\"><img decoding=\"async\" src=\"https:\/\/www.educatiusacademy.org\/wp-content\/uploads\/2025\/02\/Giving_back_icon_burgundy_border.png\" \/><h6>Ofrezca nuevas oportunidades acad\u00e9micas<\/h6><p>Las familias que no pueden optar por una experiencia de estudios en el extranjero encuentran en estos programas una alternativa acad\u00e9mica internacional de calidad desde su propio pa\u00eds.<\/p><\/div><\/div><\/div><\/section>\n\n\n\n<section class=\"wp-block-educatius-right-image-and-text highlight-section-reverse py-1 py-sm-2 py-md-2 py-sm-5 py-md-5\"><div class=\"container\"><div class=\"row\"><div class=\"col-md-6 order-md-1\"><img decoding=\"async\" src=\"https:\/\/www.educatiusacademy.org\/wp-content\/uploads\/2025\/02\/two-business-women-walking-in-city-center-partner-with-us.jpg\" class=\"w-100\" \/><\/div><div class=\"col-md-6 order-md-0\" style=\"background:#691c32\"><div class=\"text-block-wrap py-md-0 px-md-5\"><span class=\"text-block-title\" style=\"color:#ffffff\"><\/span><h3 class=\"text-block-title\" style=\"color:#ffffff\">Construimos alianzas educativas<\/h3><p style=\"color:#ffffff\">Educatius Academy colabora con colegios y entidades educativas interesadas en ampliar su oferta acad\u00e9mica internacional. A trav\u00e9s de nuestro modelo de colaboraci\u00f3n, los centros pueden incorporar el Dual Diploma de Bachillerato de Estados Unidos y cursos acad\u00e9micos individuales a su proyecto educativo.<br>Nuestro equipo est\u00e1 disponible para ampliar informaci\u00f3n sobre los programas, el acompa\u00f1amiento acad\u00e9mico y personal, as\u00ed como sobre las distintas opciones para integrar el aprendizaje online en su comunidad educativa.<\/p><a href=\"\/es\/contact-us-agent\/\" class=\"btn btn-outline-primary btn-lg\" style=\"border-color:#ffffff;color:#ffffff\">Reserva una cita<\/a><\/div><\/div><\/div><\/div><\/section>\n","protected":false},"excerpt":{"rendered":"","protected":false},"author":2,"featured_media":0,"parent":0,"menu_order":0,"comment_status":"closed","ping_status":"closed","template":"","meta":{"_acf_changed":false,"inline_featured_image":false,"footnotes":""},"wf_page_folders":[],"class_list":["post-1012","page","type-page","status-publish","hentry"],"acf":[],"yoast_head":"<!-- This site is optimized with the Yoast SEO Premium plugin v23.4 (Yoast SEO v23.6) - https:\/\/yoast.com\/wordpress\/plugins\/seo\/ -->\n<title>Partner with Educatius for USA High School Diploma Programs - Educatius Academy Online - Educatius Academy Online<\/title>\n<meta name=\"description\" content=\"We work with education agencies, counselors, and schools worldwide to provide virtual American high school diploma programs to their students.\" \/>\n<meta name=\"robots\" content=\"index, follow, max-snippet:-1, max-image-preview:large, max-video-preview:-1\" \/>\n<link rel=\"canonical\" href=\"https:\/\/www.educatiusacademy.org\/es\/for-partners\/\" \/>\n<meta property=\"og:locale\" content=\"es_ES\" \/>\n<meta property=\"og:type\" content=\"article\" \/>\n<meta property=\"og:title\" content=\"For Partners\" \/>\n<meta property=\"og:description\" content=\"We work with education agencies, counselors, and schools worldwide to provide virtual American high school diploma programs to their students.\" \/>\n<meta property=\"og:url\" content=\"https:\/\/www.educatiusacademy.org\/es\/for-partners\/\" \/>\n<meta property=\"og:site_name\" content=\"Educatius Academy Online\" \/>\n<meta property=\"article:modified_time\" content=\"2026-02-02T11:52:24+00:00\" \/>\n<meta property=\"og:image\" content=\"https:\/\/www.educatiusacademy.org\/wp-content\/uploads\/2025\/02\/academy-student-partners.jpg\" \/>\n\t<meta property=\"og:image:width\" content=\"640\" \/>\n\t<meta property=\"og:image:height\" content=\"427\" \/>\n\t<meta property=\"og:image:type\" content=\"image\/jpeg\" \/>\n<meta name=\"twitter:card\" content=\"summary_large_image\" \/>\n<meta name=\"twitter:label1\" content=\"Est. reading time\" \/>\n\t<meta name=\"twitter:data1\" content=\"4 minutos\" \/>\n<script type=\"application\/ld+json\" class=\"yoast-schema-graph\">{\"@context\":\"https:\/\/schema.org\",\"@graph\":[{\"@type\":\"WebPage\",\"@id\":\"https:\/\/www.educatiusacademy.org\/es\/for-partners\/\",\"url\":\"https:\/\/www.educatiusacademy.org\/es\/for-partners\/\",\"name\":\"Partner with Educatius for USA High School Diploma Programs - Educatius Academy Online - Educatius Academy Online\",\"isPartOf\":{\"@id\":\"https:\/\/www.educatiusacademy.org\/es\/#website\"},\"primaryImageOfPage\":{\"@id\":\"https:\/\/www.educatiusacademy.org\/es\/for-partners\/#primaryimage\"},\"image\":{\"@id\":\"https:\/\/www.educatiusacademy.org\/es\/for-partners\/#primaryimage\"},\"thumbnailUrl\":\"https:\/\/www.educatiusacademy.org\/wp-content\/uploads\/2025\/02\/academy-student-partners.jpg\",\"datePublished\":\"2025-02-18T09:46:50+00:00\",\"dateModified\":\"2026-02-02T11:52:24+00:00\",\"description\":\"We work with education agencies, counselors, and schools worldwide to provide virtual American high school diploma programs to their students.\",\"breadcrumb\":{\"@id\":\"https:\/\/www.educatiusacademy.org\/es\/for-partners\/#breadcrumb\"},\"inLanguage\":\"es\",\"potentialAction\":[{\"@type\":\"ReadAction\",\"target\":[\"https:\/\/www.educatiusacademy.org\/es\/for-partners\/\"]}]},{\"@type\":\"ImageObject\",\"inLanguage\":\"es\",\"@id\":\"https:\/\/www.educatiusacademy.org\/es\/for-partners\/#primaryimage\",\"url\":\"https:\/\/www.educatiusacademy.org\/wp-content\/uploads\/2025\/02\/academy-student-partners.jpg\",\"contentUrl\":\"https:\/\/www.educatiusacademy.org\/wp-content\/uploads\/2025\/02\/academy-student-partners.jpg\"},{\"@type\":\"BreadcrumbList\",\"@id\":\"https:\/\/www.educatiusacademy.org\/es\/for-partners\/#breadcrumb\",\"itemListElement\":[{\"@type\":\"ListItem\",\"position\":1,\"name\":\"Home\",\"item\":\"https:\/\/www.educatiusacademy.org\/es\/\"},{\"@type\":\"ListItem\",\"position\":2,\"name\":\"For Partners\"}]},{\"@type\":\"WebSite\",\"@id\":\"https:\/\/www.educatiusacademy.org\/es\/#website\",\"url\":\"https:\/\/www.educatiusacademy.org\/es\/\",\"name\":\"Educatius Academy Online\",\"description\":\"\",\"publisher\":{\"@id\":\"https:\/\/www.educatiusacademy.org\/es\/#organization\"},\"potentialAction\":[{\"@type\":\"SearchAction\",\"target\":{\"@type\":\"EntryPoint\",\"urlTemplate\":\"https:\/\/www.educatiusacademy.org\/es\/?s={search_term_string}\"},\"query-input\":{\"@type\":\"PropertyValueSpecification\",\"valueRequired\":true,\"valueName\":\"search_term_string\"}}],\"inLanguage\":\"es\"},{\"@type\":\"Organization\",\"@id\":\"https:\/\/www.educatiusacademy.org\/es\/#organization\",\"name\":\"Educatius Academy Online\",\"url\":\"https:\/\/www.educatiusacademy.org\/es\/\",\"logo\":{\"@type\":\"ImageObject\",\"inLanguage\":\"es\",\"@id\":\"https:\/\/www.educatiusacademy.org\/es\/#\/schema\/logo\/image\/\",\"url\":\"https:\/\/www.educatiusacademy.org\/wp-content\/uploads\/2025\/02\/educatius_academy_white.png\",\"contentUrl\":\"https:\/\/www.educatiusacademy.org\/wp-content\/uploads\/2025\/02\/educatius_academy_white.png\",\"width\":837,\"height\":332,\"caption\":\"Educatius Academy Online\"},\"image\":{\"@id\":\"https:\/\/www.educatiusacademy.org\/es\/#\/schema\/logo\/image\/\"}}]}<\/script>\n<!-- \/ Yoast SEO Premium plugin. -->","yoast_head_json":{"title":"Partner with Educatius for USA High School Diploma Programs - Educatius Academy Online - Educatius Academy Online","description":"We work with education agencies, counselors, and schools worldwide to provide virtual American high school diploma programs to their students.","robots":{"index":"index","follow":"follow","max-snippet":"max-snippet:-1","max-image-preview":"max-image-preview:large","max-video-preview":"max-video-preview:-1"},"canonical":"https:\/\/www.educatiusacademy.org\/es\/for-partners\/","og_locale":"es_ES","og_type":"article","og_title":"For Partners","og_description":"We work with education agencies, counselors, and schools worldwide to provide virtual American high school diploma programs to their students.","og_url":"https:\/\/www.educatiusacademy.org\/es\/for-partners\/","og_site_name":"Educatius Academy Online","article_modified_time":"2026-02-02T11:52:24+00:00","og_image":[{"width":640,"height":427,"url":"https:\/\/www.educatiusacademy.org\/wp-content\/uploads\/2025\/02\/academy-student-partners.jpg","type":"image\/jpeg"}],"twitter_card":"summary_large_image","twitter_misc":{"Est. reading time":"4 minutos"},"schema":{"@context":"https:\/\/schema.org","@graph":[{"@type":"WebPage","@id":"https:\/\/www.educatiusacademy.org\/es\/for-partners\/","url":"https:\/\/www.educatiusacademy.org\/es\/for-partners\/","name":"Partner with Educatius for USA High School Diploma Programs - Educatius Academy Online - Educatius Academy Online","isPartOf":{"@id":"https:\/\/www.educatiusacademy.org\/es\/#website"},"primaryImageOfPage":{"@id":"https:\/\/www.educatiusacademy.org\/es\/for-partners\/#primaryimage"},"image":{"@id":"https:\/\/www.educatiusacademy.org\/es\/for-partners\/#primaryimage"},"thumbnailUrl":"https:\/\/www.educatiusacademy.org\/wp-content\/uploads\/2025\/02\/academy-student-partners.jpg","datePublished":"2025-02-18T09:46:50+00:00","dateModified":"2026-02-02T11:52:24+00:00","description":"We work with education agencies, counselors, and schools worldwide to provide virtual American high school diploma programs to their students.","breadcrumb":{"@id":"https:\/\/www.educatiusacademy.org\/es\/for-partners\/#breadcrumb"},"inLanguage":"es","potentialAction":[{"@type":"ReadAction","target":["https:\/\/www.educatiusacademy.org\/es\/for-partners\/"]}]},{"@type":"ImageObject","inLanguage":"es","@id":"https:\/\/www.educatiusacademy.org\/es\/for-partners\/#primaryimage","url":"https:\/\/www.educatiusacademy.org\/wp-content\/uploads\/2025\/02\/academy-student-partners.jpg","contentUrl":"https:\/\/www.educatiusacademy.org\/wp-content\/uploads\/2025\/02\/academy-student-partners.jpg"},{"@type":"BreadcrumbList","@id":"https:\/\/www.educatiusacademy.org\/es\/for-partners\/#breadcrumb","itemListElement":[{"@type":"ListItem","position":1,"name":"Home","item":"https:\/\/www.educatiusacademy.org\/es\/"},{"@type":"ListItem","position":2,"name":"For Partners"}]},{"@type":"WebSite","@id":"https:\/\/www.educatiusacademy.org\/es\/#website","url":"https:\/\/www.educatiusacademy.org\/es\/","name":"Educatius Academy Online","description":"","publisher":{"@id":"https:\/\/www.educatiusacademy.org\/es\/#organization"},"potentialAction":[{"@type":"SearchAction","target":{"@type":"EntryPoint","urlTemplate":"https:\/\/www.educatiusacademy.org\/es\/?s={search_term_string}"},"query-input":{"@type":"PropertyValueSpecification","valueRequired":true,"valueName":"search_term_string"}}],"inLanguage":"es"},{"@type":"Organization","@id":"https:\/\/www.educatiusacademy.org\/es\/#organization","name":"Educatius Academy Online","url":"https:\/\/www.educatiusacademy.org\/es\/","logo":{"@type":"ImageObject","inLanguage":"es","@id":"https:\/\/www.educatiusacademy.org\/es\/#\/schema\/logo\/image\/","url":"https:\/\/www.educatiusacademy.org\/wp-content\/uploads\/2025\/02\/educatius_academy_white.png","contentUrl":"https:\/\/www.educatiusacademy.org\/wp-content\/uploads\/2025\/02\/educatius_academy_white.png","width":837,"height":332,"caption":"Educatius Academy Online"},"image":{"@id":"https:\/\/www.educatiusacademy.org\/es\/#\/schema\/logo\/image\/"}}]}},"_links":{"self":[{"href":"https:\/\/www.educatiusacademy.org\/es\/wp-json\/wp\/v2\/pages\/1012","targetHints":{"allow":["GET"]}}],"collection":[{"href":"https:\/\/www.educatiusacademy.org\/es\/wp-json\/wp\/v2\/pages"}],"about":[{"href":"https:\/\/www.educatiusacademy.org\/es\/wp-json\/wp\/v2\/types\/page"}],"author":[{"embeddable":true,"href":"https:\/\/www.educatiusacademy.org\/es\/wp-json\/wp\/v2\/users\/2"}],"replies":[{"embeddable":true,"href":"https:\/\/www.educatiusacademy.org\/es\/wp-json\/wp\/v2\/comments?post=1012"}],"version-history":[{"count":15,"href":"https:\/\/www.educatiusacademy.org\/es\/wp-json\/wp\/v2\/pages\/1012\/revisions"}],"predecessor-version":[{"id":3399,"href":"https:\/\/www.educatiusacademy.org\/es\/wp-json\/wp\/v2\/pages\/1012\/revisions\/3399"}],"wp:attachment":[{"href":"https:\/\/www.educatiusacademy.org\/es\/wp-json\/wp\/v2\/media?parent=1012"}],"wp:term":[{"taxonomy":"wf_page_folders","embeddable":true,"href":"https:\/\/www.educatiusacademy.org\/es\/wp-json\/wp\/v2\/wf_page_folders?post=1012"}],"curies":[{"name":"wp","href":"https:\/\/api.w.org\/{rel}","templated":true}]}}