{"id":1036,"date":"2025-02-18T07:19:36","date_gmt":"2025-02-18T07:19:36","guid":{"rendered":"https:\/\/www.educatiusacademy.org\/?page_id=1036"},"modified":"2026-02-02T12:32:16","modified_gmt":"2026-02-02T12:32:16","slug":"whats-included","status":"publish","type":"page","link":"https:\/\/www.educatiusacademy.org\/es\/whats-included\/","title":{"rendered":"What&#8217;s included"},"content":{"rendered":"\n<div class=\"wp-block-group has-gray-background-color has-background\"><div class=\"wp-block-group__inner-container is-layout-constrained wp-block-group-is-layout-constrained\">\n<div style=\"height:100px\" aria-hidden=\"true\" class=\"wp-block-spacer\"><\/div>\n\n\n\n<div class=\"wp-block-columns container has-gray-background-color has-background is-layout-flex wp-container-core-columns-is-layout-1 wp-block-columns-is-layout-flex\">\n<div class=\"wp-block-column is-layout-flow wp-block-column-is-layout-flow\">\n<div class=\"wp-block-educatius-title-paragraph-darkbutton container\"><div class=\"text-block-wrap py-4 py-md-0\"><h3 class=\"text-block-title text-primary\">\u00bfQu\u00e9 incluye el programa?<\/h3><p class=\"text-primary\">Acompa\u00f1amos a todos los alumnos de Educatius Academy a lo largo de su trayectoria acad\u00e9mica. As\u00ed es como lo hacemos.<br><br><a href=\"https:\/\/www.educatiusacademy.org\/es\/whats-included\/english-assessment\/\">Evaluaci\u00f3n del Ingl\u00e9s<\/a><br>Ofrecemos una prueba de nivel de ingl\u00e9s gratuita para evaluar tus competencias ling\u00fc\u00edsticas. Una vez obtenidos los resultados, realizamos un seguimiento personalizado para recomendarte el programa y las opciones m\u00e1s adecuadas a tu perfil acad\u00e9mico.<br><br><a href=\"https:\/\/www.educatiusacademy.org\/es\/whats-included\/english-prep-camp\/\">English Boost Camp<\/a><br>English Boost Camp es un programa virtual din\u00e1mico y participativo que te permite mejorar tu nivel de ingl\u00e9s junto a otros alumnos que comparten el objetivo de cursar estudios internacionales, ya sea en el extranjero o desde su pa\u00eds de origen.<br><br><a href=\"https:\/\/www.educatiusacademy.org\/es\/whats-included\/personal-counseling\/\">Orientaci\u00f3n Acad\u00e9mica<\/a><br>Recibes asesoramiento personalizado y la orientaci\u00f3n de un profesional acad\u00e9mico con experiencia para identificar el programa m\u00e1s adecuado, dise\u00f1ar un calendario de asignaturas y mantenerte al d\u00eda con los plazos acad\u00e9micos durante tus estudios.<br><br><a href=\"https:\/\/www.educatiusacademy.org\/es\/whats-included\/tutoring\/\">Apoyo Acad\u00e9mico<\/a><br>Las tutor\u00edas acad\u00e9micas individuales est\u00e1n disponibles las 24 horas del d\u00eda, los 7 d\u00edas de la semana. Este apoyo personalizado te ayuda a resolver dudas sobre las asignaturas, repasar tareas y prepararte para los ex\u00e1menes.<br><br><a href=\"https:\/\/www.educatiusacademy.org\/es\/whats-included\/college-counselling\/\">Orientaci\u00f3n Universitaria y Profesional<\/a><br>Como alumno de nuestros programas de Dual Diploma, trabajaremos contigo de forma personalizada para identificar universidades y centros de educaci\u00f3n superior que se ajusten a tus intereses y a tu nivel acad\u00e9mico, y te acompa\u00f1aremos durante todo el proceso de solicitud.<\/p><a href=\"\/es\/contact-us-student\/\" class=\"btn btn-primary\">Saber m\u00e1s<\/a><\/div><\/div>\n<\/div>\n\n\n\n<div class=\"wp-block-column is-layout-flow wp-block-column-is-layout-flow\">\n<div class=\"wp-block-educatius-bordered-text container\"><div class=\"quick-fact-section\"><h6 class=\"text-block-title text-primary\">Datos de inter\u00e9s: \u00bfQu\u00e9 incluye el programa? <\/h6><ul class=\"list-group text-primary\"><li class=\"list-item\">Acompa\u00f1amiento acad\u00e9mico en cada etapa del programa<\/li><br><li class=\"list-item\">Asesoramiento personalizado sobre el programa<\/li><br><li class=\"list-item\">Pruebas de nivel de ingl\u00e9s y programa de preparaci\u00f3n ling\u00fc\u00edstica<\/li><br><li class=\"list-item\">Tutor\u00eda acad\u00e9mica y apoyo del profesorado<\/li><br><li class=\"list-item\">Orientaci\u00f3n y preparaci\u00f3n para el acceso a la universidad<\/li><\/ul><\/div><\/div>\n<\/div>\n<\/div>\n<\/div><\/div>\n\n\n\n<section class=\"wp-block-educatius-right-image-and-text highlight-section-reverse py-1 py-sm-2 py-md-2 py-sm-5 py-md-5\"><div class=\"container\"><div class=\"row\"><div class=\"col-md-6 order-md-1\"><img decoding=\"async\" src=\"https:\/\/www.educatiusacademy.org\/wp-content\/uploads\/2025\/02\/female-student-with-computer-measure-english-skills-1.jpg\" class=\"w-100\" \/><\/div><div class=\"col-md-6 order-md-0\" style=\"background:#e8b8a6\"><div class=\"text-block-wrap py-md-0 px-md-5\"><span class=\"text-block-title\" style=\"color:#000000\"><\/span><h3 class=\"text-block-title\" style=\"color:#000000\">Eval\u00faa tus conocimientos ling\u00fc\u00edsticos<\/h3><p style=\"color:#000000\">Eval\u00faa tu nivel de ingl\u00e9s mediante una prueba de diagn\u00f3stico gratuita. Los resultados nos permitir\u00e1n orientarte sobre los siguientes pasos y recomendarte las opciones m\u00e1s adecuadas para alcanzar tus objetivos acad\u00e9micos. Nos pondremos en contacto contigo una vez recibamos los resultados.<br><a href=\"https:\/\/www.educatiusacademy.org\/english-test\/\"><\/a><\/p><a href=\"\/es\/whats-included\/english-assessment\/\" class=\"btn btn-outline-primary btn-lg\" style=\"background-color:#691c32;border-color:#691c32;color:#ffffff\">Eval\u00faa tu nivel de ingl\u00e9s<\/a><\/div><\/div><\/div><\/div><\/section>\n\n\n\n<section class=\"wp-block-educatius-left-image-and-text highlight-section py-1 py-sm-2 py-md-2 py-sm-5 py-md-5\"><div class=\"container\"><div class=\"row\"><div class=\"col-md-6\"><img decoding=\"async\" src=\"https:\/\/www.educatiusacademy.org\/wp-content\/uploads\/2025\/02\/two-academic-students-studying.jpg\" class=\"w-100\" \/><\/div><div class=\"col-md-6\" style=\"background:#e8b8a6\"><div class=\"text-block-wrap py-md-0 px-md-5\"><span class=\"text-block-title\" style=\"color:#000000\"><\/span><h3 class=\"text-block-title\" style=\"color:#000000\">Reservar una consulta gratuita<\/h3><p style=\"color:#000000\">Reserva una sesi\u00f3n individual de orientaci\u00f3n acad\u00e9mica para compartir tus objetivos acad\u00e9micos. Te ayudaremos a explorar las opciones m\u00e1s adecuadas para alcanzarlos.<br><a href=\"https:\/\/www.educatiusacademy.org\/es\/contact-us-student\/\"><\/a><\/p><a href=\"\/es\/contact-us-student\/\" class=\"btn btn-outline-primary btn-lg\" style=\"background-color:#691c32;border-color:#691c32;color:#ffffff\">Reserva tu consulta gratuita<\/a><\/div><\/div><\/div><\/div><\/section>\n","protected":false},"excerpt":{"rendered":"","protected":false},"author":2,"featured_media":0,"parent":0,"menu_order":0,"comment_status":"closed","ping_status":"closed","template":"","meta":{"_acf_changed":false,"inline_featured_image":false,"footnotes":""},"wf_page_folders":[],"class_list":["post-1036","page","type-page","status-publish","hentry"],"acf":[],"yoast_head":"<!-- This site is optimized with the Yoast SEO Premium plugin v23.4 (Yoast SEO v23.6) - https:\/\/yoast.com\/wordpress\/plugins\/seo\/ -->\n<title>Full Support Included in Your Program! - Educatius Academy Online- Educatius Academy Online<\/title>\n<meta name=\"description\" content=\"Guidance, academic support, tutoring, teacher feedback, and college prep\/counseling are all included in your USA virtual high school program.\" \/>\n<meta name=\"robots\" content=\"index, follow, max-snippet:-1, max-image-preview:large, max-video-preview:-1\" \/>\n<link rel=\"canonical\" href=\"https:\/\/www.educatiusacademy.org\/es\/whats-included\/\" \/>\n<meta property=\"og:locale\" content=\"es_ES\" \/>\n<meta property=\"og:type\" content=\"article\" \/>\n<meta property=\"og:title\" content=\"What&#039;s included\" \/>\n<meta property=\"og:description\" content=\"Guidance, academic support, tutoring, teacher feedback, and college prep\/counseling are all included in your USA virtual high school program.\" \/>\n<meta property=\"og:url\" content=\"https:\/\/www.educatiusacademy.org\/es\/whats-included\/\" \/>\n<meta property=\"og:site_name\" content=\"Educatius Academy Online\" \/>\n<meta property=\"article:modified_time\" content=\"2026-02-02T12:32:16+00:00\" \/>\n<meta property=\"og:image\" content=\"https:\/\/www.educatiusacademy.org\/wp-content\/uploads\/2025\/02\/female-student-with-computer-measure-english-skills-1.jpg\" \/>\n<meta name=\"twitter:card\" content=\"summary_large_image\" \/>\n<meta name=\"twitter:label1\" content=\"Est. reading time\" \/>\n\t<meta name=\"twitter:data1\" content=\"2 minutos\" \/>\n<script type=\"application\/ld+json\" class=\"yoast-schema-graph\">{\"@context\":\"https:\/\/schema.org\",\"@graph\":[{\"@type\":\"WebPage\",\"@id\":\"https:\/\/www.educatiusacademy.org\/es\/whats-included\/\",\"url\":\"https:\/\/www.educatiusacademy.org\/es\/whats-included\/\",\"name\":\"Full Support Included in Your Program! - Educatius Academy Online- Educatius Academy Online\",\"isPartOf\":{\"@id\":\"https:\/\/www.educatiusacademy.org\/es\/#website\"},\"primaryImageOfPage\":{\"@id\":\"https:\/\/www.educatiusacademy.org\/es\/whats-included\/#primaryimage\"},\"image\":{\"@id\":\"https:\/\/www.educatiusacademy.org\/es\/whats-included\/#primaryimage\"},\"thumbnailUrl\":\"https:\/\/www.educatiusacademy.org\/wp-content\/uploads\/2025\/02\/female-student-with-computer-measure-english-skills-1.jpg\",\"datePublished\":\"2025-02-18T07:19:36+00:00\",\"dateModified\":\"2026-02-02T12:32:16+00:00\",\"description\":\"Guidance, academic support, tutoring, teacher feedback, and college prep\/counseling are all included in your USA virtual high school program.\",\"breadcrumb\":{\"@id\":\"https:\/\/www.educatiusacademy.org\/es\/whats-included\/#breadcrumb\"},\"inLanguage\":\"es\",\"potentialAction\":[{\"@type\":\"ReadAction\",\"target\":[\"https:\/\/www.educatiusacademy.org\/es\/whats-included\/\"]}]},{\"@type\":\"ImageObject\",\"inLanguage\":\"es\",\"@id\":\"https:\/\/www.educatiusacademy.org\/es\/whats-included\/#primaryimage\",\"url\":\"https:\/\/www.educatiusacademy.org\/wp-content\/uploads\/2025\/02\/female-student-with-computer-measure-english-skills-1.jpg\",\"contentUrl\":\"https:\/\/www.educatiusacademy.org\/wp-content\/uploads\/2025\/02\/female-student-with-computer-measure-english-skills-1.jpg\"},{\"@type\":\"BreadcrumbList\",\"@id\":\"https:\/\/www.educatiusacademy.org\/es\/whats-included\/#breadcrumb\",\"itemListElement\":[{\"@type\":\"ListItem\",\"position\":1,\"name\":\"Home\",\"item\":\"https:\/\/www.educatiusacademy.org\/es\/\"},{\"@type\":\"ListItem\",\"position\":2,\"name\":\"What&#8217;s included\"}]},{\"@type\":\"WebSite\",\"@id\":\"https:\/\/www.educatiusacademy.org\/es\/#website\",\"url\":\"https:\/\/www.educatiusacademy.org\/es\/\",\"name\":\"Educatius Academy Online\",\"description\":\"\",\"publisher\":{\"@id\":\"https:\/\/www.educatiusacademy.org\/es\/#organization\"},\"potentialAction\":[{\"@type\":\"SearchAction\",\"target\":{\"@type\":\"EntryPoint\",\"urlTemplate\":\"https:\/\/www.educatiusacademy.org\/es\/?s={search_term_string}\"},\"query-input\":{\"@type\":\"PropertyValueSpecification\",\"valueRequired\":true,\"valueName\":\"search_term_string\"}}],\"inLanguage\":\"es\"},{\"@type\":\"Organization\",\"@id\":\"https:\/\/www.educatiusacademy.org\/es\/#organization\",\"name\":\"Educatius Academy Online\",\"url\":\"https:\/\/www.educatiusacademy.org\/es\/\",\"logo\":{\"@type\":\"ImageObject\",\"inLanguage\":\"es\",\"@id\":\"https:\/\/www.educatiusacademy.org\/es\/#\/schema\/logo\/image\/\",\"url\":\"https:\/\/www.educatiusacademy.org\/wp-content\/uploads\/2025\/02\/educatius_academy_white.png\",\"contentUrl\":\"https:\/\/www.educatiusacademy.org\/wp-content\/uploads\/2025\/02\/educatius_academy_white.png\",\"width\":837,\"height\":332,\"caption\":\"Educatius Academy Online\"},\"image\":{\"@id\":\"https:\/\/www.educatiusacademy.org\/es\/#\/schema\/logo\/image\/\"}}]}<\/script>\n<!-- \/ Yoast SEO Premium plugin. -->","yoast_head_json":{"title":"Full Support Included in Your Program! - Educatius Academy Online- Educatius Academy Online","description":"Guidance, academic support, tutoring, teacher feedback, and college prep\/counseling are all included in your USA virtual high school program.","robots":{"index":"index","follow":"follow","max-snippet":"max-snippet:-1","max-image-preview":"max-image-preview:large","max-video-preview":"max-video-preview:-1"},"canonical":"https:\/\/www.educatiusacademy.org\/es\/whats-included\/","og_locale":"es_ES","og_type":"article","og_title":"What's included","og_description":"Guidance, academic support, tutoring, teacher feedback, and college prep\/counseling are all included in your USA virtual high school program.","og_url":"https:\/\/www.educatiusacademy.org\/es\/whats-included\/","og_site_name":"Educatius Academy Online","article_modified_time":"2026-02-02T12:32:16+00:00","og_image":[{"url":"https:\/\/www.educatiusacademy.org\/wp-content\/uploads\/2025\/02\/female-student-with-computer-measure-english-skills-1.jpg"}],"twitter_card":"summary_large_image","twitter_misc":{"Est. reading time":"2 minutos"},"schema":{"@context":"https:\/\/schema.org","@graph":[{"@type":"WebPage","@id":"https:\/\/www.educatiusacademy.org\/es\/whats-included\/","url":"https:\/\/www.educatiusacademy.org\/es\/whats-included\/","name":"Full Support Included in Your Program! - Educatius Academy Online- Educatius Academy Online","isPartOf":{"@id":"https:\/\/www.educatiusacademy.org\/es\/#website"},"primaryImageOfPage":{"@id":"https:\/\/www.educatiusacademy.org\/es\/whats-included\/#primaryimage"},"image":{"@id":"https:\/\/www.educatiusacademy.org\/es\/whats-included\/#primaryimage"},"thumbnailUrl":"https:\/\/www.educatiusacademy.org\/wp-content\/uploads\/2025\/02\/female-student-with-computer-measure-english-skills-1.jpg","datePublished":"2025-02-18T07:19:36+00:00","dateModified":"2026-02-02T12:32:16+00:00","description":"Guidance, academic support, tutoring, teacher feedback, and college prep\/counseling are all included in your USA virtual high school program.","breadcrumb":{"@id":"https:\/\/www.educatiusacademy.org\/es\/whats-included\/#breadcrumb"},"inLanguage":"es","potentialAction":[{"@type":"ReadAction","target":["https:\/\/www.educatiusacademy.org\/es\/whats-included\/"]}]},{"@type":"ImageObject","inLanguage":"es","@id":"https:\/\/www.educatiusacademy.org\/es\/whats-included\/#primaryimage","url":"https:\/\/www.educatiusacademy.org\/wp-content\/uploads\/2025\/02\/female-student-with-computer-measure-english-skills-1.jpg","contentUrl":"https:\/\/www.educatiusacademy.org\/wp-content\/uploads\/2025\/02\/female-student-with-computer-measure-english-skills-1.jpg"},{"@type":"BreadcrumbList","@id":"https:\/\/www.educatiusacademy.org\/es\/whats-included\/#breadcrumb","itemListElement":[{"@type":"ListItem","position":1,"name":"Home","item":"https:\/\/www.educatiusacademy.org\/es\/"},{"@type":"ListItem","position":2,"name":"What&#8217;s included"}]},{"@type":"WebSite","@id":"https:\/\/www.educatiusacademy.org\/es\/#website","url":"https:\/\/www.educatiusacademy.org\/es\/","name":"Educatius Academy Online","description":"","publisher":{"@id":"https:\/\/www.educatiusacademy.org\/es\/#organization"},"potentialAction":[{"@type":"SearchAction","target":{"@type":"EntryPoint","urlTemplate":"https:\/\/www.educatiusacademy.org\/es\/?s={search_term_string}"},"query-input":{"@type":"PropertyValueSpecification","valueRequired":true,"valueName":"search_term_string"}}],"inLanguage":"es"},{"@type":"Organization","@id":"https:\/\/www.educatiusacademy.org\/es\/#organization","name":"Educatius Academy Online","url":"https:\/\/www.educatiusacademy.org\/es\/","logo":{"@type":"ImageObject","inLanguage":"es","@id":"https:\/\/www.educatiusacademy.org\/es\/#\/schema\/logo\/image\/","url":"https:\/\/www.educatiusacademy.org\/wp-content\/uploads\/2025\/02\/educatius_academy_white.png","contentUrl":"https:\/\/www.educatiusacademy.org\/wp-content\/uploads\/2025\/02\/educatius_academy_white.png","width":837,"height":332,"caption":"Educatius Academy Online"},"image":{"@id":"https:\/\/www.educatiusacademy.org\/es\/#\/schema\/logo\/image\/"}}]}},"_links":{"self":[{"href":"https:\/\/www.educatiusacademy.org\/es\/wp-json\/wp\/v2\/pages\/1036","targetHints":{"allow":["GET"]}}],"collection":[{"href":"https:\/\/www.educatiusacademy.org\/es\/wp-json\/wp\/v2\/pages"}],"about":[{"href":"https:\/\/www.educatiusacademy.org\/es\/wp-json\/wp\/v2\/types\/page"}],"author":[{"embeddable":true,"href":"https:\/\/www.educatiusacademy.org\/es\/wp-json\/wp\/v2\/users\/2"}],"replies":[{"embeddable":true,"href":"https:\/\/www.educatiusacademy.org\/es\/wp-json\/wp\/v2\/comments?post=1036"}],"version-history":[{"count":13,"href":"https:\/\/www.educatiusacademy.org\/es\/wp-json\/wp\/v2\/pages\/1036\/revisions"}],"predecessor-version":[{"id":3413,"href":"https:\/\/www.educatiusacademy.org\/es\/wp-json\/wp\/v2\/pages\/1036\/revisions\/3413"}],"wp:attachment":[{"href":"https:\/\/www.educatiusacademy.org\/es\/wp-json\/wp\/v2\/media?parent=1036"}],"wp:term":[{"taxonomy":"wf_page_folders","embeddable":true,"href":"https:\/\/www.educatiusacademy.org\/es\/wp-json\/wp\/v2\/wf_page_folders?post=1036"}],"curies":[{"name":"wp","href":"https:\/\/api.w.org\/{rel}","templated":true}]}}