{"id":1059,"date":"2025-02-20T10:38:14","date_gmt":"2025-02-20T10:38:14","guid":{"rendered":"https:\/\/www.educatiusacademy.org\/?page_id=1059"},"modified":"2026-02-02T12:42:29","modified_gmt":"2026-02-02T12:42:29","slug":"tutoring","status":"publish","type":"page","link":"https:\/\/www.educatiusacademy.org\/es\/whats-included\/tutoring\/","title":{"rendered":"Tutoring"},"content":{"rendered":"\n<div class=\"wp-block-group has-gray-background-color has-background\"><div class=\"wp-block-group__inner-container is-layout-constrained wp-block-group-is-layout-constrained\">\n<div style=\"height:100px\" aria-hidden=\"true\" class=\"wp-block-spacer\"><\/div>\n\n\n\n<div class=\"wp-block-columns container has-gray-background-color has-background is-layout-flex wp-container-core-columns-is-layout-1 wp-block-columns-is-layout-flex\">\n<div class=\"wp-block-column is-layout-flow wp-block-column-is-layout-flow\">\n<div class=\"wp-block-educatius-title-paragraph-darkbutton container\"><div class=\"text-block-wrap py-4 py-md-0\"><h3 class=\"text-block-title text-primary\">Apoyo Acad\u00e9mico<\/h3><p class=\"text-primary\">Los alumnos reciben apoyo continuo a lo largo de sus estudios por parte de profesores que les acompa\u00f1an y orientan para completar con \u00e9xito su programa acad\u00e9mico. En nuestros programas virtuales, tambi\u00e9n se ofrece la posibilidad de acceder a tutor\u00edas acad\u00e9micas individuales.<br><br><strong>Apoyo del profesorado<\/strong><br>Nuestro profesorado cuenta con formaci\u00f3n y experiencia en la impartici\u00f3n de cursos virtuales de calidad. Dise\u00f1an los contenidos acad\u00e9micos, eval\u00faan las tareas y ofrecen comentarios personalizados para acompa\u00f1ar el progreso de los alumnos a lo largo del curso.<br><br><strong>Comunicaci\u00f3n sencilla<\/strong><br>Es habitual que los alumnos tengan dudas durante el desarrollo de las asignaturas. Por ello, facilitamos una comunicaci\u00f3n directa y fluida con el profesorado, que est\u00e1 disponible para orientarles y ayudarles a avanzar.<br>Los profesores suelen responder en un plazo de 24 horas. Adem\u00e1s, los alumnos pueden concertar videoconferencias o asistir a horas de tutor\u00eda para comentar su progreso acad\u00e9mico.<br><br><strong>Tutor\u00eda acad\u00e9mica<\/strong><br>En nuestros programas virtuales, los alumnos tienen acceso a tutor\u00edas acad\u00e9micas las 24 horas del d\u00eda, los 365 d\u00edas del a\u00f1o. Estas tutor\u00edas permiten resolver dudas, reforzar la comprensi\u00f3n de las asignaturas, completar tareas y prepararse para los ex\u00e1menes, siempre con el acompa\u00f1amiento de tutores especializados.<\/p><a href=\"\/es\/dual-diploma\/\" class=\"btn btn-primary\">Encuentra tu programa<\/a><\/div><\/div>\n<\/div>\n\n\n\n<div class=\"wp-block-column is-layout-flow wp-block-column-is-layout-flow\">\n<div class=\"wp-block-educatius-bordered-text container\"><div class=\"quick-fact-section\"><h6 class=\"text-block-title text-primary\">Datos de inter\u00e9s: Apoyo acad\u00e9mico<\/h6><ul class=\"list-group text-primary\"><li class=\"list-item\">Correcci\u00f3n de tareas y acompa\u00f1amiento por parte del profesorado<\/li><br><li class=\"list-item\">Comunicaci\u00f3n directa con los profesores por correo electr\u00f3nico<\/li><br><li class=\"list-item\">Reuniones entre alumnos y profesores durante las horas de tutor\u00eda<\/li><br><li class=\"list-item\">Acceso a tutor\u00eda acad\u00e9mica las 24 horas del d\u00eda, los 365 d\u00edas del a\u00f1o<\/li><\/ul><\/div><\/div>\n<\/div>\n<\/div>\n<\/div><\/div>\n\n\n\n<section class=\"wp-block-educatius-left-image-and-text highlight-section py-1 py-sm-2 py-md-2 py-sm-5 py-md-5\"><div class=\"container\"><div class=\"row\"><div class=\"col-md-6\"><img decoding=\"async\" src=\"https:\/\/www.educatiusacademy.org\/wp-content\/uploads\/2025\/02\/boarding-school-boy-student.jpg\" class=\"w-100\" \/><\/div><div class=\"col-md-6\" style=\"background:#e8b8a6\"><div class=\"text-block-wrap py-md-0 px-md-5\"><span class=\"text-block-title\" style=\"color:#000000\"><\/span><h3 class=\"text-block-title\" style=\"color:#000000\">Reserva asesoramiento acad\u00e9mico gratuito<\/h3><p style=\"color:#000000\">Reserva una sesi\u00f3n individual de asesoramiento acad\u00e9mico para compartir tus objetivos acad\u00e9micos. Te ayudaremos a explorar las opciones m\u00e1s adecuadas para alcanzarlos.<br><a href=\"https:\/\/www.educatiusacademy.org\/es\/contact-us-student\/\"><\/a><\/p><a href=\"\/es\/contact-us-student\/\" class=\"btn btn-outline-primary btn-lg\" style=\"background-color:#691c32;border-color:#691c32;color:#ffffff\">Reserva tu orientaci\u00f3n acad\u00e9mica<\/a><\/div><\/div><\/div><\/div><\/section>\n","protected":false},"excerpt":{"rendered":"","protected":false},"author":2,"featured_media":0,"parent":1036,"menu_order":0,"comment_status":"closed","ping_status":"closed","template":"","meta":{"_acf_changed":false,"inline_featured_image":false,"footnotes":""},"wf_page_folders":[],"class_list":["post-1059","page","type-page","status-publish","hentry"],"acf":[],"yoast_head":"<!-- This site is optimized with the Yoast SEO Premium plugin v23.4 (Yoast SEO v23.6) - https:\/\/yoast.com\/wordpress\/plugins\/seo\/ -->\n<title>Academic Support for All Students - Educatius Academy Online - Educatius Academy Online<\/title>\n<meta name=\"description\" content=\"English language courses, email and video conferences with teachers plus 24 hour tutoring help you succeed with your USA high school diploma program.\" \/>\n<meta name=\"robots\" content=\"index, follow, max-snippet:-1, max-image-preview:large, max-video-preview:-1\" \/>\n<link rel=\"canonical\" href=\"https:\/\/www.educatiusacademy.org\/es\/whats-included\/tutoring\/\" \/>\n<meta property=\"og:locale\" content=\"es_ES\" \/>\n<meta property=\"og:type\" content=\"article\" \/>\n<meta property=\"og:title\" content=\"Tutoring\" \/>\n<meta property=\"og:description\" content=\"English language courses, email and video conferences with teachers plus 24 hour tutoring help you succeed with your USA high school diploma program.\" \/>\n<meta property=\"og:url\" content=\"https:\/\/www.educatiusacademy.org\/es\/whats-included\/tutoring\/\" \/>\n<meta property=\"og:site_name\" content=\"Educatius Academy Online\" \/>\n<meta property=\"article:modified_time\" content=\"2026-02-02T12:42:29+00:00\" \/>\n<meta property=\"og:image\" content=\"https:\/\/www.educatiusacademy.org\/wp-content\/uploads\/2025\/02\/boarding-school-boy-student.jpg\" \/>\n<meta name=\"twitter:card\" content=\"summary_large_image\" \/>\n<meta name=\"twitter:label1\" content=\"Est. reading time\" \/>\n\t<meta name=\"twitter:data1\" content=\"2 minutos\" \/>\n<script type=\"application\/ld+json\" class=\"yoast-schema-graph\">{\"@context\":\"https:\/\/schema.org\",\"@graph\":[{\"@type\":\"WebPage\",\"@id\":\"https:\/\/www.educatiusacademy.org\/es\/whats-included\/tutoring\/\",\"url\":\"https:\/\/www.educatiusacademy.org\/es\/whats-included\/tutoring\/\",\"name\":\"Academic Support for All Students - Educatius Academy Online - Educatius Academy Online\",\"isPartOf\":{\"@id\":\"https:\/\/www.educatiusacademy.org\/es\/#website\"},\"primaryImageOfPage\":{\"@id\":\"https:\/\/www.educatiusacademy.org\/es\/whats-included\/tutoring\/#primaryimage\"},\"image\":{\"@id\":\"https:\/\/www.educatiusacademy.org\/es\/whats-included\/tutoring\/#primaryimage\"},\"thumbnailUrl\":\"https:\/\/www.educatiusacademy.org\/wp-content\/uploads\/2025\/02\/boarding-school-boy-student.jpg\",\"datePublished\":\"2025-02-20T10:38:14+00:00\",\"dateModified\":\"2026-02-02T12:42:29+00:00\",\"description\":\"English language courses, email and video conferences with teachers plus 24 hour tutoring help you succeed with your USA high school diploma program.\",\"breadcrumb\":{\"@id\":\"https:\/\/www.educatiusacademy.org\/es\/whats-included\/tutoring\/#breadcrumb\"},\"inLanguage\":\"es\",\"potentialAction\":[{\"@type\":\"ReadAction\",\"target\":[\"https:\/\/www.educatiusacademy.org\/es\/whats-included\/tutoring\/\"]}]},{\"@type\":\"ImageObject\",\"inLanguage\":\"es\",\"@id\":\"https:\/\/www.educatiusacademy.org\/es\/whats-included\/tutoring\/#primaryimage\",\"url\":\"https:\/\/www.educatiusacademy.org\/wp-content\/uploads\/2025\/02\/boarding-school-boy-student.jpg\",\"contentUrl\":\"https:\/\/www.educatiusacademy.org\/wp-content\/uploads\/2025\/02\/boarding-school-boy-student.jpg\"},{\"@type\":\"BreadcrumbList\",\"@id\":\"https:\/\/www.educatiusacademy.org\/es\/whats-included\/tutoring\/#breadcrumb\",\"itemListElement\":[{\"@type\":\"ListItem\",\"position\":1,\"name\":\"Home\",\"item\":\"https:\/\/www.educatiusacademy.org\/es\/\"},{\"@type\":\"ListItem\",\"position\":2,\"name\":\"What&#8217;s included\",\"item\":\"https:\/\/www.educatiusacademy.org\/es\/whats-included\/\"},{\"@type\":\"ListItem\",\"position\":3,\"name\":\"Tutoring\"}]},{\"@type\":\"WebSite\",\"@id\":\"https:\/\/www.educatiusacademy.org\/es\/#website\",\"url\":\"https:\/\/www.educatiusacademy.org\/es\/\",\"name\":\"Educatius Academy Online\",\"description\":\"\",\"publisher\":{\"@id\":\"https:\/\/www.educatiusacademy.org\/es\/#organization\"},\"potentialAction\":[{\"@type\":\"SearchAction\",\"target\":{\"@type\":\"EntryPoint\",\"urlTemplate\":\"https:\/\/www.educatiusacademy.org\/es\/?s={search_term_string}\"},\"query-input\":{\"@type\":\"PropertyValueSpecification\",\"valueRequired\":true,\"valueName\":\"search_term_string\"}}],\"inLanguage\":\"es\"},{\"@type\":\"Organization\",\"@id\":\"https:\/\/www.educatiusacademy.org\/es\/#organization\",\"name\":\"Educatius Academy Online\",\"url\":\"https:\/\/www.educatiusacademy.org\/es\/\",\"logo\":{\"@type\":\"ImageObject\",\"inLanguage\":\"es\",\"@id\":\"https:\/\/www.educatiusacademy.org\/es\/#\/schema\/logo\/image\/\",\"url\":\"https:\/\/www.educatiusacademy.org\/wp-content\/uploads\/2025\/02\/educatius_academy_white.png\",\"contentUrl\":\"https:\/\/www.educatiusacademy.org\/wp-content\/uploads\/2025\/02\/educatius_academy_white.png\",\"width\":837,\"height\":332,\"caption\":\"Educatius Academy Online\"},\"image\":{\"@id\":\"https:\/\/www.educatiusacademy.org\/es\/#\/schema\/logo\/image\/\"}}]}<\/script>\n<!-- \/ Yoast SEO Premium plugin. -->","yoast_head_json":{"title":"Academic Support for All Students - Educatius Academy Online - Educatius Academy Online","description":"English language courses, email and video conferences with teachers plus 24 hour tutoring help you succeed with your USA high school diploma program.","robots":{"index":"index","follow":"follow","max-snippet":"max-snippet:-1","max-image-preview":"max-image-preview:large","max-video-preview":"max-video-preview:-1"},"canonical":"https:\/\/www.educatiusacademy.org\/es\/whats-included\/tutoring\/","og_locale":"es_ES","og_type":"article","og_title":"Tutoring","og_description":"English language courses, email and video conferences with teachers plus 24 hour tutoring help you succeed with your USA high school diploma program.","og_url":"https:\/\/www.educatiusacademy.org\/es\/whats-included\/tutoring\/","og_site_name":"Educatius Academy Online","article_modified_time":"2026-02-02T12:42:29+00:00","og_image":[{"url":"https:\/\/www.educatiusacademy.org\/wp-content\/uploads\/2025\/02\/boarding-school-boy-student.jpg"}],"twitter_card":"summary_large_image","twitter_misc":{"Est. reading time":"2 minutos"},"schema":{"@context":"https:\/\/schema.org","@graph":[{"@type":"WebPage","@id":"https:\/\/www.educatiusacademy.org\/es\/whats-included\/tutoring\/","url":"https:\/\/www.educatiusacademy.org\/es\/whats-included\/tutoring\/","name":"Academic Support for All Students - Educatius Academy Online - Educatius Academy Online","isPartOf":{"@id":"https:\/\/www.educatiusacademy.org\/es\/#website"},"primaryImageOfPage":{"@id":"https:\/\/www.educatiusacademy.org\/es\/whats-included\/tutoring\/#primaryimage"},"image":{"@id":"https:\/\/www.educatiusacademy.org\/es\/whats-included\/tutoring\/#primaryimage"},"thumbnailUrl":"https:\/\/www.educatiusacademy.org\/wp-content\/uploads\/2025\/02\/boarding-school-boy-student.jpg","datePublished":"2025-02-20T10:38:14+00:00","dateModified":"2026-02-02T12:42:29+00:00","description":"English language courses, email and video conferences with teachers plus 24 hour tutoring help you succeed with your USA high school diploma program.","breadcrumb":{"@id":"https:\/\/www.educatiusacademy.org\/es\/whats-included\/tutoring\/#breadcrumb"},"inLanguage":"es","potentialAction":[{"@type":"ReadAction","target":["https:\/\/www.educatiusacademy.org\/es\/whats-included\/tutoring\/"]}]},{"@type":"ImageObject","inLanguage":"es","@id":"https:\/\/www.educatiusacademy.org\/es\/whats-included\/tutoring\/#primaryimage","url":"https:\/\/www.educatiusacademy.org\/wp-content\/uploads\/2025\/02\/boarding-school-boy-student.jpg","contentUrl":"https:\/\/www.educatiusacademy.org\/wp-content\/uploads\/2025\/02\/boarding-school-boy-student.jpg"},{"@type":"BreadcrumbList","@id":"https:\/\/www.educatiusacademy.org\/es\/whats-included\/tutoring\/#breadcrumb","itemListElement":[{"@type":"ListItem","position":1,"name":"Home","item":"https:\/\/www.educatiusacademy.org\/es\/"},{"@type":"ListItem","position":2,"name":"What&#8217;s included","item":"https:\/\/www.educatiusacademy.org\/es\/whats-included\/"},{"@type":"ListItem","position":3,"name":"Tutoring"}]},{"@type":"WebSite","@id":"https:\/\/www.educatiusacademy.org\/es\/#website","url":"https:\/\/www.educatiusacademy.org\/es\/","name":"Educatius Academy Online","description":"","publisher":{"@id":"https:\/\/www.educatiusacademy.org\/es\/#organization"},"potentialAction":[{"@type":"SearchAction","target":{"@type":"EntryPoint","urlTemplate":"https:\/\/www.educatiusacademy.org\/es\/?s={search_term_string}"},"query-input":{"@type":"PropertyValueSpecification","valueRequired":true,"valueName":"search_term_string"}}],"inLanguage":"es"},{"@type":"Organization","@id":"https:\/\/www.educatiusacademy.org\/es\/#organization","name":"Educatius Academy Online","url":"https:\/\/www.educatiusacademy.org\/es\/","logo":{"@type":"ImageObject","inLanguage":"es","@id":"https:\/\/www.educatiusacademy.org\/es\/#\/schema\/logo\/image\/","url":"https:\/\/www.educatiusacademy.org\/wp-content\/uploads\/2025\/02\/educatius_academy_white.png","contentUrl":"https:\/\/www.educatiusacademy.org\/wp-content\/uploads\/2025\/02\/educatius_academy_white.png","width":837,"height":332,"caption":"Educatius Academy Online"},"image":{"@id":"https:\/\/www.educatiusacademy.org\/es\/#\/schema\/logo\/image\/"}}]}},"_links":{"self":[{"href":"https:\/\/www.educatiusacademy.org\/es\/wp-json\/wp\/v2\/pages\/1059","targetHints":{"allow":["GET"]}}],"collection":[{"href":"https:\/\/www.educatiusacademy.org\/es\/wp-json\/wp\/v2\/pages"}],"about":[{"href":"https:\/\/www.educatiusacademy.org\/es\/wp-json\/wp\/v2\/types\/page"}],"author":[{"embeddable":true,"href":"https:\/\/www.educatiusacademy.org\/es\/wp-json\/wp\/v2\/users\/2"}],"replies":[{"embeddable":true,"href":"https:\/\/www.educatiusacademy.org\/es\/wp-json\/wp\/v2\/comments?post=1059"}],"version-history":[{"count":11,"href":"https:\/\/www.educatiusacademy.org\/es\/wp-json\/wp\/v2\/pages\/1059\/revisions"}],"predecessor-version":[{"id":3420,"href":"https:\/\/www.educatiusacademy.org\/es\/wp-json\/wp\/v2\/pages\/1059\/revisions\/3420"}],"up":[{"embeddable":true,"href":"https:\/\/www.educatiusacademy.org\/es\/wp-json\/wp\/v2\/pages\/1036"}],"wp:attachment":[{"href":"https:\/\/www.educatiusacademy.org\/es\/wp-json\/wp\/v2\/media?parent=1059"}],"wp:term":[{"taxonomy":"wf_page_folders","embeddable":true,"href":"https:\/\/www.educatiusacademy.org\/es\/wp-json\/wp\/v2\/wf_page_folders?post=1059"}],"curies":[{"name":"wp","href":"https:\/\/api.w.org\/{rel}","templated":true}]}}