{"id":1065,"date":"2025-02-20T06:39:58","date_gmt":"2025-02-20T06:39:58","guid":{"rendered":"https:\/\/www.educatiusacademy.org\/?page_id=1065"},"modified":"2026-02-02T12:38:55","modified_gmt":"2026-02-02T12:38:55","slug":"english-prep-camp","status":"publish","type":"page","link":"https:\/\/www.educatiusacademy.org\/es\/whats-included\/english-prep-camp\/","title":{"rendered":"English Boost Camp"},"content":{"rendered":"\n<div class=\"wp-block-group has-gray-background-color has-background\"><div class=\"wp-block-group__inner-container is-layout-constrained wp-block-group-is-layout-constrained\">\n<div style=\"height:100px\" aria-hidden=\"true\" class=\"wp-block-spacer\"><\/div>\n\n\n\n<div class=\"wp-block-columns container has-gray-background-color has-background is-layout-flex wp-container-core-columns-is-layout-1 wp-block-columns-is-layout-flex\">\n<div class=\"wp-block-column is-layout-flow wp-block-column-is-layout-flow\">\n<div class=\"wp-block-group\"><div class=\"wp-block-group__inner-container is-layout-constrained wp-block-group-is-layout-constrained\">\n<div class=\"wp-block-educatius-title-paragraph-darkbutton container\"><div class=\"text-block-wrap py-4 py-md-0\"><h3 class=\"text-block-title text-primary\">English Boost Camp<br><\/h3><p class=\"text-primary\">\u00danete a nuestro English Boost Camp para mejorar tus competencias ling\u00fc\u00edsticas y prepararte para una experiencia acad\u00e9mica internacional, ya sea en el extranjero o desde tu pa\u00eds. A trav\u00e9s de clases online semanales, desarrollar\u00e1s el nivel de ingl\u00e9s necesario para afrontar con seguridad un entorno educativo internacional.<br><br><strong>Obt\u00e9n una perspectiva global<\/strong><br>Alumnos de todo el mundo participan en el English Boost Camp. Al finalizar el programa, habr\u00e1s reforzado tus competencias en ingl\u00e9s y ampliado tu conocimiento sobre otras culturas y contextos internacionales. Esta experiencia contribuir\u00e1 a aumentar tu confianza al iniciar tus estudios internacionales.<br><br><strong>Profesores nativos<\/strong><br>Las clases est\u00e1n impartidas por profesores nativos de ingl\u00e9s, todos ellos docentes titulados y con experiencia en ense\u00f1anza online. Cuentan con los recursos y la metodolog\u00eda adecuados para hacer las clases din\u00e1micas y participativas.<br><br><strong>Plan de estudios personalizado<\/strong><br>Las clases se imparten \u00edntegramente en ingl\u00e9s, aunque el nivel de dificultad se adapta a tus conocimientos ling\u00fc\u00edsticos. Hemos desarrollado nuestros propios materiales did\u00e1cticos para ajustarlos a tu nivel y facilitar un aprendizaje progresivo.<br><br><strong>Aprendizaje en grupos reducidos<\/strong><br>Aprende junto a alumnos con una mentalidad internacional como la tuya. Las clases se imparten en grupos reducidos, con alumnos procedentes de distintos pa\u00edses, lo que favorece la participaci\u00f3n activa y la interacci\u00f3n en ingl\u00e9s.<\/p><a href=\"\/es\/contact-us-student\/\" class=\"btn btn-primary\">Saber m\u00e1s<\/a><\/div><\/div>\n<\/div><\/div>\n<\/div>\n\n\n\n<div class=\"wp-block-column is-layout-flow wp-block-column-is-layout-flow\">\n<figure class=\"wp-block-embed is-type-video is-provider-youtube wp-block-embed-youtube wp-embed-aspect-16-9 wp-has-aspect-ratio\"><div class=\"wp-block-embed__wrapper\">\n<iframe loading=\"lazy\" title=\"Educatius Academy English Prep Camp\" width=\"640\" height=\"360\" src=\"https:\/\/www.youtube.com\/embed\/yL8AQbV4y5Q?feature=oembed\" frameborder=\"0\" allow=\"accelerometer; autoplay; clipboard-write; encrypted-media; gyroscope; picture-in-picture; web-share\" referrerpolicy=\"strict-origin-when-cross-origin\" allowfullscreen><\/iframe>\n<\/div><\/figure>\n<\/div>\n<\/div>\n<\/div><\/div>\n\n\n\n<div class=\"wp-block-columns container is-layout-flex wp-container-core-columns-is-layout-2 wp-block-columns-is-layout-flex\">\n<div class=\"wp-block-column is-layout-flow wp-block-column-is-layout-flow\">\n<figure class=\"wp-block-image size-full\"><img loading=\"lazy\" decoding=\"async\" width=\"640\" height=\"427\" src=\"https:\/\/www.educatiusacademy.org\/wp-content\/uploads\/2025\/02\/hapa-male-student-with-big-hair-hand-up-in-class.jpg\" alt=\"\" class=\"wp-image-226\" srcset=\"https:\/\/www.educatiusacademy.org\/wp-content\/uploads\/2025\/02\/hapa-male-student-with-big-hair-hand-up-in-class.jpg 640w, https:\/\/www.educatiusacademy.org\/wp-content\/uploads\/2025\/02\/hapa-male-student-with-big-hair-hand-up-in-class-300x200.jpg 300w, https:\/\/www.educatiusacademy.org\/wp-content\/uploads\/2025\/02\/hapa-male-student-with-big-hair-hand-up-in-class-24x16.jpg 24w, https:\/\/www.educatiusacademy.org\/wp-content\/uploads\/2025\/02\/hapa-male-student-with-big-hair-hand-up-in-class-36x24.jpg 36w, https:\/\/www.educatiusacademy.org\/wp-content\/uploads\/2025\/02\/hapa-male-student-with-big-hair-hand-up-in-class-48x32.jpg 48w\" sizes=\"auto, (max-width: 640px) 100vw, 640px\" \/><\/figure>\n<\/div>\n\n\n\n<div class=\"wp-block-column has-white-color has-deep-red-background-color has-text-color has-background has-link-color wp-elements-a7ccc885ded177e9cf7e703cf15385be is-layout-flow wp-block-column-is-layout-flow\">\n<div class=\"wp-block-educatius-bordered-text container\"><div class=\"quick-fact-section\"><h6 class=\"text-block-title text-primary\">Datos de inter\u00e9s: English Boost Course<\/h6><ul class=\"list-group text-primary\"><li class=\"list-item\">Clases online semanales en modalidad s\u00edncrona<\/li> en directo&nbsp; <br><li class=\"list-item\">Sesiones din\u00e1micas con contenidos interactivos<\/li><br><li class=\"list-item\">Aprendizaje personalizado seg\u00fan el nivel del alumno<\/li><br><li class=\"list-item\">Profesores nativos de ingl\u00e9s con experiencia docente<\/li><br><li class=\"list-item\">Grupos reducidos de alumnos de distintos pa\u00edses<\/li><\/ul><\/div><\/div>\n<\/div>\n<\/div>\n\n\n\n<section class=\"wp-block-educatius-right-image-and-text highlight-section-reverse py-1 py-sm-2 py-md-2 py-sm-5 py-md-5 container\"><div class=\"container\"><div class=\"row\"><div class=\"col-md-6 order-md-1\"><img decoding=\"async\" src=\"https:\/\/www.educatiusacademy.org\/wp-content\/uploads\/2025\/02\/female-student-with-computer-measure-english-skills-1.jpg\" class=\"w-100\" \/><\/div><div class=\"col-md-6 order-md-0\" style=\"background:#e8b8a6\"><div class=\"text-block-wrap py-md-0 px-md-5\"><span class=\"text-block-title\" style=\"color:#000000\"><\/span><h3 class=\"text-block-title\" style=\"color:#000000\">Eval\u00faa tu nivel de ingl\u00e9s<\/h3><p style=\"color:#000000\">Eval\u00faa tu nivel de ingl\u00e9s mediante una prueba de diagn\u00f3stico completa y gratuita. Los resultados nos permitir\u00e1n orientarte sobre los siguientes pasos y recomendarte las opciones m\u00e1s adecuadas para alcanzar tus objetivos acad\u00e9micos. Nos pondremos en contacto contigo una vez recibamos los resultados.<\/p><a href=\"\/es\/what's-included\/english-assessment\/\" class=\"btn btn-outline-primary btn-lg\" style=\"border-color:#000000;color:#000000\">Eval\u00faa tu nivel de ingl\u00e9s<\/a><\/div><\/div><\/div><\/div><\/section>\n\n\n\n<div style=\"height:45px\" aria-hidden=\"true\" class=\"wp-block-spacer\"><\/div>\n\n\n\n<section class=\"wp-block-educatius-left-image-and-text highlight-section py-1 py-sm-2 py-md-2 py-sm-5 py-md-5 container\"><div class=\"container\"><div class=\"row\"><div class=\"col-md-6\"><img decoding=\"async\" src=\"https:\/\/www.educatiusacademy.org\/wp-content\/uploads\/2025\/02\/two-academic-students-studying.jpg\" class=\"w-100\" \/><\/div><div class=\"col-md-6\" style=\"background:#faf4e2\"><div class=\"text-block-wrap py-md-0 px-md-5\"><span class=\"text-block-title\" style=\"color:#691c32\"><\/span><h3 class=\"text-block-title\" style=\"color:#691c32\">Reserva asesoramiento acad\u00e9mico<\/h3><p style=\"color:#691c32\">Reserva una sesi\u00f3n individual de asesoramiento acad\u00e9mico para compartir tus objetivos acad\u00e9micos. Te ayudaremos a explorar las opciones m\u00e1s adecuadas para alcanzarlos.<br><a href=\"https:\/\/www.educatiusacademy.org\/es\/contact-us-student\/\"><\/a><\/p><a href=\"\/es\/contact-us-student\/\" class=\"btn btn-outline-primary btn-lg\" style=\"background-color:#691c32;border-color:#691c32;color:#ffffff\">Reserva tu orientaci\u00f3n acad\u00e9mica<\/a><\/div><\/div><\/div><\/div><\/section>\n","protected":false},"excerpt":{"rendered":"","protected":false},"author":2,"featured_media":0,"parent":1036,"menu_order":0,"comment_status":"closed","ping_status":"closed","template":"","meta":{"_acf_changed":false,"inline_featured_image":false,"footnotes":""},"wf_page_folders":[],"class_list":["post-1065","page","type-page","status-publish","hentry"],"acf":[],"yoast_head":"<!-- This site is optimized with the Yoast SEO Premium plugin v23.4 (Yoast SEO v23.6) - https:\/\/yoast.com\/wordpress\/plugins\/seo\/ -->\n<title>Join our fun, interactive, English Prep Camp - Educatius Academy Online - Educatius Academy Online<\/title>\n<meta name=\"description\" content=\"International students worldwide join together to improve their English with this synchronous &quot;live&quot; online English Preparation course.\" \/>\n<meta name=\"robots\" content=\"index, follow, max-snippet:-1, max-image-preview:large, max-video-preview:-1\" \/>\n<link rel=\"canonical\" href=\"https:\/\/www.educatiusacademy.org\/es\/whats-included\/english-prep-camp\/\" \/>\n<meta property=\"og:locale\" content=\"es_ES\" \/>\n<meta property=\"og:type\" content=\"article\" \/>\n<meta property=\"og:title\" content=\"English Boost Camp\" \/>\n<meta property=\"og:description\" content=\"International students worldwide join together to improve their English with this synchronous &quot;live&quot; online English Preparation course.\" \/>\n<meta property=\"og:url\" content=\"https:\/\/www.educatiusacademy.org\/es\/whats-included\/english-prep-camp\/\" \/>\n<meta property=\"og:site_name\" content=\"Educatius Academy Online\" \/>\n<meta property=\"article:modified_time\" content=\"2026-02-02T12:38:55+00:00\" \/>\n<meta property=\"og:image\" content=\"https:\/\/www.educatiusacademy.org\/wp-content\/uploads\/2025\/02\/hapa-male-student-with-big-hair-hand-up-in-class.jpg\" \/>\n\t<meta property=\"og:image:width\" content=\"640\" \/>\n\t<meta property=\"og:image:height\" content=\"427\" \/>\n\t<meta property=\"og:image:type\" content=\"image\/jpeg\" \/>\n<meta name=\"twitter:card\" content=\"summary_large_image\" \/>\n<meta name=\"twitter:label1\" content=\"Est. reading time\" \/>\n\t<meta name=\"twitter:data1\" content=\"3 minutos\" \/>\n<script type=\"application\/ld+json\" class=\"yoast-schema-graph\">{\"@context\":\"https:\/\/schema.org\",\"@graph\":[{\"@type\":\"WebPage\",\"@id\":\"https:\/\/www.educatiusacademy.org\/es\/whats-included\/english-prep-camp\/\",\"url\":\"https:\/\/www.educatiusacademy.org\/es\/whats-included\/english-prep-camp\/\",\"name\":\"Join our fun, interactive, English Prep Camp - Educatius Academy Online - Educatius Academy Online\",\"isPartOf\":{\"@id\":\"https:\/\/www.educatiusacademy.org\/es\/#website\"},\"primaryImageOfPage\":{\"@id\":\"https:\/\/www.educatiusacademy.org\/es\/whats-included\/english-prep-camp\/#primaryimage\"},\"image\":{\"@id\":\"https:\/\/www.educatiusacademy.org\/es\/whats-included\/english-prep-camp\/#primaryimage\"},\"thumbnailUrl\":\"https:\/\/www.educatiusacademy.org\/wp-content\/uploads\/2025\/02\/hapa-male-student-with-big-hair-hand-up-in-class.jpg\",\"datePublished\":\"2025-02-20T06:39:58+00:00\",\"dateModified\":\"2026-02-02T12:38:55+00:00\",\"description\":\"International students worldwide join together to improve their English with this synchronous \\\"live\\\" online English Preparation course.\",\"breadcrumb\":{\"@id\":\"https:\/\/www.educatiusacademy.org\/es\/whats-included\/english-prep-camp\/#breadcrumb\"},\"inLanguage\":\"es\",\"potentialAction\":[{\"@type\":\"ReadAction\",\"target\":[\"https:\/\/www.educatiusacademy.org\/es\/whats-included\/english-prep-camp\/\"]}]},{\"@type\":\"ImageObject\",\"inLanguage\":\"es\",\"@id\":\"https:\/\/www.educatiusacademy.org\/es\/whats-included\/english-prep-camp\/#primaryimage\",\"url\":\"https:\/\/www.educatiusacademy.org\/wp-content\/uploads\/2025\/02\/hapa-male-student-with-big-hair-hand-up-in-class.jpg\",\"contentUrl\":\"https:\/\/www.educatiusacademy.org\/wp-content\/uploads\/2025\/02\/hapa-male-student-with-big-hair-hand-up-in-class.jpg\"},{\"@type\":\"BreadcrumbList\",\"@id\":\"https:\/\/www.educatiusacademy.org\/es\/whats-included\/english-prep-camp\/#breadcrumb\",\"itemListElement\":[{\"@type\":\"ListItem\",\"position\":1,\"name\":\"Home\",\"item\":\"https:\/\/www.educatiusacademy.org\/es\/\"},{\"@type\":\"ListItem\",\"position\":2,\"name\":\"What&#8217;s included\",\"item\":\"https:\/\/www.educatiusacademy.org\/es\/whats-included\/\"},{\"@type\":\"ListItem\",\"position\":3,\"name\":\"English Boost Camp\"}]},{\"@type\":\"WebSite\",\"@id\":\"https:\/\/www.educatiusacademy.org\/es\/#website\",\"url\":\"https:\/\/www.educatiusacademy.org\/es\/\",\"name\":\"Educatius Academy Online\",\"description\":\"\",\"publisher\":{\"@id\":\"https:\/\/www.educatiusacademy.org\/es\/#organization\"},\"potentialAction\":[{\"@type\":\"SearchAction\",\"target\":{\"@type\":\"EntryPoint\",\"urlTemplate\":\"https:\/\/www.educatiusacademy.org\/es\/?s={search_term_string}\"},\"query-input\":{\"@type\":\"PropertyValueSpecification\",\"valueRequired\":true,\"valueName\":\"search_term_string\"}}],\"inLanguage\":\"es\"},{\"@type\":\"Organization\",\"@id\":\"https:\/\/www.educatiusacademy.org\/es\/#organization\",\"name\":\"Educatius Academy Online\",\"url\":\"https:\/\/www.educatiusacademy.org\/es\/\",\"logo\":{\"@type\":\"ImageObject\",\"inLanguage\":\"es\",\"@id\":\"https:\/\/www.educatiusacademy.org\/es\/#\/schema\/logo\/image\/\",\"url\":\"https:\/\/www.educatiusacademy.org\/wp-content\/uploads\/2025\/02\/educatius_academy_white.png\",\"contentUrl\":\"https:\/\/www.educatiusacademy.org\/wp-content\/uploads\/2025\/02\/educatius_academy_white.png\",\"width\":837,\"height\":332,\"caption\":\"Educatius Academy Online\"},\"image\":{\"@id\":\"https:\/\/www.educatiusacademy.org\/es\/#\/schema\/logo\/image\/\"}}]}<\/script>\n<!-- \/ Yoast SEO Premium plugin. -->","yoast_head_json":{"title":"Join our fun, interactive, English Prep Camp - Educatius Academy Online - Educatius Academy Online","description":"International students worldwide join together to improve their English with this synchronous \"live\" online English Preparation course.","robots":{"index":"index","follow":"follow","max-snippet":"max-snippet:-1","max-image-preview":"max-image-preview:large","max-video-preview":"max-video-preview:-1"},"canonical":"https:\/\/www.educatiusacademy.org\/es\/whats-included\/english-prep-camp\/","og_locale":"es_ES","og_type":"article","og_title":"English Boost Camp","og_description":"International students worldwide join together to improve their English with this synchronous \"live\" online English Preparation course.","og_url":"https:\/\/www.educatiusacademy.org\/es\/whats-included\/english-prep-camp\/","og_site_name":"Educatius Academy Online","article_modified_time":"2026-02-02T12:38:55+00:00","og_image":[{"width":640,"height":427,"url":"https:\/\/www.educatiusacademy.org\/wp-content\/uploads\/2025\/02\/hapa-male-student-with-big-hair-hand-up-in-class.jpg","type":"image\/jpeg"}],"twitter_card":"summary_large_image","twitter_misc":{"Est. reading time":"3 minutos"},"schema":{"@context":"https:\/\/schema.org","@graph":[{"@type":"WebPage","@id":"https:\/\/www.educatiusacademy.org\/es\/whats-included\/english-prep-camp\/","url":"https:\/\/www.educatiusacademy.org\/es\/whats-included\/english-prep-camp\/","name":"Join our fun, interactive, English Prep Camp - Educatius Academy Online - Educatius Academy Online","isPartOf":{"@id":"https:\/\/www.educatiusacademy.org\/es\/#website"},"primaryImageOfPage":{"@id":"https:\/\/www.educatiusacademy.org\/es\/whats-included\/english-prep-camp\/#primaryimage"},"image":{"@id":"https:\/\/www.educatiusacademy.org\/es\/whats-included\/english-prep-camp\/#primaryimage"},"thumbnailUrl":"https:\/\/www.educatiusacademy.org\/wp-content\/uploads\/2025\/02\/hapa-male-student-with-big-hair-hand-up-in-class.jpg","datePublished":"2025-02-20T06:39:58+00:00","dateModified":"2026-02-02T12:38:55+00:00","description":"International students worldwide join together to improve their English with this synchronous \"live\" online English Preparation course.","breadcrumb":{"@id":"https:\/\/www.educatiusacademy.org\/es\/whats-included\/english-prep-camp\/#breadcrumb"},"inLanguage":"es","potentialAction":[{"@type":"ReadAction","target":["https:\/\/www.educatiusacademy.org\/es\/whats-included\/english-prep-camp\/"]}]},{"@type":"ImageObject","inLanguage":"es","@id":"https:\/\/www.educatiusacademy.org\/es\/whats-included\/english-prep-camp\/#primaryimage","url":"https:\/\/www.educatiusacademy.org\/wp-content\/uploads\/2025\/02\/hapa-male-student-with-big-hair-hand-up-in-class.jpg","contentUrl":"https:\/\/www.educatiusacademy.org\/wp-content\/uploads\/2025\/02\/hapa-male-student-with-big-hair-hand-up-in-class.jpg"},{"@type":"BreadcrumbList","@id":"https:\/\/www.educatiusacademy.org\/es\/whats-included\/english-prep-camp\/#breadcrumb","itemListElement":[{"@type":"ListItem","position":1,"name":"Home","item":"https:\/\/www.educatiusacademy.org\/es\/"},{"@type":"ListItem","position":2,"name":"What&#8217;s included","item":"https:\/\/www.educatiusacademy.org\/es\/whats-included\/"},{"@type":"ListItem","position":3,"name":"English Boost Camp"}]},{"@type":"WebSite","@id":"https:\/\/www.educatiusacademy.org\/es\/#website","url":"https:\/\/www.educatiusacademy.org\/es\/","name":"Educatius Academy Online","description":"","publisher":{"@id":"https:\/\/www.educatiusacademy.org\/es\/#organization"},"potentialAction":[{"@type":"SearchAction","target":{"@type":"EntryPoint","urlTemplate":"https:\/\/www.educatiusacademy.org\/es\/?s={search_term_string}"},"query-input":{"@type":"PropertyValueSpecification","valueRequired":true,"valueName":"search_term_string"}}],"inLanguage":"es"},{"@type":"Organization","@id":"https:\/\/www.educatiusacademy.org\/es\/#organization","name":"Educatius Academy Online","url":"https:\/\/www.educatiusacademy.org\/es\/","logo":{"@type":"ImageObject","inLanguage":"es","@id":"https:\/\/www.educatiusacademy.org\/es\/#\/schema\/logo\/image\/","url":"https:\/\/www.educatiusacademy.org\/wp-content\/uploads\/2025\/02\/educatius_academy_white.png","contentUrl":"https:\/\/www.educatiusacademy.org\/wp-content\/uploads\/2025\/02\/educatius_academy_white.png","width":837,"height":332,"caption":"Educatius Academy Online"},"image":{"@id":"https:\/\/www.educatiusacademy.org\/es\/#\/schema\/logo\/image\/"}}]}},"_links":{"self":[{"href":"https:\/\/www.educatiusacademy.org\/es\/wp-json\/wp\/v2\/pages\/1065","targetHints":{"allow":["GET"]}}],"collection":[{"href":"https:\/\/www.educatiusacademy.org\/es\/wp-json\/wp\/v2\/pages"}],"about":[{"href":"https:\/\/www.educatiusacademy.org\/es\/wp-json\/wp\/v2\/types\/page"}],"author":[{"embeddable":true,"href":"https:\/\/www.educatiusacademy.org\/es\/wp-json\/wp\/v2\/users\/2"}],"replies":[{"embeddable":true,"href":"https:\/\/www.educatiusacademy.org\/es\/wp-json\/wp\/v2\/comments?post=1065"}],"version-history":[{"count":15,"href":"https:\/\/www.educatiusacademy.org\/es\/wp-json\/wp\/v2\/pages\/1065\/revisions"}],"predecessor-version":[{"id":3418,"href":"https:\/\/www.educatiusacademy.org\/es\/wp-json\/wp\/v2\/pages\/1065\/revisions\/3418"}],"up":[{"embeddable":true,"href":"https:\/\/www.educatiusacademy.org\/es\/wp-json\/wp\/v2\/pages\/1036"}],"wp:attachment":[{"href":"https:\/\/www.educatiusacademy.org\/es\/wp-json\/wp\/v2\/media?parent=1065"}],"wp:term":[{"taxonomy":"wf_page_folders","embeddable":true,"href":"https:\/\/www.educatiusacademy.org\/es\/wp-json\/wp\/v2\/wf_page_folders?post=1065"}],"curies":[{"name":"wp","href":"https:\/\/api.w.org\/{rel}","templated":true}]}}