{"id":1066,"date":"2025-02-20T09:46:24","date_gmt":"2025-02-20T09:46:24","guid":{"rendered":"https:\/\/www.educatiusacademy.org\/?page_id=1066"},"modified":"2026-02-02T12:40:40","modified_gmt":"2026-02-02T12:40:40","slug":"personal-counselling","status":"publish","type":"page","link":"https:\/\/www.educatiusacademy.org\/es\/whats-included\/personal-counselling\/","title":{"rendered":"Personal Counseling"},"content":{"rendered":"\n<div class=\"wp-block-group has-gray-background-color has-background\"><div class=\"wp-block-group__inner-container is-layout-constrained wp-block-group-is-layout-constrained\">\n<div style=\"height:100px\" aria-hidden=\"true\" class=\"wp-block-spacer\"><\/div>\n\n\n\n<div class=\"wp-block-columns container has-gray-background-color has-background is-layout-flex wp-container-core-columns-is-layout-1 wp-block-columns-is-layout-flex\">\n<div class=\"wp-block-column is-layout-flow wp-block-column-is-layout-flow\">\n<div class=\"wp-block-educatius-title-paragraph-darkbutton container\"><div class=\"text-block-wrap py-4 py-md-0\"><h3 class=\"text-block-title text-primary\">Orientaci\u00f3n Acad\u00e9mica<br><\/h3><p class=\"text-primary\">Nuestro equipo de orientadores acad\u00e9micos te acompa\u00f1a incluso antes de que inicies tus estudios. Te ayudamos a elegir el programa y las asignaturas que mejor se adapten a tus objetivos acad\u00e9micos.<br>A lo largo de todo el proceso, estar\u00e1s acompa\u00f1ado para que puedas avanzar con seguridad, mantenerte al d\u00eda y completar el programa con \u00e9xito hasta el momento de la graduaci\u00f3n.<br><br><strong>Validaci\u00f3n de programas<\/strong><br>Nuestro equipo analiza tu expediente acad\u00e9mico del centro educativo de origen para recomendarte el programa m\u00e1s adecuado. Conocer tu trayectoria acad\u00e9mica nos permite orientarte de forma m\u00e1s precisa hacia el camino que mejor se ajuste a tus objetivos.<br><br><strong>Selecci\u00f3n de asignaturas<\/strong><br>Una vez seleccionado el programa, te ayudaremos a dise\u00f1ar un itinerario acad\u00e9mico que incluya las asignaturas obligatorias y optativas m\u00e1s adecuadas a tus intereses, objetivos acad\u00e9micos y nivel de ingl\u00e9s.<br><br><strong>Apoyo acad\u00e9mico<\/strong><br>Una vez que inicies los cursos, tu asesor acad\u00e9mico realizar\u00e1 un seguimiento continuo de tu progreso y de los plazos clave. Si detecta alguna dificultad, te ofrecer\u00e1 apoyo y orientaci\u00f3n para ayudarte a mantener el ritmo de estudio.<br><\/p><a href=\"\/es\/contact-us-student\/\" class=\"btn btn-primary\">Descubre m\u00e1s<\/a><\/div><\/div>\n<\/div>\n\n\n\n<div class=\"wp-block-column is-layout-flow wp-block-column-is-layout-flow\">\n<div class=\"wp-block-educatius-bordered-text container\"><div class=\"quick-fact-section\"><h6 class=\"text-block-title text-primary\">Resumen: Orientaci\u00f3n Acad\u00e9mica<\/h6><ul class=\"list-group text-primary\"><li class=\"list-item\">Ayuda en la elecci\u00f3n del programa m\u00e1s adecuado<\/li><br><li class=\"list-item\">Orientaci\u00f3n para la selecci\u00f3n de asignaturas<\/li><br><li class=\"list-item\">Apoyo acad\u00e9mico continuo<\/li><br><li class=\"list-item\">Recordatorios y seguimiento de plazos clave<\/li><\/ul><\/div><\/div>\n<\/div>\n<\/div>\n<\/div><\/div>\n\n\n\n<section class=\"wp-block-educatius-left-image-and-text highlight-section py-1 py-sm-2 py-md-2 py-sm-5 py-md-5\"><div class=\"container\"><div class=\"row\"><div class=\"col-md-6\"><img decoding=\"async\" src=\"https:\/\/www.educatiusacademy.org\/wp-content\/uploads\/2025\/02\/girl-student-with-diploma-and-laptop-1.jpg\" class=\"w-100\" \/><\/div><div class=\"col-md-6\"><div class=\"text-block-wrap py-md-0 px-md-5\"><span class=\"text-block-title\"><\/span><h3 class=\"text-block-title\">Reserva tu orientaci\u00f3n acad\u00e9mica gratuita<\/h3><p>Reserva una sesi\u00f3n individual de orientaci\u00f3n acad\u00e9mica para compartir tus objetivos acad\u00e9micos. Te ayudaremos a explorar las opciones m\u00e1s adecuadas para alcanzarlos.<br><a href=\"https:\/\/www.educatiusacademy.org\/es\/contact-us-student\/\"><\/a><\/p><a href=\"\/es\/contact-us-student\/\" class=\"btn btn-outline-primary btn-lg\">Solicita asesoramiento acad\u00e9mico<\/a><\/div><\/div><\/div><\/div><\/section>\n","protected":false},"excerpt":{"rendered":"","protected":false},"author":2,"featured_media":0,"parent":1036,"menu_order":0,"comment_status":"closed","ping_status":"closed","template":"","meta":{"_acf_changed":false,"inline_featured_image":false,"footnotes":""},"wf_page_folders":[],"class_list":["post-1066","page","type-page","status-publish","hentry"],"acf":[],"yoast_head":"<!-- This site is optimized with the Yoast SEO Premium plugin v23.4 (Yoast SEO v23.6) - https:\/\/yoast.com\/wordpress\/plugins\/seo\/ -->\n<title>Guidance, Course Selection, and Support - Educatius Academy Online - Educatius Academy Online<\/title>\n<meta name=\"description\" content=\"Our advisors support and help you set up the best program schedule for successful graduation from your USA high school diploma program.\" \/>\n<meta name=\"robots\" content=\"index, follow, max-snippet:-1, max-image-preview:large, max-video-preview:-1\" \/>\n<link rel=\"canonical\" href=\"https:\/\/www.educatiusacademy.org\/es\/whats-included\/personal-counselling\/\" \/>\n<meta property=\"og:locale\" content=\"es_ES\" \/>\n<meta property=\"og:type\" content=\"article\" \/>\n<meta property=\"og:title\" content=\"Personal Counseling\" \/>\n<meta property=\"og:description\" content=\"Our advisors support and help you set up the best program schedule for successful graduation from your USA high school diploma program.\" \/>\n<meta property=\"og:url\" content=\"https:\/\/www.educatiusacademy.org\/es\/whats-included\/personal-counselling\/\" \/>\n<meta property=\"og:site_name\" content=\"Educatius Academy Online\" \/>\n<meta property=\"article:modified_time\" content=\"2026-02-02T12:40:40+00:00\" \/>\n<meta property=\"og:image\" content=\"https:\/\/www.educatiusacademy.org\/wp-content\/uploads\/2025\/02\/girl-student-with-diploma-and-laptop-1.jpg\" \/>\n<meta name=\"twitter:card\" content=\"summary_large_image\" \/>\n<meta name=\"twitter:label1\" content=\"Est. reading time\" \/>\n\t<meta name=\"twitter:data1\" content=\"2 minutos\" \/>\n<script type=\"application\/ld+json\" class=\"yoast-schema-graph\">{\"@context\":\"https:\/\/schema.org\",\"@graph\":[{\"@type\":\"WebPage\",\"@id\":\"https:\/\/www.educatiusacademy.org\/es\/whats-included\/personal-counselling\/\",\"url\":\"https:\/\/www.educatiusacademy.org\/es\/whats-included\/personal-counselling\/\",\"name\":\"Guidance, Course Selection, and Support - Educatius Academy Online - Educatius Academy Online\",\"isPartOf\":{\"@id\":\"https:\/\/www.educatiusacademy.org\/es\/#website\"},\"primaryImageOfPage\":{\"@id\":\"https:\/\/www.educatiusacademy.org\/es\/whats-included\/personal-counselling\/#primaryimage\"},\"image\":{\"@id\":\"https:\/\/www.educatiusacademy.org\/es\/whats-included\/personal-counselling\/#primaryimage\"},\"thumbnailUrl\":\"https:\/\/www.educatiusacademy.org\/wp-content\/uploads\/2025\/02\/girl-student-with-diploma-and-laptop-1.jpg\",\"datePublished\":\"2025-02-20T09:46:24+00:00\",\"dateModified\":\"2026-02-02T12:40:40+00:00\",\"description\":\"Our advisors support and help you set up the best program schedule for successful graduation from your USA high school diploma program.\",\"breadcrumb\":{\"@id\":\"https:\/\/www.educatiusacademy.org\/es\/whats-included\/personal-counselling\/#breadcrumb\"},\"inLanguage\":\"es\",\"potentialAction\":[{\"@type\":\"ReadAction\",\"target\":[\"https:\/\/www.educatiusacademy.org\/es\/whats-included\/personal-counselling\/\"]}]},{\"@type\":\"ImageObject\",\"inLanguage\":\"es\",\"@id\":\"https:\/\/www.educatiusacademy.org\/es\/whats-included\/personal-counselling\/#primaryimage\",\"url\":\"https:\/\/www.educatiusacademy.org\/wp-content\/uploads\/2025\/02\/girl-student-with-diploma-and-laptop-1.jpg\",\"contentUrl\":\"https:\/\/www.educatiusacademy.org\/wp-content\/uploads\/2025\/02\/girl-student-with-diploma-and-laptop-1.jpg\"},{\"@type\":\"BreadcrumbList\",\"@id\":\"https:\/\/www.educatiusacademy.org\/es\/whats-included\/personal-counselling\/#breadcrumb\",\"itemListElement\":[{\"@type\":\"ListItem\",\"position\":1,\"name\":\"Home\",\"item\":\"https:\/\/www.educatiusacademy.org\/es\/\"},{\"@type\":\"ListItem\",\"position\":2,\"name\":\"What&#8217;s included\",\"item\":\"https:\/\/www.educatiusacademy.org\/es\/whats-included\/\"},{\"@type\":\"ListItem\",\"position\":3,\"name\":\"Personal Counseling\"}]},{\"@type\":\"WebSite\",\"@id\":\"https:\/\/www.educatiusacademy.org\/es\/#website\",\"url\":\"https:\/\/www.educatiusacademy.org\/es\/\",\"name\":\"Educatius Academy Online\",\"description\":\"\",\"publisher\":{\"@id\":\"https:\/\/www.educatiusacademy.org\/es\/#organization\"},\"potentialAction\":[{\"@type\":\"SearchAction\",\"target\":{\"@type\":\"EntryPoint\",\"urlTemplate\":\"https:\/\/www.educatiusacademy.org\/es\/?s={search_term_string}\"},\"query-input\":{\"@type\":\"PropertyValueSpecification\",\"valueRequired\":true,\"valueName\":\"search_term_string\"}}],\"inLanguage\":\"es\"},{\"@type\":\"Organization\",\"@id\":\"https:\/\/www.educatiusacademy.org\/es\/#organization\",\"name\":\"Educatius Academy Online\",\"url\":\"https:\/\/www.educatiusacademy.org\/es\/\",\"logo\":{\"@type\":\"ImageObject\",\"inLanguage\":\"es\",\"@id\":\"https:\/\/www.educatiusacademy.org\/es\/#\/schema\/logo\/image\/\",\"url\":\"https:\/\/www.educatiusacademy.org\/wp-content\/uploads\/2025\/02\/educatius_academy_white.png\",\"contentUrl\":\"https:\/\/www.educatiusacademy.org\/wp-content\/uploads\/2025\/02\/educatius_academy_white.png\",\"width\":837,\"height\":332,\"caption\":\"Educatius Academy Online\"},\"image\":{\"@id\":\"https:\/\/www.educatiusacademy.org\/es\/#\/schema\/logo\/image\/\"}}]}<\/script>\n<!-- \/ Yoast SEO Premium plugin. -->","yoast_head_json":{"title":"Guidance, Course Selection, and Support - Educatius Academy Online - Educatius Academy Online","description":"Our advisors support and help you set up the best program schedule for successful graduation from your USA high school diploma program.","robots":{"index":"index","follow":"follow","max-snippet":"max-snippet:-1","max-image-preview":"max-image-preview:large","max-video-preview":"max-video-preview:-1"},"canonical":"https:\/\/www.educatiusacademy.org\/es\/whats-included\/personal-counselling\/","og_locale":"es_ES","og_type":"article","og_title":"Personal Counseling","og_description":"Our advisors support and help you set up the best program schedule for successful graduation from your USA high school diploma program.","og_url":"https:\/\/www.educatiusacademy.org\/es\/whats-included\/personal-counselling\/","og_site_name":"Educatius Academy Online","article_modified_time":"2026-02-02T12:40:40+00:00","og_image":[{"url":"https:\/\/www.educatiusacademy.org\/wp-content\/uploads\/2025\/02\/girl-student-with-diploma-and-laptop-1.jpg"}],"twitter_card":"summary_large_image","twitter_misc":{"Est. reading time":"2 minutos"},"schema":{"@context":"https:\/\/schema.org","@graph":[{"@type":"WebPage","@id":"https:\/\/www.educatiusacademy.org\/es\/whats-included\/personal-counselling\/","url":"https:\/\/www.educatiusacademy.org\/es\/whats-included\/personal-counselling\/","name":"Guidance, Course Selection, and Support - Educatius Academy Online - Educatius Academy Online","isPartOf":{"@id":"https:\/\/www.educatiusacademy.org\/es\/#website"},"primaryImageOfPage":{"@id":"https:\/\/www.educatiusacademy.org\/es\/whats-included\/personal-counselling\/#primaryimage"},"image":{"@id":"https:\/\/www.educatiusacademy.org\/es\/whats-included\/personal-counselling\/#primaryimage"},"thumbnailUrl":"https:\/\/www.educatiusacademy.org\/wp-content\/uploads\/2025\/02\/girl-student-with-diploma-and-laptop-1.jpg","datePublished":"2025-02-20T09:46:24+00:00","dateModified":"2026-02-02T12:40:40+00:00","description":"Our advisors support and help you set up the best program schedule for successful graduation from your USA high school diploma program.","breadcrumb":{"@id":"https:\/\/www.educatiusacademy.org\/es\/whats-included\/personal-counselling\/#breadcrumb"},"inLanguage":"es","potentialAction":[{"@type":"ReadAction","target":["https:\/\/www.educatiusacademy.org\/es\/whats-included\/personal-counselling\/"]}]},{"@type":"ImageObject","inLanguage":"es","@id":"https:\/\/www.educatiusacademy.org\/es\/whats-included\/personal-counselling\/#primaryimage","url":"https:\/\/www.educatiusacademy.org\/wp-content\/uploads\/2025\/02\/girl-student-with-diploma-and-laptop-1.jpg","contentUrl":"https:\/\/www.educatiusacademy.org\/wp-content\/uploads\/2025\/02\/girl-student-with-diploma-and-laptop-1.jpg"},{"@type":"BreadcrumbList","@id":"https:\/\/www.educatiusacademy.org\/es\/whats-included\/personal-counselling\/#breadcrumb","itemListElement":[{"@type":"ListItem","position":1,"name":"Home","item":"https:\/\/www.educatiusacademy.org\/es\/"},{"@type":"ListItem","position":2,"name":"What&#8217;s included","item":"https:\/\/www.educatiusacademy.org\/es\/whats-included\/"},{"@type":"ListItem","position":3,"name":"Personal Counseling"}]},{"@type":"WebSite","@id":"https:\/\/www.educatiusacademy.org\/es\/#website","url":"https:\/\/www.educatiusacademy.org\/es\/","name":"Educatius Academy Online","description":"","publisher":{"@id":"https:\/\/www.educatiusacademy.org\/es\/#organization"},"potentialAction":[{"@type":"SearchAction","target":{"@type":"EntryPoint","urlTemplate":"https:\/\/www.educatiusacademy.org\/es\/?s={search_term_string}"},"query-input":{"@type":"PropertyValueSpecification","valueRequired":true,"valueName":"search_term_string"}}],"inLanguage":"es"},{"@type":"Organization","@id":"https:\/\/www.educatiusacademy.org\/es\/#organization","name":"Educatius Academy Online","url":"https:\/\/www.educatiusacademy.org\/es\/","logo":{"@type":"ImageObject","inLanguage":"es","@id":"https:\/\/www.educatiusacademy.org\/es\/#\/schema\/logo\/image\/","url":"https:\/\/www.educatiusacademy.org\/wp-content\/uploads\/2025\/02\/educatius_academy_white.png","contentUrl":"https:\/\/www.educatiusacademy.org\/wp-content\/uploads\/2025\/02\/educatius_academy_white.png","width":837,"height":332,"caption":"Educatius Academy Online"},"image":{"@id":"https:\/\/www.educatiusacademy.org\/es\/#\/schema\/logo\/image\/"}}]}},"_links":{"self":[{"href":"https:\/\/www.educatiusacademy.org\/es\/wp-json\/wp\/v2\/pages\/1066","targetHints":{"allow":["GET"]}}],"collection":[{"href":"https:\/\/www.educatiusacademy.org\/es\/wp-json\/wp\/v2\/pages"}],"about":[{"href":"https:\/\/www.educatiusacademy.org\/es\/wp-json\/wp\/v2\/types\/page"}],"author":[{"embeddable":true,"href":"https:\/\/www.educatiusacademy.org\/es\/wp-json\/wp\/v2\/users\/2"}],"replies":[{"embeddable":true,"href":"https:\/\/www.educatiusacademy.org\/es\/wp-json\/wp\/v2\/comments?post=1066"}],"version-history":[{"count":10,"href":"https:\/\/www.educatiusacademy.org\/es\/wp-json\/wp\/v2\/pages\/1066\/revisions"}],"predecessor-version":[{"id":3419,"href":"https:\/\/www.educatiusacademy.org\/es\/wp-json\/wp\/v2\/pages\/1066\/revisions\/3419"}],"up":[{"embeddable":true,"href":"https:\/\/www.educatiusacademy.org\/es\/wp-json\/wp\/v2\/pages\/1036"}],"wp:attachment":[{"href":"https:\/\/www.educatiusacademy.org\/es\/wp-json\/wp\/v2\/media?parent=1066"}],"wp:term":[{"taxonomy":"wf_page_folders","embeddable":true,"href":"https:\/\/www.educatiusacademy.org\/es\/wp-json\/wp\/v2\/wf_page_folders?post=1066"}],"curies":[{"name":"wp","href":"https:\/\/api.w.org\/{rel}","templated":true}]}}