{"id":951,"date":"2025-02-14T07:35:58","date_gmt":"2025-02-14T07:35:58","guid":{"rendered":"https:\/\/www.educatiusacademy.org\/?page_id=951"},"modified":"2026-02-02T12:07:45","modified_gmt":"2026-02-02T12:07:45","slug":"dual-diploma","status":"publish","type":"page","link":"https:\/\/www.educatiusacademy.org\/es\/dual-diploma\/","title":{"rendered":"Programas Acad\u00e9micos"},"content":{"rendered":"\n<div class=\"wp-block-group has-gray-background-color has-background\"><div class=\"wp-block-group__inner-container is-layout-constrained wp-block-group-is-layout-constrained\">\n<div style=\"height:100px\" aria-hidden=\"true\" class=\"wp-block-spacer\"><\/div>\n\n\n\n<div class=\"wp-block-columns container has-gray-background-color has-background is-layout-flex wp-container-core-columns-is-layout-1 wp-block-columns-is-layout-flex\">\n<div class=\"wp-block-column is-layout-flow wp-block-column-is-layout-flow\">\n<h2 class=\"wp-block-heading\" id=\"h-titulos-en-ee-uu\">T\u00edtulos en EE.UU.<\/h2>\n\n\n\n<p>Existen diferentes opciones para obtener un t\u00edtulo de High School de EE. UU. Aqu\u00ed encontrar\u00e1s el programa que mejor se adapte a tu perfil acad\u00e9mico.<\/p>\n\n\n\n<div class=\"wp-block-educatius-edu-button container\"><a rel=\"noopener\" class=\"btn btn-lg btn-primary\" href=\"\/es\/enroll-now\/\" style=\"color:#ffffff;background-color:#691c32\">Solicita una consulta acad\u00e9mica<\/a><\/div>\n<\/div>\n\n\n\n<div class=\"wp-block-column is-layout-flow wp-block-column-is-layout-flow\">\n<div class=\"wp-block-educatius-bordered-text container\"><div class=\"quick-fact-section\"><h6 class=\"text-block-title text-primary\"><strong>Datos de inter\u00e9s: High School Diploma Programs<\/strong><\/h6><ul class=\"list-group text-primary\"><li class=\"list-item\">Comienza cuando lo necesites<\/li><br><li class=\"list-item\">Estudia a tu propio ritmo, seg\u00fan tus necesidades acad\u00e9micas<\/li><br><li class=\"list-item\">Estudia de d\u00eda o de noche, a lo largo de todo el a\u00f1o<\/li><br><li class=\"list-item\">Participa en sesiones en directo con tutores y otros estudiantes en las asignaturas troncales<\/li><\/ul><\/div><\/div>\n<\/div>\n<\/div>\n<\/div><\/div>\n\n\n\n<div class=\"wp-block-educatius-underscore-heading container\"><h2 class=\"section-title text-center mx-auto mt-5 mb-2\">Nuestros programas<\/h2><\/div>\n\n\n\n<div class=\"wp-block-columns container has-dark-gray-color has-text-color has-link-color has-medium-font-size wp-elements-c8afb1020831983fc5605980931d3851 is-layout-flex wp-container-core-columns-is-layout-2 wp-block-columns-is-layout-flex\">\n<div class=\"wp-block-column has-black-color has-light-pink-background-color has-text-color has-background has-link-color wp-elements-65979c5696c7cded907d0c74555f9435 is-layout-flow wp-block-column-is-layout-flow\">\n<div class=\"wp-block-educatius-title-paragraph-darkbutton container\"><div class=\"text-block-wrap py-4 py-md-0\"><h3 class=\"text-block-title text-primary\">Dual Diploma H\u00edbrido<br>Intercambio acad\u00e9mico + clases online + bachillerato en el pa\u00eds de origen<\/h3><p class=\"text-primary\">Durante una experiencia de estudios en el extranjero, es posible completar hasta el 30% de los cr\u00e9ditos necesarios para obtener un t\u00edtulo oficial y totalmente acreditado de High School en Estados Unidos. De este modo, solo ser\u00e1 necesario cursar entre tres y cuatro asignaturas adicionales para obtener el Dual Diploma.<\/p><a href=\"\/es\/dual-diploma-hybrid\/\" class=\"btn btn-primary\">Saber M\u00e1s<\/a><\/div><\/div>\n<\/div>\n\n\n\n<div class=\"wp-block-column has-deep-red-background-color has-text-color has-background has-link-color wp-elements-371fd81bc2f981ceb1668e8c34a99fee is-layout-flow wp-block-column-is-layout-flow\" style=\"color:#ffffff\">\n<div class=\"wp-block-educatius-title-paragraph-darkbutton container\"><div class=\"text-block-wrap py-4 py-md-0\"><h3 class=\"text-block-title text-primary\">Dual Diploma Online<br>Asignaturas online + bachillerato en el pa\u00eds de origen<\/h3><p class=\"text-primary\">No es necesario estudiar en el extranjero para obtener un Dual Diploma. Esta modalidad permite completar el 100% de los cr\u00e9ditos necesarios mientras el estudiante cursa la educaci\u00f3n secundaria y el bachillerato en su pa\u00eds de origen.<\/p><a href=\"\/es\/all-online-dual-diploma\/\" class=\"btn btn-primary\"> Saber M\u00e1s<\/a><\/div><\/div>\n<\/div>\n<\/div>\n\n\n\n<div class=\"wp-block-educatius-underscore-heading container\"><h2 class=\"section-title text-center mx-auto mt-5 mb-2\">Colegios en EEUU<\/h2><\/div>\n\n\n\n<div class=\"wp-block-columns container is-layout-flex wp-container-core-columns-is-layout-3 wp-block-columns-is-layout-flex\">\n<div class=\"wp-block-column is-layout-flow wp-block-column-is-layout-flow\">\n<figure class=\"wp-block-image size-full\"><img loading=\"lazy\" decoding=\"async\" width=\"640\" height=\"422\" src=\"https:\/\/www.educatiusacademy.org\/wp-content\/uploads\/2025\/02\/washington-academy_640x422px.jpg\" alt=\"\" class=\"wp-image-246\" srcset=\"https:\/\/www.educatiusacademy.org\/wp-content\/uploads\/2025\/02\/washington-academy_640x422px.jpg 640w, https:\/\/www.educatiusacademy.org\/wp-content\/uploads\/2025\/02\/washington-academy_640x422px-300x198.jpg 300w, https:\/\/www.educatiusacademy.org\/wp-content\/uploads\/2025\/02\/washington-academy_640x422px-24x16.jpg 24w, https:\/\/www.educatiusacademy.org\/wp-content\/uploads\/2025\/02\/washington-academy_640x422px-36x24.jpg 36w, https:\/\/www.educatiusacademy.org\/wp-content\/uploads\/2025\/02\/washington-academy_640x422px-48x32.jpg 48w\" sizes=\"auto, (max-width: 640px) 100vw, 640px\" \/><\/figure>\n<\/div>\n\n\n\n<div class=\"wp-block-column is-layout-flow wp-block-column-is-layout-flow\">\n<div class=\"wp-block-educatius-bordered-text container\"><div class=\"quick-fact-section\"><h6 class=\"text-block-title text-primary\">Washington Academy<\/h6><ul class=\"list-group text-primary\">Fundada en 1792, Washington Academy es una de las instituciones educativas m\u00e1s antiguas de Estados Unidos. Cuenta con la plena acreditaci\u00f3n de la New England Association of Schools and Colleges (NEASC) y recibe cada a\u00f1o a estudiantes procedentes de distintos pa\u00edses.<br>Anualmente, Washington Academy acoge a aproximadamente 450 estudiantes en su campus y a un n\u00famero a\u00fan mayor de alumnos internacionales a trav\u00e9s de sus programas acad\u00e9micos online. El 92% de sus graduados accede a universidades selectivas.<\/ul><\/div><\/div>\n<\/div>\n<\/div>\n\n\n\n<div class=\"wp-block-columns container is-layout-flex wp-container-core-columns-is-layout-4 wp-block-columns-is-layout-flex\">\n<div class=\"wp-block-column is-layout-flow wp-block-column-is-layout-flow\">\n<figure class=\"wp-block-image size-full\"><img loading=\"lazy\" decoding=\"async\" width=\"640\" height=\"480\" src=\"https:\/\/www.educatiusacademy.org\/wp-content\/uploads\/2025\/02\/denmark-boy_EdOptions_640x480px-2.jpg\" alt=\"\" class=\"wp-image-210\" srcset=\"https:\/\/www.educatiusacademy.org\/wp-content\/uploads\/2025\/02\/denmark-boy_EdOptions_640x480px-2.jpg 640w, https:\/\/www.educatiusacademy.org\/wp-content\/uploads\/2025\/02\/denmark-boy_EdOptions_640x480px-2-300x225.jpg 300w, https:\/\/www.educatiusacademy.org\/wp-content\/uploads\/2025\/02\/denmark-boy_EdOptions_640x480px-2-24x18.jpg 24w, https:\/\/www.educatiusacademy.org\/wp-content\/uploads\/2025\/02\/denmark-boy_EdOptions_640x480px-2-36x27.jpg 36w, https:\/\/www.educatiusacademy.org\/wp-content\/uploads\/2025\/02\/denmark-boy_EdOptions_640x480px-2-48x36.jpg 48w\" sizes=\"auto, (max-width: 640px) 100vw, 640px\" \/><\/figure>\n<\/div>\n\n\n\n<div class=\"wp-block-column is-layout-flow wp-block-column-is-layout-flow\">\n<div class=\"wp-block-educatius-bordered-text container\"><div class=\"quick-fact-section\"><h6 class=\"text-block-title text-primary\">The Pennsylvania School<\/h6><ul class=\"list-group text-primary\">The Pennsylvania School es una instituci\u00f3n educativa estadounidense reconocida por su s\u00f3lida tradici\u00f3n acad\u00e9mica y su compromiso con el desarrollo integral del alumnado. Totalmente acreditada y alineada con los est\u00e1ndares educativos de Estados Unidos, ofrece un entorno acad\u00e9mico riguroso y enriquecedor.<br>El diploma y el expediente acad\u00e9mico emitidos por The Pennsylvania School son ampliamente reconocidos y aceptados por colleges y universidades tanto en Estados Unidos como en otros pa\u00edses.<br>Su curr\u00edculo integral incluye asignaturas troncales, avanzadas y optativas, as\u00ed como programas diferenciados que fomentan el pensamiento cr\u00edtico, la creatividad y una adecuada preparaci\u00f3n para el acceso a la educaci\u00f3n superior.<\/ul><\/div><\/div>\n<\/div>\n<\/div>\n\n\n\n<div class=\"wp-block-columns container has-gray-background-color has-background is-layout-flex wp-container-core-columns-is-layout-5 wp-block-columns-is-layout-flex\">\n<div class=\"wp-block-column is-layout-flow wp-block-column-is-layout-flow\" style=\"flex-basis:66.66%\">\n<h4 class=\"wp-block-heading\" id=\"h-programa-de-asesoramiento-universitario\">Programa de asesoramiento universitario<\/h4>\n\n\n\n<p>Nuestro Programa de Asesoramiento Universitario (CAP) acompa\u00f1a a los estudiantes en la identificaci\u00f3n de universidades y centros educativos que se ajusten a sus intereses y perfil acad\u00e9mico. A lo largo de todo el proceso de admisi\u00f3n, los estudiantes reciben orientaci\u00f3n y apoyo personalizados. A continuaci\u00f3n, se detallan los principales servicios del programa:<\/p>\n\n\n\n<h5 class=\"wp-block-heading\"><strong>Orientaci\u00f3n universitaria personalizada<\/strong><\/h5>\n\n\n\n<p><\/p>\n\n\n\n<p>Los alumnos tienen acceso a orientaci\u00f3n individualizada con orientadores universitarios con amplia experiencia.<\/p>\n\n\n\n<h5 class=\"wp-block-heading\"><strong>Plaza asegurada<\/strong><\/h5>\n\n\n\n<p><\/p>\n\n\n\n<p>Los alumnos recibir\u00e1n al menos una oferta de admisi\u00f3n de uno de los m\u00e1s de 300 centros universitarios que forman parte de la red CAP.<\/p>\n\n\n\n<h5 class=\"wp-block-heading\" id=\"h-oportunidades-de-becas-academicas\"><strong>Oportunidades de becas acad\u00e9micas<\/strong><\/h5>\n\n\n\n<p><\/p>\n\n\n\n<p>Los alumnos pueden optar a becas acad\u00e9micas exclusivas disponibles para los participantes del programa CAP.<\/p>\n\n\n\n<h5 class=\"wp-block-heading\"><strong>Solicitudes sin cargos adicionales<\/strong><\/h5>\n\n\n\n<p><\/p>\n\n\n\n<p>Las tres primeras solicitudes a universidades de la red CAP no conllevan tasas adicionales.<\/p>\n\n\n\n<h5 class=\"wp-block-heading\"><strong>Solicita cualquier universidad<\/strong><\/h5>\n\n\n\n<p><\/p>\n\n\n\n<p>El programa ofrece acompa\u00f1amiento a los alumnos que deseen solicitar admisi\u00f3n en cualquier universidad, incluidas aquellas que no forman parte de la red CAP.<\/p>\n<\/div>\n\n\n\n<div class=\"wp-block-column is-layout-flow wp-block-column-is-layout-flow\" style=\"flex-basis:34.83%\">\n<figure class=\"wp-block-image size-large\"><img loading=\"lazy\" decoding=\"async\" width=\"683\" height=\"1024\" src=\"https:\/\/www.educatiusacademy.org\/wp-content\/uploads\/2025\/02\/academy-online-student-with-cap-800x1200px-683x1024.jpg\" alt=\"\" class=\"wp-image-202\" srcset=\"https:\/\/www.educatiusacademy.org\/wp-content\/uploads\/2025\/02\/academy-online-student-with-cap-800x1200px-683x1024.jpg 683w, https:\/\/www.educatiusacademy.org\/wp-content\/uploads\/2025\/02\/academy-online-student-with-cap-800x1200px-200x300.jpg 200w, https:\/\/www.educatiusacademy.org\/wp-content\/uploads\/2025\/02\/academy-online-student-with-cap-800x1200px-768x1152.jpg 768w, https:\/\/www.educatiusacademy.org\/wp-content\/uploads\/2025\/02\/academy-online-student-with-cap-800x1200px-16x24.jpg 16w, https:\/\/www.educatiusacademy.org\/wp-content\/uploads\/2025\/02\/academy-online-student-with-cap-800x1200px-24x36.jpg 24w, https:\/\/www.educatiusacademy.org\/wp-content\/uploads\/2025\/02\/academy-online-student-with-cap-800x1200px-32x48.jpg 32w, https:\/\/www.educatiusacademy.org\/wp-content\/uploads\/2025\/02\/academy-online-student-with-cap-800x1200px.jpg 800w\" sizes=\"auto, (max-width: 683px) 100vw, 683px\" \/><\/figure>\n<\/div>\n<\/div>\n\n\n\n<div class=\"wp-block-educatius-underscore-heading container\"><h2 class=\"section-title text-center mx-auto mt-5 mb-2\">Opiniones de antiguos alumnos<\/h2><\/div>\n\n\n\n<div class=\"wp-block-educatius-testimonial-slider students-feedback-wrap bg-lightest-blue container\"><div class=\"container\"><div class=\"row\"><div class=\"col-md-6\"><div class=\"student-img-swipe swiper\"><div class=\"swiper-wrapper\"><div class=\"swiper-slide student-img-wrap\"><img decoding=\"async\" src=\"https:\/\/www.educatiusacademy.org\/wp-content\/uploads\/2025\/03\/academy-online-student-testimonial-1-400x400px.jpg\" alt=\"testimonial-0\" class=\"w-100\" \/><\/div><\/div><\/div><\/div><div class=\"col-md-6\"><div class=\"student-feedback-column p-5\"><div class=\"student-feedback-text swiper position-relative pb-5\"><div class=\"swiper-wrapper\"><div class=\"swiper-slide feedback-text-wrap\"><p class=\"mb-5\">Estudiar en Washington Academy fue una experiencia transformadora tanto a nivel acad\u00e9mico como personal. El programa Dual Diploma me permiti\u00f3 descubrir nuevos m\u00e9todos de estudio y conocer un sistema educativo diferente. Es una excelente oportunidad para ampliar horizontes m\u00e1s all\u00e1 del centro educativo local, mejorar el nivel de ingl\u00e9s y prepararse para la universidad. Recomiendo el programa a todos los estudiantes que tengan la oportunidad de participar.<\/p><p class=\"feedback-author\">Alizhan, 15 a\u00f1os, Kazajist\u00e1n<\/p><\/div><\/div><div class=\"swiper-pagination student-feedback-dots d-flex align-items-center\"><\/div><\/div><\/div><\/div><\/div><\/div><\/div>\n\n\n\n<section class=\"wp-block-educatius-right-image-and-text highlight-section-reverse py-1 py-sm-2 py-md-2 py-sm-5 py-md-5\"><div class=\"container\"><div class=\"row\"><div class=\"col-md-6 order-md-1\"><img decoding=\"async\" src=\"https:\/\/www.educatiusacademy.org\/wp-content\/uploads\/2025\/02\/educatius-academy-study-online-student.jpg\" class=\"w-100\" \/><\/div><div class=\"col-md-6 order-md-0\" style=\"background:#e8b8a6\"><div class=\"text-block-wrap py-md-0 px-md-5\"><span class=\"text-block-title\" style=\"color:#000000\"><\/span><h3 class=\"text-block-title\" style=\"color:#000000\">Eval\u00faa tu nivel de ingl\u00e9s<\/h3><p style=\"color:#000000\">Eval\u00faa tu nivel de ingl\u00e9s mediante nuestra prueba de diagn\u00f3stico. Los resultados nos permitir\u00e1n orientarte sobre los siguientes pasos y recomendarte las opciones m\u00e1s adecuadas para alcanzar tus objetivos acad\u00e9micos. Nos pondremos en contacto contigo una vez recibamos los resultados.<\/p><a href=\"\/es\/whats-included\/English-assessment\/\" class=\"btn btn-outline-primary btn-lg\" style=\"background-color:#691c32;border-color:#691c32;color:#ffffff\">Realiza la prueba de nivel<\/a><\/div><\/div><\/div><\/div><\/section>\n\n\n\n<section class=\"wp-block-educatius-left-image-and-text highlight-section py-1 py-sm-2 py-md-2 py-sm-5 py-md-5\"><div class=\"container\"><div class=\"row\"><div class=\"col-md-6\"><img decoding=\"async\" src=\"https:\/\/www.educatiusacademy.org\/wp-content\/uploads\/2025\/02\/female-african-high-school-student-at-computer.jpg\" class=\"w-100\" \/><\/div><div class=\"col-md-6\" style=\"background:#faf4e2\"><div class=\"text-block-wrap py-md-0 px-md-5\"><span class=\"text-block-title\" style=\"color:#691c32\"><\/span><h3 class=\"text-block-title\" style=\"color:#691c32\">Solicita asesoramiento acad\u00e9mico gratuito<\/h3><p style=\"color:#691c32\">Concierta una reuni\u00f3n individual con nuestro equipo acad\u00e9mico para compartir tus objetivos educativos. Te orientaremos en la exploraci\u00f3n de las opciones m\u00e1s adecuadas para ayudarte a alcanzarlos.<\/p><a href=\"\/es\/contact-us-student\/\" class=\"btn btn-outline-primary btn-lg\" style=\"background-color:#691c32;border-color:#691c32;color:#ffffff\">Contacta con un orientador acad\u00e9mico<\/a><\/div><\/div><\/div><\/div><\/section>\n","protected":false},"excerpt":{"rendered":"<p>T\u00edtulos en EE.UU. Existen diferentes opciones para obtener un t\u00edtulo de High School de EE. UU. Aqu\u00ed encontrar\u00e1s el programa que mejor se adapte a tu perfil acad\u00e9mico. Programa de asesoramiento universitario Nuestro Programa de Asesoramiento Universitario (CAP) acompa\u00f1a a los estudiantes en la identificaci\u00f3n de universidades y centros educativos que se ajusten a sus [&hellip;]<\/p>\n","protected":false},"author":2,"featured_media":0,"parent":0,"menu_order":0,"comment_status":"closed","ping_status":"closed","template":"","meta":{"_acf_changed":false,"inline_featured_image":false,"footnotes":""},"wf_page_folders":[],"class_list":["post-951","page","type-page","status-publish","hentry"],"acf":[],"yoast_head":"<!-- This site is optimized with the Yoast SEO Premium plugin v23.4 (Yoast SEO v23.6) - https:\/\/yoast.com\/wordpress\/plugins\/seo\/ -->\n<title>Online USA High School Diploma Programs and Courses - Educatius Academy Online- Educatius Academy Online<\/title>\n<meta name=\"description\" content=\"Stand out with an American virtual high school program for international students that study abroad, or stay home and study 100% online.\" \/>\n<meta name=\"robots\" content=\"index, follow, max-snippet:-1, max-image-preview:large, max-video-preview:-1\" \/>\n<link rel=\"canonical\" href=\"https:\/\/www.educatiusacademy.org\/es\/dual-diploma\/\" \/>\n<meta property=\"og:locale\" content=\"es_ES\" \/>\n<meta property=\"og:type\" content=\"article\" \/>\n<meta property=\"og:title\" content=\"Programas Acad\u00e9micos\" \/>\n<meta property=\"og:description\" content=\"Stand out with an American virtual high school program for international students that study abroad, or stay home and study 100% online.\" \/>\n<meta property=\"og:url\" content=\"https:\/\/www.educatiusacademy.org\/es\/dual-diploma\/\" \/>\n<meta property=\"og:site_name\" content=\"Educatius Academy Online\" \/>\n<meta property=\"article:modified_time\" content=\"2026-02-02T12:07:45+00:00\" \/>\n<meta property=\"og:image\" content=\"https:\/\/www.educatiusacademy.org\/wp-content\/uploads\/2025\/02\/washington-academy_640x422px.jpg\" \/>\n\t<meta property=\"og:image:width\" content=\"640\" \/>\n\t<meta property=\"og:image:height\" content=\"422\" \/>\n\t<meta property=\"og:image:type\" content=\"image\/jpeg\" \/>\n<meta name=\"twitter:card\" content=\"summary_large_image\" \/>\n<meta name=\"twitter:label1\" content=\"Est. reading time\" \/>\n\t<meta name=\"twitter:data1\" content=\"5 minutos\" \/>\n<script type=\"application\/ld+json\" class=\"yoast-schema-graph\">{\"@context\":\"https:\/\/schema.org\",\"@graph\":[{\"@type\":\"WebPage\",\"@id\":\"https:\/\/www.educatiusacademy.org\/es\/dual-diploma\/\",\"url\":\"https:\/\/www.educatiusacademy.org\/es\/dual-diploma\/\",\"name\":\"Online USA High School Diploma Programs and Courses - Educatius Academy Online- Educatius Academy Online\",\"isPartOf\":{\"@id\":\"https:\/\/www.educatiusacademy.org\/es\/#website\"},\"primaryImageOfPage\":{\"@id\":\"https:\/\/www.educatiusacademy.org\/es\/dual-diploma\/#primaryimage\"},\"image\":{\"@id\":\"https:\/\/www.educatiusacademy.org\/es\/dual-diploma\/#primaryimage\"},\"thumbnailUrl\":\"https:\/\/www.educatiusacademy.org\/wp-content\/uploads\/2025\/02\/washington-academy_640x422px.jpg\",\"datePublished\":\"2025-02-14T07:35:58+00:00\",\"dateModified\":\"2026-02-02T12:07:45+00:00\",\"description\":\"Stand out with an American virtual high school program for international students that study abroad, or stay home and study 100% online.\",\"breadcrumb\":{\"@id\":\"https:\/\/www.educatiusacademy.org\/es\/dual-diploma\/#breadcrumb\"},\"inLanguage\":\"es\",\"potentialAction\":[{\"@type\":\"ReadAction\",\"target\":[\"https:\/\/www.educatiusacademy.org\/es\/dual-diploma\/\"]}]},{\"@type\":\"ImageObject\",\"inLanguage\":\"es\",\"@id\":\"https:\/\/www.educatiusacademy.org\/es\/dual-diploma\/#primaryimage\",\"url\":\"https:\/\/www.educatiusacademy.org\/wp-content\/uploads\/2025\/02\/washington-academy_640x422px.jpg\",\"contentUrl\":\"https:\/\/www.educatiusacademy.org\/wp-content\/uploads\/2025\/02\/washington-academy_640x422px.jpg\"},{\"@type\":\"BreadcrumbList\",\"@id\":\"https:\/\/www.educatiusacademy.org\/es\/dual-diploma\/#breadcrumb\",\"itemListElement\":[{\"@type\":\"ListItem\",\"position\":1,\"name\":\"Home\",\"item\":\"https:\/\/www.educatiusacademy.org\/es\/\"},{\"@type\":\"ListItem\",\"position\":2,\"name\":\"Programas Acad\u00e9micos\"}]},{\"@type\":\"WebSite\",\"@id\":\"https:\/\/www.educatiusacademy.org\/es\/#website\",\"url\":\"https:\/\/www.educatiusacademy.org\/es\/\",\"name\":\"Educatius Academy Online\",\"description\":\"\",\"publisher\":{\"@id\":\"https:\/\/www.educatiusacademy.org\/es\/#organization\"},\"potentialAction\":[{\"@type\":\"SearchAction\",\"target\":{\"@type\":\"EntryPoint\",\"urlTemplate\":\"https:\/\/www.educatiusacademy.org\/es\/?s={search_term_string}\"},\"query-input\":{\"@type\":\"PropertyValueSpecification\",\"valueRequired\":true,\"valueName\":\"search_term_string\"}}],\"inLanguage\":\"es\"},{\"@type\":\"Organization\",\"@id\":\"https:\/\/www.educatiusacademy.org\/es\/#organization\",\"name\":\"Educatius Academy Online\",\"url\":\"https:\/\/www.educatiusacademy.org\/es\/\",\"logo\":{\"@type\":\"ImageObject\",\"inLanguage\":\"es\",\"@id\":\"https:\/\/www.educatiusacademy.org\/es\/#\/schema\/logo\/image\/\",\"url\":\"https:\/\/www.educatiusacademy.org\/wp-content\/uploads\/2025\/02\/educatius_academy_white.png\",\"contentUrl\":\"https:\/\/www.educatiusacademy.org\/wp-content\/uploads\/2025\/02\/educatius_academy_white.png\",\"width\":837,\"height\":332,\"caption\":\"Educatius Academy Online\"},\"image\":{\"@id\":\"https:\/\/www.educatiusacademy.org\/es\/#\/schema\/logo\/image\/\"}}]}<\/script>\n<!-- \/ Yoast SEO Premium plugin. -->","yoast_head_json":{"title":"Online USA High School Diploma Programs and Courses - Educatius Academy Online- Educatius Academy Online","description":"Stand out with an American virtual high school program for international students that study abroad, or stay home and study 100% online.","robots":{"index":"index","follow":"follow","max-snippet":"max-snippet:-1","max-image-preview":"max-image-preview:large","max-video-preview":"max-video-preview:-1"},"canonical":"https:\/\/www.educatiusacademy.org\/es\/dual-diploma\/","og_locale":"es_ES","og_type":"article","og_title":"Programas Acad\u00e9micos","og_description":"Stand out with an American virtual high school program for international students that study abroad, or stay home and study 100% online.","og_url":"https:\/\/www.educatiusacademy.org\/es\/dual-diploma\/","og_site_name":"Educatius Academy Online","article_modified_time":"2026-02-02T12:07:45+00:00","og_image":[{"width":640,"height":422,"url":"https:\/\/www.educatiusacademy.org\/wp-content\/uploads\/2025\/02\/washington-academy_640x422px.jpg","type":"image\/jpeg"}],"twitter_card":"summary_large_image","twitter_misc":{"Est. reading time":"5 minutos"},"schema":{"@context":"https:\/\/schema.org","@graph":[{"@type":"WebPage","@id":"https:\/\/www.educatiusacademy.org\/es\/dual-diploma\/","url":"https:\/\/www.educatiusacademy.org\/es\/dual-diploma\/","name":"Online USA High School Diploma Programs and Courses - Educatius Academy Online- Educatius Academy Online","isPartOf":{"@id":"https:\/\/www.educatiusacademy.org\/es\/#website"},"primaryImageOfPage":{"@id":"https:\/\/www.educatiusacademy.org\/es\/dual-diploma\/#primaryimage"},"image":{"@id":"https:\/\/www.educatiusacademy.org\/es\/dual-diploma\/#primaryimage"},"thumbnailUrl":"https:\/\/www.educatiusacademy.org\/wp-content\/uploads\/2025\/02\/washington-academy_640x422px.jpg","datePublished":"2025-02-14T07:35:58+00:00","dateModified":"2026-02-02T12:07:45+00:00","description":"Stand out with an American virtual high school program for international students that study abroad, or stay home and study 100% online.","breadcrumb":{"@id":"https:\/\/www.educatiusacademy.org\/es\/dual-diploma\/#breadcrumb"},"inLanguage":"es","potentialAction":[{"@type":"ReadAction","target":["https:\/\/www.educatiusacademy.org\/es\/dual-diploma\/"]}]},{"@type":"ImageObject","inLanguage":"es","@id":"https:\/\/www.educatiusacademy.org\/es\/dual-diploma\/#primaryimage","url":"https:\/\/www.educatiusacademy.org\/wp-content\/uploads\/2025\/02\/washington-academy_640x422px.jpg","contentUrl":"https:\/\/www.educatiusacademy.org\/wp-content\/uploads\/2025\/02\/washington-academy_640x422px.jpg"},{"@type":"BreadcrumbList","@id":"https:\/\/www.educatiusacademy.org\/es\/dual-diploma\/#breadcrumb","itemListElement":[{"@type":"ListItem","position":1,"name":"Home","item":"https:\/\/www.educatiusacademy.org\/es\/"},{"@type":"ListItem","position":2,"name":"Programas Acad\u00e9micos"}]},{"@type":"WebSite","@id":"https:\/\/www.educatiusacademy.org\/es\/#website","url":"https:\/\/www.educatiusacademy.org\/es\/","name":"Educatius Academy Online","description":"","publisher":{"@id":"https:\/\/www.educatiusacademy.org\/es\/#organization"},"potentialAction":[{"@type":"SearchAction","target":{"@type":"EntryPoint","urlTemplate":"https:\/\/www.educatiusacademy.org\/es\/?s={search_term_string}"},"query-input":{"@type":"PropertyValueSpecification","valueRequired":true,"valueName":"search_term_string"}}],"inLanguage":"es"},{"@type":"Organization","@id":"https:\/\/www.educatiusacademy.org\/es\/#organization","name":"Educatius Academy Online","url":"https:\/\/www.educatiusacademy.org\/es\/","logo":{"@type":"ImageObject","inLanguage":"es","@id":"https:\/\/www.educatiusacademy.org\/es\/#\/schema\/logo\/image\/","url":"https:\/\/www.educatiusacademy.org\/wp-content\/uploads\/2025\/02\/educatius_academy_white.png","contentUrl":"https:\/\/www.educatiusacademy.org\/wp-content\/uploads\/2025\/02\/educatius_academy_white.png","width":837,"height":332,"caption":"Educatius Academy Online"},"image":{"@id":"https:\/\/www.educatiusacademy.org\/es\/#\/schema\/logo\/image\/"}}]}},"_links":{"self":[{"href":"https:\/\/www.educatiusacademy.org\/es\/wp-json\/wp\/v2\/pages\/951","targetHints":{"allow":["GET"]}}],"collection":[{"href":"https:\/\/www.educatiusacademy.org\/es\/wp-json\/wp\/v2\/pages"}],"about":[{"href":"https:\/\/www.educatiusacademy.org\/es\/wp-json\/wp\/v2\/types\/page"}],"author":[{"embeddable":true,"href":"https:\/\/www.educatiusacademy.org\/es\/wp-json\/wp\/v2\/users\/2"}],"replies":[{"embeddable":true,"href":"https:\/\/www.educatiusacademy.org\/es\/wp-json\/wp\/v2\/comments?post=951"}],"version-history":[{"count":23,"href":"https:\/\/www.educatiusacademy.org\/es\/wp-json\/wp\/v2\/pages\/951\/revisions"}],"predecessor-version":[{"id":3401,"href":"https:\/\/www.educatiusacademy.org\/es\/wp-json\/wp\/v2\/pages\/951\/revisions\/3401"}],"wp:attachment":[{"href":"https:\/\/www.educatiusacademy.org\/es\/wp-json\/wp\/v2\/media?parent=951"}],"wp:term":[{"taxonomy":"wf_page_folders","embeddable":true,"href":"https:\/\/www.educatiusacademy.org\/es\/wp-json\/wp\/v2\/wf_page_folders?post=951"}],"curies":[{"name":"wp","href":"https:\/\/api.w.org\/{rel}","templated":true}]}}