{"id":954,"date":"2025-02-20T05:04:26","date_gmt":"2025-02-20T05:04:26","guid":{"rendered":"https:\/\/www.educatiusacademy.org\/?page_id=954"},"modified":"2026-02-02T12:09:34","modified_gmt":"2026-02-02T12:09:34","slug":"all-online-dual-diploma","status":"publish","type":"page","link":"https:\/\/www.educatiusacademy.org\/es\/dual-diploma\/all-online-dual-diploma\/","title":{"rendered":"All-Online Dual Diploma"},"content":{"rendered":"\n<div class=\"wp-block-group has-gray-background-color has-background\"><div class=\"wp-block-group__inner-container is-layout-constrained wp-block-group-is-layout-constrained\">\n<div style=\"height:100px\" aria-hidden=\"true\" class=\"wp-block-spacer\"><\/div>\n\n\n\n<div class=\"wp-block-columns has-gray-background-color has-background is-layout-flex wp-container-core-columns-is-layout-1 wp-block-columns-is-layout-flex\">\n<div class=\"wp-block-column is-layout-flow wp-block-column-is-layout-flow\">\n<div class=\"wp-block-educatius-title-paragraph-darkbutton container\"><div class=\"text-block-wrap py-4 py-md-0\"><h3 class=\"text-block-title text-primary\">Dual Diploma Online<\/h3><p class=\"text-primary\">Obt\u00e9n un t\u00edtulo de bachillerato de Estados Unidos sin salir de tu pa\u00eds.<br><br><strong>Asignaturas online + bachillerato en el pa\u00eds de origen<\/strong><br>El Dual Diploma se obtiene al finalizar el bachillerato en el pa\u00eds de origen y completar entre cinco y seis cr\u00e9ditos en un instituto estadounidense. Los alumnos cursan asignaturas en un centro educativo  en Estados Unidos para obtener los cr\u00e9ditos necesarios, mientras contin\u00faan sus estudios en su propio centro.<br>Al finalizar el programa, los alumnos reciben dos t\u00edtulos oficiales: uno de su centro de origen y otro de Estados Unidos.<br><br><strong>Estudia a tu ritmo<\/strong><br>Los alumnos pueden completar los cr\u00e9ditos estadounidenses en un periodo de entre uno y cuatro a\u00f1os. Es posible cursar asignaturas durante el a\u00f1o acad\u00e9mico o aprovechar los periodos vacacionales de verano.<br>Se puede comenzar en cualquier momento y avanzar al ritmo m\u00e1s adecuado. Adem\u00e1s, los alumnos contin\u00faan interactuando con profesores y compa\u00f1eros y pueden participar en sesiones en directo hasta dos veces al mes en las asignaturas principales.<br><br><strong>Elige las asignaturas que m\u00e1s te interesan<\/strong><br>Algunas asignaturas son obligatorias, como Historia de Estados Unidos e Ingl\u00e9s. Adem\u00e1s, los alumnos pueden elegir asignaturas optativas, correspondientes a materias que, en muchos casos, no est\u00e1n disponibles en su centro educativo local.<br>Profundizar en las \u00e1reas de inter\u00e9s personal permite ampliar conocimientos y puede ayudar a orientar futuras decisiones acad\u00e9micas tras finalizar el bachillerato.&nbsp;<br><\/p><a href=\"\/es\/contact-us-student\/\" class=\"btn btn-primary\">Solicita asesoramiento acad\u00e9mico<\/a><\/div><\/div>\n<\/div>\n\n\n\n<div class=\"wp-block-column is-layout-flow wp-block-column-is-layout-flow\">\n<div class=\"wp-block-educatius-bordered-text container\"><div class=\"quick-fact-section\"><h6 class=\"text-block-title text-primary\">Datos de inter\u00e9s: Dual Diploma Online<\/h6><ul class=\"list-group text-primary\"><li class=\"list-item\"><strong>Cursa entre cinco y seis asignaturas online as\u00edncronas<\/strong>, adem\u00e1s de tus estudios en el centro educativo de tu pa\u00eds.<\/li><br><li class=\"list-item\"><strong>La combinaci\u00f3n de asignaturas online y estudios presenciales<\/strong> te permite obtener el Dual Diploma de Bachillerato de Estados Unidos.<\/li><br><li class=\"list-item\"><strong>Cuenta con el apoyo de profesores y asesores acad\u00e9micos<\/strong>&nbsp;a lo largo de todo el programa.<\/li><br><li class=\"list-item\"><strong>Distribuye las asignaturas a tu ritmo:<\/strong>&nbsp;los estudios online pueden completarse en un periodo de entre uno y cuatro a\u00f1os.<\/li><br><li class=\"list-item\"><strong>Estudia durante el curso acad\u00e9mico o en verano.<\/strong>&nbsp;Puedes empezar cuando quieras y avanzar a tu propio ritmo.<\/li><\/ul><\/div><\/div>\n<\/div>\n<\/div>\n<\/div><\/div>\n\n\n\n<section class=\"wp-block-educatius-right-image-and-text highlight-section-reverse py-1 py-sm-2 py-md-2 py-sm-5 py-md-5 container\"><div class=\"container\"><div class=\"row\"><div class=\"col-md-6 order-md-1\"><img decoding=\"async\" src=\"https:\/\/www.educatiusacademy.org\/wp-content\/uploads\/2025\/02\/girl-smiling-in-graduation-day.jpg\" class=\"w-100\" \/><\/div><div class=\"col-md-6 order-md-0\" style=\"background:#e8b8a6\"><div class=\"text-block-wrap py-md-0 px-md-5\"><span class=\"text-block-title\" style=\"color:#000000\"><\/span><h3 class=\"text-block-title\" style=\"color:#000000\">Reserva tu sesi\u00f3n de orientaci\u00f3n acad\u00e9mica gratuita<\/h3><p style=\"color:#000000\">Reserva una sesi\u00f3n individual de orientaci\u00f3n acad\u00e9mica para compartir tus objetivos acad\u00e9micos. Te ayudaremos a explorar las opciones m\u00e1s adecuadas para alcanzarlos.<\/p><a href=\"\/es\/contact-us-student\/\" class=\"btn btn-outline-primary btn-lg\" style=\"background-color:#691c32;border-color:#691c32;color:#ffffff\">Habla con un orientador acad\u00e9mico<\/a><\/div><\/div><\/div><\/div><\/section>\n\n\n\n<div class=\"wp-block-educatius-underscore-heading container\"><h2 class=\"section-title text-center mx-auto mt-5 mb-2\">Opiniones de nuestros alumnos<\/h2><\/div>\n\n\n\n<div class=\"wp-block-educatius-testimonial-slider students-feedback-wrap bg-lightest-blue container\"><div class=\"container\"><div class=\"row\"><div class=\"col-md-6\"><div class=\"student-img-swipe swiper\"><div class=\"swiper-wrapper\"><div class=\"swiper-slide student-img-wrap\"><img decoding=\"async\" src=\"https:\/\/www.educatiusacademy.org\/wp-content\/uploads\/2025\/02\/academy-online-student-testimonial-2-400x400px.jpg\" alt=\"testimonial-0\" class=\"w-100\" \/><\/div><\/div><\/div><\/div><div class=\"col-md-6\"><div class=\"student-feedback-column p-5\"><div class=\"student-feedback-text swiper position-relative pb-5\"><div class=\"swiper-wrapper\"><div class=\"swiper-slide feedback-text-wrap\"><p class=\"mb-5\">\u00abLa plataforma es muy f\u00e1cil de usar y navegar. Me gusta mucho poder ver mi progreso y el calendario. Si sigues los consejos de los profesores y de la plataforma, no te quedas atr\u00e1s.\u00bb<\/p><p class=\"feedback-author\">Patrik, 18 a\u00f1os, Dinamarca<\/p><\/div><\/div><div class=\"swiper-pagination student-feedback-dots d-flex align-items-center\"><\/div><\/div><\/div><\/div><\/div><\/div><\/div>\n","protected":false},"excerpt":{"rendered":"","protected":false},"author":2,"featured_media":0,"parent":951,"menu_order":0,"comment_status":"closed","ping_status":"closed","template":"","meta":{"_acf_changed":false,"inline_featured_image":false,"footnotes":""},"wf_page_folders":[],"class_list":["post-954","page","type-page","status-publish","hentry"],"acf":[],"yoast_head":"<!-- This site is optimized with the Yoast SEO Premium plugin v23.4 (Yoast SEO v23.6) - https:\/\/yoast.com\/wordpress\/plugins\/seo\/ -->\n<title>All-Online Dual Diploma - Graduate with a US Diploma! - Educatius Academy Online- Educatius Academy Online<\/title>\n<meta name=\"description\" content=\"Earn an American high school Dual Diploma in your home country by studying virtual courses in addition to your local high school graduation.\" \/>\n<meta name=\"robots\" content=\"index, follow, max-snippet:-1, max-image-preview:large, max-video-preview:-1\" \/>\n<link rel=\"canonical\" href=\"https:\/\/www.educatiusacademy.org\/es\/dual-diploma\/all-online-dual-diploma\/\" \/>\n<meta property=\"og:locale\" content=\"es_ES\" \/>\n<meta property=\"og:type\" content=\"article\" \/>\n<meta property=\"og:title\" content=\"All-Online Dual Diploma\" \/>\n<meta property=\"og:description\" content=\"Earn an American high school Dual Diploma in your home country by studying virtual courses in addition to your local high school graduation.\" \/>\n<meta property=\"og:url\" content=\"https:\/\/www.educatiusacademy.org\/es\/dual-diploma\/all-online-dual-diploma\/\" \/>\n<meta property=\"og:site_name\" content=\"Educatius Academy Online\" \/>\n<meta property=\"article:modified_time\" content=\"2026-02-02T12:09:34+00:00\" \/>\n<meta property=\"og:image\" content=\"https:\/\/www.educatiusacademy.org\/wp-content\/uploads\/2025\/02\/girl-smiling-in-graduation-day.jpg\" \/>\n<meta name=\"twitter:card\" content=\"summary_large_image\" \/>\n<meta name=\"twitter:label1\" content=\"Est. reading time\" \/>\n\t<meta name=\"twitter:data1\" content=\"3 minutos\" \/>\n<script type=\"application\/ld+json\" class=\"yoast-schema-graph\">{\"@context\":\"https:\/\/schema.org\",\"@graph\":[{\"@type\":\"WebPage\",\"@id\":\"https:\/\/www.educatiusacademy.org\/es\/dual-diploma\/all-online-dual-diploma\/\",\"url\":\"https:\/\/www.educatiusacademy.org\/es\/dual-diploma\/all-online-dual-diploma\/\",\"name\":\"All-Online Dual Diploma - Graduate with a US Diploma! - Educatius Academy Online- Educatius Academy Online\",\"isPartOf\":{\"@id\":\"https:\/\/www.educatiusacademy.org\/es\/#website\"},\"primaryImageOfPage\":{\"@id\":\"https:\/\/www.educatiusacademy.org\/es\/dual-diploma\/all-online-dual-diploma\/#primaryimage\"},\"image\":{\"@id\":\"https:\/\/www.educatiusacademy.org\/es\/dual-diploma\/all-online-dual-diploma\/#primaryimage\"},\"thumbnailUrl\":\"https:\/\/www.educatiusacademy.org\/wp-content\/uploads\/2025\/02\/girl-smiling-in-graduation-day.jpg\",\"datePublished\":\"2025-02-20T05:04:26+00:00\",\"dateModified\":\"2026-02-02T12:09:34+00:00\",\"description\":\"Earn an American high school Dual Diploma in your home country by studying virtual courses in addition to your local high school graduation.\",\"breadcrumb\":{\"@id\":\"https:\/\/www.educatiusacademy.org\/es\/dual-diploma\/all-online-dual-diploma\/#breadcrumb\"},\"inLanguage\":\"es\",\"potentialAction\":[{\"@type\":\"ReadAction\",\"target\":[\"https:\/\/www.educatiusacademy.org\/es\/dual-diploma\/all-online-dual-diploma\/\"]}]},{\"@type\":\"ImageObject\",\"inLanguage\":\"es\",\"@id\":\"https:\/\/www.educatiusacademy.org\/es\/dual-diploma\/all-online-dual-diploma\/#primaryimage\",\"url\":\"https:\/\/www.educatiusacademy.org\/wp-content\/uploads\/2025\/02\/girl-smiling-in-graduation-day.jpg\",\"contentUrl\":\"https:\/\/www.educatiusacademy.org\/wp-content\/uploads\/2025\/02\/girl-smiling-in-graduation-day.jpg\"},{\"@type\":\"BreadcrumbList\",\"@id\":\"https:\/\/www.educatiusacademy.org\/es\/dual-diploma\/all-online-dual-diploma\/#breadcrumb\",\"itemListElement\":[{\"@type\":\"ListItem\",\"position\":1,\"name\":\"Home\",\"item\":\"https:\/\/www.educatiusacademy.org\/es\/\"},{\"@type\":\"ListItem\",\"position\":2,\"name\":\"Programas Acad\u00e9micos\",\"item\":\"https:\/\/www.educatiusacademy.org\/es\/dual-diploma\/\"},{\"@type\":\"ListItem\",\"position\":3,\"name\":\"All-Online Dual Diploma\"}]},{\"@type\":\"WebSite\",\"@id\":\"https:\/\/www.educatiusacademy.org\/es\/#website\",\"url\":\"https:\/\/www.educatiusacademy.org\/es\/\",\"name\":\"Educatius Academy Online\",\"description\":\"\",\"publisher\":{\"@id\":\"https:\/\/www.educatiusacademy.org\/es\/#organization\"},\"potentialAction\":[{\"@type\":\"SearchAction\",\"target\":{\"@type\":\"EntryPoint\",\"urlTemplate\":\"https:\/\/www.educatiusacademy.org\/es\/?s={search_term_string}\"},\"query-input\":{\"@type\":\"PropertyValueSpecification\",\"valueRequired\":true,\"valueName\":\"search_term_string\"}}],\"inLanguage\":\"es\"},{\"@type\":\"Organization\",\"@id\":\"https:\/\/www.educatiusacademy.org\/es\/#organization\",\"name\":\"Educatius Academy Online\",\"url\":\"https:\/\/www.educatiusacademy.org\/es\/\",\"logo\":{\"@type\":\"ImageObject\",\"inLanguage\":\"es\",\"@id\":\"https:\/\/www.educatiusacademy.org\/es\/#\/schema\/logo\/image\/\",\"url\":\"https:\/\/www.educatiusacademy.org\/wp-content\/uploads\/2025\/02\/educatius_academy_white.png\",\"contentUrl\":\"https:\/\/www.educatiusacademy.org\/wp-content\/uploads\/2025\/02\/educatius_academy_white.png\",\"width\":837,\"height\":332,\"caption\":\"Educatius Academy Online\"},\"image\":{\"@id\":\"https:\/\/www.educatiusacademy.org\/es\/#\/schema\/logo\/image\/\"}}]}<\/script>\n<!-- \/ Yoast SEO Premium plugin. -->","yoast_head_json":{"title":"All-Online Dual Diploma - Graduate with a US Diploma! - Educatius Academy Online- Educatius Academy Online","description":"Earn an American high school Dual Diploma in your home country by studying virtual courses in addition to your local high school graduation.","robots":{"index":"index","follow":"follow","max-snippet":"max-snippet:-1","max-image-preview":"max-image-preview:large","max-video-preview":"max-video-preview:-1"},"canonical":"https:\/\/www.educatiusacademy.org\/es\/dual-diploma\/all-online-dual-diploma\/","og_locale":"es_ES","og_type":"article","og_title":"All-Online Dual Diploma","og_description":"Earn an American high school Dual Diploma in your home country by studying virtual courses in addition to your local high school graduation.","og_url":"https:\/\/www.educatiusacademy.org\/es\/dual-diploma\/all-online-dual-diploma\/","og_site_name":"Educatius Academy Online","article_modified_time":"2026-02-02T12:09:34+00:00","og_image":[{"url":"https:\/\/www.educatiusacademy.org\/wp-content\/uploads\/2025\/02\/girl-smiling-in-graduation-day.jpg"}],"twitter_card":"summary_large_image","twitter_misc":{"Est. reading time":"3 minutos"},"schema":{"@context":"https:\/\/schema.org","@graph":[{"@type":"WebPage","@id":"https:\/\/www.educatiusacademy.org\/es\/dual-diploma\/all-online-dual-diploma\/","url":"https:\/\/www.educatiusacademy.org\/es\/dual-diploma\/all-online-dual-diploma\/","name":"All-Online Dual Diploma - Graduate with a US Diploma! - Educatius Academy Online- Educatius Academy Online","isPartOf":{"@id":"https:\/\/www.educatiusacademy.org\/es\/#website"},"primaryImageOfPage":{"@id":"https:\/\/www.educatiusacademy.org\/es\/dual-diploma\/all-online-dual-diploma\/#primaryimage"},"image":{"@id":"https:\/\/www.educatiusacademy.org\/es\/dual-diploma\/all-online-dual-diploma\/#primaryimage"},"thumbnailUrl":"https:\/\/www.educatiusacademy.org\/wp-content\/uploads\/2025\/02\/girl-smiling-in-graduation-day.jpg","datePublished":"2025-02-20T05:04:26+00:00","dateModified":"2026-02-02T12:09:34+00:00","description":"Earn an American high school Dual Diploma in your home country by studying virtual courses in addition to your local high school graduation.","breadcrumb":{"@id":"https:\/\/www.educatiusacademy.org\/es\/dual-diploma\/all-online-dual-diploma\/#breadcrumb"},"inLanguage":"es","potentialAction":[{"@type":"ReadAction","target":["https:\/\/www.educatiusacademy.org\/es\/dual-diploma\/all-online-dual-diploma\/"]}]},{"@type":"ImageObject","inLanguage":"es","@id":"https:\/\/www.educatiusacademy.org\/es\/dual-diploma\/all-online-dual-diploma\/#primaryimage","url":"https:\/\/www.educatiusacademy.org\/wp-content\/uploads\/2025\/02\/girl-smiling-in-graduation-day.jpg","contentUrl":"https:\/\/www.educatiusacademy.org\/wp-content\/uploads\/2025\/02\/girl-smiling-in-graduation-day.jpg"},{"@type":"BreadcrumbList","@id":"https:\/\/www.educatiusacademy.org\/es\/dual-diploma\/all-online-dual-diploma\/#breadcrumb","itemListElement":[{"@type":"ListItem","position":1,"name":"Home","item":"https:\/\/www.educatiusacademy.org\/es\/"},{"@type":"ListItem","position":2,"name":"Programas Acad\u00e9micos","item":"https:\/\/www.educatiusacademy.org\/es\/dual-diploma\/"},{"@type":"ListItem","position":3,"name":"All-Online Dual Diploma"}]},{"@type":"WebSite","@id":"https:\/\/www.educatiusacademy.org\/es\/#website","url":"https:\/\/www.educatiusacademy.org\/es\/","name":"Educatius Academy Online","description":"","publisher":{"@id":"https:\/\/www.educatiusacademy.org\/es\/#organization"},"potentialAction":[{"@type":"SearchAction","target":{"@type":"EntryPoint","urlTemplate":"https:\/\/www.educatiusacademy.org\/es\/?s={search_term_string}"},"query-input":{"@type":"PropertyValueSpecification","valueRequired":true,"valueName":"search_term_string"}}],"inLanguage":"es"},{"@type":"Organization","@id":"https:\/\/www.educatiusacademy.org\/es\/#organization","name":"Educatius Academy Online","url":"https:\/\/www.educatiusacademy.org\/es\/","logo":{"@type":"ImageObject","inLanguage":"es","@id":"https:\/\/www.educatiusacademy.org\/es\/#\/schema\/logo\/image\/","url":"https:\/\/www.educatiusacademy.org\/wp-content\/uploads\/2025\/02\/educatius_academy_white.png","contentUrl":"https:\/\/www.educatiusacademy.org\/wp-content\/uploads\/2025\/02\/educatius_academy_white.png","width":837,"height":332,"caption":"Educatius Academy Online"},"image":{"@id":"https:\/\/www.educatiusacademy.org\/es\/#\/schema\/logo\/image\/"}}]}},"_links":{"self":[{"href":"https:\/\/www.educatiusacademy.org\/es\/wp-json\/wp\/v2\/pages\/954","targetHints":{"allow":["GET"]}}],"collection":[{"href":"https:\/\/www.educatiusacademy.org\/es\/wp-json\/wp\/v2\/pages"}],"about":[{"href":"https:\/\/www.educatiusacademy.org\/es\/wp-json\/wp\/v2\/types\/page"}],"author":[{"embeddable":true,"href":"https:\/\/www.educatiusacademy.org\/es\/wp-json\/wp\/v2\/users\/2"}],"replies":[{"embeddable":true,"href":"https:\/\/www.educatiusacademy.org\/es\/wp-json\/wp\/v2\/comments?post=954"}],"version-history":[{"count":12,"href":"https:\/\/www.educatiusacademy.org\/es\/wp-json\/wp\/v2\/pages\/954\/revisions"}],"predecessor-version":[{"id":3403,"href":"https:\/\/www.educatiusacademy.org\/es\/wp-json\/wp\/v2\/pages\/954\/revisions\/3403"}],"up":[{"embeddable":true,"href":"https:\/\/www.educatiusacademy.org\/es\/wp-json\/wp\/v2\/pages\/951"}],"wp:attachment":[{"href":"https:\/\/www.educatiusacademy.org\/es\/wp-json\/wp\/v2\/media?parent=954"}],"wp:term":[{"taxonomy":"wf_page_folders","embeddable":true,"href":"https:\/\/www.educatiusacademy.org\/es\/wp-json\/wp\/v2\/wf_page_folders?post=954"}],"curies":[{"name":"wp","href":"https:\/\/api.w.org\/{rel}","templated":true}]}}