{"id":962,"date":"2025-02-18T06:44:58","date_gmt":"2025-02-18T06:44:58","guid":{"rendered":"https:\/\/www.educatiusacademy.org\/?page_id=962"},"modified":"2026-02-02T12:16:38","modified_gmt":"2026-02-02T12:16:38","slug":"dual-diploma-hybrid","status":"publish","type":"page","link":"https:\/\/www.educatiusacademy.org\/es\/dual-diploma\/dual-diploma-hybrid\/","title":{"rendered":"Dual diploma hybrid"},"content":{"rendered":"\n<div class=\"wp-block-group has-gray-background-color has-background\"><div class=\"wp-block-group__inner-container is-layout-constrained wp-block-group-is-layout-constrained\">\n<div style=\"height:100px\" aria-hidden=\"true\" class=\"wp-block-spacer\"><\/div>\n\n\n\n<div class=\"wp-block-columns container has-gray-background-color has-background is-layout-flex wp-container-core-columns-is-layout-1 wp-block-columns-is-layout-flex\">\n<div class=\"wp-block-column is-layout-flow wp-block-column-is-layout-flow\">\n<div class=\"wp-block-educatius-title-paragraph-darkbutton container\"><div class=\"text-block-wrap py-4 py-md-0\"><h3 class=\"text-block-title text-primary\">Dual Diploma H\u00edbrido<\/h3><p class=\"text-primary\"><br>Los alumnos que realizan una estancia de estudios en el extranjero en un pa\u00eds de habla inglesa pueden obtener un t\u00edtulo de High School de Estados Unidos. Al combinar los cr\u00e9ditos obtenidos durante la experiencia internacional, las asignaturas online y los estudios en su centro educativo de origen, es posible acceder a un Dual Diploma de bachillerato estadounidense.<br><br><strong>Estudios en el extranjero + asignaturas online + bachillerato en el pa\u00eds de origen<br><\/strong>Para graduarte, necesitar\u00e1s completar un total de entre cinco y seis cr\u00e9ditos estadounidenses. Obtendr\u00e1s ambos t\u00edtulos al finalizar el bachillerato en tu pa\u00eds de origen y completar todos los cr\u00e9ditos requeridos.<br>Durante la estancia en el extranjero, es posible convalidar hasta dos cr\u00e9ditos de las asignaturas cursadas en el instituto internacional. De este modo, solo ser\u00e1 necesario completar entre tres y cuatro asignaturas online, adem\u00e1s de los estudios habituales, para obtener el t\u00edtulo de High School de Estados Unidos.<br><br><strong>Estudia a tu ritmo<\/strong><br>Puedes completar las asignaturas online antes de iniciar tu estancia de intercambio, a tu regreso o combinando ambos periodos. Tambi\u00e9n existe la opci\u00f3n de estudiar durante el verano.<br>Las clases son as\u00edncronas, lo que te permite organizar el estudio seg\u00fan tus necesidades y disponibilidad. Adem\u00e1s, seguir\u00e1s interactuando con profesores y compa\u00f1eros, especialmente a trav\u00e9s de sesiones en directo que se realizan dos veces al mes.<br><br><strong>Selecciona las asignaturas que m\u00e1s te interesan<\/strong><br>Durante el programa Dual Diploma H\u00edbrido cursar\u00e1s una combinaci\u00f3n de asignaturas obligatorias, como Historia de Estados Unidos e Ingl\u00e9s, junto con asignaturas optativas. Estas te permitir\u00e1n elegir materias que, en muchos casos, no est\u00e1n disponibles en tu instituto local.<br>Profundizar en las \u00e1reas que m\u00e1s te interesan te ayudar\u00e1 a ampliar conocimientos y puede influir positivamente en tus futuras decisiones acad\u00e9micas tras finalizar el bachillerato.\u00a0<\/p><a href=\"\/es\/contact-us-student\/\" class=\"btn btn-primary\">Solicita asesoramiento acad\u00e9mico<\/a><\/div><\/div>\n<\/div>\n\n\n\n<div class=\"wp-block-column is-layout-flow wp-block-column-is-layout-flow\">\n<div class=\"wp-block-educatius-bordered-text container\"><div class=\"quick-fact-section\"><h6 class=\"text-block-title text-primary\">Dual Diploma H\u00edbrido: Resumen<\/h6><ul class=\"list-group text-primary\"><li class=\"list-item\">Combina asignaturas cursadas durante el intercambio, asignaturas online y estudios en tu centro educativo de origen.<\/li><br><li class=\"list-item\">La suma de estas asignaturas te permite obtener el Dual Diploma de High School de Estados Unidos.<\/li><br><li class=\"list-item\">Puedes cursar las asignaturas online antes de iniciar el intercambio, a tu regreso o combinando ambos periodos.<\/li><br><li class=\"list-item\">Cuenta con el apoyo continuo de profesores y asesores acad\u00e9micos.<\/li><br><li class=\"list-item\">Asiste a las clases online durante el curso acad\u00e9mico o en los meses de verano.<\/li><br><li class=\"list-item\">Distribuye el programa online en un periodo flexible de entre uno y cuatro a\u00f1os.<\/li><br><li class=\"list-item\">Empieza en cualquier momento y avanza a tu propio ritmo.<\/li><\/ul><\/div><\/div>\n<\/div>\n<\/div>\n<\/div><\/div>\n\n\n\n<section class=\"wp-block-educatius-right-image-and-text highlight-section-reverse py-1 py-sm-2 py-md-2 py-sm-5 py-md-5\"><div class=\"container\"><div class=\"row\"><div class=\"col-md-6 order-md-1\"><img decoding=\"async\" src=\"https:\/\/www.educatiusacademy.org\/wp-content\/uploads\/2025\/02\/girls-with-a-view-640x560px-2.jpg\" class=\"w-100\" \/><\/div><div class=\"col-md-6 order-md-0\" style=\"background:#691c32\"><div class=\"text-block-wrap py-md-0 px-md-5\"><span class=\"text-block-title\" style=\"color:#ffffff\"><\/span><h3 class=\"text-block-title\" style=\"color:#ffffff\">Estudia en Estados Unidos<\/h3><p style=\"color:#ffffff\">El Dual Diploma H\u00edbrido es una forma eficaz de enriquecer una experiencia de estudios en el extranjero. Los alumnos que cursan el programa Dual Diploma pueden realizar una estancia de intercambio en cualquier centro de educaci\u00f3n secundaria acreditado de Estados Unidos u otros pa\u00edses de habla inglesa.<br>Como alumno de intercambio en Estados Unidos, te integrar\u00e1s en un entorno acad\u00e9mico estimulante y participar\u00e1s en actividades extraescolares caracter\u00edsticas del sistema educativo estadounidense. Esta experiencia favorece el desarrollo personal, la inmersi\u00f3n ling\u00fc\u00edstica y el uso del ingl\u00e9s en un contexto acad\u00e9mico y social real.<br>Si est\u00e1s interesado en realizar un programa de intercambio o deseas ampliar informaci\u00f3n, puedes ponerte en contacto con nuestro equipo. Cada a\u00f1o acompa\u00f1amos a m\u00e1s de 7.000 alumnos en programas internacionales de high school y podemos ayudarte a encontrar la experiencia que mejor se adapte a tus objetivos acad\u00e9micos.<\/p><a href=\"https:\/\/www.educatius.org\/\" class=\"btn btn-outline-primary btn-lg\" style=\"border-color:#ffffff;color:#ffffff\">Explora oportunidades de intercambio<\/a><\/div><\/div><\/div><\/div><\/section>\n\n\n\n<section class=\"wp-block-educatius-left-image-and-text highlight-section py-1 py-sm-2 py-md-2 py-sm-5 py-md-5\"><div class=\"container\"><div class=\"row\"><div class=\"col-md-6\"><img decoding=\"async\" src=\"https:\/\/www.educatiusacademy.org\/wp-content\/uploads\/2025\/02\/classmates-graduating-1600x600px.jpg\" class=\"w-100\" \/><\/div><div class=\"col-md-6\" style=\"background:#e8b8a6\"><div class=\"text-block-wrap py-md-0 px-md-5\"><span class=\"text-block-title\" style=\"color:#691c32\"><\/span><h3 class=\"text-block-title\" style=\"color:#691c32\">Reserva asesoramiento acad\u00e9mico gratuito<\/h3><p style=\"color:#691c32\">Reserva una sesi\u00f3n individual de asesoramiento acad\u00e9mico para compartir tus objetivos acad\u00e9micos. Te ayudaremos a explorar las opciones m\u00e1s adecuadas para alcanzarlos.<br><a href=\"https:\/\/www.educatiusacademy.org\/es\/contact-us-student\/\"><\/a><\/p><a href=\"\/es\/contact-us-student\/\" class=\"btn btn-outline-primary btn-lg\" style=\"background-color:#691c32;border-color:#691c32;color:#ffffff\">Reserva tu orientaci\u00f3n acad\u00e9mica<\/a><\/div><\/div><\/div><\/div><\/section>\n","protected":false},"excerpt":{"rendered":"","protected":false},"author":2,"featured_media":0,"parent":951,"menu_order":0,"comment_status":"closed","ping_status":"closed","template":"","meta":{"_acf_changed":false,"inline_featured_image":false,"footnotes":""},"wf_page_folders":[],"class_list":["post-962","page","type-page","status-publish","hentry"],"acf":[],"yoast_head":"<!-- This site is optimized with the Yoast SEO Premium plugin v23.4 (Yoast SEO v23.6) - https:\/\/yoast.com\/wordpress\/plugins\/seo\/ -->\n<title>Hybrid Dual Diploma - Study Abroad and Online - Educatius Academy Online- Educatius Academy Online<\/title>\n<meta name=\"description\" content=\"With the Hybrid Dual Diploma program, students combine studying abroad on exchange with 5 - 6 online courses to earn their USA high school dual diploma.\" \/>\n<meta name=\"robots\" content=\"index, follow, max-snippet:-1, max-image-preview:large, max-video-preview:-1\" \/>\n<link rel=\"canonical\" href=\"https:\/\/www.educatiusacademy.org\/es\/dual-diploma\/dual-diploma-hybrid\/\" \/>\n<meta property=\"og:locale\" content=\"es_ES\" \/>\n<meta property=\"og:type\" content=\"article\" \/>\n<meta property=\"og:title\" content=\"Dual diploma hybrid\" \/>\n<meta property=\"og:description\" content=\"With the Hybrid Dual Diploma program, students combine studying abroad on exchange with 5 - 6 online courses to earn their USA high school dual diploma.\" \/>\n<meta property=\"og:url\" content=\"https:\/\/www.educatiusacademy.org\/es\/dual-diploma\/dual-diploma-hybrid\/\" \/>\n<meta property=\"og:site_name\" content=\"Educatius Academy Online\" \/>\n<meta property=\"article:modified_time\" content=\"2026-02-02T12:16:38+00:00\" \/>\n<meta property=\"og:image\" content=\"https:\/\/www.educatiusacademy.org\/wp-content\/uploads\/2025\/02\/girls-with-a-view-640x560px-2.jpg\" \/>\n<meta name=\"twitter:card\" content=\"summary_large_image\" \/>\n<meta name=\"twitter:label1\" content=\"Est. reading time\" \/>\n\t<meta name=\"twitter:data1\" content=\"3 minutos\" \/>\n<script type=\"application\/ld+json\" class=\"yoast-schema-graph\">{\"@context\":\"https:\/\/schema.org\",\"@graph\":[{\"@type\":\"WebPage\",\"@id\":\"https:\/\/www.educatiusacademy.org\/es\/dual-diploma\/dual-diploma-hybrid\/\",\"url\":\"https:\/\/www.educatiusacademy.org\/es\/dual-diploma\/dual-diploma-hybrid\/\",\"name\":\"Hybrid Dual Diploma - Study Abroad and Online - Educatius Academy Online- Educatius Academy Online\",\"isPartOf\":{\"@id\":\"https:\/\/www.educatiusacademy.org\/es\/#website\"},\"primaryImageOfPage\":{\"@id\":\"https:\/\/www.educatiusacademy.org\/es\/dual-diploma\/dual-diploma-hybrid\/#primaryimage\"},\"image\":{\"@id\":\"https:\/\/www.educatiusacademy.org\/es\/dual-diploma\/dual-diploma-hybrid\/#primaryimage\"},\"thumbnailUrl\":\"https:\/\/www.educatiusacademy.org\/wp-content\/uploads\/2025\/02\/girls-with-a-view-640x560px-2.jpg\",\"datePublished\":\"2025-02-18T06:44:58+00:00\",\"dateModified\":\"2026-02-02T12:16:38+00:00\",\"description\":\"With the Hybrid Dual Diploma program, students combine studying abroad on exchange with 5 - 6 online courses to earn their USA high school dual diploma.\",\"breadcrumb\":{\"@id\":\"https:\/\/www.educatiusacademy.org\/es\/dual-diploma\/dual-diploma-hybrid\/#breadcrumb\"},\"inLanguage\":\"es\",\"potentialAction\":[{\"@type\":\"ReadAction\",\"target\":[\"https:\/\/www.educatiusacademy.org\/es\/dual-diploma\/dual-diploma-hybrid\/\"]}]},{\"@type\":\"ImageObject\",\"inLanguage\":\"es\",\"@id\":\"https:\/\/www.educatiusacademy.org\/es\/dual-diploma\/dual-diploma-hybrid\/#primaryimage\",\"url\":\"https:\/\/www.educatiusacademy.org\/wp-content\/uploads\/2025\/02\/girls-with-a-view-640x560px-2.jpg\",\"contentUrl\":\"https:\/\/www.educatiusacademy.org\/wp-content\/uploads\/2025\/02\/girls-with-a-view-640x560px-2.jpg\"},{\"@type\":\"BreadcrumbList\",\"@id\":\"https:\/\/www.educatiusacademy.org\/es\/dual-diploma\/dual-diploma-hybrid\/#breadcrumb\",\"itemListElement\":[{\"@type\":\"ListItem\",\"position\":1,\"name\":\"Home\",\"item\":\"https:\/\/www.educatiusacademy.org\/es\/\"},{\"@type\":\"ListItem\",\"position\":2,\"name\":\"Programas Acad\u00e9micos\",\"item\":\"https:\/\/www.educatiusacademy.org\/es\/dual-diploma\/\"},{\"@type\":\"ListItem\",\"position\":3,\"name\":\"Dual diploma hybrid\"}]},{\"@type\":\"WebSite\",\"@id\":\"https:\/\/www.educatiusacademy.org\/es\/#website\",\"url\":\"https:\/\/www.educatiusacademy.org\/es\/\",\"name\":\"Educatius Academy Online\",\"description\":\"\",\"publisher\":{\"@id\":\"https:\/\/www.educatiusacademy.org\/es\/#organization\"},\"potentialAction\":[{\"@type\":\"SearchAction\",\"target\":{\"@type\":\"EntryPoint\",\"urlTemplate\":\"https:\/\/www.educatiusacademy.org\/es\/?s={search_term_string}\"},\"query-input\":{\"@type\":\"PropertyValueSpecification\",\"valueRequired\":true,\"valueName\":\"search_term_string\"}}],\"inLanguage\":\"es\"},{\"@type\":\"Organization\",\"@id\":\"https:\/\/www.educatiusacademy.org\/es\/#organization\",\"name\":\"Educatius Academy Online\",\"url\":\"https:\/\/www.educatiusacademy.org\/es\/\",\"logo\":{\"@type\":\"ImageObject\",\"inLanguage\":\"es\",\"@id\":\"https:\/\/www.educatiusacademy.org\/es\/#\/schema\/logo\/image\/\",\"url\":\"https:\/\/www.educatiusacademy.org\/wp-content\/uploads\/2025\/02\/educatius_academy_white.png\",\"contentUrl\":\"https:\/\/www.educatiusacademy.org\/wp-content\/uploads\/2025\/02\/educatius_academy_white.png\",\"width\":837,\"height\":332,\"caption\":\"Educatius Academy Online\"},\"image\":{\"@id\":\"https:\/\/www.educatiusacademy.org\/es\/#\/schema\/logo\/image\/\"}}]}<\/script>\n<!-- \/ Yoast SEO Premium plugin. -->","yoast_head_json":{"title":"Hybrid Dual Diploma - Study Abroad and Online - Educatius Academy Online- Educatius Academy Online","description":"With the Hybrid Dual Diploma program, students combine studying abroad on exchange with 5 - 6 online courses to earn their USA high school dual diploma.","robots":{"index":"index","follow":"follow","max-snippet":"max-snippet:-1","max-image-preview":"max-image-preview:large","max-video-preview":"max-video-preview:-1"},"canonical":"https:\/\/www.educatiusacademy.org\/es\/dual-diploma\/dual-diploma-hybrid\/","og_locale":"es_ES","og_type":"article","og_title":"Dual diploma hybrid","og_description":"With the Hybrid Dual Diploma program, students combine studying abroad on exchange with 5 - 6 online courses to earn their USA high school dual diploma.","og_url":"https:\/\/www.educatiusacademy.org\/es\/dual-diploma\/dual-diploma-hybrid\/","og_site_name":"Educatius Academy Online","article_modified_time":"2026-02-02T12:16:38+00:00","og_image":[{"url":"https:\/\/www.educatiusacademy.org\/wp-content\/uploads\/2025\/02\/girls-with-a-view-640x560px-2.jpg"}],"twitter_card":"summary_large_image","twitter_misc":{"Est. reading time":"3 minutos"},"schema":{"@context":"https:\/\/schema.org","@graph":[{"@type":"WebPage","@id":"https:\/\/www.educatiusacademy.org\/es\/dual-diploma\/dual-diploma-hybrid\/","url":"https:\/\/www.educatiusacademy.org\/es\/dual-diploma\/dual-diploma-hybrid\/","name":"Hybrid Dual Diploma - Study Abroad and Online - Educatius Academy Online- Educatius Academy Online","isPartOf":{"@id":"https:\/\/www.educatiusacademy.org\/es\/#website"},"primaryImageOfPage":{"@id":"https:\/\/www.educatiusacademy.org\/es\/dual-diploma\/dual-diploma-hybrid\/#primaryimage"},"image":{"@id":"https:\/\/www.educatiusacademy.org\/es\/dual-diploma\/dual-diploma-hybrid\/#primaryimage"},"thumbnailUrl":"https:\/\/www.educatiusacademy.org\/wp-content\/uploads\/2025\/02\/girls-with-a-view-640x560px-2.jpg","datePublished":"2025-02-18T06:44:58+00:00","dateModified":"2026-02-02T12:16:38+00:00","description":"With the Hybrid Dual Diploma program, students combine studying abroad on exchange with 5 - 6 online courses to earn their USA high school dual diploma.","breadcrumb":{"@id":"https:\/\/www.educatiusacademy.org\/es\/dual-diploma\/dual-diploma-hybrid\/#breadcrumb"},"inLanguage":"es","potentialAction":[{"@type":"ReadAction","target":["https:\/\/www.educatiusacademy.org\/es\/dual-diploma\/dual-diploma-hybrid\/"]}]},{"@type":"ImageObject","inLanguage":"es","@id":"https:\/\/www.educatiusacademy.org\/es\/dual-diploma\/dual-diploma-hybrid\/#primaryimage","url":"https:\/\/www.educatiusacademy.org\/wp-content\/uploads\/2025\/02\/girls-with-a-view-640x560px-2.jpg","contentUrl":"https:\/\/www.educatiusacademy.org\/wp-content\/uploads\/2025\/02\/girls-with-a-view-640x560px-2.jpg"},{"@type":"BreadcrumbList","@id":"https:\/\/www.educatiusacademy.org\/es\/dual-diploma\/dual-diploma-hybrid\/#breadcrumb","itemListElement":[{"@type":"ListItem","position":1,"name":"Home","item":"https:\/\/www.educatiusacademy.org\/es\/"},{"@type":"ListItem","position":2,"name":"Programas Acad\u00e9micos","item":"https:\/\/www.educatiusacademy.org\/es\/dual-diploma\/"},{"@type":"ListItem","position":3,"name":"Dual diploma hybrid"}]},{"@type":"WebSite","@id":"https:\/\/www.educatiusacademy.org\/es\/#website","url":"https:\/\/www.educatiusacademy.org\/es\/","name":"Educatius Academy Online","description":"","publisher":{"@id":"https:\/\/www.educatiusacademy.org\/es\/#organization"},"potentialAction":[{"@type":"SearchAction","target":{"@type":"EntryPoint","urlTemplate":"https:\/\/www.educatiusacademy.org\/es\/?s={search_term_string}"},"query-input":{"@type":"PropertyValueSpecification","valueRequired":true,"valueName":"search_term_string"}}],"inLanguage":"es"},{"@type":"Organization","@id":"https:\/\/www.educatiusacademy.org\/es\/#organization","name":"Educatius Academy Online","url":"https:\/\/www.educatiusacademy.org\/es\/","logo":{"@type":"ImageObject","inLanguage":"es","@id":"https:\/\/www.educatiusacademy.org\/es\/#\/schema\/logo\/image\/","url":"https:\/\/www.educatiusacademy.org\/wp-content\/uploads\/2025\/02\/educatius_academy_white.png","contentUrl":"https:\/\/www.educatiusacademy.org\/wp-content\/uploads\/2025\/02\/educatius_academy_white.png","width":837,"height":332,"caption":"Educatius Academy Online"},"image":{"@id":"https:\/\/www.educatiusacademy.org\/es\/#\/schema\/logo\/image\/"}}]}},"_links":{"self":[{"href":"https:\/\/www.educatiusacademy.org\/es\/wp-json\/wp\/v2\/pages\/962","targetHints":{"allow":["GET"]}}],"collection":[{"href":"https:\/\/www.educatiusacademy.org\/es\/wp-json\/wp\/v2\/pages"}],"about":[{"href":"https:\/\/www.educatiusacademy.org\/es\/wp-json\/wp\/v2\/types\/page"}],"author":[{"embeddable":true,"href":"https:\/\/www.educatiusacademy.org\/es\/wp-json\/wp\/v2\/users\/2"}],"replies":[{"embeddable":true,"href":"https:\/\/www.educatiusacademy.org\/es\/wp-json\/wp\/v2\/comments?post=962"}],"version-history":[{"count":12,"href":"https:\/\/www.educatiusacademy.org\/es\/wp-json\/wp\/v2\/pages\/962\/revisions"}],"predecessor-version":[{"id":3406,"href":"https:\/\/www.educatiusacademy.org\/es\/wp-json\/wp\/v2\/pages\/962\/revisions\/3406"}],"up":[{"embeddable":true,"href":"https:\/\/www.educatiusacademy.org\/es\/wp-json\/wp\/v2\/pages\/951"}],"wp:attachment":[{"href":"https:\/\/www.educatiusacademy.org\/es\/wp-json\/wp\/v2\/media?parent=962"}],"wp:term":[{"taxonomy":"wf_page_folders","embeddable":true,"href":"https:\/\/www.educatiusacademy.org\/es\/wp-json\/wp\/v2\/wf_page_folders?post=962"}],"curies":[{"name":"wp","href":"https:\/\/api.w.org\/{rel}","templated":true}]}}