{"id":2251,"date":"2025-02-18T07:19:36","date_gmt":"2025-02-18T07:19:36","guid":{"rendered":"https:\/\/www.educatiusacademy.org\/?page_id=2251"},"modified":"2025-07-04T07:51:50","modified_gmt":"2025-07-04T07:51:50","slug":"whats-included","status":"publish","type":"page","link":"https:\/\/www.educatiusacademy.org\/pl\/whats-included\/","title":{"rendered":"What&#8217;s included"},"content":{"rendered":"\n<div class=\"wp-block-group has-gray-background-color has-background\"><div class=\"wp-block-group__inner-container is-layout-constrained wp-block-group-is-layout-constrained\">\n<div style=\"height:100px\" aria-hidden=\"true\" class=\"wp-block-spacer\"><\/div>\n\n\n\n<div class=\"wp-block-columns container has-gray-background-color has-background is-layout-flex wp-container-core-columns-is-layout-1 wp-block-columns-is-layout-flex\">\n<div class=\"wp-block-column is-layout-flow wp-block-column-is-layout-flow\">\n<div class=\"wp-block-educatius-title-paragraph-darkbutton container\"><div class=\"text-block-wrap py-4 py-md-0\"><h3 class=\"text-block-title text-primary\">Co program obejmuje<\/h3><p class=\"text-primary\">Ka\u017cdemu uczniowi Educatius Academy zapewniamy kompleksowe wsparcie na wszystkich etapach edukacyjnej \u015bcie\u017cki. Oto nasza oferta.<br><br><a href=\"\/pl\/english-assessment\/\">Ocena znajomo\u015bci angielskiego<\/a><br>Przeprowadzamy bezp\u0142atny test j\u0119zykowy, kt\u00f3ry pozwala oceni\u0107 poziom Twojej znajomo\u015bci angielskiego. Na podstawie wynik\u00f3w rekomendujemy program najlepiej odpowiadaj\u0105cy Twoim potrzebom i celom edukacyjnym.<br><br><a href=\"\/pl\/english-prep-camp\/\">English Prep Camp<\/a><br>Intensywny, interaktywny program online, kt\u00f3ry umo\u017cliwia rozw\u00f3j umiej\u0119tno\u015bci j\u0119zykowych we wsp\u00f3\u0142pracy z innymi uczniami przygotowuj\u0105cymi si\u0119 do nauki mi\u0119dzynarodowej \u2013 zar\u00f3wno za granic\u0105, jak i w Polsce.<br><br><a href=\"\/pl\/whats-included\/personal-counselling\/\">Doradztwo akademickie<\/a><br>Oferujemy indywidualne wsparcie ze strony do\u015bwiadczonych doradc\u00f3w edukacyjnych, kt\u00f3rzy pomog\u0105 Ci dobra\u0107 odpowiedni program, u\u0142o\u017cy\u0107 plan zaj\u0119\u0107 i pami\u0119ta\u0107 o wszystkich wa\u017cnych terminach.<br><br><a href=\"\/pl\/tutoring\/\">Dodatkowe wsparcie<\/a><br>Dost\u0119pne przez ca\u0142\u0105 dob\u0119 indywidualne zaj\u0119cia dodatkowe pomagaj\u0105 uzupe\u0142nia\u0107 braki w wiedzy, sprawdzi\u0107 prace domowe i skutecznie przygotowywa\u0107 si\u0119 do egzamin\u00f3w.<br><br><a href=\"\/pl\/college-counselling\/\">Doradztwo i przygotowanie do studi\u00f3w wy\u017cszych<\/a><br>Uczestnicy naszego programu otrzymuj\u0105 wszechstronne wsparcie w wyborze odpowiedniej uczelni, jak r\u00f3wnie\u017c w ca\u0142ym procesie rekrutacyjnym. Uwzgl\u0119dnieniami ich indywidualne zainteresowania i osi\u0105gni\u0119cia akademickie.<br>\u00a0<\/p><a href=\"\/pl\/enroll-now\/\" class=\"btn btn-primary\">Dowiedz si\u0119 wi\u0119cej<\/a><\/div><\/div>\n<\/div>\n\n\n\n<div class=\"wp-block-column is-layout-flow wp-block-column-is-layout-flow\">\n<div class=\"wp-block-educatius-bordered-text container\"><div class=\"quick-fact-section\"><h6 class=\"text-block-title text-primary\">Najwa\u017cniejsze informacje: co obejmuje program<\/h6><ul class=\"list-group text-primary\"><li class=\"list-item\">Wsparcie na ka\u017cdym etapie nauki<\/li><br><li class=\"list-item\">Konsultacje dotycz\u0105ce programu<\/li><br><li class=\"list-item\">Test j\u0119zykowy i wirtualny ob\u00f3z przygotowawczy<\/li><br><li class=\"list-item\">Zaj\u0119cia dodatkowe i pomoc nauczycieli<\/li><br><li class=\"list-item\">Doradztwo i przygotowanie do studi\u00f3w wy\u017cszych<\/li><\/ul><\/div><\/div>\n<\/div>\n<\/div>\n<\/div><\/div>\n\n\n\n<section class=\"wp-block-educatius-right-image-and-text highlight-section-reverse py-1 py-sm-2 py-md-2 py-sm-5 py-md-5\"><div class=\"container\"><div class=\"row\"><div class=\"col-md-6 order-md-1\"><img decoding=\"async\" src=\"https:\/\/www.educatiusacademy.org\/wp-content\/uploads\/2025\/02\/female-student-with-computer-measure-english-skills-1.jpg\" class=\"w-100\" \/><\/div><div class=\"col-md-6 order-md-0\" style=\"background:#e8b8a6\"><div class=\"text-block-wrap py-md-0 px-md-5\"><span class=\"text-block-title\" style=\"color:#000000\"><\/span><h3 class=\"text-block-title\" style=\"color:#000000\">Sprawd\u017a swoje umiej\u0119tno\u015bci j\u0119zykowe<\/h3><p style=\"color:#000000\">Oce\u0144 sw\u00f3j poziom j\u0119zyka angielskiego dzi\u0119ki naszemu kompleksowemu bezp\u0142atnemu testowi. Wyniki pomog\u0105 nam zaproponowa\u0107 CI najrozs\u0105dniejsze kolejne kroki, aby\u015b uda\u0142o Ci si\u0119 osi\u0105gn\u0105\u0107 swoje cele edukacyjne. Gdy tylko otrzymamy wyniki testu, od razu si\u0119 z Tob\u0105 skontaktujemy.<br><a href=\"https:\/\/www.educatiusacademy.org\/english-test\/\"><\/a><\/p><a href=\"\/pl\/english-assessment\/\" class=\"btn btn-outline-primary btn-lg\" style=\"border-color:#000000;color:#000000\">Sprawd\u017a sw\u00f3j angielski <\/a><\/div><\/div><\/div><\/div><\/section>\n\n\n\n<section class=\"wp-block-educatius-left-image-and-text highlight-section py-1 py-sm-2 py-md-2 py-sm-5 py-md-5\"><div class=\"container\"><div class=\"row\"><div class=\"col-md-6\"><img decoding=\"async\" src=\"https:\/\/www.educatiusacademy.org\/wp-content\/uploads\/2025\/02\/two-academic-students-studying.jpg\" class=\"w-100\" \/><\/div><div class=\"col-md-6\" style=\"background:#009490\"><div class=\"text-block-wrap py-md-0 px-md-5\"><span class=\"text-block-title\" style=\"color:#ffffff\"><\/span><h3 class=\"text-block-title\" style=\"color:#ffffff\">Um\u00f3w si\u0119 na konsultacj\u0119 edukacyjn\u0105<\/h3><p style=\"color:#ffffff\">Zapraszamy na indywidualne spotkanie, podczas kt\u00f3rego ch\u0119tnie pos\u0142uchamy o Twoich celach edukacyjnych. Wsp\u00f3lnie wypracujemy mo\u017cliwie jak najlepsz\u0105 strategi\u0119, kt\u00f3ra pozwoli Ci je wszystkie skutecznie zrealizowa\u0107.<br><a href=\"https:\/\/www.educatiusacademy.org\/pl\/contact-us-student\/\"><\/a><\/p><a href=\"\/pl\/contact-us-student\/\" class=\"btn btn-outline-primary btn-lg\" style=\"border-color:#ffffff;color:#ffffff\">Um\u00f3w bezp\u0142atn\u0105 konsultacj\u0119<\/a><\/div><\/div><\/div><\/div><\/section>\n","protected":false},"excerpt":{"rendered":"","protected":false},"author":11,"featured_media":0,"parent":0,"menu_order":0,"comment_status":"closed","ping_status":"closed","template":"","meta":{"_acf_changed":false,"inline_featured_image":false,"footnotes":""},"wf_page_folders":[],"class_list":["post-2251","page","type-page","status-publish","hentry"],"acf":[],"yoast_head":"<!-- This site is optimized with the Yoast SEO Premium plugin v23.4 (Yoast SEO v23.6) - https:\/\/yoast.com\/wordpress\/plugins\/seo\/ -->\n<title>Kompleksowe wsparcie w ramach programu - Educatius Academy Online<\/title>\n<meta name=\"description\" content=\"Doradztwo, opieka akademicka, korepetycje, opinie nauczycieli oraz przygotowanie do studi\u00f3w \u2013 wszystko to wliczone jest w Tw\u00f3j wirtualny program szko\u0142y \u015bredniej w USA.\" \/>\n<meta name=\"robots\" content=\"index, follow, max-snippet:-1, max-image-preview:large, max-video-preview:-1\" \/>\n<link rel=\"canonical\" href=\"https:\/\/www.educatiusacademy.org\/pl\/whats-included\/\" \/>\n<meta property=\"og:locale\" content=\"pl_PL\" \/>\n<meta property=\"og:type\" content=\"article\" \/>\n<meta property=\"og:title\" content=\"What&#039;s included\" \/>\n<meta property=\"og:description\" content=\"Doradztwo, opieka akademicka, korepetycje, opinie nauczycieli oraz przygotowanie do studi\u00f3w \u2013 wszystko to wliczone jest w Tw\u00f3j wirtualny program szko\u0142y \u015bredniej w USA.\" \/>\n<meta property=\"og:url\" content=\"https:\/\/www.educatiusacademy.org\/pl\/whats-included\/\" \/>\n<meta property=\"og:site_name\" content=\"Educatius Academy Online\" \/>\n<meta property=\"article:modified_time\" content=\"2025-07-04T07:51:50+00:00\" \/>\n<meta property=\"og:image\" content=\"https:\/\/www.educatiusacademy.org\/wp-content\/uploads\/2025\/02\/female-student-with-computer-measure-english-skills-1.jpg\" \/>\n<meta name=\"twitter:card\" content=\"summary_large_image\" \/>\n<meta name=\"twitter:label1\" content=\"Est. reading time\" \/>\n\t<meta name=\"twitter:data1\" content=\"2 minuty\" \/>\n<script type=\"application\/ld+json\" class=\"yoast-schema-graph\">{\"@context\":\"https:\/\/schema.org\",\"@graph\":[{\"@type\":\"WebPage\",\"@id\":\"https:\/\/www.educatiusacademy.org\/pl\/whats-included\/\",\"url\":\"https:\/\/www.educatiusacademy.org\/pl\/whats-included\/\",\"name\":\"Kompleksowe wsparcie w ramach programu - Educatius Academy Online\",\"isPartOf\":{\"@id\":\"https:\/\/www.educatiusacademy.org\/pl\/#website\"},\"primaryImageOfPage\":{\"@id\":\"https:\/\/www.educatiusacademy.org\/pl\/whats-included\/#primaryimage\"},\"image\":{\"@id\":\"https:\/\/www.educatiusacademy.org\/pl\/whats-included\/#primaryimage\"},\"thumbnailUrl\":\"https:\/\/www.educatiusacademy.org\/wp-content\/uploads\/2025\/02\/female-student-with-computer-measure-english-skills-1.jpg\",\"datePublished\":\"2025-02-18T07:19:36+00:00\",\"dateModified\":\"2025-07-04T07:51:50+00:00\",\"description\":\"Doradztwo, opieka akademicka, korepetycje, opinie nauczycieli oraz przygotowanie do studi\u00f3w \u2013 wszystko to wliczone jest w Tw\u00f3j wirtualny program szko\u0142y \u015bredniej w USA.\",\"breadcrumb\":{\"@id\":\"https:\/\/www.educatiusacademy.org\/pl\/whats-included\/#breadcrumb\"},\"inLanguage\":\"pl-PL\",\"potentialAction\":[{\"@type\":\"ReadAction\",\"target\":[\"https:\/\/www.educatiusacademy.org\/pl\/whats-included\/\"]}]},{\"@type\":\"ImageObject\",\"inLanguage\":\"pl-PL\",\"@id\":\"https:\/\/www.educatiusacademy.org\/pl\/whats-included\/#primaryimage\",\"url\":\"https:\/\/www.educatiusacademy.org\/wp-content\/uploads\/2025\/02\/female-student-with-computer-measure-english-skills-1.jpg\",\"contentUrl\":\"https:\/\/www.educatiusacademy.org\/wp-content\/uploads\/2025\/02\/female-student-with-computer-measure-english-skills-1.jpg\"},{\"@type\":\"BreadcrumbList\",\"@id\":\"https:\/\/www.educatiusacademy.org\/pl\/whats-included\/#breadcrumb\",\"itemListElement\":[{\"@type\":\"ListItem\",\"position\":1,\"name\":\"Home\",\"item\":\"https:\/\/www.educatiusacademy.org\/pl\/\"},{\"@type\":\"ListItem\",\"position\":2,\"name\":\"What&#8217;s included\"}]},{\"@type\":\"WebSite\",\"@id\":\"https:\/\/www.educatiusacademy.org\/pl\/#website\",\"url\":\"https:\/\/www.educatiusacademy.org\/pl\/\",\"name\":\"Educatius Academy Online\",\"description\":\"\",\"publisher\":{\"@id\":\"https:\/\/www.educatiusacademy.org\/pl\/#organization\"},\"potentialAction\":[{\"@type\":\"SearchAction\",\"target\":{\"@type\":\"EntryPoint\",\"urlTemplate\":\"https:\/\/www.educatiusacademy.org\/pl\/?s={search_term_string}\"},\"query-input\":{\"@type\":\"PropertyValueSpecification\",\"valueRequired\":true,\"valueName\":\"search_term_string\"}}],\"inLanguage\":\"pl-PL\"},{\"@type\":\"Organization\",\"@id\":\"https:\/\/www.educatiusacademy.org\/pl\/#organization\",\"name\":\"Educatius Academy Online\",\"url\":\"https:\/\/www.educatiusacademy.org\/pl\/\",\"logo\":{\"@type\":\"ImageObject\",\"inLanguage\":\"pl-PL\",\"@id\":\"https:\/\/www.educatiusacademy.org\/pl\/#\/schema\/logo\/image\/\",\"url\":\"https:\/\/www.educatiusacademy.org\/wp-content\/uploads\/2025\/02\/educatius_academy_white.png\",\"contentUrl\":\"https:\/\/www.educatiusacademy.org\/wp-content\/uploads\/2025\/02\/educatius_academy_white.png\",\"width\":837,\"height\":332,\"caption\":\"Educatius Academy Online\"},\"image\":{\"@id\":\"https:\/\/www.educatiusacademy.org\/pl\/#\/schema\/logo\/image\/\"}}]}<\/script>\n<!-- \/ Yoast SEO Premium plugin. -->","yoast_head_json":{"title":"Kompleksowe wsparcie w ramach programu - Educatius Academy Online","description":"Doradztwo, opieka akademicka, korepetycje, opinie nauczycieli oraz przygotowanie do studi\u00f3w \u2013 wszystko to wliczone jest w Tw\u00f3j wirtualny program szko\u0142y \u015bredniej w USA.","robots":{"index":"index","follow":"follow","max-snippet":"max-snippet:-1","max-image-preview":"max-image-preview:large","max-video-preview":"max-video-preview:-1"},"canonical":"https:\/\/www.educatiusacademy.org\/pl\/whats-included\/","og_locale":"pl_PL","og_type":"article","og_title":"What's included","og_description":"Doradztwo, opieka akademicka, korepetycje, opinie nauczycieli oraz przygotowanie do studi\u00f3w \u2013 wszystko to wliczone jest w Tw\u00f3j wirtualny program szko\u0142y \u015bredniej w USA.","og_url":"https:\/\/www.educatiusacademy.org\/pl\/whats-included\/","og_site_name":"Educatius Academy Online","article_modified_time":"2025-07-04T07:51:50+00:00","og_image":[{"url":"https:\/\/www.educatiusacademy.org\/wp-content\/uploads\/2025\/02\/female-student-with-computer-measure-english-skills-1.jpg"}],"twitter_card":"summary_large_image","twitter_misc":{"Est. reading time":"2 minuty"},"schema":{"@context":"https:\/\/schema.org","@graph":[{"@type":"WebPage","@id":"https:\/\/www.educatiusacademy.org\/pl\/whats-included\/","url":"https:\/\/www.educatiusacademy.org\/pl\/whats-included\/","name":"Kompleksowe wsparcie w ramach programu - Educatius Academy Online","isPartOf":{"@id":"https:\/\/www.educatiusacademy.org\/pl\/#website"},"primaryImageOfPage":{"@id":"https:\/\/www.educatiusacademy.org\/pl\/whats-included\/#primaryimage"},"image":{"@id":"https:\/\/www.educatiusacademy.org\/pl\/whats-included\/#primaryimage"},"thumbnailUrl":"https:\/\/www.educatiusacademy.org\/wp-content\/uploads\/2025\/02\/female-student-with-computer-measure-english-skills-1.jpg","datePublished":"2025-02-18T07:19:36+00:00","dateModified":"2025-07-04T07:51:50+00:00","description":"Doradztwo, opieka akademicka, korepetycje, opinie nauczycieli oraz przygotowanie do studi\u00f3w \u2013 wszystko to wliczone jest w Tw\u00f3j wirtualny program szko\u0142y \u015bredniej w USA.","breadcrumb":{"@id":"https:\/\/www.educatiusacademy.org\/pl\/whats-included\/#breadcrumb"},"inLanguage":"pl-PL","potentialAction":[{"@type":"ReadAction","target":["https:\/\/www.educatiusacademy.org\/pl\/whats-included\/"]}]},{"@type":"ImageObject","inLanguage":"pl-PL","@id":"https:\/\/www.educatiusacademy.org\/pl\/whats-included\/#primaryimage","url":"https:\/\/www.educatiusacademy.org\/wp-content\/uploads\/2025\/02\/female-student-with-computer-measure-english-skills-1.jpg","contentUrl":"https:\/\/www.educatiusacademy.org\/wp-content\/uploads\/2025\/02\/female-student-with-computer-measure-english-skills-1.jpg"},{"@type":"BreadcrumbList","@id":"https:\/\/www.educatiusacademy.org\/pl\/whats-included\/#breadcrumb","itemListElement":[{"@type":"ListItem","position":1,"name":"Home","item":"https:\/\/www.educatiusacademy.org\/pl\/"},{"@type":"ListItem","position":2,"name":"What&#8217;s included"}]},{"@type":"WebSite","@id":"https:\/\/www.educatiusacademy.org\/pl\/#website","url":"https:\/\/www.educatiusacademy.org\/pl\/","name":"Educatius Academy Online","description":"","publisher":{"@id":"https:\/\/www.educatiusacademy.org\/pl\/#organization"},"potentialAction":[{"@type":"SearchAction","target":{"@type":"EntryPoint","urlTemplate":"https:\/\/www.educatiusacademy.org\/pl\/?s={search_term_string}"},"query-input":{"@type":"PropertyValueSpecification","valueRequired":true,"valueName":"search_term_string"}}],"inLanguage":"pl-PL"},{"@type":"Organization","@id":"https:\/\/www.educatiusacademy.org\/pl\/#organization","name":"Educatius Academy Online","url":"https:\/\/www.educatiusacademy.org\/pl\/","logo":{"@type":"ImageObject","inLanguage":"pl-PL","@id":"https:\/\/www.educatiusacademy.org\/pl\/#\/schema\/logo\/image\/","url":"https:\/\/www.educatiusacademy.org\/wp-content\/uploads\/2025\/02\/educatius_academy_white.png","contentUrl":"https:\/\/www.educatiusacademy.org\/wp-content\/uploads\/2025\/02\/educatius_academy_white.png","width":837,"height":332,"caption":"Educatius Academy Online"},"image":{"@id":"https:\/\/www.educatiusacademy.org\/pl\/#\/schema\/logo\/image\/"}}]}},"_links":{"self":[{"href":"https:\/\/www.educatiusacademy.org\/pl\/wp-json\/wp\/v2\/pages\/2251","targetHints":{"allow":["GET"]}}],"collection":[{"href":"https:\/\/www.educatiusacademy.org\/pl\/wp-json\/wp\/v2\/pages"}],"about":[{"href":"https:\/\/www.educatiusacademy.org\/pl\/wp-json\/wp\/v2\/types\/page"}],"author":[{"embeddable":true,"href":"https:\/\/www.educatiusacademy.org\/pl\/wp-json\/wp\/v2\/users\/11"}],"replies":[{"embeddable":true,"href":"https:\/\/www.educatiusacademy.org\/pl\/wp-json\/wp\/v2\/comments?post=2251"}],"version-history":[{"count":4,"href":"https:\/\/www.educatiusacademy.org\/pl\/wp-json\/wp\/v2\/pages\/2251\/revisions"}],"predecessor-version":[{"id":2313,"href":"https:\/\/www.educatiusacademy.org\/pl\/wp-json\/wp\/v2\/pages\/2251\/revisions\/2313"}],"wp:attachment":[{"href":"https:\/\/www.educatiusacademy.org\/pl\/wp-json\/wp\/v2\/media?parent=2251"}],"wp:term":[{"taxonomy":"wf_page_folders","embeddable":true,"href":"https:\/\/www.educatiusacademy.org\/pl\/wp-json\/wp\/v2\/wf_page_folders?post=2251"}],"curies":[{"name":"wp","href":"https:\/\/api.w.org\/{rel}","templated":true}]}}