{"id":2270,"date":"2025-07-03T15:28:05","date_gmt":"2025-07-03T15:28:05","guid":{"rendered":"https:\/\/www.educatiusacademy.org\/?page_id=2270"},"modified":"2025-07-03T15:28:07","modified_gmt":"2025-07-03T15:28:07","slug":"all-online-dual-diploma","status":"publish","type":"page","link":"https:\/\/www.educatiusacademy.org\/pl\/all-online-dual-diploma\/","title":{"rendered":"All-Online Dual Diploma"},"content":{"rendered":"\n<div class=\"wp-block-group\"><div class=\"wp-block-group__inner-container is-layout-constrained wp-block-group-is-layout-constrained\">\n<div class=\"wp-block-group has-gray-background-color has-background\"><div class=\"wp-block-group__inner-container is-layout-constrained wp-block-group-is-layout-constrained\">\n<div style=\"height:100px\" aria-hidden=\"true\" class=\"wp-block-spacer\"><\/div>\n\n\n\n<div class=\"wp-block-columns has-gray-background-color has-background is-layout-flex wp-container-core-columns-is-layout-1 wp-block-columns-is-layout-flex\">\n<div class=\"wp-block-column is-layout-flow wp-block-column-is-layout-flow\">\n<div class=\"wp-block-educatius-title-paragraph-darkbutton container\"><div class=\"text-block-wrap py-4 py-md-0\"><h3 class=\"text-block-title text-primary\">\u015awiadectwo z zaj\u0119\u0107 zdalnych<\/h3><p class=\"text-primary\">Zdob\u0105d\u017a ameryka\u0144skie \u015bwiadectwo szko\u0142y \u015bredniej \u2013 wcale nie musisz wyje\u017cd\u017ca\u0107 z Polski.<br><br><strong>Zaj\u0119cia online + polska szko\u0142a \u015brednia<br><\/strong><br>Mo\u017cesz zdoby\u0107 dwa \u015bwiadectwa \u2013 jedno z Twojej polskiej szko\u0142y \u015bredniej, a drugie z akredytowanej szko\u0142y w Stanach Zjednoczonych \u2013 po uko\u0144czeniu roku szkolnego w Polsce oraz zdobyciu 5-6 punkt\u00f3w kredytowych na zaj\u0119ciach online. Uczestniczysz w lekcjach z przedmiot\u00f3w oferowanych przez nasze szko\u0142y partnerskie w USA, a jednocze\u015bnie kontynuujesz nauk\u0119 w swojej szkole w Polsce.<br><br><strong>Ucz si\u0119 elastycznie<\/strong><br><br>Zdobywanie kredyt\u00f3w ameryka\u0144skiej szko\u0142y \u015bredniej mo\u017ce trwa\u0107 od 1 do 4 lat \u2013 w trakcie roku szkolnego lub podczas wakacji. Zaj\u0119cia prowadzone s\u0105 w trybie asynchronicznym, co pozwala rozpocz\u0105\u0107 nauk\u0119 w dowolnej chwili i dostosowa\u0107 jej tempo do w\u0142asnych potrzeb. Uczniowie maj\u0105 r\u00f3wnie\u017c dost\u0119p do opcjonalnych zaj\u0119\u0107 na \u017cywo dwa razy w miesi\u0105cu w ramach podstawowych zaj\u0119\u0107, co zapewnia kontakt z nauczycielami i r\u00f3wie\u015bnikami.<br><br><strong>Wybieraj przedmioty wedle swoich zainteresowa\u0144<\/strong><br><br>Zaj\u0119cia obowi\u0105zkowe, takie jak j\u0119zyk angielski i historia Stan\u00f3w Zjednoczonych, uzupe\u0142nione s\u0105 przedmiotami fakultatywnymi, cz\u0119sto niedost\u0119pnymi w polskim systemie edukacyjnym. Mo\u017cliwo\u015b\u0107 wyboru przedmiot\u00f3w zgodnych z Twoimi indywidualnymi zainteresowaniami sprzyja rozwijaniu pasji, a to mo\u017ce pom\u00f3c w podj\u0119ciu decyzji o dalszych etapach edukacji.<\/p><a href=\"\/enroll-now\/\" class=\"btn btn-primary\">Zapisz si\u0119!<\/a><\/div><\/div>\n<\/div>\n\n\n\n<div class=\"wp-block-column is-layout-flow wp-block-column-is-layout-flow\">\n<div class=\"wp-block-educatius-bordered-text container\"><div class=\"quick-fact-section\"><h6 class=\"text-block-title text-primary\">Najwa\u017cniejsze informacje: \u015bwiadectwo szko\u0142y \u015bredniej online<\/h6><ul class=\"list-group text-primary\"><li class=\"list-item\">Uko\u0144cz 5-6 przedmiot\u00f3w online w trybie asynchronicznym \u2013 r\u00f3wnolegle z nauk\u0105 w swojej polskiej szkole<\/li><br><li class=\"list-item\">Po\u0142\u0105czenie edukacji lokalnej i internetowej pozwala uzyska\u0107 \u015bwiadectwo uko\u0144czenia ameryka\u0144skiej szko\u0142y \u015bredniej<\/li><br><li class=\"list-item\">Korzystaj ze wsparcia nauczycieli i doradc\u00f3w edukacyjnych<\/li><br><li class=\"list-item\">Mo\u017cliwo\u015b\u0107 roz\u0142o\u017cenia nauki online na okres od 1 do 4 lat<\/li><br><li class=\"list-item\">Elastyczno\u015b\u0107 w wyborze czasu nauki \u2013 w roku szkolnym lub na wakacjach<\/li><br><li class=\"list-item\">Swobodny start \u2013 rozpocznij nauk\u0119 w dowolnym momencie i ucz si\u0119 we w\u0142asnym tempie<\/li><\/ul><\/div><\/div>\n<\/div>\n<\/div>\n<\/div><\/div>\n<\/div><\/div>\n\n\n\n<section class=\"wp-block-educatius-right-image-and-text highlight-section-reverse py-1 py-sm-2 py-md-2 py-sm-5 py-md-5 container\"><div class=\"container\"><div class=\"row\"><div class=\"col-md-6 order-md-1\"><img decoding=\"async\" src=\"https:\/\/www.educatiusacademy.org\/wp-content\/uploads\/2025\/02\/girl-smiling-in-graduation-day.jpg\" class=\"w-100\" \/><\/div><div class=\"col-md-6 order-md-0\" style=\"background:#e8b8a6\"><div class=\"text-block-wrap py-md-0 px-md-5\"><span class=\"text-block-title\" style=\"color:#000000\"><\/span><h3 class=\"text-block-title\" style=\"color:#000000\">Um\u00f3w si\u0119 na bezp\u0142atn\u0105 konsultacj\u0119 edukacyjn\u0105<\/h3><p style=\"color:#000000\">Zapraszamy na indywidualne spotkanie, podczas ch\u0119tnie dowiemy si\u0119 wi\u0119cej o Twoich celach edukacyjnych. Wsp\u00f3lnie opracujemy najlepsz\u0105 strategi\u0119, aby skutecznie je zrealizowa\u0107.<\/p><a href=\"\/contact-us-student\/\" class=\"btn btn-outline-primary btn-lg\" style=\"background-color:#691c32;border-color:#691c32;color:#ffffff\">Um\u00f3w bezp\u0142atna konsultacj\u0119<\/a><\/div><\/div><\/div><\/div><\/section>\n\n\n\n<div class=\"wp-block-educatius-underscore-heading container\"><h2 class=\"section-title text-center mx-auto mt-5 mb-2\">Opinie naszych absolwent\u00f3w<\/h2><\/div>\n\n\n\n<div class=\"wp-block-educatius-testimonial-slider students-feedback-wrap bg-lightest-blue container\"><div class=\"container\"><div class=\"row\"><div class=\"col-md-6\"><div class=\"student-img-swipe swiper\"><div class=\"swiper-wrapper\"><div class=\"swiper-slide student-img-wrap\"><img decoding=\"async\" src=\"https:\/\/www.educatiusacademy.org\/wp-content\/uploads\/2025\/02\/academy-online-student-testimonial-2-400x400px-e1741863561871.jpg\" alt=\"testimonial-0\" class=\"w-100\" \/><\/div><\/div><\/div><\/div><div class=\"col-md-6\"><div class=\"student-feedback-column p-5\"><div class=\"student-feedback-text swiper position-relative pb-5\"><div class=\"swiper-wrapper\"><div class=\"swiper-slide feedback-text-wrap\"><p class=\"mb-5\">\u201cPlatforma jest wyj\u0105tkowo intuicyjna i \u0142atwa w obs\u0142udze. Szczeg\u00f3lnie podoba mi si\u0119 mo\u017cliwo\u015b\u0107 monitorowania w\u0142asnych post\u0119p\u00f3w i przejrzysty kalendarz, kt\u00f3ry u\u0142atwia organizacj\u0119 nauki. Je\u015bli realizujesz wskaz\u00f3wki nauczycieli i zalecenia dost\u0119pne na platformie, na pewno nie pozostaniesz w tyle\u201d<\/p><p class=\"feedback-author\">Patrik (18 lat), Dania<\/p><\/div><\/div><div class=\"swiper-pagination student-feedback-dots d-flex align-items-center\"><\/div><\/div><\/div><\/div><\/div><\/div><\/div>\n","protected":false},"excerpt":{"rendered":"","protected":false},"author":11,"featured_media":0,"parent":0,"menu_order":0,"comment_status":"closed","ping_status":"closed","template":"","meta":{"_acf_changed":false,"inline_featured_image":false,"footnotes":""},"wf_page_folders":[],"class_list":["post-2270","page","type-page","status-publish","hentry"],"acf":[],"yoast_head":"<!-- This site is optimized with the Yoast SEO Premium plugin v23.4 (Yoast SEO v23.6) - https:\/\/yoast.com\/wordpress\/plugins\/seo\/ -->\n<title>Program zdalny \u2013 zdob\u0105d\u017a ameryka\u0144skie \u015bwiadectwo! - Educatius Academy Online<\/title>\n<meta name=\"description\" content=\"Zdob\u0105d\u017a ameryka\u0144skie \u015bwiadectwo szko\u0142y \u015bredniej, ucz\u0105c si\u0119 online \u2013 r\u00f3wnolegle z nauk\u0105 w swojej polskiej szkole \u2013 bez konieczno\u015bci wyjazdu z Polski.\" \/>\n<meta name=\"robots\" content=\"index, follow, max-snippet:-1, max-image-preview:large, max-video-preview:-1\" \/>\n<link rel=\"canonical\" href=\"https:\/\/www.educatiusacademy.org\/pl\/all-online-dual-diploma\/\" \/>\n<meta property=\"og:locale\" content=\"pl_PL\" \/>\n<meta property=\"og:type\" content=\"article\" \/>\n<meta property=\"og:title\" content=\"All-Online Dual Diploma\" \/>\n<meta property=\"og:description\" content=\"Zdob\u0105d\u017a ameryka\u0144skie \u015bwiadectwo szko\u0142y \u015bredniej, ucz\u0105c si\u0119 online \u2013 r\u00f3wnolegle z nauk\u0105 w swojej polskiej szkole \u2013 bez konieczno\u015bci wyjazdu z Polski.\" \/>\n<meta property=\"og:url\" content=\"https:\/\/www.educatiusacademy.org\/pl\/all-online-dual-diploma\/\" \/>\n<meta property=\"og:site_name\" content=\"Educatius Academy Online\" \/>\n<meta property=\"article:modified_time\" content=\"2025-07-03T15:28:07+00:00\" \/>\n<meta property=\"og:image\" content=\"https:\/\/www.educatiusacademy.org\/wp-content\/uploads\/2025\/02\/girl-smiling-in-graduation-day.jpg\" \/>\n<meta name=\"twitter:card\" content=\"summary_large_image\" \/>\n<meta name=\"twitter:label1\" content=\"Est. reading time\" \/>\n\t<meta name=\"twitter:data1\" content=\"2 minuty\" \/>\n<script type=\"application\/ld+json\" class=\"yoast-schema-graph\">{\"@context\":\"https:\/\/schema.org\",\"@graph\":[{\"@type\":\"WebPage\",\"@id\":\"https:\/\/www.educatiusacademy.org\/pl\/all-online-dual-diploma\/\",\"url\":\"https:\/\/www.educatiusacademy.org\/pl\/all-online-dual-diploma\/\",\"name\":\"Program zdalny \u2013 zdob\u0105d\u017a ameryka\u0144skie \u015bwiadectwo! - Educatius Academy Online\",\"isPartOf\":{\"@id\":\"https:\/\/www.educatiusacademy.org\/pl\/#website\"},\"primaryImageOfPage\":{\"@id\":\"https:\/\/www.educatiusacademy.org\/pl\/all-online-dual-diploma\/#primaryimage\"},\"image\":{\"@id\":\"https:\/\/www.educatiusacademy.org\/pl\/all-online-dual-diploma\/#primaryimage\"},\"thumbnailUrl\":\"https:\/\/www.educatiusacademy.org\/wp-content\/uploads\/2025\/02\/girl-smiling-in-graduation-day.jpg\",\"datePublished\":\"2025-07-03T15:28:05+00:00\",\"dateModified\":\"2025-07-03T15:28:07+00:00\",\"description\":\"Zdob\u0105d\u017a ameryka\u0144skie \u015bwiadectwo szko\u0142y \u015bredniej, ucz\u0105c si\u0119 online \u2013 r\u00f3wnolegle z nauk\u0105 w swojej polskiej szkole \u2013 bez konieczno\u015bci wyjazdu z Polski.\",\"breadcrumb\":{\"@id\":\"https:\/\/www.educatiusacademy.org\/pl\/all-online-dual-diploma\/#breadcrumb\"},\"inLanguage\":\"pl-PL\",\"potentialAction\":[{\"@type\":\"ReadAction\",\"target\":[\"https:\/\/www.educatiusacademy.org\/pl\/all-online-dual-diploma\/\"]}]},{\"@type\":\"ImageObject\",\"inLanguage\":\"pl-PL\",\"@id\":\"https:\/\/www.educatiusacademy.org\/pl\/all-online-dual-diploma\/#primaryimage\",\"url\":\"https:\/\/www.educatiusacademy.org\/wp-content\/uploads\/2025\/02\/girl-smiling-in-graduation-day.jpg\",\"contentUrl\":\"https:\/\/www.educatiusacademy.org\/wp-content\/uploads\/2025\/02\/girl-smiling-in-graduation-day.jpg\"},{\"@type\":\"BreadcrumbList\",\"@id\":\"https:\/\/www.educatiusacademy.org\/pl\/all-online-dual-diploma\/#breadcrumb\",\"itemListElement\":[{\"@type\":\"ListItem\",\"position\":1,\"name\":\"Home\",\"item\":\"https:\/\/www.educatiusacademy.org\/pl\/\"},{\"@type\":\"ListItem\",\"position\":2,\"name\":\"All-Online Dual Diploma\"}]},{\"@type\":\"WebSite\",\"@id\":\"https:\/\/www.educatiusacademy.org\/pl\/#website\",\"url\":\"https:\/\/www.educatiusacademy.org\/pl\/\",\"name\":\"Educatius Academy Online\",\"description\":\"\",\"publisher\":{\"@id\":\"https:\/\/www.educatiusacademy.org\/pl\/#organization\"},\"potentialAction\":[{\"@type\":\"SearchAction\",\"target\":{\"@type\":\"EntryPoint\",\"urlTemplate\":\"https:\/\/www.educatiusacademy.org\/pl\/?s={search_term_string}\"},\"query-input\":{\"@type\":\"PropertyValueSpecification\",\"valueRequired\":true,\"valueName\":\"search_term_string\"}}],\"inLanguage\":\"pl-PL\"},{\"@type\":\"Organization\",\"@id\":\"https:\/\/www.educatiusacademy.org\/pl\/#organization\",\"name\":\"Educatius Academy Online\",\"url\":\"https:\/\/www.educatiusacademy.org\/pl\/\",\"logo\":{\"@type\":\"ImageObject\",\"inLanguage\":\"pl-PL\",\"@id\":\"https:\/\/www.educatiusacademy.org\/pl\/#\/schema\/logo\/image\/\",\"url\":\"https:\/\/www.educatiusacademy.org\/wp-content\/uploads\/2025\/02\/educatius_academy_white.png\",\"contentUrl\":\"https:\/\/www.educatiusacademy.org\/wp-content\/uploads\/2025\/02\/educatius_academy_white.png\",\"width\":837,\"height\":332,\"caption\":\"Educatius Academy Online\"},\"image\":{\"@id\":\"https:\/\/www.educatiusacademy.org\/pl\/#\/schema\/logo\/image\/\"}}]}<\/script>\n<!-- \/ Yoast SEO Premium plugin. -->","yoast_head_json":{"title":"Program zdalny \u2013 zdob\u0105d\u017a ameryka\u0144skie \u015bwiadectwo! - Educatius Academy Online","description":"Zdob\u0105d\u017a ameryka\u0144skie \u015bwiadectwo szko\u0142y \u015bredniej, ucz\u0105c si\u0119 online \u2013 r\u00f3wnolegle z nauk\u0105 w swojej polskiej szkole \u2013 bez konieczno\u015bci wyjazdu z Polski.","robots":{"index":"index","follow":"follow","max-snippet":"max-snippet:-1","max-image-preview":"max-image-preview:large","max-video-preview":"max-video-preview:-1"},"canonical":"https:\/\/www.educatiusacademy.org\/pl\/all-online-dual-diploma\/","og_locale":"pl_PL","og_type":"article","og_title":"All-Online Dual Diploma","og_description":"Zdob\u0105d\u017a ameryka\u0144skie \u015bwiadectwo szko\u0142y \u015bredniej, ucz\u0105c si\u0119 online \u2013 r\u00f3wnolegle z nauk\u0105 w swojej polskiej szkole \u2013 bez konieczno\u015bci wyjazdu z Polski.","og_url":"https:\/\/www.educatiusacademy.org\/pl\/all-online-dual-diploma\/","og_site_name":"Educatius Academy Online","article_modified_time":"2025-07-03T15:28:07+00:00","og_image":[{"url":"https:\/\/www.educatiusacademy.org\/wp-content\/uploads\/2025\/02\/girl-smiling-in-graduation-day.jpg"}],"twitter_card":"summary_large_image","twitter_misc":{"Est. reading time":"2 minuty"},"schema":{"@context":"https:\/\/schema.org","@graph":[{"@type":"WebPage","@id":"https:\/\/www.educatiusacademy.org\/pl\/all-online-dual-diploma\/","url":"https:\/\/www.educatiusacademy.org\/pl\/all-online-dual-diploma\/","name":"Program zdalny \u2013 zdob\u0105d\u017a ameryka\u0144skie \u015bwiadectwo! - Educatius Academy Online","isPartOf":{"@id":"https:\/\/www.educatiusacademy.org\/pl\/#website"},"primaryImageOfPage":{"@id":"https:\/\/www.educatiusacademy.org\/pl\/all-online-dual-diploma\/#primaryimage"},"image":{"@id":"https:\/\/www.educatiusacademy.org\/pl\/all-online-dual-diploma\/#primaryimage"},"thumbnailUrl":"https:\/\/www.educatiusacademy.org\/wp-content\/uploads\/2025\/02\/girl-smiling-in-graduation-day.jpg","datePublished":"2025-07-03T15:28:05+00:00","dateModified":"2025-07-03T15:28:07+00:00","description":"Zdob\u0105d\u017a ameryka\u0144skie \u015bwiadectwo szko\u0142y \u015bredniej, ucz\u0105c si\u0119 online \u2013 r\u00f3wnolegle z nauk\u0105 w swojej polskiej szkole \u2013 bez konieczno\u015bci wyjazdu z Polski.","breadcrumb":{"@id":"https:\/\/www.educatiusacademy.org\/pl\/all-online-dual-diploma\/#breadcrumb"},"inLanguage":"pl-PL","potentialAction":[{"@type":"ReadAction","target":["https:\/\/www.educatiusacademy.org\/pl\/all-online-dual-diploma\/"]}]},{"@type":"ImageObject","inLanguage":"pl-PL","@id":"https:\/\/www.educatiusacademy.org\/pl\/all-online-dual-diploma\/#primaryimage","url":"https:\/\/www.educatiusacademy.org\/wp-content\/uploads\/2025\/02\/girl-smiling-in-graduation-day.jpg","contentUrl":"https:\/\/www.educatiusacademy.org\/wp-content\/uploads\/2025\/02\/girl-smiling-in-graduation-day.jpg"},{"@type":"BreadcrumbList","@id":"https:\/\/www.educatiusacademy.org\/pl\/all-online-dual-diploma\/#breadcrumb","itemListElement":[{"@type":"ListItem","position":1,"name":"Home","item":"https:\/\/www.educatiusacademy.org\/pl\/"},{"@type":"ListItem","position":2,"name":"All-Online Dual Diploma"}]},{"@type":"WebSite","@id":"https:\/\/www.educatiusacademy.org\/pl\/#website","url":"https:\/\/www.educatiusacademy.org\/pl\/","name":"Educatius Academy Online","description":"","publisher":{"@id":"https:\/\/www.educatiusacademy.org\/pl\/#organization"},"potentialAction":[{"@type":"SearchAction","target":{"@type":"EntryPoint","urlTemplate":"https:\/\/www.educatiusacademy.org\/pl\/?s={search_term_string}"},"query-input":{"@type":"PropertyValueSpecification","valueRequired":true,"valueName":"search_term_string"}}],"inLanguage":"pl-PL"},{"@type":"Organization","@id":"https:\/\/www.educatiusacademy.org\/pl\/#organization","name":"Educatius Academy Online","url":"https:\/\/www.educatiusacademy.org\/pl\/","logo":{"@type":"ImageObject","inLanguage":"pl-PL","@id":"https:\/\/www.educatiusacademy.org\/pl\/#\/schema\/logo\/image\/","url":"https:\/\/www.educatiusacademy.org\/wp-content\/uploads\/2025\/02\/educatius_academy_white.png","contentUrl":"https:\/\/www.educatiusacademy.org\/wp-content\/uploads\/2025\/02\/educatius_academy_white.png","width":837,"height":332,"caption":"Educatius Academy Online"},"image":{"@id":"https:\/\/www.educatiusacademy.org\/pl\/#\/schema\/logo\/image\/"}}]}},"_links":{"self":[{"href":"https:\/\/www.educatiusacademy.org\/pl\/wp-json\/wp\/v2\/pages\/2270","targetHints":{"allow":["GET"]}}],"collection":[{"href":"https:\/\/www.educatiusacademy.org\/pl\/wp-json\/wp\/v2\/pages"}],"about":[{"href":"https:\/\/www.educatiusacademy.org\/pl\/wp-json\/wp\/v2\/types\/page"}],"author":[{"embeddable":true,"href":"https:\/\/www.educatiusacademy.org\/pl\/wp-json\/wp\/v2\/users\/11"}],"replies":[{"embeddable":true,"href":"https:\/\/www.educatiusacademy.org\/pl\/wp-json\/wp\/v2\/comments?post=2270"}],"version-history":[{"count":2,"href":"https:\/\/www.educatiusacademy.org\/pl\/wp-json\/wp\/v2\/pages\/2270\/revisions"}],"predecessor-version":[{"id":2499,"href":"https:\/\/www.educatiusacademy.org\/pl\/wp-json\/wp\/v2\/pages\/2270\/revisions\/2499"}],"wp:attachment":[{"href":"https:\/\/www.educatiusacademy.org\/pl\/wp-json\/wp\/v2\/media?parent=2270"}],"wp:term":[{"taxonomy":"wf_page_folders","embeddable":true,"href":"https:\/\/www.educatiusacademy.org\/pl\/wp-json\/wp\/v2\/wf_page_folders?post=2270"}],"curies":[{"name":"wp","href":"https:\/\/api.w.org\/{rel}","templated":true}]}}