{"id":2272,"date":"2025-02-18T06:44:58","date_gmt":"2025-02-18T06:44:58","guid":{"rendered":"https:\/\/www.educatiusacademy.org\/?page_id=2272"},"modified":"2025-11-03T10:12:08","modified_gmt":"2025-11-03T10:12:08","slug":"hybrid-dual-diploma","status":"publish","type":"page","link":"https:\/\/www.educatiusacademy.org\/pl\/dual-diploma\/hybrid-dual-diploma\/","title":{"rendered":"Hybrid dual diploma"},"content":{"rendered":"\n<p><\/p>\n\n\n\n<div class=\"wp-block-group has-gray-background-color has-background\"><div class=\"wp-block-group__inner-container is-layout-constrained wp-block-group-is-layout-constrained\">\n<div class=\"wp-block-group container\"><div class=\"wp-block-group__inner-container is-layout-constrained wp-block-group-is-layout-constrained\">\n<div class=\"wp-block-group has-gray-background-color has-background\"><div class=\"wp-block-group__inner-container is-layout-constrained wp-block-group-is-layout-constrained\">\n<div style=\"height:100px\" aria-hidden=\"true\" class=\"wp-block-spacer\"><\/div>\n\n\n\n<div style=\"height:11px\" aria-hidden=\"true\" class=\"wp-block-spacer\"><\/div>\n\n\n\n<h1 class=\"wp-block-heading has-text-align-center\" id=\"h-dwa-swiadectwa-ucz-sie-w-liceum-w-usa\">Dwa \u015bwiadectwa \u2013 ucz si\u0119 w liceum w USA<\/h1>\n\n\n\n<div class=\"wp-block-columns has-gray-background-color has-background is-layout-flex wp-container-core-columns-is-layout-1 wp-block-columns-is-layout-flex\">\n<div class=\"wp-block-column is-layout-flow wp-block-column-is-layout-flow\">\n<div class=\"wp-block-educatius-title-paragraph-darkbutton container\"><div class=\"text-block-wrap py-4 py-md-0\"><h3 class=\"text-block-title text-primary\">Jak to dzia\u0142a?<\/h3><p class=\"text-primary\">Uczniowie uczestnicz\u0105cy w programach edukacyjnych maj\u0105 teraz mo\u017cliwo\u015b\u0107 zdobycia \u015bwiadectwa ameryka\u0144skiej szko\u0142y \u015bredniej. Dzi\u0119ki po\u0142\u0105czeniu zaj\u0119\u0107 realizowanych za granic\u0105, lekcji online oraz nauki w miejscowej szkole uczniowie otrzymuj\u0105 dwa \u015bwiadectwa (tryb hybrydowy).<br><br><strong>Nauka za granic\u0105 + zaj\u0119cia online + miejscowa szko\u0142a w Polsce<br><\/strong><br>Aby uko\u0144czy\u0107 program, nale\u017cy zdoby\u0107 \u0142\u0105cznie 5-6 ameryka\u0144skich punkt\u00f3w kredytowych. Po zako\u0144czeniu nauki w swojej polskiej szkole \u015bredniej oraz uzyskaniu wymaganych ameryka\u0144skich punkt\u00f3w kredytowych otrzymujesz dwa \u015bwiadectwa. W czasie wymiany mo\u017cesz zaliczy\u0107 do 2 punkt\u00f3w kredytowych w szkole mi\u0119dzynarodowej, co oznacza, \u017ce potrzebne b\u0119d\u0105 jedynie 3-4 dodatkowe zaj\u0119cia online.<br><br><strong>Ucz si\u0119 elastycznie<\/strong><br><br>Zaj\u0119cia online mo\u017cna odbywa\u0107 przed wyjazdem na wymian\u0119, po powrocie lub w obu tych okresach. Istnieje r\u00f3wnie\u017c mo\u017cliwo\u015b\u0107 nauki w czasie wakacji. Zaj\u0119cia odbywaj\u0105 si\u0119 asynchronicznie \u2013 mo\u017cna je rozpocz\u0105\u0107 w dowolnym momencie i uczy\u0107 si\u0119 we w\u0142asnym tempie. W ramach kurs\u00f3w podstawowych oferujemy r\u00f3wnie\u017c opcjonalne spotkania na \u017cywo dwa razy w miesi\u0105cu, co zapewnia kontakt z nauczycielami i r\u00f3wie\u015bnikami.<br><br><strong>Wybieraj przedmioty wedle swoich zainteresowa\u0144<\/strong><br><br>Zaj\u0119cia obowi\u0105zkowe, takie jak j\u0119zyk angielski i historia Stan\u00f3w Zjednoczonych, uzupe\u0142nione s\u0105 przedmiotami fakultatywnymi, cz\u0119sto niedost\u0119pnymi w polskim systemie edukacyjnym. Mo\u017cliwo\u015b\u0107 wyboru przedmiot\u00f3w zgodnych z Twoimi indywidualnymi zainteresowaniami sprzyja rozwijaniu pasji, a to mo\u017ce pom\u00f3c w podj\u0119ciu decyzji o dalszych etapach edukacji.<\/p><a href=\"\/pl\/enroll-now\/\" class=\"btn btn-primary\">Zacznij rozmow\u0119<\/a><\/div><\/div>\n<\/div>\n\n\n\n<div class=\"wp-block-column is-layout-flow wp-block-column-is-layout-flow\">\n<div class=\"wp-block-educatius-bordered-text container\"><div class=\"quick-fact-section\"><h6 class=\"text-block-title text-primary\">Najwa\u017cniejsze informacje: dwa \u015bwiadectwa \u2013 tryb hybrydowy<\/h6><ul class=\"list-group text-primary\"><li class=\"list-item\">Po\u0142\u0105czenie zaj\u0119\u0107 w ramach wymiany mi\u0119dzynarodowej, online i lokalnej szko\u0142y<br><\/li><br><li class=\"list-item\">Zaliczone przedmioty umo\u017cliwiaj\u0105 zdobycie \u015bwiadectwa ameryka\u0144skiej szko\u0142y \u015bredniej!<\/li><br><li class=\"list-item\">Mo\u017cliwo\u015b\u0107 nauki online przed lub po wymianie \u2013 lub w obu tych terminach<\/li><br><li class=\"list-item\">Wsparcie ze strony nauczycieli i doradc\u00f3w edukacyjnych<\/li><br><li class=\"list-item\">Elastyczna nauka online w roku szkolnym lub w wakacje<\/li><br><li class=\"list-item\">Mo\u017cliwo\u015b\u0107 roz\u0142o\u017cenia programu zaj\u0119\u0107 na 1-4 lata<\/li><br><li class=\"list-item\">Rozpocz\u0119cie zaj\u0119\u0107 w dowolnej chwili i nauka we w\u0142asnym tempie<\/li><br><strong>Czytaj wi\u0119cej<\/strong><a href=\"https:\/\/www.educatiusacademy.org\/pl\/dual-diploma\/\">Si\u0142a podw\u00f3jnego dyplomu<\/a><\/ul><\/div><\/div>\n<\/div>\n<\/div>\n<\/div><\/div>\n<\/div><\/div>\n<\/div><\/div>\n\n\n\n<section class=\"wp-block-educatius-right-image-and-text highlight-section-reverse py-1 py-sm-2 py-md-2 py-sm-5 py-md-5\"><div class=\"container\"><div class=\"row\"><div class=\"col-md-6 order-md-1\"><img decoding=\"async\" src=\"https:\/\/www.educatiusacademy.org\/wp-content\/uploads\/2025\/02\/girls-with-a-view-640x560px-2.jpg\" class=\"w-100\" \/><\/div><div class=\"col-md-6 order-md-0\" style=\"background:#691c32\"><div class=\"text-block-wrap py-md-0 px-md-5\"><span class=\"text-block-title\" style=\"color:#ffffff\"><\/span><h3 class=\"text-block-title\" style=\"color:#ffffff\">Nauka za granic\u0105 w USA<\/h3><p style=\"color:#ffffff\">Program tryby hybrydowego to doskona\u0142y spos\u00f3b na wzbogacenie do\u015bwiadcze\u0144, jakie mo\u017cna zdoby\u0107 podczas nauki za granic\u0105. Uczniowie mog\u0105 realizowa\u0107 program w ka\u017cdej akredytowanej szkole \u015bredniej. W ramach wymiany w USA zanurzysz si\u0119 w inspiruj\u0105cym \u015brodowisku akademickim i do\u015bwiadczysz znanych z ameryka\u0144skich szk\u00f3\u0142 aktywno\u015bci pozalekcyjnych. Co wi\u0119cej, biegle opanujesz j\u0119zyk angielski. Je\u015bli rozwa\u017casz wyjazd na wymian\u0119 lub chcesz uzyska\u0107 wi\u0119cej informacji \u2013 skontaktuj si\u0119 z nami. Co roku wysy\u0142amy ponad 7 000 uczni\u00f3w na programy wymiany \u2013 z ch\u0119ci\u0105 pomo\u017cemy Ci prze\u017cy\u0107 niezapomnian\u0105 przygod\u0119<\/p><a href=\"https:\/\/www.educatius.org\/\" class=\"btn btn-outline-primary btn-lg\" style=\"background-color:#ffffff;border-color:#ffffff\">Poznaj mo\u017cliwo\u015bci wymiany<\/a><\/div><\/div><\/div><\/div><\/section>\n\n\n\n<section class=\"wp-block-educatius-left-image-and-text highlight-section py-1 py-sm-2 py-md-2 py-sm-5 py-md-5 py-3\"><div class=\"container\"><div class=\"row\"><div class=\"col-md-6\"><img decoding=\"async\" src=\"https:\/\/www.educatiusacademy.org\/wp-content\/uploads\/2025\/02\/classmates-graduating-1600x600px.jpg\" class=\"w-100\" \/><\/div><div class=\"col-md-6\" style=\"background:#009490\"><div class=\"text-block-wrap py-md-0 px-md-5\"><span class=\"text-block-title\" style=\"color:#ffffff\"><\/span><h3 class=\"text-block-title\" style=\"color:#ffffff\">Um\u00f3w si\u0119 na konsultacj\u0119 edukacyjn\u0105<\/h3><p style=\"color:#ffffff\">Zapraszamy na indywidualne spotkanie, podczas kt\u00f3rego ch\u0119tnie pos\u0142uchamy o Twoich celach edukacyjnych. Wsp\u00f3lnie wypracujemy mo\u017cliwie jak najlepsz\u0105 strategi\u0119, kt\u00f3ra pozwoli Ci je wszystkie skutecznie zrealizowa\u0107.<br><a href=\"https:\/\/www.educatiusacademy.org\/pl\/contact-us-student\/\"><\/a><\/p><a href=\"\/pl\/contact-us-student\/\" class=\"btn btn-outline-primary btn-lg\" style=\"border-color:#000000;color:#000000\">Um\u00f3w bezp\u0142atn\u0105 konsultacj\u0119<\/a><\/div><\/div><\/div><\/div><\/section>\n\n\n\n<div class=\"wp-block-educatius-underscore-heading container\"><h2 class=\"section-title text-center mx-auto mt-5 mb-2\">Cz\u0119sto zadawane pytania<\/h2><\/div>\n\n\n\n<div class=\"wp-block-educatius-faq-accordion container\"><div class=\"accordion\" id=\"accordionExample\"><div class=\"accordion-item\"><h2 class=\"accordion-header\" id=\"heading2262\"><button class=\"accordion-button collapsed\" type=\"button\" data-bs-toggle=\"collapse\" data-bs-target=\"#tab2262\" aria-expanded=\"false\" aria-controls=\"tab2262\">Kiedy mo\u017cna rozpocz\u0105\u0107 nauk\u0119?<\/button><\/h2><div id=\"tab2262\" class=\"accordion-collapse collapse\" aria-labelledby=\"heading2262\" data-bs-parent=\"#accordionExample\"><div class=\"accordion-body\"><p>Rekrutacja prowadzona jest w trybie ci\u0105g\u0142ym \u2013 mo\u017cesz si\u0119 zg\u0142osi\u0107 i rozpocz\u0105\u0107 nauk\u0119 w ka\u017cdej chwili. Do\u0142\u0105czy\u0107 mog\u0105 uczniowie klas 1, 2, 3 lub nawet 4 liceum i technikum. Aby uzyska\u0107 dyplom z USA nale\u017cy zaliczy\u0107 ok. 6 przedmiot\u00f3w w trakcie ca\u0142ego liceum (np. 2 w klasie drugiej, 2 w trzeciej i 2 w czwartej).<\/p><\/div><\/div><\/div><div class=\"accordion-item\"><h2 class=\"accordion-header\" id=\"heading1229\"><button class=\"accordion-button collapsed\" type=\"button\" data-bs-toggle=\"collapse\" data-bs-target=\"#tab1229\" aria-expanded=\"false\" aria-controls=\"tab1229\">Czy Dual Diploma zwi\u0119ksza szans\u0119 na wymarzone studia?<\/button><\/h2><div id=\"tab1229\" class=\"accordion-collapse collapse\" aria-labelledby=\"heading1229\" data-bs-parent=\"#accordionExample\"><div class=\"accordion-body\"><p>Tak. Posiadanie dw\u00f3ch \u015bwiadectw uko\u0144czenia liceum &#8211; polskiego i ameryka\u0144skiego, jest dowodem dla uczelni, \u017ce jeste\u015bmy dobrze przygotowani i ambitni. Dual Diploma umo\u017cliwia aplikowanie na podstawie tej matury, kt\u00f3ra lepiej nam posz\u0142a, a cz\u0119sto r\u00f3wnie\u017c daje dodatkowe punkty. Dyplom ameryka\u0144skiej uczelni jest szczeg\u00f3lnie ceniony na zagranicznych uczelniach. Ponadto, uzyskasz wsparcie profesjonalnego College Advisora z USA w przygotowaniu aplikacji na angloj\u0119zyczne studia. <\/p><\/div><\/div><\/div><div class=\"accordion-item\"><h2 class=\"accordion-header\" id=\"heading7936\"><button class=\"accordion-button collapsed\" type=\"button\" data-bs-toggle=\"collapse\" data-bs-target=\"#tab7936\" aria-expanded=\"false\" aria-controls=\"tab7936\">Ile czasu zajmuje nauka w ameryka\u0144skiej szkole w chmurze? <\/button><\/h2><div id=\"tab7936\" class=\"accordion-collapse collapse\" aria-labelledby=\"heading7936\" data-bs-parent=\"#accordionExample\"><div class=\"accordion-body\"><p>W trybie Dual Diploma jest to tylko kilka godzin w tygodniu, a nauka jest elastyczna, na przyjaznej platformie dost\u0119pnej 24\/7. Je\u015bli chcesz uczy\u0107 si\u0119 w pe\u0142ni w systemie ameryka\u0144skim, bez polskiej szko\u0142y, nauka zajmie Ci ok. 10-15 godz. w tygodniu.<\/p><\/div><\/div><\/div><div class=\"accordion-item\"><h2 class=\"accordion-header\" id=\"heading5703\"><button class=\"accordion-button collapsed\" type=\"button\" data-bs-toggle=\"collapse\" data-bs-target=\"#tab5703\" aria-expanded=\"false\" aria-controls=\"tab5703\">Czy b\u0119d\u0119 mie\u0107 kontakt z nauczycielami? <\/button><\/h2><div id=\"tab5703\" class=\"accordion-collapse collapse\" aria-labelledby=\"heading5703\" data-bs-parent=\"#accordionExample\"><div class=\"accordion-body\"><p>Tak. Cho\u0107 nauka g\u0142\u00f3wnie odbywa si\u0119 w dowolnym dla Ciebie czasie, to mo\u017cesz spotka\u0107 nauczycieli z naszych szk\u00f3\u0142 na regularnych, nieobowi\u0105zkowych wyk\u0142adach, a tak\u017ce podczas dy\u017cur\u00f3w i indywidualnych konsultacji. W ka\u017cdym czasie mo\u017cesz r\u00f3wnie\u017c porozmawia\u0107 z nauczycielem na czacie 24\/7. <\/p><\/div><\/div><\/div><div class=\"accordion-item\"><h2 class=\"accordion-header\" id=\"heading1394\"><button class=\"accordion-button collapsed\" type=\"button\" data-bs-toggle=\"collapse\" data-bs-target=\"#tab1394\" aria-expanded=\"false\" aria-controls=\"tab1394\">Co wyr\u00f3\u017cnia Educatius Academy od innych szk\u00f3\u0142? <\/button><\/h2><div id=\"tab1394\" class=\"accordion-collapse collapse\" aria-labelledby=\"heading1394\" data-bs-parent=\"#accordionExample\"><div class=\"accordion-body\"><p>Jako jedyna organizacja oferujemy nauk\u0119 w prawdziwych, niewirtualnych, renomowanych szko\u0142ach z kampusami w USA. Wyobra\u017a sobie bycie uczniem Washington Academy, szko\u0142y za\u0142o\u017conej w 1792 r., kt\u00f3rej absolwenci studiuj\u0105 na topowych uczelniach na ca\u0142ym \u015bwiecie. Ponadto, ka\u017cdy nasz ucze\u0144 ma w cenie pe\u0142ne wsparcie mentora, korepetycje 24\/7, kursy SAT\/IELTS oraz College Advising.<\/p><\/div><\/div><\/div><div class=\"accordion-item\"><h2 class=\"accordion-header\" id=\"heading3865\"><button class=\"accordion-button collapsed\" type=\"button\" data-bs-toggle=\"collapse\" data-bs-target=\"#tab3865\" aria-expanded=\"false\" aria-controls=\"tab3865\">Czy mog\u0119 wybra\u0107 sobie przedmioty?<\/button><\/h2><div id=\"tab3865\" class=\"accordion-collapse collapse\" aria-labelledby=\"heading3865\" data-bs-parent=\"#accordionExample\"><div class=\"accordion-body\"><p>Tak, ka\u017cda szko\u0142a oferuje szeroki wyb\u00f3r przedmiot\u00f3w (m.in. robotyka, psychologia, ekonomia, biznes, sztuka i wiele innych). Ka\u017cdy ucze\u0144 Dual Diploma powinien zaliczy\u0107 6 przedmiot\u00f3w w trakcie trwania ca\u0142ego liceum: 2 obowi\u0105zkowe tj. English oraz US History, a 4 pozosta\u0142e przedmioty do wyboru. Zapytaj nas o wykaz przedmiot\u00f3w. <\/p><\/div><\/div><\/div><div class=\"accordion-item\"><h2 class=\"accordion-header\" id=\"heading2930\"><button class=\"accordion-button collapsed\" type=\"button\" data-bs-toggle=\"collapse\" data-bs-target=\"#tab2930\" aria-expanded=\"false\" aria-controls=\"tab2930\">Czy z matur\u0105 ameryka\u0144sk\u0105 mog\u0119 aplikowa\u0107 na studia w Polsce? <\/button><\/h2><div id=\"tab2930\" class=\"accordion-collapse collapse\" aria-labelledby=\"heading2930\" data-bs-parent=\"#accordionExample\"><div class=\"accordion-body\"><p>Tak, high school diploma wraz z 2-3 przedmiotami na poziomie AP upowa\u017cnia do rekrutacji na zdecydowan\u0105 wi\u0119kszo\u015b\u0107 uczelni w Polsce. <\/p><\/div><\/div><\/div><div class=\"accordion-item\"><h2 class=\"accordion-header\" id=\"heading7831\"><button class=\"accordion-button collapsed\" type=\"button\" data-bs-toggle=\"collapse\" data-bs-target=\"#tab7831\" aria-expanded=\"false\" aria-controls=\"tab7831\">Czym s\u0105 przedmioty AP?<\/button><\/h2><div id=\"tab7831\" class=\"accordion-collapse collapse\" aria-labelledby=\"heading7831\" data-bs-parent=\"#accordionExample\"><div class=\"accordion-body\"><p>To przedmioty na poziomie rozszerzonym, kt\u00f3rych zaliczenie poprzez zdanie egzaminu potwierdza Twoje zaawansowane przygotowanie akademickie. Ich poziom jest por\u00f3wnywalny z matur\u0105 rozszerzon\u0105 w Polsce. Egzamin AP zdajemy zwykle w maju, w centrach egzaminacyjnych. <\/p><\/div><\/div><\/div><div class=\"accordion-item\"><h2 class=\"accordion-header\" id=\"heading5608\"><button class=\"accordion-button collapsed\" type=\"button\" data-bs-toggle=\"collapse\" data-bs-target=\"#tab5608\" aria-expanded=\"false\" aria-controls=\"tab5608\">Jakie s\u0105 koszty i czy mo\u017cna p\u0142aci\u0107 w ratach? <\/button><\/h2><div id=\"tab5608\" class=\"accordion-collapse collapse\" aria-labelledby=\"heading5608\" data-bs-parent=\"#accordionExample\"><div class=\"accordion-body\"><p>Przyk\u0142adowo: Program Dual Diploma wraz z pe\u0142nym wsparciem i AP w presti\u017cowej Washington Academy kosztuje 6500 euro (mo\u017cliwo\u015b\u0107 p\u0142atno\u015bci w ratach semestralnych lub miesi\u0119cznych, cena jest niezale\u017cna od d\u0142ugo\u015bci nauki). Jest jednak r\u00f3wnie\u017c mo\u017cliwo\u015b\u0107 nauki w szkole Pennsylvania School, kt\u00f3ra wynosi ju\u017c tylko 4500 euro. <\/p><\/div><\/div><\/div><\/div><\/div>\n","protected":false},"excerpt":{"rendered":"<p>Dwa \u015bwiadectwa \u2013 ucz si\u0119 w liceum w USA<\/p>\n","protected":false},"author":11,"featured_media":0,"parent":2174,"menu_order":0,"comment_status":"closed","ping_status":"closed","template":"","meta":{"_acf_changed":false,"inline_featured_image":false,"footnotes":""},"wf_page_folders":[],"class_list":["post-2272","page","type-page","status-publish","hentry"],"acf":[],"yoast_head":"<!-- This site is optimized with the Yoast SEO Premium plugin v23.4 (Yoast SEO v23.6) - https:\/\/yoast.com\/wordpress\/plugins\/seo\/ -->\n<title>Dwa \u015bwiadectwa w trybie hybrydowym - Liceum w USA<\/title>\n<meta name=\"description\" content=\"Program \u0142\u0105czy nauk\u0119 za granic\u0105 z 5\u20136 zaj\u0119ciami zdalnymi, umo\u017cliwiaj\u0105c zdobycie \u015bwiadectwa uko\u0144czenia ameryka\u0144skiej szko\u0142y \u015bredniej.\" \/>\n<meta name=\"robots\" content=\"index, follow, max-snippet:-1, max-image-preview:large, max-video-preview:-1\" \/>\n<link rel=\"canonical\" href=\"https:\/\/www.educatiusacademy.org\/pl\/dual-diploma\/hybrid-dual-diploma\/\" \/>\n<meta property=\"og:locale\" content=\"pl_PL\" \/>\n<meta property=\"og:type\" content=\"article\" \/>\n<meta property=\"og:title\" content=\"Hybrid dual diploma\" \/>\n<meta property=\"og:description\" content=\"Program \u0142\u0105czy nauk\u0119 za granic\u0105 z 5\u20136 zaj\u0119ciami zdalnymi, umo\u017cliwiaj\u0105c zdobycie \u015bwiadectwa uko\u0144czenia ameryka\u0144skiej szko\u0142y \u015bredniej.\" \/>\n<meta property=\"og:url\" content=\"https:\/\/www.educatiusacademy.org\/pl\/dual-diploma\/hybrid-dual-diploma\/\" \/>\n<meta property=\"og:site_name\" content=\"Educatius Academy Online\" \/>\n<meta property=\"article:modified_time\" content=\"2025-11-03T10:12:08+00:00\" \/>\n<meta property=\"og:image\" content=\"https:\/\/www.educatiusacademy.org\/wp-content\/uploads\/2025\/02\/girls-with-a-view-640x560px-2.jpg\" \/>\n<meta name=\"twitter:card\" content=\"summary_large_image\" \/>\n<meta name=\"twitter:label1\" content=\"Est. reading time\" \/>\n\t<meta name=\"twitter:data1\" content=\"5 minut\" \/>\n<script type=\"application\/ld+json\" class=\"yoast-schema-graph\">{\"@context\":\"https:\/\/schema.org\",\"@graph\":[{\"@type\":\"WebPage\",\"@id\":\"https:\/\/www.educatiusacademy.org\/pl\/dual-diploma\/hybrid-dual-diploma\/\",\"url\":\"https:\/\/www.educatiusacademy.org\/pl\/dual-diploma\/hybrid-dual-diploma\/\",\"name\":\"Dwa \u015bwiadectwa w trybie hybrydowym - Liceum w USA\",\"isPartOf\":{\"@id\":\"https:\/\/www.educatiusacademy.org\/pl\/#website\"},\"primaryImageOfPage\":{\"@id\":\"https:\/\/www.educatiusacademy.org\/pl\/dual-diploma\/hybrid-dual-diploma\/#primaryimage\"},\"image\":{\"@id\":\"https:\/\/www.educatiusacademy.org\/pl\/dual-diploma\/hybrid-dual-diploma\/#primaryimage\"},\"thumbnailUrl\":\"https:\/\/www.educatiusacademy.org\/wp-content\/uploads\/2025\/02\/girls-with-a-view-640x560px-2.jpg\",\"datePublished\":\"2025-02-18T06:44:58+00:00\",\"dateModified\":\"2025-11-03T10:12:08+00:00\",\"description\":\"Program \u0142\u0105czy nauk\u0119 za granic\u0105 z 5\u20136 zaj\u0119ciami zdalnymi, umo\u017cliwiaj\u0105c zdobycie \u015bwiadectwa uko\u0144czenia ameryka\u0144skiej szko\u0142y \u015bredniej.\",\"breadcrumb\":{\"@id\":\"https:\/\/www.educatiusacademy.org\/pl\/dual-diploma\/hybrid-dual-diploma\/#breadcrumb\"},\"inLanguage\":\"pl-PL\",\"potentialAction\":[{\"@type\":\"ReadAction\",\"target\":[\"https:\/\/www.educatiusacademy.org\/pl\/dual-diploma\/hybrid-dual-diploma\/\"]}]},{\"@type\":\"ImageObject\",\"inLanguage\":\"pl-PL\",\"@id\":\"https:\/\/www.educatiusacademy.org\/pl\/dual-diploma\/hybrid-dual-diploma\/#primaryimage\",\"url\":\"https:\/\/www.educatiusacademy.org\/wp-content\/uploads\/2025\/02\/girls-with-a-view-640x560px-2.jpg\",\"contentUrl\":\"https:\/\/www.educatiusacademy.org\/wp-content\/uploads\/2025\/02\/girls-with-a-view-640x560px-2.jpg\"},{\"@type\":\"BreadcrumbList\",\"@id\":\"https:\/\/www.educatiusacademy.org\/pl\/dual-diploma\/hybrid-dual-diploma\/#breadcrumb\",\"itemListElement\":[{\"@type\":\"ListItem\",\"position\":1,\"name\":\"Home\",\"item\":\"https:\/\/www.educatiusacademy.org\/pl\/\"},{\"@type\":\"ListItem\",\"position\":2,\"name\":\"Dual diploma\",\"item\":\"https:\/\/www.educatiusacademy.org\/pl\/dual-diploma\/\"},{\"@type\":\"ListItem\",\"position\":3,\"name\":\"Hybrid dual diploma\"}]},{\"@type\":\"WebSite\",\"@id\":\"https:\/\/www.educatiusacademy.org\/pl\/#website\",\"url\":\"https:\/\/www.educatiusacademy.org\/pl\/\",\"name\":\"Educatius Academy Online\",\"description\":\"\",\"publisher\":{\"@id\":\"https:\/\/www.educatiusacademy.org\/pl\/#organization\"},\"potentialAction\":[{\"@type\":\"SearchAction\",\"target\":{\"@type\":\"EntryPoint\",\"urlTemplate\":\"https:\/\/www.educatiusacademy.org\/pl\/?s={search_term_string}\"},\"query-input\":{\"@type\":\"PropertyValueSpecification\",\"valueRequired\":true,\"valueName\":\"search_term_string\"}}],\"inLanguage\":\"pl-PL\"},{\"@type\":\"Organization\",\"@id\":\"https:\/\/www.educatiusacademy.org\/pl\/#organization\",\"name\":\"Educatius Academy Online\",\"url\":\"https:\/\/www.educatiusacademy.org\/pl\/\",\"logo\":{\"@type\":\"ImageObject\",\"inLanguage\":\"pl-PL\",\"@id\":\"https:\/\/www.educatiusacademy.org\/pl\/#\/schema\/logo\/image\/\",\"url\":\"https:\/\/www.educatiusacademy.org\/wp-content\/uploads\/2025\/02\/educatius_academy_white.png\",\"contentUrl\":\"https:\/\/www.educatiusacademy.org\/wp-content\/uploads\/2025\/02\/educatius_academy_white.png\",\"width\":837,\"height\":332,\"caption\":\"Educatius Academy Online\"},\"image\":{\"@id\":\"https:\/\/www.educatiusacademy.org\/pl\/#\/schema\/logo\/image\/\"}}]}<\/script>\n<!-- \/ Yoast SEO Premium plugin. -->","yoast_head_json":{"title":"Dwa \u015bwiadectwa w trybie hybrydowym - Liceum w USA","description":"Program \u0142\u0105czy nauk\u0119 za granic\u0105 z 5\u20136 zaj\u0119ciami zdalnymi, umo\u017cliwiaj\u0105c zdobycie \u015bwiadectwa uko\u0144czenia ameryka\u0144skiej szko\u0142y \u015bredniej.","robots":{"index":"index","follow":"follow","max-snippet":"max-snippet:-1","max-image-preview":"max-image-preview:large","max-video-preview":"max-video-preview:-1"},"canonical":"https:\/\/www.educatiusacademy.org\/pl\/dual-diploma\/hybrid-dual-diploma\/","og_locale":"pl_PL","og_type":"article","og_title":"Hybrid dual diploma","og_description":"Program \u0142\u0105czy nauk\u0119 za granic\u0105 z 5\u20136 zaj\u0119ciami zdalnymi, umo\u017cliwiaj\u0105c zdobycie \u015bwiadectwa uko\u0144czenia ameryka\u0144skiej szko\u0142y \u015bredniej.","og_url":"https:\/\/www.educatiusacademy.org\/pl\/dual-diploma\/hybrid-dual-diploma\/","og_site_name":"Educatius Academy Online","article_modified_time":"2025-11-03T10:12:08+00:00","og_image":[{"url":"https:\/\/www.educatiusacademy.org\/wp-content\/uploads\/2025\/02\/girls-with-a-view-640x560px-2.jpg"}],"twitter_card":"summary_large_image","twitter_misc":{"Est. reading time":"5 minut"},"schema":{"@context":"https:\/\/schema.org","@graph":[{"@type":"WebPage","@id":"https:\/\/www.educatiusacademy.org\/pl\/dual-diploma\/hybrid-dual-diploma\/","url":"https:\/\/www.educatiusacademy.org\/pl\/dual-diploma\/hybrid-dual-diploma\/","name":"Dwa \u015bwiadectwa w trybie hybrydowym - Liceum w USA","isPartOf":{"@id":"https:\/\/www.educatiusacademy.org\/pl\/#website"},"primaryImageOfPage":{"@id":"https:\/\/www.educatiusacademy.org\/pl\/dual-diploma\/hybrid-dual-diploma\/#primaryimage"},"image":{"@id":"https:\/\/www.educatiusacademy.org\/pl\/dual-diploma\/hybrid-dual-diploma\/#primaryimage"},"thumbnailUrl":"https:\/\/www.educatiusacademy.org\/wp-content\/uploads\/2025\/02\/girls-with-a-view-640x560px-2.jpg","datePublished":"2025-02-18T06:44:58+00:00","dateModified":"2025-11-03T10:12:08+00:00","description":"Program \u0142\u0105czy nauk\u0119 za granic\u0105 z 5\u20136 zaj\u0119ciami zdalnymi, umo\u017cliwiaj\u0105c zdobycie \u015bwiadectwa uko\u0144czenia ameryka\u0144skiej szko\u0142y \u015bredniej.","breadcrumb":{"@id":"https:\/\/www.educatiusacademy.org\/pl\/dual-diploma\/hybrid-dual-diploma\/#breadcrumb"},"inLanguage":"pl-PL","potentialAction":[{"@type":"ReadAction","target":["https:\/\/www.educatiusacademy.org\/pl\/dual-diploma\/hybrid-dual-diploma\/"]}]},{"@type":"ImageObject","inLanguage":"pl-PL","@id":"https:\/\/www.educatiusacademy.org\/pl\/dual-diploma\/hybrid-dual-diploma\/#primaryimage","url":"https:\/\/www.educatiusacademy.org\/wp-content\/uploads\/2025\/02\/girls-with-a-view-640x560px-2.jpg","contentUrl":"https:\/\/www.educatiusacademy.org\/wp-content\/uploads\/2025\/02\/girls-with-a-view-640x560px-2.jpg"},{"@type":"BreadcrumbList","@id":"https:\/\/www.educatiusacademy.org\/pl\/dual-diploma\/hybrid-dual-diploma\/#breadcrumb","itemListElement":[{"@type":"ListItem","position":1,"name":"Home","item":"https:\/\/www.educatiusacademy.org\/pl\/"},{"@type":"ListItem","position":2,"name":"Dual diploma","item":"https:\/\/www.educatiusacademy.org\/pl\/dual-diploma\/"},{"@type":"ListItem","position":3,"name":"Hybrid dual diploma"}]},{"@type":"WebSite","@id":"https:\/\/www.educatiusacademy.org\/pl\/#website","url":"https:\/\/www.educatiusacademy.org\/pl\/","name":"Educatius Academy Online","description":"","publisher":{"@id":"https:\/\/www.educatiusacademy.org\/pl\/#organization"},"potentialAction":[{"@type":"SearchAction","target":{"@type":"EntryPoint","urlTemplate":"https:\/\/www.educatiusacademy.org\/pl\/?s={search_term_string}"},"query-input":{"@type":"PropertyValueSpecification","valueRequired":true,"valueName":"search_term_string"}}],"inLanguage":"pl-PL"},{"@type":"Organization","@id":"https:\/\/www.educatiusacademy.org\/pl\/#organization","name":"Educatius Academy Online","url":"https:\/\/www.educatiusacademy.org\/pl\/","logo":{"@type":"ImageObject","inLanguage":"pl-PL","@id":"https:\/\/www.educatiusacademy.org\/pl\/#\/schema\/logo\/image\/","url":"https:\/\/www.educatiusacademy.org\/wp-content\/uploads\/2025\/02\/educatius_academy_white.png","contentUrl":"https:\/\/www.educatiusacademy.org\/wp-content\/uploads\/2025\/02\/educatius_academy_white.png","width":837,"height":332,"caption":"Educatius Academy Online"},"image":{"@id":"https:\/\/www.educatiusacademy.org\/pl\/#\/schema\/logo\/image\/"}}]}},"_links":{"self":[{"href":"https:\/\/www.educatiusacademy.org\/pl\/wp-json\/wp\/v2\/pages\/2272","targetHints":{"allow":["GET"]}}],"collection":[{"href":"https:\/\/www.educatiusacademy.org\/pl\/wp-json\/wp\/v2\/pages"}],"about":[{"href":"https:\/\/www.educatiusacademy.org\/pl\/wp-json\/wp\/v2\/types\/page"}],"author":[{"embeddable":true,"href":"https:\/\/www.educatiusacademy.org\/pl\/wp-json\/wp\/v2\/users\/11"}],"replies":[{"embeddable":true,"href":"https:\/\/www.educatiusacademy.org\/pl\/wp-json\/wp\/v2\/comments?post=2272"}],"version-history":[{"count":9,"href":"https:\/\/www.educatiusacademy.org\/pl\/wp-json\/wp\/v2\/pages\/2272\/revisions"}],"predecessor-version":[{"id":2663,"href":"https:\/\/www.educatiusacademy.org\/pl\/wp-json\/wp\/v2\/pages\/2272\/revisions\/2663"}],"up":[{"embeddable":true,"href":"https:\/\/www.educatiusacademy.org\/pl\/wp-json\/wp\/v2\/pages\/2174"}],"wp:attachment":[{"href":"https:\/\/www.educatiusacademy.org\/pl\/wp-json\/wp\/v2\/media?parent=2272"}],"wp:term":[{"taxonomy":"wf_page_folders","embeddable":true,"href":"https:\/\/www.educatiusacademy.org\/pl\/wp-json\/wp\/v2\/wf_page_folders?post=2272"}],"curies":[{"name":"wp","href":"https:\/\/api.w.org\/{rel}","templated":true}]}}