{"id":2302,"date":"2025-02-18T10:17:39","date_gmt":"2025-02-18T10:17:39","guid":{"rendered":"https:\/\/www.educatiusacademy.org\/?page_id=2302"},"modified":"2026-02-26T14:08:58","modified_gmt":"2026-02-26T14:08:58","slug":"faq-2","status":"publish","type":"page","link":"https:\/\/www.educatiusacademy.org\/pl\/faq-2\/","title":{"rendered":"FAQ"},"content":{"rendered":"\n<div style=\"height:169px\" aria-hidden=\"true\" class=\"wp-block-spacer\"><\/div>\n\n\n\n<div class=\"wp-block-columns container is-layout-flex wp-container-core-columns-is-layout-1 wp-block-columns-is-layout-flex\">\n<div class=\"wp-block-column is-layout-flow wp-block-column-is-layout-flow\" style=\"flex-basis:66.66%\">\n<div class=\"wp-block-educatius-faq-accordion container\"><div class=\"accordion\" id=\"accordionExample\"><div class=\"accordion-item\"><h2 class=\"accordion-header\" id=\"heading2262\"><button class=\"accordion-button collapsed\" type=\"button\" data-bs-toggle=\"collapse\" data-bs-target=\"#tab2262\" aria-expanded=\"false\" aria-controls=\"tab2262\">Kiedy mo\u017cna rozpocz\u0105\u0107 nauk\u0119?<\/button><\/h2><div id=\"tab2262\" class=\"accordion-collapse collapse\" aria-labelledby=\"heading2262\" data-bs-parent=\"#accordionExample\"><div class=\"accordion-body\"><p>Rekrutacja prowadzona jest w trybie ci\u0105g\u0142ym \u2013 mo\u017cesz si\u0119 zg\u0142osi\u0107 i rozpocz\u0105\u0107 nauk\u0119 w ka\u017cdej chwili. Do\u0142\u0105czy\u0107 mog\u0105 uczniowie klas 1, 2, 3 lub nawet 4 liceum i technikum. Aby uzyska\u0107 dyplom z USA nale\u017cy zaliczy\u0107 ok. 6 przedmiot\u00f3w w trakcie ca\u0142ego liceum (np. 2 w klasie drugiej, 2 w trzeciej i 2 w czwartej).<\/p><\/div><\/div><\/div><div class=\"accordion-item\"><h2 class=\"accordion-header\" id=\"heading1229\"><button class=\"accordion-button collapsed\" type=\"button\" data-bs-toggle=\"collapse\" data-bs-target=\"#tab1229\" aria-expanded=\"false\" aria-controls=\"tab1229\">Czy dual diploma zwi\u0119ksza szanse na wymarzone studia?<\/button><\/h2><div id=\"tab1229\" class=\"accordion-collapse collapse\" aria-labelledby=\"heading1229\" data-bs-parent=\"#accordionExample\"><div class=\"accordion-body\"><p>Tak. Posiadanie dw\u00f3ch \u015bwiadectw uko\u0144czenia liceum \u2013 polskiego i ameryka\u0144skiego, jest dowodem dla uczelni, \u017ce jeste\u015bmy dobrze przygotowani i ambitni. Dual Diploma umo\u017cliwia aplikowanie na podstawie tej matury, kt\u00f3ra lepiej nam posz\u0142a, a cz\u0119sto r\u00f3wnie\u017c daje dodatkowe punkty. Dyplom ameryka\u0144skiej uczelni jest szczeg\u00f3lnie ceniony na zagranicznych uczelniach. Ponadto, uzyskasz wsparcie profesjonalnego College Advisora z USA w przygotowaniu aplikacji na angloj\u0119zyczne studia.<\/p><\/div><\/div><\/div><div class=\"accordion-item\"><h2 class=\"accordion-header\" id=\"heading7936\"><button class=\"accordion-button collapsed\" type=\"button\" data-bs-toggle=\"collapse\" data-bs-target=\"#tab7936\" aria-expanded=\"false\" aria-controls=\"tab7936\">Ile czasu zajmuje nauka w ameryka\u0144skiej szkole w chmurze? <\/button><\/h2><div id=\"tab7936\" class=\"accordion-collapse collapse\" aria-labelledby=\"heading7936\" data-bs-parent=\"#accordionExample\"><div class=\"accordion-body\"><p>W trybie Dual Diploma jest to tylko kilka godzin w tygodniu, a nauka jest elastyczna, na przyjaznej platformie dost\u0119pnej 24\/7. Je\u015bli chcesz uczy\u0107 si\u0119 w pe\u0142ni w systemie ameryka\u0144skim, bez polskiej szko\u0142y, nauka zajmie Ci ok. 10-15 godz. w tygodniu.<\/p><\/div><\/div><\/div><div class=\"accordion-item\"><h2 class=\"accordion-header\" id=\"heading5703\"><button class=\"accordion-button collapsed\" type=\"button\" data-bs-toggle=\"collapse\" data-bs-target=\"#tab5703\" aria-expanded=\"false\" aria-controls=\"tab5703\">Czy b\u0119d\u0119 mie\u0107 kontakt z nauczycielami? <\/button><\/h2><div id=\"tab5703\" class=\"accordion-collapse collapse\" aria-labelledby=\"heading5703\" data-bs-parent=\"#accordionExample\"><div class=\"accordion-body\"><p>Tak. Cho\u0107 nauka g\u0142\u00f3wnie odbywa si\u0119 w dowolnym dla Ciebie czasie, to mo\u017cesz spotka\u0107 nauczycieli z naszych szk\u00f3\u0142 na regularnych, nieobowi\u0105zkowych wyk\u0142adach, a tak\u017ce podczas dy\u017cur\u00f3w i indywidualnych konsultacji. W ka\u017cdym czasie mo\u017cesz r\u00f3wnie\u017c porozmawia\u0107 z nauczycielem na czacie 24\/7. <\/p><\/div><\/div><\/div><div class=\"accordion-item\"><h2 class=\"accordion-header\" id=\"heading1394\"><button class=\"accordion-button collapsed\" type=\"button\" data-bs-toggle=\"collapse\" data-bs-target=\"#tab1394\" aria-expanded=\"false\" aria-controls=\"tab1394\">Czy musz\u0119 ucz\u0119szcza\u0107 osobi\u015bcie do szko\u0142y partnerskiej, aby zdoby\u0107 dwa \u015bwiadectwa?<\/button><\/h2><div id=\"tab1394\" class=\"accordion-collapse collapse\" aria-labelledby=\"heading1394\" data-bs-parent=\"#accordionExample\"><div class=\"accordion-body\"><p>Nie. Mo\u017cesz ucz\u0119szcza\u0107 do dowolnej akredytowanej szko\u0142y \u015bredniej w kraju angloj\u0119zycznym.<\/p><\/div><\/div><\/div><div class=\"accordion-item\"><h2 class=\"accordion-header\" id=\"heading3865\"><button class=\"accordion-button collapsed\" type=\"button\" data-bs-toggle=\"collapse\" data-bs-target=\"#tab3865\" aria-expanded=\"false\" aria-controls=\"tab3865\">Co wyr\u00f3\u017cnia Educatius Academy od innych szk\u00f3\u0142? <\/button><\/h2><div id=\"tab3865\" class=\"accordion-collapse collapse\" aria-labelledby=\"heading3865\" data-bs-parent=\"#accordionExample\"><div class=\"accordion-body\"><p>Jako jedyna organizacja oferujemy nauk\u0119 w prawdziwych, niewirtualnych, renomowanych szko\u0142ach z kampusami w USA. Wyobra\u017a sobie bycie uczniem Washington Academy, szko\u0142y za\u0142o\u017conej w 1792 r., kt\u00f3rej absolwenci studiuj\u0105 na topowych uczelniach na ca\u0142ym \u015bwiecie. Ponadto, ka\u017cdy nasz ucze\u0144 ma w cenie pe\u0142ne wsparcie mentora, korepetycje 24\/7, kursy SAT\/IELTS oraz College Advising.<\/p><\/div><\/div><\/div><div class=\"accordion-item\"><h2 class=\"accordion-header\" id=\"heading2930\"><button class=\"accordion-button collapsed\" type=\"button\" data-bs-toggle=\"collapse\" data-bs-target=\"#tab2930\" aria-expanded=\"false\" aria-controls=\"tab2930\">Czy mog\u0119 wybra\u0107 sobie przedmioty?<\/button><\/h2><div id=\"tab2930\" class=\"accordion-collapse collapse\" aria-labelledby=\"heading2930\" data-bs-parent=\"#accordionExample\"><div class=\"accordion-body\"><p>Tak, ka\u017cda szko\u0142a oferuje szeroki wyb\u00f3r przedmiot\u00f3w (m.in. robotyka, psychologia, ekonomia, biznes, sztuka i wiele innych). Ka\u017cdy ucze\u0144 Dual Diploma powinien zaliczy\u0107 6 przedmiot\u00f3w w trakcie trwania ca\u0142ego liceum: 2 obowi\u0105zkowe tj. English oraz US History, a 4 pozosta\u0142e przedmioty do wyboru. Zapytaj nas o wykaz przedmiot\u00f3w.<\/p><\/div><\/div><\/div><div class=\"accordion-item\"><h2 class=\"accordion-header\" id=\"heading7831\"><button class=\"accordion-button collapsed\" type=\"button\" data-bs-toggle=\"collapse\" data-bs-target=\"#tab7831\" aria-expanded=\"false\" aria-controls=\"tab7831\">Czy z matur\u0105 ameryka\u0144sk\u0105 mog\u0119 aplikowa\u0107 na studia w Polsce? <\/button><\/h2><div id=\"tab7831\" class=\"accordion-collapse collapse\" aria-labelledby=\"heading7831\" data-bs-parent=\"#accordionExample\"><div class=\"accordion-body\"><p>Tak, high school diploma wraz z 2-3 przedmiotami na poziomie AP upowa\u017cnia do rekrutacji na zdecydowan\u0105 wi\u0119kszo\u015b\u0107 uczelni w Polsce.<\/p><\/div><\/div><\/div><div class=\"accordion-item\"><h2 class=\"accordion-header\" id=\"heading5608\"><button class=\"accordion-button collapsed\" type=\"button\" data-bs-toggle=\"collapse\" data-bs-target=\"#tab5608\" aria-expanded=\"false\" aria-controls=\"tab5608\">Czym s\u0105 przedmioty AP?<\/button><\/h2><div id=\"tab5608\" class=\"accordion-collapse collapse\" aria-labelledby=\"heading5608\" data-bs-parent=\"#accordionExample\"><div class=\"accordion-body\"><p>To przedmioty na poziomie rozszerzonym, kt\u00f3rych zaliczenie poprzez zdanie egzaminu potwierdza Twoje zaawansowane przygotowanie akademickie. Ich poziom jest por\u00f3wnywalny z matur\u0105 rozszerzon\u0105 w Polsce. Egzamin AP zdajemy zwykle w maju, w centrach egzaminacyjnych. <\/p><\/div><\/div><\/div><div class=\"accordion-item\"><h2 class=\"accordion-header\" id=\"heading4732\"><button class=\"accordion-button collapsed\" type=\"button\" data-bs-toggle=\"collapse\" data-bs-target=\"#tab4732\" aria-expanded=\"false\" aria-controls=\"tab4732\">Jakie s\u0105 koszty i czy mo\u017cna p\u0142aci\u0107 w ratach? <\/button><\/h2><div id=\"tab4732\" class=\"accordion-collapse collapse\" aria-labelledby=\"heading4732\" data-bs-parent=\"#accordionExample\"><div class=\"accordion-body\"><p>Przyk\u0142adowo: Program Dual Diploma wraz z pe\u0142nym wsparciem i AP w presti\u017cowej Washington Academy kosztuje 6500 euro (mo\u017cliwo\u015b\u0107 p\u0142atno\u015bci w ratach semestralnych lub miesi\u0119cznych, cena jest niezale\u017cna od d\u0142ugo\u015bci nauki). Jest jednak r\u00f3wnie\u017c mo\u017cliwo\u015b\u0107 nauki w szkole Pennsylvania School, kt\u00f3ra wynosi ju\u017c tylko 4500 euro. <\/p><\/div><\/div><\/div><\/div><\/div>\n<\/div>\n\n\n\n<div class=\"wp-block-column is-layout-flow wp-block-column-is-layout-flow\" style=\"flex-basis:33.33%\">\n<figure class=\"wp-block-image size-full\"><img loading=\"lazy\" decoding=\"async\" width=\"640\" height=\"959\" src=\"https:\/\/www.educatiusacademy.org\/wp-content\/uploads\/2025\/02\/academy-faq-writing-by-hand.jpg\" alt=\"\" class=\"wp-image-195\" srcset=\"https:\/\/www.educatiusacademy.org\/wp-content\/uploads\/2025\/02\/academy-faq-writing-by-hand.jpg 640w, https:\/\/www.educatiusacademy.org\/wp-content\/uploads\/2025\/02\/academy-faq-writing-by-hand-200x300.jpg 200w, https:\/\/www.educatiusacademy.org\/wp-content\/uploads\/2025\/02\/academy-faq-writing-by-hand-16x24.jpg 16w, https:\/\/www.educatiusacademy.org\/wp-content\/uploads\/2025\/02\/academy-faq-writing-by-hand-24x36.jpg 24w, https:\/\/www.educatiusacademy.org\/wp-content\/uploads\/2025\/02\/academy-faq-writing-by-hand-32x48.jpg 32w\" sizes=\"auto, (max-width: 640px) 100vw, 640px\" \/><\/figure>\n<\/div>\n<\/div>\n\n\n\n<div class=\"wp-block-columns container is-layout-flex wp-container-core-columns-is-layout-2 wp-block-columns-is-layout-flex\">\n<div class=\"wp-block-column has-light-pink-background-color has-background is-layout-flow wp-block-column-is-layout-flow\">\n<figure class=\"wp-block-image size-full\"><img loading=\"lazy\" decoding=\"async\" width=\"640\" height=\"427\" src=\"https:\/\/www.educatiusacademy.org\/wp-content\/uploads\/2025\/02\/student-asking-the-teacher-some-questions.jpg\" alt=\"\" class=\"wp-image-233\" srcset=\"https:\/\/www.educatiusacademy.org\/wp-content\/uploads\/2025\/02\/student-asking-the-teacher-some-questions.jpg 640w, https:\/\/www.educatiusacademy.org\/wp-content\/uploads\/2025\/02\/student-asking-the-teacher-some-questions-300x200.jpg 300w, https:\/\/www.educatiusacademy.org\/wp-content\/uploads\/2025\/02\/student-asking-the-teacher-some-questions-24x16.jpg 24w, https:\/\/www.educatiusacademy.org\/wp-content\/uploads\/2025\/02\/student-asking-the-teacher-some-questions-36x24.jpg 36w, https:\/\/www.educatiusacademy.org\/wp-content\/uploads\/2025\/02\/student-asking-the-teacher-some-questions-48x32.jpg 48w\" sizes=\"auto, (max-width: 640px) 100vw, 640px\" \/><\/figure>\n\n\n\n<div class=\"wp-block-educatius-title-paragraph-darkbutton container\"><div class=\"text-block-wrap py-4 py-md-0\"><h3 class=\"text-block-title text-primary\">Wi\u0119cej pyta\u0144?<\/h3><p class=\"text-primary\">Bardzo ch\u0119tnie odpowiemy na wszystkie pytania i przedstawimy szczeg\u00f3\u0142y naszych program\u00f3w edukacyjnych! Odezwij si\u0119 do nas i uzyskaj wi\u0119cej szczeg\u00f3\u0142owych informacji.<\/p><a href=\"\/pl\/contact-us-student\/\" class=\"btn btn-primary\">Skontaktuj si\u0119 z nami<\/a><\/div><\/div>\n<\/div>\n\n\n\n<div class=\"wp-block-column has-light-pink-background-color has-background is-layout-flow wp-block-column-is-layout-flow\">\n<figure class=\"wp-block-image size-full\"><img loading=\"lazy\" decoding=\"async\" width=\"640\" height=\"427\" src=\"https:\/\/www.educatiusacademy.org\/wp-content\/uploads\/2025\/02\/girl-student-with-diploma-and-laptop.jpg\" alt=\"\" class=\"wp-image-221\" srcset=\"https:\/\/www.educatiusacademy.org\/wp-content\/uploads\/2025\/02\/girl-student-with-diploma-and-laptop.jpg 640w, https:\/\/www.educatiusacademy.org\/wp-content\/uploads\/2025\/02\/girl-student-with-diploma-and-laptop-300x200.jpg 300w, https:\/\/www.educatiusacademy.org\/wp-content\/uploads\/2025\/02\/girl-student-with-diploma-and-laptop-24x16.jpg 24w, https:\/\/www.educatiusacademy.org\/wp-content\/uploads\/2025\/02\/girl-student-with-diploma-and-laptop-36x24.jpg 36w, https:\/\/www.educatiusacademy.org\/wp-content\/uploads\/2025\/02\/girl-student-with-diploma-and-laptop-48x32.jpg 48w\" sizes=\"auto, (max-width: 640px) 100vw, 640px\" \/><\/figure>\n\n\n\n<div class=\"wp-block-educatius-title-paragraph-darkbutton container\"><div class=\"text-block-wrap py-4 py-md-0\"><h3 class=\"text-block-title text-primary\">Um\u00f3w si\u0119 na konsultacj\u0119 edukacyjn\u0105<\/h3><p class=\"text-primary\">Zapraszamy na indywidualne spotkanie, podczas kt\u00f3rego ch\u0119tnie pos\u0142uchamy o Twoich celach edukacyjnych. Wsp\u00f3lnie wypracujemy mo\u017cliwie jak najlepsz\u0105 strategi\u0119, kt\u00f3ra pozwoli Ci je wszystkie skutecznie zrealizowa\u0107.<\/p><a href=\"\/pl\/contact-us-student\/\" class=\"btn btn-primary\">Porozmawiaj z doradc\u0105<\/a><\/div><\/div>\n<\/div>\n<\/div>\n\n\n\n<p><\/p>\n","protected":false},"excerpt":{"rendered":"","protected":false},"author":11,"featured_media":0,"parent":0,"menu_order":0,"comment_status":"closed","ping_status":"closed","template":"","meta":{"_acf_changed":false,"inline_featured_image":false,"footnotes":""},"wf_page_folders":[],"class_list":["post-2302","page","type-page","status-publish","hentry"],"acf":[],"yoast_head":"<!-- This site is optimized with the Yoast SEO Premium plugin v23.4 (Yoast SEO v23.6) - https:\/\/yoast.com\/wordpress\/plugins\/seo\/ -->\n<title>Poznaj szczeg\u00f3\u0142y naszego programu online - Educatius Academy Online<\/title>\n<meta name=\"description\" content=\"Dowiedz si\u0119 wi\u0119cej o nauce online, nauce w szkole \u015bredniej w USA i mo\u017cliwo\u015bciach zdobycia ameryka\u0144skiego \u015bwiadectwa.\" \/>\n<meta name=\"robots\" content=\"index, follow, max-snippet:-1, max-image-preview:large, max-video-preview:-1\" \/>\n<link rel=\"canonical\" href=\"https:\/\/www.educatiusacademy.org\/pl\/faq-2\/\" \/>\n<meta property=\"og:locale\" content=\"pl_PL\" \/>\n<meta property=\"og:type\" content=\"article\" \/>\n<meta property=\"og:title\" content=\"FAQ\" \/>\n<meta property=\"og:description\" content=\"Dowiedz si\u0119 wi\u0119cej o nauce online, nauce w szkole \u015bredniej w USA i mo\u017cliwo\u015bciach zdobycia ameryka\u0144skiego \u015bwiadectwa.\" \/>\n<meta property=\"og:url\" content=\"https:\/\/www.educatiusacademy.org\/pl\/faq-2\/\" \/>\n<meta property=\"og:site_name\" content=\"Educatius Academy Online\" \/>\n<meta property=\"article:modified_time\" content=\"2026-02-26T14:08:58+00:00\" \/>\n<meta property=\"og:image\" content=\"https:\/\/www.educatiusacademy.org\/wp-content\/uploads\/2025\/02\/academy-faq-writing-by-hand.jpg\" \/>\n\t<meta property=\"og:image:width\" content=\"640\" \/>\n\t<meta property=\"og:image:height\" content=\"959\" \/>\n\t<meta property=\"og:image:type\" content=\"image\/jpeg\" \/>\n<meta name=\"twitter:card\" content=\"summary_large_image\" \/>\n<meta name=\"twitter:label1\" content=\"Est. reading time\" \/>\n\t<meta name=\"twitter:data1\" content=\"3 minuty\" \/>\n<script type=\"application\/ld+json\" class=\"yoast-schema-graph\">{\"@context\":\"https:\/\/schema.org\",\"@graph\":[{\"@type\":\"WebPage\",\"@id\":\"https:\/\/www.educatiusacademy.org\/pl\/faq-2\/\",\"url\":\"https:\/\/www.educatiusacademy.org\/pl\/faq-2\/\",\"name\":\"Poznaj szczeg\u00f3\u0142y naszego programu online - Educatius Academy Online\",\"isPartOf\":{\"@id\":\"https:\/\/www.educatiusacademy.org\/pl\/#website\"},\"primaryImageOfPage\":{\"@id\":\"https:\/\/www.educatiusacademy.org\/pl\/faq-2\/#primaryimage\"},\"image\":{\"@id\":\"https:\/\/www.educatiusacademy.org\/pl\/faq-2\/#primaryimage\"},\"thumbnailUrl\":\"https:\/\/www.educatiusacademy.org\/wp-content\/uploads\/2025\/02\/academy-faq-writing-by-hand.jpg\",\"datePublished\":\"2025-02-18T10:17:39+00:00\",\"dateModified\":\"2026-02-26T14:08:58+00:00\",\"description\":\"Dowiedz si\u0119 wi\u0119cej o nauce online, nauce w szkole \u015bredniej w USA i mo\u017cliwo\u015bciach zdobycia ameryka\u0144skiego \u015bwiadectwa.\",\"breadcrumb\":{\"@id\":\"https:\/\/www.educatiusacademy.org\/pl\/faq-2\/#breadcrumb\"},\"inLanguage\":\"pl-PL\",\"potentialAction\":[{\"@type\":\"ReadAction\",\"target\":[\"https:\/\/www.educatiusacademy.org\/pl\/faq-2\/\"]}]},{\"@type\":\"ImageObject\",\"inLanguage\":\"pl-PL\",\"@id\":\"https:\/\/www.educatiusacademy.org\/pl\/faq-2\/#primaryimage\",\"url\":\"https:\/\/www.educatiusacademy.org\/wp-content\/uploads\/2025\/02\/academy-faq-writing-by-hand.jpg\",\"contentUrl\":\"https:\/\/www.educatiusacademy.org\/wp-content\/uploads\/2025\/02\/academy-faq-writing-by-hand.jpg\"},{\"@type\":\"BreadcrumbList\",\"@id\":\"https:\/\/www.educatiusacademy.org\/pl\/faq-2\/#breadcrumb\",\"itemListElement\":[{\"@type\":\"ListItem\",\"position\":1,\"name\":\"Home\",\"item\":\"https:\/\/www.educatiusacademy.org\/pl\/\"},{\"@type\":\"ListItem\",\"position\":2,\"name\":\"FAQ\"}]},{\"@type\":\"WebSite\",\"@id\":\"https:\/\/www.educatiusacademy.org\/pl\/#website\",\"url\":\"https:\/\/www.educatiusacademy.org\/pl\/\",\"name\":\"Educatius Academy Online\",\"description\":\"\",\"publisher\":{\"@id\":\"https:\/\/www.educatiusacademy.org\/pl\/#organization\"},\"potentialAction\":[{\"@type\":\"SearchAction\",\"target\":{\"@type\":\"EntryPoint\",\"urlTemplate\":\"https:\/\/www.educatiusacademy.org\/pl\/?s={search_term_string}\"},\"query-input\":{\"@type\":\"PropertyValueSpecification\",\"valueRequired\":true,\"valueName\":\"search_term_string\"}}],\"inLanguage\":\"pl-PL\"},{\"@type\":\"Organization\",\"@id\":\"https:\/\/www.educatiusacademy.org\/pl\/#organization\",\"name\":\"Educatius Academy Online\",\"url\":\"https:\/\/www.educatiusacademy.org\/pl\/\",\"logo\":{\"@type\":\"ImageObject\",\"inLanguage\":\"pl-PL\",\"@id\":\"https:\/\/www.educatiusacademy.org\/pl\/#\/schema\/logo\/image\/\",\"url\":\"https:\/\/www.educatiusacademy.org\/wp-content\/uploads\/2025\/02\/educatius_academy_white.png\",\"contentUrl\":\"https:\/\/www.educatiusacademy.org\/wp-content\/uploads\/2025\/02\/educatius_academy_white.png\",\"width\":837,\"height\":332,\"caption\":\"Educatius Academy Online\"},\"image\":{\"@id\":\"https:\/\/www.educatiusacademy.org\/pl\/#\/schema\/logo\/image\/\"}}]}<\/script>\n<!-- \/ Yoast SEO Premium plugin. -->","yoast_head_json":{"title":"Poznaj szczeg\u00f3\u0142y naszego programu online - Educatius Academy Online","description":"Dowiedz si\u0119 wi\u0119cej o nauce online, nauce w szkole \u015bredniej w USA i mo\u017cliwo\u015bciach zdobycia ameryka\u0144skiego \u015bwiadectwa.","robots":{"index":"index","follow":"follow","max-snippet":"max-snippet:-1","max-image-preview":"max-image-preview:large","max-video-preview":"max-video-preview:-1"},"canonical":"https:\/\/www.educatiusacademy.org\/pl\/faq-2\/","og_locale":"pl_PL","og_type":"article","og_title":"FAQ","og_description":"Dowiedz si\u0119 wi\u0119cej o nauce online, nauce w szkole \u015bredniej w USA i mo\u017cliwo\u015bciach zdobycia ameryka\u0144skiego \u015bwiadectwa.","og_url":"https:\/\/www.educatiusacademy.org\/pl\/faq-2\/","og_site_name":"Educatius Academy Online","article_modified_time":"2026-02-26T14:08:58+00:00","og_image":[{"width":640,"height":959,"url":"https:\/\/www.educatiusacademy.org\/wp-content\/uploads\/2025\/02\/academy-faq-writing-by-hand.jpg","type":"image\/jpeg"}],"twitter_card":"summary_large_image","twitter_misc":{"Est. reading time":"3 minuty"},"schema":{"@context":"https:\/\/schema.org","@graph":[{"@type":"WebPage","@id":"https:\/\/www.educatiusacademy.org\/pl\/faq-2\/","url":"https:\/\/www.educatiusacademy.org\/pl\/faq-2\/","name":"Poznaj szczeg\u00f3\u0142y naszego programu online - Educatius Academy Online","isPartOf":{"@id":"https:\/\/www.educatiusacademy.org\/pl\/#website"},"primaryImageOfPage":{"@id":"https:\/\/www.educatiusacademy.org\/pl\/faq-2\/#primaryimage"},"image":{"@id":"https:\/\/www.educatiusacademy.org\/pl\/faq-2\/#primaryimage"},"thumbnailUrl":"https:\/\/www.educatiusacademy.org\/wp-content\/uploads\/2025\/02\/academy-faq-writing-by-hand.jpg","datePublished":"2025-02-18T10:17:39+00:00","dateModified":"2026-02-26T14:08:58+00:00","description":"Dowiedz si\u0119 wi\u0119cej o nauce online, nauce w szkole \u015bredniej w USA i mo\u017cliwo\u015bciach zdobycia ameryka\u0144skiego \u015bwiadectwa.","breadcrumb":{"@id":"https:\/\/www.educatiusacademy.org\/pl\/faq-2\/#breadcrumb"},"inLanguage":"pl-PL","potentialAction":[{"@type":"ReadAction","target":["https:\/\/www.educatiusacademy.org\/pl\/faq-2\/"]}]},{"@type":"ImageObject","inLanguage":"pl-PL","@id":"https:\/\/www.educatiusacademy.org\/pl\/faq-2\/#primaryimage","url":"https:\/\/www.educatiusacademy.org\/wp-content\/uploads\/2025\/02\/academy-faq-writing-by-hand.jpg","contentUrl":"https:\/\/www.educatiusacademy.org\/wp-content\/uploads\/2025\/02\/academy-faq-writing-by-hand.jpg"},{"@type":"BreadcrumbList","@id":"https:\/\/www.educatiusacademy.org\/pl\/faq-2\/#breadcrumb","itemListElement":[{"@type":"ListItem","position":1,"name":"Home","item":"https:\/\/www.educatiusacademy.org\/pl\/"},{"@type":"ListItem","position":2,"name":"FAQ"}]},{"@type":"WebSite","@id":"https:\/\/www.educatiusacademy.org\/pl\/#website","url":"https:\/\/www.educatiusacademy.org\/pl\/","name":"Educatius Academy Online","description":"","publisher":{"@id":"https:\/\/www.educatiusacademy.org\/pl\/#organization"},"potentialAction":[{"@type":"SearchAction","target":{"@type":"EntryPoint","urlTemplate":"https:\/\/www.educatiusacademy.org\/pl\/?s={search_term_string}"},"query-input":{"@type":"PropertyValueSpecification","valueRequired":true,"valueName":"search_term_string"}}],"inLanguage":"pl-PL"},{"@type":"Organization","@id":"https:\/\/www.educatiusacademy.org\/pl\/#organization","name":"Educatius Academy Online","url":"https:\/\/www.educatiusacademy.org\/pl\/","logo":{"@type":"ImageObject","inLanguage":"pl-PL","@id":"https:\/\/www.educatiusacademy.org\/pl\/#\/schema\/logo\/image\/","url":"https:\/\/www.educatiusacademy.org\/wp-content\/uploads\/2025\/02\/educatius_academy_white.png","contentUrl":"https:\/\/www.educatiusacademy.org\/wp-content\/uploads\/2025\/02\/educatius_academy_white.png","width":837,"height":332,"caption":"Educatius Academy Online"},"image":{"@id":"https:\/\/www.educatiusacademy.org\/pl\/#\/schema\/logo\/image\/"}}]}},"_links":{"self":[{"href":"https:\/\/www.educatiusacademy.org\/pl\/wp-json\/wp\/v2\/pages\/2302","targetHints":{"allow":["GET"]}}],"collection":[{"href":"https:\/\/www.educatiusacademy.org\/pl\/wp-json\/wp\/v2\/pages"}],"about":[{"href":"https:\/\/www.educatiusacademy.org\/pl\/wp-json\/wp\/v2\/types\/page"}],"author":[{"embeddable":true,"href":"https:\/\/www.educatiusacademy.org\/pl\/wp-json\/wp\/v2\/users\/11"}],"replies":[{"embeddable":true,"href":"https:\/\/www.educatiusacademy.org\/pl\/wp-json\/wp\/v2\/comments?post=2302"}],"version-history":[{"count":3,"href":"https:\/\/www.educatiusacademy.org\/pl\/wp-json\/wp\/v2\/pages\/2302\/revisions"}],"predecessor-version":[{"id":3495,"href":"https:\/\/www.educatiusacademy.org\/pl\/wp-json\/wp\/v2\/pages\/2302\/revisions\/3495"}],"wp:attachment":[{"href":"https:\/\/www.educatiusacademy.org\/pl\/wp-json\/wp\/v2\/media?parent=2302"}],"wp:term":[{"taxonomy":"wf_page_folders","embeddable":true,"href":"https:\/\/www.educatiusacademy.org\/pl\/wp-json\/wp\/v2\/wf_page_folders?post=2302"}],"curies":[{"name":"wp","href":"https:\/\/api.w.org\/{rel}","templated":true}]}}