{"id":2809,"date":"2025-02-14T07:35:58","date_gmt":"2025-02-14T07:35:58","guid":{"rendered":"https:\/\/www.educatiusacademy.org\/?page_id=2809"},"modified":"2026-01-07T11:47:11","modified_gmt":"2026-01-07T11:47:11","slug":"dual-diploma","status":"publish","type":"page","link":"https:\/\/www.educatiusacademy.org\/pt-pt\/dual-diploma\/","title":{"rendered":"Dual diploma"},"content":{"rendered":"\n<div class=\"wp-block-group has-gray-background-color has-background\"><div class=\"wp-block-group__inner-container is-layout-constrained wp-block-group-is-layout-constrained\">\n<div style=\"height:80px\" aria-hidden=\"true\" class=\"wp-block-spacer\"><\/div>\n\n\n\n<div class=\"wp-block-columns container has-gray-background-color has-background is-layout-flex wp-container-core-columns-is-layout-1 wp-block-columns-is-layout-flex\">\n<div class=\"wp-block-column is-layout-flow wp-block-column-is-layout-flow\">\n<div class=\"wp-block-educatius-title-paragraph-darkbutton container\"><div class=\"text-block-wrap py-4 py-md-0\"><h3 class=\"text-block-title text-primary\">Programas Diploma<\/h3><p class=\"text-primary\">Existem v\u00e1rias formas de alcan\u00e7ar o not\u00e1vel feito de concluir o High School Diploma. Encontre o programa mais adequado ao perfil de cada aluno. <\/p><a href=\"\/pt-pt\/contact-us-student\/\" class=\"btn btn-primary\">Agendar uma reuni\u00e3o gratuita<\/a><\/div><\/div>\n<\/div>\n\n\n\n<div class=\"wp-block-column is-layout-flow wp-block-column-is-layout-flow\">\n<div class=\"wp-block-educatius-bordered-text container\"><div class=\"quick-fact-section\"><h6 class=\"text-block-title text-primary\"><strong>Quick Facts: Programas Diploma<\/strong><\/h6><ul class=\"list-group text-primary\"><li class=\"list-item\">In\u00edcio flex\u00edvel em qualquer momento <\/li><br><li class=\"list-item\">Ritmo de estudo adaptado \u00e0s necessidades individuais<\/li><br><li class=\"list-item\">Possibilidade de estudar de dia ou de noite, ao longo de todo o ano<\/li><br><li class=\"list-item\">Intera\u00e7\u00e3o em direto com tutores e colegas nas disciplinas principais<\/li><\/ul><\/div><\/div>\n<\/div>\n<\/div>\n\n\n\n<div style=\"height:50px\" aria-hidden=\"true\" class=\"wp-block-spacer\"><\/div>\n<\/div><\/div>\n\n\n\n<div class=\"wp-block-educatius-underscore-heading container\"><h2 class=\"section-title text-center mx-auto mt-5 mb-2\">Our Diploma programs<\/h2><\/div>\n\n\n\n<div class=\"wp-block-columns container has-dark-gray-color has-text-color has-link-color has-medium-font-size wp-elements-66325ffe9d22f06670c59344c3fd1d88 is-layout-flex wp-container-core-columns-is-layout-2 wp-block-columns-is-layout-flex\">\n<div class=\"wp-block-column has-white-color has-deep-red-background-color has-text-color has-background has-link-color wp-elements-19d64cce6e08d1f0311904475f8b6d00 is-layout-flow wp-block-column-is-layout-flow\" style=\"font-size:16px\">\n<div class=\"wp-block-educatius-title-paragraph-darkbutton container text-md\"><div class=\"text-block-wrap py-4 py-md-0\"><h3 class=\"text-block-title text-primary\">Hybrid Dual Diploma<br>Estudar fora + Online + Ensino Secund\u00e1rio no pa\u00eds de origem<\/h3><p class=\"text-primary\">Ao realizar um per\u00edodo de estudos no estrangeiro, \u00e9 poss\u00edvel obter 30% das disciplinas necess\u00e1rias para concluir o High School  Diploma, oficialmente reconhecido e acreditado. Ap\u00f3s o ano fora, ser\u00e3o necess\u00e1rios apenas 3 ou 4 cr\u00e9ditos adicionais para completar o Dual Diploma.<br><br><a href=\"\/pt-pt\/dual-diploma\/hybrid-dual-diploma\/\">Saiba mais \u2192<\/a><\/p><a href=\"\/pt-pt\/dual-diploma\/hybrid-dual-diploma\/\" class=\"btn btn-primary\"><\/a><\/div><\/div>\n<\/div>\n\n\n\n<div class=\"wp-block-column has-white-color has-deep-red-background-color has-text-color has-background has-link-color wp-elements-97a66eb5592fbe6cb5d815bc63542a14 is-layout-flow wp-block-column-is-layout-flow\" style=\"font-size:16px\">\n<div class=\"wp-block-educatius-title-paragraph-darkbutton container text-md\"><div class=\"text-block-wrap py-4 py-md-0\"><h3 class=\"text-block-title text-primary\">All-Online Dual Diploma + Ensino Secund\u00e1rio no pa\u00eds de origem<\/h3><p class=\"text-primary\">N\u00e3o \u00e9 necess\u00e1rio estudar fora para obter o Dual Diploma. \u00c9 poss\u00edvel completar 100% dos 6 cr\u00e9ditos obrigat\u00f3rios enquanto se frequenta o Ensino Secund\u00e1rio no pa\u00eds de origem. <br><br><a href=\"\/pt-pt\/dual-diploma\/all-online-dual-diploma\/\">Saiba mais \u2192<\/a><\/p><a href=\"\/pt-pt\/dual-diploma\/all-online-dual-diploma\/\" class=\"btn btn-primary\"><\/a><\/div><\/div>\n<\/div>\n<\/div>\n\n\n\n<div class=\"wp-block-educatius-underscore-heading container\"><h2 class=\"section-title text-center mx-auto mt-5 mb-2\">School Partners<\/h2><\/div>\n\n\n\n<div class=\"wp-block-columns container is-layout-flex wp-container-core-columns-is-layout-3 wp-block-columns-is-layout-flex\">\n<div class=\"wp-block-column is-layout-flow wp-block-column-is-layout-flow\">\n<figure class=\"wp-block-image size-full\"><img loading=\"lazy\" decoding=\"async\" width=\"640\" height=\"422\" src=\"https:\/\/www.educatiusacademy.org\/wp-content\/uploads\/2026\/01\/washington-academy_640x422px.jpg\" alt=\"\" class=\"wp-image-3077\" srcset=\"https:\/\/www.educatiusacademy.org\/wp-content\/uploads\/2026\/01\/washington-academy_640x422px.jpg 640w, https:\/\/www.educatiusacademy.org\/wp-content\/uploads\/2026\/01\/washington-academy_640x422px-300x198.jpg 300w, https:\/\/www.educatiusacademy.org\/wp-content\/uploads\/2026\/01\/washington-academy_640x422px-24x16.jpg 24w, https:\/\/www.educatiusacademy.org\/wp-content\/uploads\/2026\/01\/washington-academy_640x422px-36x24.jpg 36w, https:\/\/www.educatiusacademy.org\/wp-content\/uploads\/2026\/01\/washington-academy_640x422px-48x32.jpg 48w\" sizes=\"auto, (max-width: 640px) 100vw, 640px\" \/><\/figure>\n<\/div>\n\n\n\n<div class=\"wp-block-column is-layout-flow wp-block-column-is-layout-flow\">\n<div class=\"wp-block-educatius-bordered-text container\"><div class=\"quick-fact-section\"><h6 class=\"text-block-title text-primary\">Washington Academy<\/h6><ul class=\"list-group text-primary\">Fundada em 1792, Washington Academy \u00e9 uma das institui\u00e7\u00f5es de ensino mais antigas dos Estados Unidos. Com certifica\u00e7\u00e3o pela New England Association of Schools and Colleges, \u00e9 um destino de refer\u00eancia para estudantes de todo o mundo. Todos os anos, a Washington Academy acolhe cerca de 450 alunos no seu campis hist\u00f3rico e muitos outros estudantes internationals nas suas salas de aula digitais. Em cada turma de finalistas, 92% dos alunos s\u00e3o admitidos em universidades ou faculdades de elite.<\/ul><\/div><\/div>\n<\/div>\n<\/div>\n\n\n\n<div class=\"wp-block-columns container is-layout-flex wp-container-core-columns-is-layout-4 wp-block-columns-is-layout-flex\">\n<div class=\"wp-block-column is-layout-flow wp-block-column-is-layout-flow\">\n<figure class=\"wp-block-image size-full\"><img loading=\"lazy\" decoding=\"async\" width=\"640\" height=\"480\" src=\"https:\/\/www.educatiusacademy.org\/wp-content\/uploads\/2025\/02\/denmark-boy_EdOptions_640x480px-2.jpg\" alt=\"\" class=\"wp-image-210\" srcset=\"https:\/\/www.educatiusacademy.org\/wp-content\/uploads\/2025\/02\/denmark-boy_EdOptions_640x480px-2.jpg 640w, https:\/\/www.educatiusacademy.org\/wp-content\/uploads\/2025\/02\/denmark-boy_EdOptions_640x480px-2-300x225.jpg 300w, https:\/\/www.educatiusacademy.org\/wp-content\/uploads\/2025\/02\/denmark-boy_EdOptions_640x480px-2-24x18.jpg 24w, https:\/\/www.educatiusacademy.org\/wp-content\/uploads\/2025\/02\/denmark-boy_EdOptions_640x480px-2-36x27.jpg 36w, https:\/\/www.educatiusacademy.org\/wp-content\/uploads\/2025\/02\/denmark-boy_EdOptions_640x480px-2-48x36.jpg 48w\" sizes=\"auto, (max-width: 640px) 100vw, 640px\" \/><\/figure>\n<\/div>\n\n\n\n<div class=\"wp-block-column is-layout-flow wp-block-column-is-layout-flow\">\n<div class=\"wp-block-educatius-bordered-text container\"><div class=\"quick-fact-section\"><h6 class=\"text-block-title text-primary\">The Pennsylvania School <\/h6><ul class=\"list-group text-primary\">The Pennsylvania School&nbsp;\u00e9 uma institui\u00e7\u00e3o norte-americana reconhecida pela sua forte tradi\u00e7\u00e3o acad\u00e9mica e pelo compromisso com o desenvolvimento integral dos estudantes. Totalmente acreditada e alinhada com os standards educativos dos EUA, a escola oferece um ambiente acad\u00e9mico rigoroso e enriquecedor. O diploma e o hist\u00f3rico escolar emitidos pela The Pennsylvania School s\u00e3o amplamente reconhecidos e aceites por colleges e universidades nos Estados Unidos e no resto do mundo. O curr\u00edculo abrangente inclui disciplinas essenciais, avan\u00e7adas, optativas, bem como programas diferenciados que promovem pensamento cr\u00edtico, criatividade e prepara\u00e7\u00e3o para o ensino superior. <\/ul><\/div><\/div>\n<\/div>\n<\/div>\n\n\n\n<div class=\"wp-block-columns container is-layout-flex wp-container-core-columns-is-layout-5 wp-block-columns-is-layout-flex\">\n<div class=\"wp-block-column is-layout-flow wp-block-column-is-layout-flow\" style=\"flex-basis:66.66%\">\n<h6 class=\"wp-block-heading has-primary-blue-color has-text-color has-link-color wp-elements-2f4e182344ab6277fe995e313bcd2616\" id=\"h-college-advisement-program\">College Advisement Program<\/h6>\n\n\n\n<p>O College Advisement Program (CAP) apoia estudantes na identifica\u00e7\u00e3o de universidades e institui\u00e7\u00f5es de ensino superior que correspondam aos seus interesses e n\u00edvel acad\u00e9mico. O acompanhamento \u00e9 assegurado ao longo de todo o processo de candidatura. Eis como funciona:<\/p>\n\n\n\n<h6 class=\"wp-block-heading has-primary-blue-color has-text-color has-link-color wp-elements-6324deea9fab1f8ab5e81dd403ad1412\" id=\"h-aconselhamento-universitario-personalizado\">Aconselhamento universit\u00e1rio personalizado<\/h6>\n\n\n\n<p>Os alunos recebem orienta\u00e7\u00e3o individual gratuita de um orientador universit\u00e1rio experiente. <\/p>\n\n\n\n<h6 class=\"wp-block-heading has-primary-blue-color has-text-color has-link-color wp-elements-763f198b6c7699ae6365d83ee8ba740a\" id=\"h-garantia-de-admissao\">Garantia de Admiss\u00e3o<\/h6>\n\n\n\n<p>Os alunos recebem sempre pelo menos uma oferta de admiss\u00e3o das mais de 300 universidades e <em>colleges<\/em> pertencentes \u00e0 rede CAP.<\/p>\n\n\n\n<h6 class=\"wp-block-heading has-primary-blue-color has-text-color has-link-color wp-elements-105d3ed0bfc5850e532deaa9c2ce10e7\" id=\"h-oportunidades-de-bolsa\">Oportunidades de bolsa<\/h6>\n\n\n\n<p>Os alunos podem candidatar-se a bolsas exclusivas do programa CAP.<\/p>\n\n\n\n<h6 class=\"wp-block-heading has-primary-blue-color has-text-color has-link-color wp-elements-fe4f7ac00d94d777dae33008b253108f\" id=\"h-isencao-de-taxas-de-candidatura\">Isen\u00e7\u00e3o de taxas de candidatura <\/h6>\n\n\n\n<p>N\u00e3o s\u00e3o cobradas taxas nas primeras tr\u00eas candidaturas dentro da rede CAP, incluindo universidades internacionais.  <\/p>\n\n\n\n<h6 class=\"wp-block-heading has-primary-blue-color has-text-color has-link-color wp-elements-352c9671ee608cc94a8c82f6b8f3d65c\" id=\"h-candidatura-a-qualquer-instituicao\">Candidatura a qualquer institui\u00e7\u00e3o<\/h6>\n\n\n\n<p>Est\u00e1 dispon\u00edvel apoio para alunos que pretendem candidatar-se a qualquer institui\u00e7\u00e3o, incluindo aquelas que n\u00e3o pertencem \u00e0 rede CAP. <\/p>\n<\/div>\n\n\n\n<div class=\"wp-block-column is-layout-flow wp-block-column-is-layout-flow\" style=\"flex-basis:34.83%\">\n<figure class=\"wp-block-image size-large\"><img loading=\"lazy\" decoding=\"async\" width=\"683\" height=\"1024\" src=\"https:\/\/www.educatiusacademy.org\/wp-content\/uploads\/2025\/02\/academy-online-student-with-cap-800x1200px-683x1024.jpg\" alt=\"\" class=\"wp-image-202\" srcset=\"https:\/\/www.educatiusacademy.org\/wp-content\/uploads\/2025\/02\/academy-online-student-with-cap-800x1200px-683x1024.jpg 683w, https:\/\/www.educatiusacademy.org\/wp-content\/uploads\/2025\/02\/academy-online-student-with-cap-800x1200px-200x300.jpg 200w, https:\/\/www.educatiusacademy.org\/wp-content\/uploads\/2025\/02\/academy-online-student-with-cap-800x1200px-768x1152.jpg 768w, https:\/\/www.educatiusacademy.org\/wp-content\/uploads\/2025\/02\/academy-online-student-with-cap-800x1200px-16x24.jpg 16w, https:\/\/www.educatiusacademy.org\/wp-content\/uploads\/2025\/02\/academy-online-student-with-cap-800x1200px-24x36.jpg 24w, https:\/\/www.educatiusacademy.org\/wp-content\/uploads\/2025\/02\/academy-online-student-with-cap-800x1200px-32x48.jpg 32w, https:\/\/www.educatiusacademy.org\/wp-content\/uploads\/2025\/02\/academy-online-student-with-cap-800x1200px.jpg 800w\" sizes=\"auto, (max-width: 683px) 100vw, 683px\" \/><\/figure>\n<\/div>\n<\/div>\n\n\n\n<section class=\"wp-block-educatius-right-image-and-text highlight-section-reverse py-1 py-sm-2 py-md-2 py-sm-5 py-md-5\"><div class=\"container\"><div class=\"row\"><div class=\"col-md-6 order-md-1\"><img decoding=\"async\" src=\"https:\/\/www.educatiusacademy.org\/wp-content\/uploads\/2025\/02\/educatius-academy-study-online-student.jpg\" class=\"w-100\" \/><\/div><div class=\"col-md-6 order-md-0\" style=\"background:#e8b8a6\"><div class=\"text-block-wrap py-md-0 px-md-5\"><span class=\"text-block-title\" style=\"color:#000000\"><\/span><h3 class=\"text-block-title\" style=\"color:#000000\">Avalia\u00e7\u00e3o de compet\u00eancias lingu\u00edsticas <\/h3><p style=\"color:#000000\">Avalie o n\u00edvel de Ingl\u00eas atrav\u00e9s do nosso teste gratuito. Os resultados permitem recomendar os passos mais adequados para alcan\u00e7ar os objetivos acad\u00e9micos definidos. Ap\u00f3s a rece\u00e7\u00e3o dos resultados, a nossa equipa entrar\u00e1 em contacto para dar continuidade ao processo. <\/p><a href=\"\/pt-pt\/whats-included\/english-assessment\/\" class=\"btn btn-outline-primary btn-lg\">Teste de Ingl\u00eas<\/a><\/div><\/div><\/div><\/div><\/section>\n\n\n\n<section class=\"wp-block-educatius-left-image-and-text highlight-section py-1 py-sm-2 py-md-2\"><div class=\"container\"><div class=\"row\"><div class=\"col-md-6\"><img decoding=\"async\" src=\"https:\/\/www.educatiusacademy.org\/wp-content\/uploads\/2025\/02\/female-african-high-school-student-at-computer.jpg\" class=\"w-100\" \/><\/div><div class=\"col-md-6\" style=\"background:#faf4e2\"><div class=\"text-block-wrap py-md-0 px-md-5\"><span class=\"text-block-title\" style=\"color:#691c32\"><\/span><h3 class=\"text-block-title\" style=\"color:#691c32\">Agendar uma reuni\u00e3o gratuita<\/h3><p style=\"color:#691c32\">Agende uma reuni\u00e3o individual connosco e partilhe os seus objetivos acad\u00e9micos. Em conjunto, podemos definir o caminho mais eficaz para chegar onde se pretende. <\/p><a href=\"\/pt-pt\/contact-us-student\/\" class=\"btn btn-outline-primary btn-lg\" style=\"background-color:#691c32;border-color:#691c32;color:#ffffff\">Agendar reuni\u00e3o<\/a><\/div><\/div><\/div><\/div><\/section>\n\n\n\n<p><\/p>\n","protected":false},"excerpt":{"rendered":"<p>College Advisement Program O College Advisement Program (CAP) apoia estudantes na identifica\u00e7\u00e3o de universidades e institui\u00e7\u00f5es de ensino superior que correspondam aos seus interesses e n\u00edvel acad\u00e9mico. O acompanhamento \u00e9 assegurado ao longo de todo o processo de candidatura. Eis como funciona: Aconselhamento universit\u00e1rio personalizado Os alunos recebem orienta\u00e7\u00e3o individual gratuita de um orientador universit\u00e1rio [&hellip;]<\/p>\n","protected":false},"author":18,"featured_media":0,"parent":0,"menu_order":0,"comment_status":"closed","ping_status":"closed","template":"","meta":{"_acf_changed":false,"inline_featured_image":false,"footnotes":""},"wf_page_folders":[],"class_list":["post-2809","page","type-page","status-publish","hentry"],"acf":[],"yoast_head":"<!-- This site is optimized with the Yoast SEO Premium plugin v23.4 (Yoast SEO v23.6) - https:\/\/yoast.com\/wordpress\/plugins\/seo\/ -->\n<title>Dual diploma - Educatius Academy Online<\/title>\n<meta name=\"robots\" content=\"index, follow, max-snippet:-1, max-image-preview:large, max-video-preview:-1\" \/>\n<link rel=\"canonical\" href=\"https:\/\/www.educatiusacademy.org\/pt-pt\/dual-diploma\/\" \/>\n<meta property=\"og:locale\" content=\"pt_PT\" \/>\n<meta property=\"og:type\" content=\"article\" \/>\n<meta property=\"og:title\" content=\"Dual diploma\" \/>\n<meta property=\"og:description\" content=\"College Advisement Program O College Advisement Program (CAP) apoia estudantes na identifica\u00e7\u00e3o de universidades e institui\u00e7\u00f5es de ensino superior que correspondam aos seus interesses e n\u00edvel acad\u00e9mico. O acompanhamento \u00e9 assegurado ao longo de todo o processo de candidatura. Eis como funciona: Aconselhamento universit\u00e1rio personalizado Os alunos recebem orienta\u00e7\u00e3o individual gratuita de um orientador universit\u00e1rio [&hellip;]\" \/>\n<meta property=\"og:url\" content=\"https:\/\/www.educatiusacademy.org\/pt-pt\/dual-diploma\/\" \/>\n<meta property=\"og:site_name\" content=\"Educatius Academy Online\" \/>\n<meta property=\"article:modified_time\" content=\"2026-01-07T11:47:11+00:00\" \/>\n<meta property=\"og:image\" content=\"https:\/\/www.educatiusacademy.org\/wp-content\/uploads\/2026\/01\/washington-academy_640x422px.jpg\" \/>\n\t<meta property=\"og:image:width\" content=\"640\" \/>\n\t<meta property=\"og:image:height\" content=\"422\" \/>\n\t<meta property=\"og:image:type\" content=\"image\/jpeg\" \/>\n<meta name=\"twitter:card\" content=\"summary_large_image\" \/>\n<meta name=\"twitter:label1\" content=\"Est. reading time\" \/>\n\t<meta name=\"twitter:data1\" content=\"4 minutos\" \/>\n<script type=\"application\/ld+json\" class=\"yoast-schema-graph\">{\"@context\":\"https:\/\/schema.org\",\"@graph\":[{\"@type\":\"WebPage\",\"@id\":\"https:\/\/www.educatiusacademy.org\/pt-pt\/dual-diploma\/\",\"url\":\"https:\/\/www.educatiusacademy.org\/pt-pt\/dual-diploma\/\",\"name\":\"Dual diploma - Educatius Academy Online\",\"isPartOf\":{\"@id\":\"https:\/\/www.educatiusacademy.org\/pt-pt\/#website\"},\"primaryImageOfPage\":{\"@id\":\"https:\/\/www.educatiusacademy.org\/pt-pt\/dual-diploma\/#primaryimage\"},\"image\":{\"@id\":\"https:\/\/www.educatiusacademy.org\/pt-pt\/dual-diploma\/#primaryimage\"},\"thumbnailUrl\":\"https:\/\/www.educatiusacademy.org\/wp-content\/uploads\/2026\/01\/washington-academy_640x422px.jpg\",\"datePublished\":\"2025-02-14T07:35:58+00:00\",\"dateModified\":\"2026-01-07T11:47:11+00:00\",\"breadcrumb\":{\"@id\":\"https:\/\/www.educatiusacademy.org\/pt-pt\/dual-diploma\/#breadcrumb\"},\"inLanguage\":\"pt-PT\",\"potentialAction\":[{\"@type\":\"ReadAction\",\"target\":[\"https:\/\/www.educatiusacademy.org\/pt-pt\/dual-diploma\/\"]}]},{\"@type\":\"ImageObject\",\"inLanguage\":\"pt-PT\",\"@id\":\"https:\/\/www.educatiusacademy.org\/pt-pt\/dual-diploma\/#primaryimage\",\"url\":\"https:\/\/www.educatiusacademy.org\/wp-content\/uploads\/2026\/01\/washington-academy_640x422px.jpg\",\"contentUrl\":\"https:\/\/www.educatiusacademy.org\/wp-content\/uploads\/2026\/01\/washington-academy_640x422px.jpg\"},{\"@type\":\"BreadcrumbList\",\"@id\":\"https:\/\/www.educatiusacademy.org\/pt-pt\/dual-diploma\/#breadcrumb\",\"itemListElement\":[{\"@type\":\"ListItem\",\"position\":1,\"name\":\"Home\",\"item\":\"https:\/\/www.educatiusacademy.org\/pt-pt\/\"},{\"@type\":\"ListItem\",\"position\":2,\"name\":\"Dual diploma\"}]},{\"@type\":\"WebSite\",\"@id\":\"https:\/\/www.educatiusacademy.org\/pt-pt\/#website\",\"url\":\"https:\/\/www.educatiusacademy.org\/pt-pt\/\",\"name\":\"Educatius Academy Online\",\"description\":\"\",\"publisher\":{\"@id\":\"https:\/\/www.educatiusacademy.org\/pt-pt\/#organization\"},\"potentialAction\":[{\"@type\":\"SearchAction\",\"target\":{\"@type\":\"EntryPoint\",\"urlTemplate\":\"https:\/\/www.educatiusacademy.org\/pt-pt\/?s={search_term_string}\"},\"query-input\":{\"@type\":\"PropertyValueSpecification\",\"valueRequired\":true,\"valueName\":\"search_term_string\"}}],\"inLanguage\":\"pt-PT\"},{\"@type\":\"Organization\",\"@id\":\"https:\/\/www.educatiusacademy.org\/pt-pt\/#organization\",\"name\":\"Educatius Academy Online\",\"url\":\"https:\/\/www.educatiusacademy.org\/pt-pt\/\",\"logo\":{\"@type\":\"ImageObject\",\"inLanguage\":\"pt-PT\",\"@id\":\"https:\/\/www.educatiusacademy.org\/pt-pt\/#\/schema\/logo\/image\/\",\"url\":\"https:\/\/www.educatiusacademy.org\/wp-content\/uploads\/2025\/02\/educatius_academy_white.png\",\"contentUrl\":\"https:\/\/www.educatiusacademy.org\/wp-content\/uploads\/2025\/02\/educatius_academy_white.png\",\"width\":837,\"height\":332,\"caption\":\"Educatius Academy Online\"},\"image\":{\"@id\":\"https:\/\/www.educatiusacademy.org\/pt-pt\/#\/schema\/logo\/image\/\"}}]}<\/script>\n<!-- \/ Yoast SEO Premium plugin. -->","yoast_head_json":{"title":"Dual diploma - Educatius Academy Online","robots":{"index":"index","follow":"follow","max-snippet":"max-snippet:-1","max-image-preview":"max-image-preview:large","max-video-preview":"max-video-preview:-1"},"canonical":"https:\/\/www.educatiusacademy.org\/pt-pt\/dual-diploma\/","og_locale":"pt_PT","og_type":"article","og_title":"Dual diploma","og_description":"College Advisement Program O College Advisement Program (CAP) apoia estudantes na identifica\u00e7\u00e3o de universidades e institui\u00e7\u00f5es de ensino superior que correspondam aos seus interesses e n\u00edvel acad\u00e9mico. O acompanhamento \u00e9 assegurado ao longo de todo o processo de candidatura. Eis como funciona: Aconselhamento universit\u00e1rio personalizado Os alunos recebem orienta\u00e7\u00e3o individual gratuita de um orientador universit\u00e1rio [&hellip;]","og_url":"https:\/\/www.educatiusacademy.org\/pt-pt\/dual-diploma\/","og_site_name":"Educatius Academy Online","article_modified_time":"2026-01-07T11:47:11+00:00","og_image":[{"width":640,"height":422,"url":"https:\/\/www.educatiusacademy.org\/wp-content\/uploads\/2026\/01\/washington-academy_640x422px.jpg","type":"image\/jpeg"}],"twitter_card":"summary_large_image","twitter_misc":{"Est. reading time":"4 minutos"},"schema":{"@context":"https:\/\/schema.org","@graph":[{"@type":"WebPage","@id":"https:\/\/www.educatiusacademy.org\/pt-pt\/dual-diploma\/","url":"https:\/\/www.educatiusacademy.org\/pt-pt\/dual-diploma\/","name":"Dual diploma - Educatius Academy Online","isPartOf":{"@id":"https:\/\/www.educatiusacademy.org\/pt-pt\/#website"},"primaryImageOfPage":{"@id":"https:\/\/www.educatiusacademy.org\/pt-pt\/dual-diploma\/#primaryimage"},"image":{"@id":"https:\/\/www.educatiusacademy.org\/pt-pt\/dual-diploma\/#primaryimage"},"thumbnailUrl":"https:\/\/www.educatiusacademy.org\/wp-content\/uploads\/2026\/01\/washington-academy_640x422px.jpg","datePublished":"2025-02-14T07:35:58+00:00","dateModified":"2026-01-07T11:47:11+00:00","breadcrumb":{"@id":"https:\/\/www.educatiusacademy.org\/pt-pt\/dual-diploma\/#breadcrumb"},"inLanguage":"pt-PT","potentialAction":[{"@type":"ReadAction","target":["https:\/\/www.educatiusacademy.org\/pt-pt\/dual-diploma\/"]}]},{"@type":"ImageObject","inLanguage":"pt-PT","@id":"https:\/\/www.educatiusacademy.org\/pt-pt\/dual-diploma\/#primaryimage","url":"https:\/\/www.educatiusacademy.org\/wp-content\/uploads\/2026\/01\/washington-academy_640x422px.jpg","contentUrl":"https:\/\/www.educatiusacademy.org\/wp-content\/uploads\/2026\/01\/washington-academy_640x422px.jpg"},{"@type":"BreadcrumbList","@id":"https:\/\/www.educatiusacademy.org\/pt-pt\/dual-diploma\/#breadcrumb","itemListElement":[{"@type":"ListItem","position":1,"name":"Home","item":"https:\/\/www.educatiusacademy.org\/pt-pt\/"},{"@type":"ListItem","position":2,"name":"Dual diploma"}]},{"@type":"WebSite","@id":"https:\/\/www.educatiusacademy.org\/pt-pt\/#website","url":"https:\/\/www.educatiusacademy.org\/pt-pt\/","name":"Educatius Academy Online","description":"","publisher":{"@id":"https:\/\/www.educatiusacademy.org\/pt-pt\/#organization"},"potentialAction":[{"@type":"SearchAction","target":{"@type":"EntryPoint","urlTemplate":"https:\/\/www.educatiusacademy.org\/pt-pt\/?s={search_term_string}"},"query-input":{"@type":"PropertyValueSpecification","valueRequired":true,"valueName":"search_term_string"}}],"inLanguage":"pt-PT"},{"@type":"Organization","@id":"https:\/\/www.educatiusacademy.org\/pt-pt\/#organization","name":"Educatius Academy Online","url":"https:\/\/www.educatiusacademy.org\/pt-pt\/","logo":{"@type":"ImageObject","inLanguage":"pt-PT","@id":"https:\/\/www.educatiusacademy.org\/pt-pt\/#\/schema\/logo\/image\/","url":"https:\/\/www.educatiusacademy.org\/wp-content\/uploads\/2025\/02\/educatius_academy_white.png","contentUrl":"https:\/\/www.educatiusacademy.org\/wp-content\/uploads\/2025\/02\/educatius_academy_white.png","width":837,"height":332,"caption":"Educatius Academy Online"},"image":{"@id":"https:\/\/www.educatiusacademy.org\/pt-pt\/#\/schema\/logo\/image\/"}}]}},"_links":{"self":[{"href":"https:\/\/www.educatiusacademy.org\/pt-pt\/wp-json\/wp\/v2\/pages\/2809","targetHints":{"allow":["GET"]}}],"collection":[{"href":"https:\/\/www.educatiusacademy.org\/pt-pt\/wp-json\/wp\/v2\/pages"}],"about":[{"href":"https:\/\/www.educatiusacademy.org\/pt-pt\/wp-json\/wp\/v2\/types\/page"}],"author":[{"embeddable":true,"href":"https:\/\/www.educatiusacademy.org\/pt-pt\/wp-json\/wp\/v2\/users\/18"}],"replies":[{"embeddable":true,"href":"https:\/\/www.educatiusacademy.org\/pt-pt\/wp-json\/wp\/v2\/comments?post=2809"}],"version-history":[{"count":15,"href":"https:\/\/www.educatiusacademy.org\/pt-pt\/wp-json\/wp\/v2\/pages\/2809\/revisions"}],"predecessor-version":[{"id":3085,"href":"https:\/\/www.educatiusacademy.org\/pt-pt\/wp-json\/wp\/v2\/pages\/2809\/revisions\/3085"}],"wp:attachment":[{"href":"https:\/\/www.educatiusacademy.org\/pt-pt\/wp-json\/wp\/v2\/media?parent=2809"}],"wp:term":[{"taxonomy":"wf_page_folders","embeddable":true,"href":"https:\/\/www.educatiusacademy.org\/pt-pt\/wp-json\/wp\/v2\/wf_page_folders?post=2809"}],"curies":[{"name":"wp","href":"https:\/\/api.w.org\/{rel}","templated":true}]}}