{"id":2884,"date":"2025-02-18T06:44:58","date_gmt":"2025-02-18T06:44:58","guid":{"rendered":"https:\/\/www.educatiusacademy.org\/?page_id=2884"},"modified":"2026-01-07T12:00:56","modified_gmt":"2026-01-07T12:00:56","slug":"hybrid-dual-diploma","status":"publish","type":"page","link":"https:\/\/www.educatiusacademy.org\/pt-pt\/dual-diploma\/hybrid-dual-diploma\/","title":{"rendered":"Hybrid Dual Diploma"},"content":{"rendered":"\n<div class=\"wp-block-group has-gray-background-color has-background\"><div class=\"wp-block-group__inner-container is-layout-constrained wp-block-group-is-layout-constrained\">\n<div class=\"wp-block-group container\"><div class=\"wp-block-group__inner-container is-layout-constrained wp-block-group-is-layout-constrained\">\n<div class=\"wp-block-group has-gray-background-color has-background\"><div class=\"wp-block-group__inner-container is-layout-constrained wp-block-group-is-layout-constrained\">\n<div style=\"height:100px\" aria-hidden=\"true\" class=\"wp-block-spacer\"><\/div>\n\n\n\n<div class=\"wp-block-columns has-gray-background-color has-background is-layout-flex wp-container-core-columns-is-layout-1 wp-block-columns-is-layout-flex\">\n<div class=\"wp-block-column is-layout-flow wp-block-column-is-layout-flow\">\n<div class=\"wp-block-educatius-title-paragraph-darkbutton container\"><div class=\"text-block-wrap py-4 py-md-0\"><h3 class=\"text-block-title text-primary\">Hybrid Dual Diploma<\/h3><p class=\"text-primary\">Os alunos que realizam parte dos seus estudos em qualquer pa\u00eds de l\u00edngua inglesa, podem agora obter o US High School Diploma. Ao combinar os cr\u00e9ditos (disciplinas) realizados durante o per\u00edodo de estudos fora, online cr\u00e9ditos e disciplinas frequentadas no sistema de ensino local, os alunos tornam-se eleg\u00edveis para obter um Dual Diploma com o US High School Diploma.<br><br><strong>Estudar fora + Online Courses + Ensino Secund\u00e1rio no pa\u00eds de origem<br><\/strong><br>Para concluir o Programa, \u00e9 necess\u00e1rio um total de 5 cr\u00e9ditos norte-americanos (disciplinas). O Dual Diploma \u00e9 obtido ao concluir o Ensino Secund\u00e1rio no pa\u00eds de origem e ao completar todos os cr\u00e9ditos exigidos nos Estados Unidos.<br>Durante o per\u00edodo de estudos no estrangeiro, \u00e9 poss\u00edvel obter 2 cr\u00e9ditos atrav\u00e9s das disciplinas frequentadas na escola internacional. Para completar o percurso, ser\u00e1 necess\u00e1rio realizar 3 cr\u00e9ditos online, em complemento aos estudos regulares, e assim graduar-se com o US High School Diploma.<br><br><strong>Estudar quando for mais conveniente<\/strong><br><br>Os cr\u00e9ditos norte-americanos podem ser conclu\u00eddos ao longo de 1 a 4 anos. \u00c9 poss\u00edvel optar por estudar durante o ano letivo ou durante as f\u00e9rias de ver\u00e3o. As aulas Sao ass\u00edncronas, permit info iniciar os estudos em qualquer momento e avan\u00e7ar ao ritmo mais adequado. <br>Apesar da flexibilidade, existe intera\u00e7\u00e3o com professores e colegas, incluindo sess\u00f5es ao vivo opcionais duas vezes por m\u00eas nas disciplinas principais.<br><br><strong><strong>Estudar disciplinas do interesse do(a) aluno(a)<\/strong><\/strong><br><br>Algumas disciplinas s\u00e3o obrigat\u00f3rias, incluindo U.S. History e English. No entanto, \u00e9 tamb\u00e9m poss\u00edvel escolher disciplinas opcionais, incluindo \u00e1reas que podem n\u00e3o estar dispon\u00edveis no sistema do pa\u00eds. <br>O aprofundamento de conhecimentos em \u00e1reas de interessa torna a aprendizagem mais motivadora e pode contribuir para orientar futuras escolhas acad\u00e9micas ap\u00f3s a conclus\u00e3o do Ensino Secund\u00e1rio.&nbsp;<\/p><a href=\"\/pt-pt\/contact-us-student\/\" class=\"btn btn-primary\">Fale connosco!<\/a><\/div><\/div>\n<\/div>\n\n\n\n<div class=\"wp-block-column is-layout-flow wp-block-column-is-layout-flow\">\n<div class=\"wp-block-educatius-bordered-text container\"><div class=\"quick-fact-section\"><h6 class=\"text-block-title text-primary\">Quick facts: Hybrid Dual Diploma<\/h6><ul class=\"list-group text-primary\"><li class=\"list-item\">Combinar disciplinas realizadas em interc\u00e2mbio, online e no pa\u00eds de origem.<br><\/li><br><li class=\"list-item\">A combina\u00e7\u00e3o das disciplinas permite obter o US High School Diploma atrav\u00e9s do Dual Diploma Program.<\/li> <br><li class=\"list-item\">Possibilidade de estudar online antes do interc\u00e2mbio, ap\u00f3s o regresso ou em ambos momentos.<\/li><br><li class=\"list-item\">Acompanhamento de professores e orientadores acad\u00e9micos.<\/li><br><li class=\"list-item\">Frequ\u00eancia de aulas online durante o ano letivo ou no ver\u00e3o.<\/li><br><li class=\"list-item\">Distribui\u00e7\u00e3o dos cr\u00e9ditos do Dual Diploma ao longo de 1 a 4 anos.<\/li><br><li class=\"list-item\">In\u00edcio em qualquer momento e progress\u00e3o ao ritmo mais adequado.<\/li><\/ul><\/div><\/div>\n<\/div>\n<\/div>\n<\/div><\/div>\n<\/div><\/div>\n<\/div><\/div>\n\n\n\n<section class=\"wp-block-educatius-right-image-and-text highlight-section-reverse py-1 py-sm-2 py-md-2 py-sm-5 py-md-5\"><div class=\"container\"><div class=\"row\"><div class=\"col-md-6 order-md-1\"><img decoding=\"async\" src=\"https:\/\/www.educatiusacademy.org\/wp-content\/uploads\/2025\/02\/girls-with-a-view-640x560px-2.jpg\" class=\"w-100\" \/><\/div><div class=\"col-md-6 order-md-0\" style=\"background:#691c32\"><div class=\"text-block-wrap py-md-0 px-md-5\"><span class=\"text-block-title\" style=\"color:#ffffff\"><\/span><h3 class=\"text-block-title\" style=\"color:#ffffff\">Exchange Student nos Estados Unidos<\/h3><p style=\"color:#ffffff\">O Hybrid Dual Diploma \u00e9 uma forma simples de acrescentar valor \u00e0 experi\u00eancia transformadora de um programa de interc\u00e2mbio acad\u00e9mico. Os estudantes que frequentam o Dual Diploma Program podem realizar estudos no estrangeiro em qualquer escola secund\u00e1ria acreditada. <br>Durante um per\u00edodo de interc\u00e2mbio nos Estados Unidos, os estudantes s\u00e3o integrados num ambiente acad\u00e9mico estimulante e t\u00eam acesso a atividades extracurriculares pelas quais as escolas secund\u00e1rias americanas s\u00e3o amplamente reconhecidas. Naturalmente, este contexto favorece tamb\u00e9m um elevado n\u00edvel de flu\u00eancia em Ingl\u00eas.<br>Para quem pretende realizar um interc\u00e2mbio ou necessita mais informa\u00e7\u00f5es, a nossa equipa est\u00e1 dispon\u00edvel para esclarecer qualquer d\u00favida. Todos os anos, enviamos mais de 7.000 alunos para Programas Internacionais de High School e acompanhamos cada participante na constru\u00e7\u00e3o da experi\u00eancia acad\u00e9mica pretendida.<\/p><a href=\"https:\/\/www.educatius.org\/\" class=\"btn btn-outline-primary btn-lg\" style=\"background-color:#ffffff;border-color:#ffffff\">Descobrir oportunidades para estudar fora<\/a><\/div><\/div><\/div><\/div><\/section>\n\n\n\n<section class=\"wp-block-educatius-left-image-and-text highlight-section py-1 py-sm-2 py-md-2 py-sm-5 py-md-5 py-3\"><div class=\"container\"><div class=\"row\"><div class=\"col-md-6\"><img decoding=\"async\" src=\"https:\/\/www.educatiusacademy.org\/wp-content\/uploads\/2025\/02\/classmates-graduating-1600x600px.jpg\" class=\"w-100\" \/><\/div><div class=\"col-md-6\" style=\"background:#009490\"><div class=\"text-block-wrap py-md-0 px-md-5\"><span class=\"text-block-title\" style=\"color:#ffffff\"><\/span><h3 class=\"text-block-title\" style=\"color:#ffffff\">Agendar uma reuni\u00e3o gratuita<\/h3><p style=\"color:#ffffff\">Reserve uma reuni\u00e3o individual e partilhe os seus objetivos acad\u00e9micos. Em conjunto, analisamos a melhor forma de alcan\u00e7ar o percurso pretendido.<br><a href=\"https:\/\/www.educatiusacademy.org\/contact-us-student\/\"><\/a><\/p><a href=\"\/pt-pt\/contact-us-student\/\" class=\"btn btn-outline-primary btn-lg\" style=\"border-color:#000000;color:#000000\">Agendar uma reuni\u00e3o gratuita<\/a><\/div><\/div><\/div><\/div><\/section>\n","protected":false},"excerpt":{"rendered":"","protected":false},"author":18,"featured_media":0,"parent":2809,"menu_order":0,"comment_status":"closed","ping_status":"closed","template":"","meta":{"_acf_changed":false,"inline_featured_image":false,"footnotes":""},"wf_page_folders":[],"class_list":["post-2884","page","type-page","status-publish","hentry"],"acf":[],"yoast_head":"<!-- This site is optimized with the Yoast SEO Premium plugin v23.4 (Yoast SEO v23.6) - https:\/\/yoast.com\/wordpress\/plugins\/seo\/ -->\n<title>Hybrid Dual Diploma - Educatius Academy Online<\/title>\n<meta name=\"robots\" content=\"index, follow, max-snippet:-1, max-image-preview:large, max-video-preview:-1\" \/>\n<link rel=\"canonical\" href=\"https:\/\/www.educatiusacademy.org\/pt-pt\/dual-diploma\/hybrid-dual-diploma\/\" \/>\n<meta property=\"og:locale\" content=\"pt_PT\" \/>\n<meta property=\"og:type\" content=\"article\" \/>\n<meta property=\"og:title\" content=\"Hybrid Dual Diploma\" \/>\n<meta property=\"og:url\" content=\"https:\/\/www.educatiusacademy.org\/pt-pt\/dual-diploma\/hybrid-dual-diploma\/\" \/>\n<meta property=\"og:site_name\" content=\"Educatius Academy Online\" \/>\n<meta property=\"article:modified_time\" content=\"2026-01-07T12:00:56+00:00\" \/>\n<meta property=\"og:image\" content=\"https:\/\/www.educatiusacademy.org\/wp-content\/uploads\/2025\/02\/girls-with-a-view-640x560px-2.jpg\" \/>\n<meta name=\"twitter:card\" content=\"summary_large_image\" \/>\n<meta name=\"twitter:label1\" content=\"Est. reading time\" \/>\n\t<meta name=\"twitter:data1\" content=\"3 minutos\" \/>\n<script type=\"application\/ld+json\" class=\"yoast-schema-graph\">{\"@context\":\"https:\/\/schema.org\",\"@graph\":[{\"@type\":\"WebPage\",\"@id\":\"https:\/\/www.educatiusacademy.org\/pt-pt\/dual-diploma\/hybrid-dual-diploma\/\",\"url\":\"https:\/\/www.educatiusacademy.org\/pt-pt\/dual-diploma\/hybrid-dual-diploma\/\",\"name\":\"Hybrid Dual Diploma - Educatius Academy Online\",\"isPartOf\":{\"@id\":\"https:\/\/www.educatiusacademy.org\/pt-pt\/#website\"},\"primaryImageOfPage\":{\"@id\":\"https:\/\/www.educatiusacademy.org\/pt-pt\/dual-diploma\/hybrid-dual-diploma\/#primaryimage\"},\"image\":{\"@id\":\"https:\/\/www.educatiusacademy.org\/pt-pt\/dual-diploma\/hybrid-dual-diploma\/#primaryimage\"},\"thumbnailUrl\":\"https:\/\/www.educatiusacademy.org\/wp-content\/uploads\/2025\/02\/girls-with-a-view-640x560px-2.jpg\",\"datePublished\":\"2025-02-18T06:44:58+00:00\",\"dateModified\":\"2026-01-07T12:00:56+00:00\",\"breadcrumb\":{\"@id\":\"https:\/\/www.educatiusacademy.org\/pt-pt\/dual-diploma\/hybrid-dual-diploma\/#breadcrumb\"},\"inLanguage\":\"pt-PT\",\"potentialAction\":[{\"@type\":\"ReadAction\",\"target\":[\"https:\/\/www.educatiusacademy.org\/pt-pt\/dual-diploma\/hybrid-dual-diploma\/\"]}]},{\"@type\":\"ImageObject\",\"inLanguage\":\"pt-PT\",\"@id\":\"https:\/\/www.educatiusacademy.org\/pt-pt\/dual-diploma\/hybrid-dual-diploma\/#primaryimage\",\"url\":\"https:\/\/www.educatiusacademy.org\/wp-content\/uploads\/2025\/02\/girls-with-a-view-640x560px-2.jpg\",\"contentUrl\":\"https:\/\/www.educatiusacademy.org\/wp-content\/uploads\/2025\/02\/girls-with-a-view-640x560px-2.jpg\"},{\"@type\":\"BreadcrumbList\",\"@id\":\"https:\/\/www.educatiusacademy.org\/pt-pt\/dual-diploma\/hybrid-dual-diploma\/#breadcrumb\",\"itemListElement\":[{\"@type\":\"ListItem\",\"position\":1,\"name\":\"Home\",\"item\":\"https:\/\/www.educatiusacademy.org\/pt-pt\/\"},{\"@type\":\"ListItem\",\"position\":2,\"name\":\"Dual diploma\",\"item\":\"https:\/\/www.educatiusacademy.org\/pt-pt\/dual-diploma\/\"},{\"@type\":\"ListItem\",\"position\":3,\"name\":\"Hybrid Dual Diploma\"}]},{\"@type\":\"WebSite\",\"@id\":\"https:\/\/www.educatiusacademy.org\/pt-pt\/#website\",\"url\":\"https:\/\/www.educatiusacademy.org\/pt-pt\/\",\"name\":\"Educatius Academy Online\",\"description\":\"\",\"publisher\":{\"@id\":\"https:\/\/www.educatiusacademy.org\/pt-pt\/#organization\"},\"potentialAction\":[{\"@type\":\"SearchAction\",\"target\":{\"@type\":\"EntryPoint\",\"urlTemplate\":\"https:\/\/www.educatiusacademy.org\/pt-pt\/?s={search_term_string}\"},\"query-input\":{\"@type\":\"PropertyValueSpecification\",\"valueRequired\":true,\"valueName\":\"search_term_string\"}}],\"inLanguage\":\"pt-PT\"},{\"@type\":\"Organization\",\"@id\":\"https:\/\/www.educatiusacademy.org\/pt-pt\/#organization\",\"name\":\"Educatius Academy Online\",\"url\":\"https:\/\/www.educatiusacademy.org\/pt-pt\/\",\"logo\":{\"@type\":\"ImageObject\",\"inLanguage\":\"pt-PT\",\"@id\":\"https:\/\/www.educatiusacademy.org\/pt-pt\/#\/schema\/logo\/image\/\",\"url\":\"https:\/\/www.educatiusacademy.org\/wp-content\/uploads\/2025\/02\/educatius_academy_white.png\",\"contentUrl\":\"https:\/\/www.educatiusacademy.org\/wp-content\/uploads\/2025\/02\/educatius_academy_white.png\",\"width\":837,\"height\":332,\"caption\":\"Educatius Academy Online\"},\"image\":{\"@id\":\"https:\/\/www.educatiusacademy.org\/pt-pt\/#\/schema\/logo\/image\/\"}}]}<\/script>\n<!-- \/ Yoast SEO Premium plugin. -->","yoast_head_json":{"title":"Hybrid Dual Diploma - Educatius Academy Online","robots":{"index":"index","follow":"follow","max-snippet":"max-snippet:-1","max-image-preview":"max-image-preview:large","max-video-preview":"max-video-preview:-1"},"canonical":"https:\/\/www.educatiusacademy.org\/pt-pt\/dual-diploma\/hybrid-dual-diploma\/","og_locale":"pt_PT","og_type":"article","og_title":"Hybrid Dual Diploma","og_url":"https:\/\/www.educatiusacademy.org\/pt-pt\/dual-diploma\/hybrid-dual-diploma\/","og_site_name":"Educatius Academy Online","article_modified_time":"2026-01-07T12:00:56+00:00","og_image":[{"url":"https:\/\/www.educatiusacademy.org\/wp-content\/uploads\/2025\/02\/girls-with-a-view-640x560px-2.jpg"}],"twitter_card":"summary_large_image","twitter_misc":{"Est. reading time":"3 minutos"},"schema":{"@context":"https:\/\/schema.org","@graph":[{"@type":"WebPage","@id":"https:\/\/www.educatiusacademy.org\/pt-pt\/dual-diploma\/hybrid-dual-diploma\/","url":"https:\/\/www.educatiusacademy.org\/pt-pt\/dual-diploma\/hybrid-dual-diploma\/","name":"Hybrid Dual Diploma - Educatius Academy Online","isPartOf":{"@id":"https:\/\/www.educatiusacademy.org\/pt-pt\/#website"},"primaryImageOfPage":{"@id":"https:\/\/www.educatiusacademy.org\/pt-pt\/dual-diploma\/hybrid-dual-diploma\/#primaryimage"},"image":{"@id":"https:\/\/www.educatiusacademy.org\/pt-pt\/dual-diploma\/hybrid-dual-diploma\/#primaryimage"},"thumbnailUrl":"https:\/\/www.educatiusacademy.org\/wp-content\/uploads\/2025\/02\/girls-with-a-view-640x560px-2.jpg","datePublished":"2025-02-18T06:44:58+00:00","dateModified":"2026-01-07T12:00:56+00:00","breadcrumb":{"@id":"https:\/\/www.educatiusacademy.org\/pt-pt\/dual-diploma\/hybrid-dual-diploma\/#breadcrumb"},"inLanguage":"pt-PT","potentialAction":[{"@type":"ReadAction","target":["https:\/\/www.educatiusacademy.org\/pt-pt\/dual-diploma\/hybrid-dual-diploma\/"]}]},{"@type":"ImageObject","inLanguage":"pt-PT","@id":"https:\/\/www.educatiusacademy.org\/pt-pt\/dual-diploma\/hybrid-dual-diploma\/#primaryimage","url":"https:\/\/www.educatiusacademy.org\/wp-content\/uploads\/2025\/02\/girls-with-a-view-640x560px-2.jpg","contentUrl":"https:\/\/www.educatiusacademy.org\/wp-content\/uploads\/2025\/02\/girls-with-a-view-640x560px-2.jpg"},{"@type":"BreadcrumbList","@id":"https:\/\/www.educatiusacademy.org\/pt-pt\/dual-diploma\/hybrid-dual-diploma\/#breadcrumb","itemListElement":[{"@type":"ListItem","position":1,"name":"Home","item":"https:\/\/www.educatiusacademy.org\/pt-pt\/"},{"@type":"ListItem","position":2,"name":"Dual diploma","item":"https:\/\/www.educatiusacademy.org\/pt-pt\/dual-diploma\/"},{"@type":"ListItem","position":3,"name":"Hybrid Dual Diploma"}]},{"@type":"WebSite","@id":"https:\/\/www.educatiusacademy.org\/pt-pt\/#website","url":"https:\/\/www.educatiusacademy.org\/pt-pt\/","name":"Educatius Academy Online","description":"","publisher":{"@id":"https:\/\/www.educatiusacademy.org\/pt-pt\/#organization"},"potentialAction":[{"@type":"SearchAction","target":{"@type":"EntryPoint","urlTemplate":"https:\/\/www.educatiusacademy.org\/pt-pt\/?s={search_term_string}"},"query-input":{"@type":"PropertyValueSpecification","valueRequired":true,"valueName":"search_term_string"}}],"inLanguage":"pt-PT"},{"@type":"Organization","@id":"https:\/\/www.educatiusacademy.org\/pt-pt\/#organization","name":"Educatius Academy Online","url":"https:\/\/www.educatiusacademy.org\/pt-pt\/","logo":{"@type":"ImageObject","inLanguage":"pt-PT","@id":"https:\/\/www.educatiusacademy.org\/pt-pt\/#\/schema\/logo\/image\/","url":"https:\/\/www.educatiusacademy.org\/wp-content\/uploads\/2025\/02\/educatius_academy_white.png","contentUrl":"https:\/\/www.educatiusacademy.org\/wp-content\/uploads\/2025\/02\/educatius_academy_white.png","width":837,"height":332,"caption":"Educatius Academy Online"},"image":{"@id":"https:\/\/www.educatiusacademy.org\/pt-pt\/#\/schema\/logo\/image\/"}}]}},"_links":{"self":[{"href":"https:\/\/www.educatiusacademy.org\/pt-pt\/wp-json\/wp\/v2\/pages\/2884","targetHints":{"allow":["GET"]}}],"collection":[{"href":"https:\/\/www.educatiusacademy.org\/pt-pt\/wp-json\/wp\/v2\/pages"}],"about":[{"href":"https:\/\/www.educatiusacademy.org\/pt-pt\/wp-json\/wp\/v2\/types\/page"}],"author":[{"embeddable":true,"href":"https:\/\/www.educatiusacademy.org\/pt-pt\/wp-json\/wp\/v2\/users\/18"}],"replies":[{"embeddable":true,"href":"https:\/\/www.educatiusacademy.org\/pt-pt\/wp-json\/wp\/v2\/comments?post=2884"}],"version-history":[{"count":3,"href":"https:\/\/www.educatiusacademy.org\/pt-pt\/wp-json\/wp\/v2\/pages\/2884\/revisions"}],"predecessor-version":[{"id":3088,"href":"https:\/\/www.educatiusacademy.org\/pt-pt\/wp-json\/wp\/v2\/pages\/2884\/revisions\/3088"}],"up":[{"embeddable":true,"href":"https:\/\/www.educatiusacademy.org\/pt-pt\/wp-json\/wp\/v2\/pages\/2809"}],"wp:attachment":[{"href":"https:\/\/www.educatiusacademy.org\/pt-pt\/wp-json\/wp\/v2\/media?parent=2884"}],"wp:term":[{"taxonomy":"wf_page_folders","embeddable":true,"href":"https:\/\/www.educatiusacademy.org\/pt-pt\/wp-json\/wp\/v2\/wf_page_folders?post=2884"}],"curies":[{"name":"wp","href":"https:\/\/api.w.org\/{rel}","templated":true}]}}