{"id":2902,"date":"2025-02-18T10:17:39","date_gmt":"2025-02-18T10:17:39","guid":{"rendered":"https:\/\/www.educatiusacademy.org\/?page_id=2902"},"modified":"2026-01-07T12:55:53","modified_gmt":"2026-01-07T12:55:53","slug":"faq","status":"publish","type":"page","link":"https:\/\/www.educatiusacademy.org\/pt-pt\/faq\/","title":{"rendered":"FAQ"},"content":{"rendered":"\n<div style=\"height:169px\" aria-hidden=\"true\" class=\"wp-block-spacer\"><\/div>\n\n\n\n<div class=\"wp-block-columns container is-layout-flex wp-container-core-columns-is-layout-1 wp-block-columns-is-layout-flex\">\n<div class=\"wp-block-column is-layout-flow wp-block-column-is-layout-flow\" style=\"flex-basis:66.66%\">\n<div class=\"wp-block-educatius-faq-accordion container\"><div class=\"accordion\" id=\"accordionExample\"><div class=\"accordion-item\"><h2 class=\"accordion-header\" id=\"heading2262\"><button class=\"accordion-button collapsed\" type=\"button\" data-bs-toggle=\"collapse\" data-bs-target=\"#tab2262\" aria-expanded=\"false\" aria-controls=\"tab2262\">Quando \u00e9 poss\u00edvel iniciar o Programa?<\/button><\/h2><div id=\"tab2262\" class=\"accordion-collapse collapse\" aria-labelledby=\"heading2262\" data-bs-parent=\"#accordionExample\"><div class=\"accordion-body\"><p>As candidaturas s\u00e3o processadas de forma cont\u00ednua, pelo que \u00e9 poss\u00edvel candidatar-se e iniciar o programa em qualquer altura. <\/p><\/div><\/div><\/div><div class=\"accordion-item\"><h2 class=\"accordion-header\" id=\"heading1229\"><button class=\"accordion-button collapsed\" type=\"button\" data-bs-toggle=\"collapse\" data-bs-target=\"#tab1229\" aria-expanded=\"false\" aria-controls=\"tab1229\">\u00c9 poss\u00edvel iniciar o programa Dual Diploma antes de realizar um per\u00edodo de estudos no estrangeiro?<\/button><\/h2><div id=\"tab1229\" class=\"accordion-collapse collapse\" aria-labelledby=\"heading1229\" data-bs-parent=\"#accordionExample\"><div class=\"accordion-body\"><p>Sim. Muitos estudantes iniciam o programa antes de realizarem um per\u00edodo de estudos no estrangeiro, uma vez que isso contribui para uma melhor prepara\u00e7\u00e3o acad\u00e9mica para estudar noutro pa\u00eds. No entanto, o programa \u00e9 flex\u00edvel, permitindo a frequ\u00eancia de disciplinas tanto antes como ap\u00f3s a experi\u00eancia de interc\u00e2mbio internacional.<\/p><\/div><\/div><\/div><div class=\"accordion-item\"><h2 class=\"accordion-header\" id=\"heading7936\"><button class=\"accordion-button collapsed\" type=\"button\" data-bs-toggle=\"collapse\" data-bs-target=\"#tab7936\" aria-expanded=\"false\" aria-controls=\"tab7936\">\u00c9 poss\u00edvel estudar fora e realizar cr\u00e9ditos online ao mesmo tempo?<\/button><\/h2><div id=\"tab7936\" class=\"accordion-collapse collapse\" aria-labelledby=\"heading7936\" data-bs-parent=\"#accordionExample\"><div class=\"accordion-body\"><p>Sim. A nossa equipa ajuda a identificar o programa mais adequado que combina estudos online com uma experi\u00eancia de estudos no estrangeiro.<\/p><\/div><\/div><\/div><div class=\"accordion-item\"><h2 class=\"accordion-header\" id=\"heading5703\"><button class=\"accordion-button collapsed\" type=\"button\" data-bs-toggle=\"collapse\" data-bs-target=\"#tab5703\" aria-expanded=\"false\" aria-controls=\"tab5703\">O Dual Diploma pode ser realizado caso estude num pa\u00eds que n\u00e3o seja os EUA?<\/button><\/h2><div id=\"tab5703\" class=\"accordion-collapse collapse\" aria-labelledby=\"heading5703\" data-bs-parent=\"#accordionExample\"><div class=\"accordion-body\"><p>Sim. Os estudantes podem transferir disciplinas realizadas em qualquer programa de interc\u00e2mbio em pa\u00edses de l\u00edngua inglesa para o programa Dual Diploma. Os cr\u00e9ditos podem ser iniciados antes do per\u00edodo de interc\u00e2mbio ou ap\u00f3s o regresso. Para mais informa\u00e7\u00f5es, a nossa equipa est\u00e1 dispon\u00edvel para prestar esclarecimentos!<\/p><\/div><\/div><\/div><div class=\"accordion-item\"><h2 class=\"accordion-header\" id=\"heading1394\"><button class=\"accordion-button collapsed\" type=\"button\" data-bs-toggle=\"collapse\" data-bs-target=\"#tab1394\" aria-expanded=\"false\" aria-controls=\"tab1394\">\u00c9 obrigat\u00f3rio frequentar presencialmente uma escola parceira para obter o Dual Diploma?<\/button><\/h2><div id=\"tab1394\" class=\"accordion-collapse collapse\" aria-labelledby=\"heading1394\" data-bs-parent=\"#accordionExample\"><div class=\"accordion-body\"><p>N\u00e3o. \u00c9 poss\u00edvel frequentar qualquer escola secund\u00e1ria acreditada em qualquer pa\u00eds de l\u00edngua inglesa.<\/p><\/div><\/div><\/div><div class=\"accordion-item\"><h2 class=\"accordion-header\" id=\"heading3865\"><button class=\"accordion-button collapsed\" type=\"button\" data-bs-toggle=\"collapse\" data-bs-target=\"#tab3865\" aria-expanded=\"false\" aria-controls=\"tab3865\">\u00c9 necess\u00e1rio frequentar aulas online enquanto se estuda no estrangeiro?<\/button><\/h2><div id=\"tab3865\" class=\"accordion-collapse collapse\" aria-labelledby=\"heading3865\" data-bs-parent=\"#accordionExample\"><div class=\"accordion-body\"><p>N\u00e3o. As disciplinas frequentadas durante o per\u00edodo de estudos fora podem ser creditadas para o programa Dual Diploma. N\u00e3o \u00e9 necess\u00e1rio realizar cursos adicionais enquanto se estuda fora. O programa pode ser conclu\u00eddo ap\u00f3s o regresso ao pa\u00eds de origem.<\/p><\/div><\/div><\/div><div class=\"accordion-item\"><h2 class=\"accordion-header\" id=\"heading2930\"><button class=\"accordion-button collapsed\" type=\"button\" data-bs-toggle=\"collapse\" data-bs-target=\"#tab2930\" aria-expanded=\"false\" aria-controls=\"tab2930\">Existe um limite de idade?<\/button><\/h2><div id=\"tab2930\" class=\"accordion-collapse collapse\" aria-labelledby=\"heading2930\" data-bs-parent=\"#accordionExample\"><div class=\"accordion-body\"><p>A maioria dos estudantes conclui os programas de diploma antes de completar 20 anos. No entanto, existe tamb\u00e9m uma op\u00e7\u00e3o destinada a estudantes com idade superior.<\/p><\/div><\/div><\/div><div class=\"accordion-item\"><h2 class=\"accordion-header\" id=\"heading7831\"><button class=\"accordion-button collapsed\" type=\"button\" data-bs-toggle=\"collapse\" data-bs-target=\"#tab7831\" aria-expanded=\"false\" aria-controls=\"tab7831\">Quanto tempo demora a concluir um cr\u00e9dito?<\/button><\/h2><div id=\"tab7831\" class=\"accordion-collapse collapse\" aria-labelledby=\"heading7831\" data-bs-parent=\"#accordionExample\"><div class=\"accordion-body\"><p>Em m\u00e9dia s\u00e3o necess\u00e1rias cerda de 100 a 120 horas para concluir um cr\u00e9dito completo. Isto corresponde aproximadamente a 2,5 a 3 horas por semanas, caso o estudo seja distribu\u00eddo ao longo de um ano letivo (10 meses).<\/p><\/div><\/div><\/div><div class=\"accordion-item\"><h2 class=\"accordion-header\" id=\"heading5608\"><button class=\"accordion-button collapsed\" type=\"button\" data-bs-toggle=\"collapse\" data-bs-target=\"#tab5608\" aria-expanded=\"false\" aria-controls=\"tab5608\">Que material \u00e9 necess\u00e1rio a n\u00edvel de tecnologia?<\/button><\/h2><div id=\"tab5608\" class=\"accordion-collapse collapse\" aria-labelledby=\"heading5608\" data-bs-parent=\"#accordionExample\"><div class=\"accordion-body\"><p>\u00c9 necess\u00e1rio um computador de secret\u00e1ria ou port\u00e1til, iPad ou tablet com c\u00e2mara integrada, software de processamento de texto e liga\u00e7\u00e3o \u00e0 internet.<\/p><\/div><\/div><\/div><\/div><\/div>\n<\/div>\n\n\n\n<div class=\"wp-block-column is-layout-flow wp-block-column-is-layout-flow\" style=\"flex-basis:33.33%\">\n<figure class=\"wp-block-image size-full\"><img loading=\"lazy\" decoding=\"async\" width=\"640\" height=\"959\" src=\"https:\/\/www.educatiusacademy.org\/wp-content\/uploads\/2025\/02\/academy-faq-writing-by-hand.jpg\" alt=\"\" class=\"wp-image-195\" srcset=\"https:\/\/www.educatiusacademy.org\/wp-content\/uploads\/2025\/02\/academy-faq-writing-by-hand.jpg 640w, https:\/\/www.educatiusacademy.org\/wp-content\/uploads\/2025\/02\/academy-faq-writing-by-hand-200x300.jpg 200w, https:\/\/www.educatiusacademy.org\/wp-content\/uploads\/2025\/02\/academy-faq-writing-by-hand-16x24.jpg 16w, https:\/\/www.educatiusacademy.org\/wp-content\/uploads\/2025\/02\/academy-faq-writing-by-hand-24x36.jpg 24w, https:\/\/www.educatiusacademy.org\/wp-content\/uploads\/2025\/02\/academy-faq-writing-by-hand-32x48.jpg 32w\" sizes=\"auto, (max-width: 640px) 100vw, 640px\" \/><\/figure>\n<\/div>\n<\/div>\n\n\n\n<div class=\"wp-block-columns container is-layout-flex wp-container-core-columns-is-layout-2 wp-block-columns-is-layout-flex\">\n<div class=\"wp-block-column has-light-pink-background-color has-background is-layout-flow wp-block-column-is-layout-flow\">\n<figure class=\"wp-block-image size-full\"><img loading=\"lazy\" decoding=\"async\" width=\"640\" height=\"427\" src=\"https:\/\/www.educatiusacademy.org\/wp-content\/uploads\/2025\/02\/student-asking-the-teacher-some-questions.jpg\" alt=\"\" class=\"wp-image-233\" srcset=\"https:\/\/www.educatiusacademy.org\/wp-content\/uploads\/2025\/02\/student-asking-the-teacher-some-questions.jpg 640w, https:\/\/www.educatiusacademy.org\/wp-content\/uploads\/2025\/02\/student-asking-the-teacher-some-questions-300x200.jpg 300w, https:\/\/www.educatiusacademy.org\/wp-content\/uploads\/2025\/02\/student-asking-the-teacher-some-questions-24x16.jpg 24w, https:\/\/www.educatiusacademy.org\/wp-content\/uploads\/2025\/02\/student-asking-the-teacher-some-questions-36x24.jpg 36w, https:\/\/www.educatiusacademy.org\/wp-content\/uploads\/2025\/02\/student-asking-the-teacher-some-questions-48x32.jpg 48w\" sizes=\"auto, (max-width: 640px) 100vw, 640px\" \/><\/figure>\n\n\n\n<div class=\"wp-block-educatius-title-paragraph-darkbutton container\"><div class=\"text-block-wrap py-4 py-md-0\"><h3 class=\"text-block-title text-primary\">Tem mais d\u00favidas?<\/h3><p class=\"text-primary\">Teremos todo o gosto em esclarecer quaisquer quest\u00f5es e partilhar mais informa\u00e7\u00f5es. Contacte-nos para obter mais detalhes.<\/p><a href=\"\/pt-pt\/contact-us-student\/\" class=\"btn btn-primary\">Contacte-nos<\/a><\/div><\/div>\n<\/div>\n\n\n\n<div class=\"wp-block-column has-light-pink-background-color has-background is-layout-flow wp-block-column-is-layout-flow\">\n<figure class=\"wp-block-image size-full\"><img loading=\"lazy\" decoding=\"async\" width=\"640\" height=\"427\" src=\"https:\/\/www.educatiusacademy.org\/wp-content\/uploads\/2025\/02\/girl-student-with-diploma-and-laptop.jpg\" alt=\"\" class=\"wp-image-221\" srcset=\"https:\/\/www.educatiusacademy.org\/wp-content\/uploads\/2025\/02\/girl-student-with-diploma-and-laptop.jpg 640w, https:\/\/www.educatiusacademy.org\/wp-content\/uploads\/2025\/02\/girl-student-with-diploma-and-laptop-300x200.jpg 300w, https:\/\/www.educatiusacademy.org\/wp-content\/uploads\/2025\/02\/girl-student-with-diploma-and-laptop-24x16.jpg 24w, https:\/\/www.educatiusacademy.org\/wp-content\/uploads\/2025\/02\/girl-student-with-diploma-and-laptop-36x24.jpg 36w, https:\/\/www.educatiusacademy.org\/wp-content\/uploads\/2025\/02\/girl-student-with-diploma-and-laptop-48x32.jpg 48w\" sizes=\"auto, (max-width: 640px) 100vw, 640px\" \/><\/figure>\n\n\n\n<div class=\"wp-block-educatius-title-paragraph-darkbutton container\"><div class=\"text-block-wrap py-4 py-md-0\"><h3 class=\"text-block-title text-primary\">Agende uma reuni\u00e3o<\/h3><p class=\"text-primary\">Agende uma sess\u00e3o de counseling e conte-nos os seus objetivos acad\u00e9micos. Juntos, podemos avaliar a melhor forma de atingir as metas definidas.<\/p><a href=\"\/pt-pt\/contact-us-student\/\" class=\"btn btn-primary\">Agende uma reuni\u00e3o<\/a><\/div><\/div>\n<\/div>\n<\/div>\n\n\n\n<p><\/p>\n","protected":false},"excerpt":{"rendered":"","protected":false},"author":18,"featured_media":0,"parent":0,"menu_order":0,"comment_status":"closed","ping_status":"closed","template":"","meta":{"_acf_changed":false,"inline_featured_image":false,"footnotes":""},"wf_page_folders":[],"class_list":["post-2902","page","type-page","status-publish","hentry"],"acf":[],"yoast_head":"<!-- This site is optimized with the Yoast SEO Premium plugin v23.4 (Yoast SEO v23.6) - https:\/\/yoast.com\/wordpress\/plugins\/seo\/ -->\n<title>FAQ - Educatius Academy Online<\/title>\n<meta name=\"robots\" content=\"index, follow, max-snippet:-1, max-image-preview:large, max-video-preview:-1\" \/>\n<link rel=\"canonical\" href=\"https:\/\/www.educatiusacademy.org\/pt-pt\/faq\/\" \/>\n<meta property=\"og:locale\" content=\"pt_PT\" \/>\n<meta property=\"og:type\" content=\"article\" \/>\n<meta property=\"og:title\" content=\"FAQ\" \/>\n<meta property=\"og:url\" content=\"https:\/\/www.educatiusacademy.org\/pt-pt\/faq\/\" \/>\n<meta property=\"og:site_name\" content=\"Educatius Academy Online\" \/>\n<meta property=\"article:modified_time\" content=\"2026-01-07T12:55:53+00:00\" \/>\n<meta property=\"og:image\" content=\"https:\/\/www.educatiusacademy.org\/wp-content\/uploads\/2025\/02\/academy-faq-writing-by-hand.jpg\" \/>\n\t<meta property=\"og:image:width\" content=\"640\" \/>\n\t<meta property=\"og:image:height\" content=\"959\" \/>\n\t<meta property=\"og:image:type\" content=\"image\/jpeg\" \/>\n<meta name=\"twitter:card\" content=\"summary_large_image\" \/>\n<meta name=\"twitter:label1\" content=\"Est. reading time\" \/>\n\t<meta name=\"twitter:data1\" content=\"3 minutos\" \/>\n<script type=\"application\/ld+json\" class=\"yoast-schema-graph\">{\"@context\":\"https:\/\/schema.org\",\"@graph\":[{\"@type\":\"WebPage\",\"@id\":\"https:\/\/www.educatiusacademy.org\/pt-pt\/faq\/\",\"url\":\"https:\/\/www.educatiusacademy.org\/pt-pt\/faq\/\",\"name\":\"FAQ - Educatius Academy Online\",\"isPartOf\":{\"@id\":\"https:\/\/www.educatiusacademy.org\/pt-pt\/#website\"},\"primaryImageOfPage\":{\"@id\":\"https:\/\/www.educatiusacademy.org\/pt-pt\/faq\/#primaryimage\"},\"image\":{\"@id\":\"https:\/\/www.educatiusacademy.org\/pt-pt\/faq\/#primaryimage\"},\"thumbnailUrl\":\"https:\/\/www.educatiusacademy.org\/wp-content\/uploads\/2025\/02\/academy-faq-writing-by-hand.jpg\",\"datePublished\":\"2025-02-18T10:17:39+00:00\",\"dateModified\":\"2026-01-07T12:55:53+00:00\",\"breadcrumb\":{\"@id\":\"https:\/\/www.educatiusacademy.org\/pt-pt\/faq\/#breadcrumb\"},\"inLanguage\":\"pt-PT\",\"potentialAction\":[{\"@type\":\"ReadAction\",\"target\":[\"https:\/\/www.educatiusacademy.org\/pt-pt\/faq\/\"]}]},{\"@type\":\"ImageObject\",\"inLanguage\":\"pt-PT\",\"@id\":\"https:\/\/www.educatiusacademy.org\/pt-pt\/faq\/#primaryimage\",\"url\":\"https:\/\/www.educatiusacademy.org\/wp-content\/uploads\/2025\/02\/academy-faq-writing-by-hand.jpg\",\"contentUrl\":\"https:\/\/www.educatiusacademy.org\/wp-content\/uploads\/2025\/02\/academy-faq-writing-by-hand.jpg\"},{\"@type\":\"BreadcrumbList\",\"@id\":\"https:\/\/www.educatiusacademy.org\/pt-pt\/faq\/#breadcrumb\",\"itemListElement\":[{\"@type\":\"ListItem\",\"position\":1,\"name\":\"Home\",\"item\":\"https:\/\/www.educatiusacademy.org\/pt-pt\/\"},{\"@type\":\"ListItem\",\"position\":2,\"name\":\"FAQ\"}]},{\"@type\":\"WebSite\",\"@id\":\"https:\/\/www.educatiusacademy.org\/pt-pt\/#website\",\"url\":\"https:\/\/www.educatiusacademy.org\/pt-pt\/\",\"name\":\"Educatius Academy Online\",\"description\":\"\",\"publisher\":{\"@id\":\"https:\/\/www.educatiusacademy.org\/pt-pt\/#organization\"},\"potentialAction\":[{\"@type\":\"SearchAction\",\"target\":{\"@type\":\"EntryPoint\",\"urlTemplate\":\"https:\/\/www.educatiusacademy.org\/pt-pt\/?s={search_term_string}\"},\"query-input\":{\"@type\":\"PropertyValueSpecification\",\"valueRequired\":true,\"valueName\":\"search_term_string\"}}],\"inLanguage\":\"pt-PT\"},{\"@type\":\"Organization\",\"@id\":\"https:\/\/www.educatiusacademy.org\/pt-pt\/#organization\",\"name\":\"Educatius Academy Online\",\"url\":\"https:\/\/www.educatiusacademy.org\/pt-pt\/\",\"logo\":{\"@type\":\"ImageObject\",\"inLanguage\":\"pt-PT\",\"@id\":\"https:\/\/www.educatiusacademy.org\/pt-pt\/#\/schema\/logo\/image\/\",\"url\":\"https:\/\/www.educatiusacademy.org\/wp-content\/uploads\/2025\/02\/educatius_academy_white.png\",\"contentUrl\":\"https:\/\/www.educatiusacademy.org\/wp-content\/uploads\/2025\/02\/educatius_academy_white.png\",\"width\":837,\"height\":332,\"caption\":\"Educatius Academy Online\"},\"image\":{\"@id\":\"https:\/\/www.educatiusacademy.org\/pt-pt\/#\/schema\/logo\/image\/\"}}]}<\/script>\n<!-- \/ Yoast SEO Premium plugin. -->","yoast_head_json":{"title":"FAQ - Educatius Academy Online","robots":{"index":"index","follow":"follow","max-snippet":"max-snippet:-1","max-image-preview":"max-image-preview:large","max-video-preview":"max-video-preview:-1"},"canonical":"https:\/\/www.educatiusacademy.org\/pt-pt\/faq\/","og_locale":"pt_PT","og_type":"article","og_title":"FAQ","og_url":"https:\/\/www.educatiusacademy.org\/pt-pt\/faq\/","og_site_name":"Educatius Academy Online","article_modified_time":"2026-01-07T12:55:53+00:00","og_image":[{"width":640,"height":959,"url":"https:\/\/www.educatiusacademy.org\/wp-content\/uploads\/2025\/02\/academy-faq-writing-by-hand.jpg","type":"image\/jpeg"}],"twitter_card":"summary_large_image","twitter_misc":{"Est. reading time":"3 minutos"},"schema":{"@context":"https:\/\/schema.org","@graph":[{"@type":"WebPage","@id":"https:\/\/www.educatiusacademy.org\/pt-pt\/faq\/","url":"https:\/\/www.educatiusacademy.org\/pt-pt\/faq\/","name":"FAQ - Educatius Academy Online","isPartOf":{"@id":"https:\/\/www.educatiusacademy.org\/pt-pt\/#website"},"primaryImageOfPage":{"@id":"https:\/\/www.educatiusacademy.org\/pt-pt\/faq\/#primaryimage"},"image":{"@id":"https:\/\/www.educatiusacademy.org\/pt-pt\/faq\/#primaryimage"},"thumbnailUrl":"https:\/\/www.educatiusacademy.org\/wp-content\/uploads\/2025\/02\/academy-faq-writing-by-hand.jpg","datePublished":"2025-02-18T10:17:39+00:00","dateModified":"2026-01-07T12:55:53+00:00","breadcrumb":{"@id":"https:\/\/www.educatiusacademy.org\/pt-pt\/faq\/#breadcrumb"},"inLanguage":"pt-PT","potentialAction":[{"@type":"ReadAction","target":["https:\/\/www.educatiusacademy.org\/pt-pt\/faq\/"]}]},{"@type":"ImageObject","inLanguage":"pt-PT","@id":"https:\/\/www.educatiusacademy.org\/pt-pt\/faq\/#primaryimage","url":"https:\/\/www.educatiusacademy.org\/wp-content\/uploads\/2025\/02\/academy-faq-writing-by-hand.jpg","contentUrl":"https:\/\/www.educatiusacademy.org\/wp-content\/uploads\/2025\/02\/academy-faq-writing-by-hand.jpg"},{"@type":"BreadcrumbList","@id":"https:\/\/www.educatiusacademy.org\/pt-pt\/faq\/#breadcrumb","itemListElement":[{"@type":"ListItem","position":1,"name":"Home","item":"https:\/\/www.educatiusacademy.org\/pt-pt\/"},{"@type":"ListItem","position":2,"name":"FAQ"}]},{"@type":"WebSite","@id":"https:\/\/www.educatiusacademy.org\/pt-pt\/#website","url":"https:\/\/www.educatiusacademy.org\/pt-pt\/","name":"Educatius Academy Online","description":"","publisher":{"@id":"https:\/\/www.educatiusacademy.org\/pt-pt\/#organization"},"potentialAction":[{"@type":"SearchAction","target":{"@type":"EntryPoint","urlTemplate":"https:\/\/www.educatiusacademy.org\/pt-pt\/?s={search_term_string}"},"query-input":{"@type":"PropertyValueSpecification","valueRequired":true,"valueName":"search_term_string"}}],"inLanguage":"pt-PT"},{"@type":"Organization","@id":"https:\/\/www.educatiusacademy.org\/pt-pt\/#organization","name":"Educatius Academy Online","url":"https:\/\/www.educatiusacademy.org\/pt-pt\/","logo":{"@type":"ImageObject","inLanguage":"pt-PT","@id":"https:\/\/www.educatiusacademy.org\/pt-pt\/#\/schema\/logo\/image\/","url":"https:\/\/www.educatiusacademy.org\/wp-content\/uploads\/2025\/02\/educatius_academy_white.png","contentUrl":"https:\/\/www.educatiusacademy.org\/wp-content\/uploads\/2025\/02\/educatius_academy_white.png","width":837,"height":332,"caption":"Educatius Academy Online"},"image":{"@id":"https:\/\/www.educatiusacademy.org\/pt-pt\/#\/schema\/logo\/image\/"}}]}},"_links":{"self":[{"href":"https:\/\/www.educatiusacademy.org\/pt-pt\/wp-json\/wp\/v2\/pages\/2902","targetHints":{"allow":["GET"]}}],"collection":[{"href":"https:\/\/www.educatiusacademy.org\/pt-pt\/wp-json\/wp\/v2\/pages"}],"about":[{"href":"https:\/\/www.educatiusacademy.org\/pt-pt\/wp-json\/wp\/v2\/types\/page"}],"author":[{"embeddable":true,"href":"https:\/\/www.educatiusacademy.org\/pt-pt\/wp-json\/wp\/v2\/users\/18"}],"replies":[{"embeddable":true,"href":"https:\/\/www.educatiusacademy.org\/pt-pt\/wp-json\/wp\/v2\/comments?post=2902"}],"version-history":[{"count":4,"href":"https:\/\/www.educatiusacademy.org\/pt-pt\/wp-json\/wp\/v2\/pages\/2902\/revisions"}],"predecessor-version":[{"id":3112,"href":"https:\/\/www.educatiusacademy.org\/pt-pt\/wp-json\/wp\/v2\/pages\/2902\/revisions\/3112"}],"wp:attachment":[{"href":"https:\/\/www.educatiusacademy.org\/pt-pt\/wp-json\/wp\/v2\/media?parent=2902"}],"wp:term":[{"taxonomy":"wf_page_folders","embeddable":true,"href":"https:\/\/www.educatiusacademy.org\/pt-pt\/wp-json\/wp\/v2\/wf_page_folders?post=2902"}],"curies":[{"name":"wp","href":"https:\/\/api.w.org\/{rel}","templated":true}]}}