{"id":3009,"date":"2025-02-20T11:23:05","date_gmt":"2025-02-20T11:23:05","guid":{"rendered":"https:\/\/www.educatiusacademy.org\/?page_id=3009"},"modified":"2026-01-09T09:20:56","modified_gmt":"2026-01-09T09:20:56","slug":"about-us-3","status":"publish","type":"page","link":"https:\/\/www.educatiusacademy.org\/pt-pt\/about-us-3\/","title":{"rendered":"About us"},"content":{"rendered":"\n<div style=\"height:100px\" aria-hidden=\"true\" class=\"wp-block-spacer\"><\/div>\n\n\n\n<div class=\"wp-block-columns container is-layout-flex wp-container-core-columns-is-layout-1 wp-block-columns-is-layout-flex\">\n<div class=\"wp-block-column is-layout-flow wp-block-column-is-layout-flow\">\n<div class=\"wp-block-educatius-title-paragraph-darkbutton container\"><div class=\"text-block-wrap py-4 py-md-0\"><h3 class=\"text-block-title text-primary\">Educatius Academy<br><\/h3><p class=\"text-primary\">A Educatius Academy \u00e9 uma divis\u00e3o da Educatius Inc, integrante do Educatius Group.<br>H\u00e1 mais de 20 anos, o Educatius Group ajuda estudantes do Ensino Secund\u00e1rio de mais de 50 pa\u00edses a concretizar o sonho de estudar no estrangeiro. Como a maior organiza\u00e7\u00e3o dedicada exclusivamente a programas internacionais de ensino secund\u00e1rio, enviamos, todos os anos, 7.000 estudantes para programas de estudos no estrangeiro em 14 pa\u00edses.<br>A Educatius Academy oferece programas virtuais para estudantes do ensino secund\u00e1rio em todo o mundo. Atrav\u00e9s de parcerias com escolas norte-americanas totalmente acreditadas, disponibilizamos programas de High School Diploma online e disciplinas de Ensino Secund\u00e1rio.<br>A Educatius Academy colabora com ag\u00eancias educativas e escolas em mais de 20 pa\u00edses para proporcionar aos seus estudantes a oportunidade de obter High School Diploma dos EUA.<\/p><a href=\"https:\/\/www.educatius.org\/\" class=\"btn btn-primary\">Saber mais<\/a><\/div><\/div>\n<\/div>\n\n\n\n<div class=\"wp-block-column is-layout-flow wp-block-column-is-layout-flow\">\n<figure class=\"wp-block-image size-full\"><img loading=\"lazy\" decoding=\"async\" width=\"640\" height=\"427\" src=\"https:\/\/www.educatiusacademy.org\/wp-content\/uploads\/2025\/02\/graduation-students-yellow-sash.jpg\" alt=\"\" class=\"wp-image-490\" srcset=\"https:\/\/www.educatiusacademy.org\/wp-content\/uploads\/2025\/02\/graduation-students-yellow-sash.jpg 640w, https:\/\/www.educatiusacademy.org\/wp-content\/uploads\/2025\/02\/graduation-students-yellow-sash-300x200.jpg 300w, https:\/\/www.educatiusacademy.org\/wp-content\/uploads\/2025\/02\/graduation-students-yellow-sash-24x16.jpg 24w, https:\/\/www.educatiusacademy.org\/wp-content\/uploads\/2025\/02\/graduation-students-yellow-sash-36x24.jpg 36w, https:\/\/www.educatiusacademy.org\/wp-content\/uploads\/2025\/02\/graduation-students-yellow-sash-48x32.jpg 48w\" sizes=\"auto, (max-width: 640px) 100vw, 640px\" \/><\/figure>\n<\/div>\n<\/div>\n\n\n\n<section class=\"wp-block-educatius-large-icon-and-text whats-included-section text-center py-3\"><div class=\"container\"><div class=\"row\"><div class=\"col\"><img decoding=\"async\" src=\"https:\/\/www.educatiusacademy.org\/wp-content\/uploads\/2025\/02\/Satisfied_customers_icon_burgundy_border.png\" \/><h6>Academic Leader<\/h6><p>Ao disponibilizar estudos de High School online, ampliamos as oportunidades para alunos em todo o mundo.<\/p><\/div><div class=\"col\"><img decoding=\"async\" src=\"https:\/\/www.educatiusacademy.org\/wp-content\/uploads\/2025\/02\/Love_where_you_live_burgundy_border.png\" \/><h6>Global Reach<\/h6><p>Inscrevemos estudantes de mais de 20 pa\u00edses, n\u00famero que continua a creaser, nos nossos programas virtuais. <\/p><\/div><div class=\"col\"><img decoding=\"async\" src=\"https:\/\/www.educatiusacademy.org\/wp-content\/uploads\/2025\/02\/Strong_relationships_icon_purple_border.png\" \/><h6>Trusted Partnerships<\/h6><p>Escolas e fam\u00edlias confiam na Educatius h\u00e1 mais de 20 anos.<\/p><\/div><div class=\"col\"><img decoding=\"async\" src=\"https:\/\/www.educatiusacademy.org\/wp-content\/uploads\/2025\/02\/Prestigious_schools_burgundy_border.png\" \/><h6>Reputable Programs<\/h6><p>A nossa certifica\u00e7\u00e3o \u00e9 reconhecida e valorizada por universidades de todo o mundo.<\/p><\/div><\/div><\/div><\/section>\n\n\n\n<section class=\"wp-block-educatius-right-image-and-text highlight-section-reverse py-1 py-sm-2 py-md-2 py-sm-5 py-md-5\"><div class=\"container\"><div class=\"row\"><div class=\"col-md-6 order-md-1\"><img decoding=\"async\" src=\"https:\/\/www.educatiusacademy.org\/wp-content\/uploads\/2025\/02\/two-business-women-walking-in-city-center-partner-with-us.jpg\" class=\"w-100\" \/><\/div><div class=\"col-md-6 order-md-0\"><div class=\"text-block-wrap py-md-0 px-md-5\"><span class=\"text-block-title\"><\/span><h3 class=\"text-block-title\">Qualidade Educativa<\/h3><p>Orgulhamo-nos da qualidade educativa e do apoio que prestamos aos nossos alunos. Estejam em casa ou no estrangeiro, alunos e fam\u00edlias podem contar connosco em todas as etapas do percurso. Contacte-nos para saber mais sobre Educatius Group, Educatius Academy, e os nossos entusiasmantes programas internacionais.<\/p><a href=\"pt-pt\/contact-us-student\/\" class=\"btn btn-outline-primary btn-lg\">Contacte-nos<\/a><\/div><\/div><\/div><\/div><\/section>\n\n\n\n<figure class=\"wp-block-image size-full container\"><img loading=\"lazy\" decoding=\"async\" width=\"1440\" height=\"507\" src=\"https:\/\/www.educatiusacademy.org\/wp-content\/uploads\/2025\/02\/Educatius_Footer_desktop_1440x507.jpg\" alt=\"\" class=\"wp-image-212\" srcset=\"https:\/\/www.educatiusacademy.org\/wp-content\/uploads\/2025\/02\/Educatius_Footer_desktop_1440x507.jpg 1440w, https:\/\/www.educatiusacademy.org\/wp-content\/uploads\/2025\/02\/Educatius_Footer_desktop_1440x507-300x106.jpg 300w, https:\/\/www.educatiusacademy.org\/wp-content\/uploads\/2025\/02\/Educatius_Footer_desktop_1440x507-1024x361.jpg 1024w, https:\/\/www.educatiusacademy.org\/wp-content\/uploads\/2025\/02\/Educatius_Footer_desktop_1440x507-768x270.jpg 768w, https:\/\/www.educatiusacademy.org\/wp-content\/uploads\/2025\/02\/Educatius_Footer_desktop_1440x507-24x8.jpg 24w, https:\/\/www.educatiusacademy.org\/wp-content\/uploads\/2025\/02\/Educatius_Footer_desktop_1440x507-36x13.jpg 36w, https:\/\/www.educatiusacademy.org\/wp-content\/uploads\/2025\/02\/Educatius_Footer_desktop_1440x507-48x17.jpg 48w\" sizes=\"auto, (max-width: 1440px) 100vw, 1440px\" \/><\/figure>\n","protected":false},"excerpt":{"rendered":"","protected":false},"author":18,"featured_media":0,"parent":0,"menu_order":0,"comment_status":"closed","ping_status":"closed","template":"","meta":{"_acf_changed":false,"inline_featured_image":false,"footnotes":""},"wf_page_folders":[],"class_list":["post-3009","page","type-page","status-publish","hentry"],"acf":[],"yoast_head":"<!-- This site is optimized with the Yoast SEO Premium plugin v23.4 (Yoast SEO v23.6) - https:\/\/yoast.com\/wordpress\/plugins\/seo\/ -->\n<title>About us - Educatius Academy Online<\/title>\n<meta name=\"robots\" content=\"index, follow, max-snippet:-1, max-image-preview:large, max-video-preview:-1\" \/>\n<link rel=\"canonical\" href=\"https:\/\/www.educatiusacademy.org\/pt-pt\/about-us-3\/\" \/>\n<meta property=\"og:locale\" content=\"pt_PT\" \/>\n<meta property=\"og:type\" content=\"article\" \/>\n<meta property=\"og:title\" content=\"About us\" \/>\n<meta property=\"og:url\" content=\"https:\/\/www.educatiusacademy.org\/pt-pt\/about-us-3\/\" \/>\n<meta property=\"og:site_name\" content=\"Educatius Academy Online\" \/>\n<meta property=\"article:modified_time\" content=\"2026-01-09T09:20:56+00:00\" \/>\n<meta property=\"og:image\" content=\"https:\/\/www.educatiusacademy.org\/wp-content\/uploads\/2025\/02\/graduation-students-yellow-sash.jpg\" \/>\n\t<meta property=\"og:image:width\" content=\"640\" \/>\n\t<meta property=\"og:image:height\" content=\"427\" \/>\n\t<meta property=\"og:image:type\" content=\"image\/jpeg\" \/>\n<meta name=\"twitter:card\" content=\"summary_large_image\" \/>\n<meta name=\"twitter:label1\" content=\"Est. reading time\" \/>\n\t<meta name=\"twitter:data1\" content=\"3 minutos\" \/>\n<script type=\"application\/ld+json\" class=\"yoast-schema-graph\">{\"@context\":\"https:\/\/schema.org\",\"@graph\":[{\"@type\":\"WebPage\",\"@id\":\"https:\/\/www.educatiusacademy.org\/pt-pt\/about-us-3\/\",\"url\":\"https:\/\/www.educatiusacademy.org\/pt-pt\/about-us-3\/\",\"name\":\"About us - Educatius Academy Online\",\"isPartOf\":{\"@id\":\"https:\/\/www.educatiusacademy.org\/pt-pt\/#website\"},\"primaryImageOfPage\":{\"@id\":\"https:\/\/www.educatiusacademy.org\/pt-pt\/about-us-3\/#primaryimage\"},\"image\":{\"@id\":\"https:\/\/www.educatiusacademy.org\/pt-pt\/about-us-3\/#primaryimage\"},\"thumbnailUrl\":\"https:\/\/www.educatiusacademy.org\/wp-content\/uploads\/2025\/02\/graduation-students-yellow-sash.jpg\",\"datePublished\":\"2025-02-20T11:23:05+00:00\",\"dateModified\":\"2026-01-09T09:20:56+00:00\",\"breadcrumb\":{\"@id\":\"https:\/\/www.educatiusacademy.org\/pt-pt\/about-us-3\/#breadcrumb\"},\"inLanguage\":\"pt-PT\",\"potentialAction\":[{\"@type\":\"ReadAction\",\"target\":[\"https:\/\/www.educatiusacademy.org\/pt-pt\/about-us-3\/\"]}]},{\"@type\":\"ImageObject\",\"inLanguage\":\"pt-PT\",\"@id\":\"https:\/\/www.educatiusacademy.org\/pt-pt\/about-us-3\/#primaryimage\",\"url\":\"https:\/\/www.educatiusacademy.org\/wp-content\/uploads\/2025\/02\/graduation-students-yellow-sash.jpg\",\"contentUrl\":\"https:\/\/www.educatiusacademy.org\/wp-content\/uploads\/2025\/02\/graduation-students-yellow-sash.jpg\"},{\"@type\":\"BreadcrumbList\",\"@id\":\"https:\/\/www.educatiusacademy.org\/pt-pt\/about-us-3\/#breadcrumb\",\"itemListElement\":[{\"@type\":\"ListItem\",\"position\":1,\"name\":\"Home\",\"item\":\"https:\/\/www.educatiusacademy.org\/pt-pt\/\"},{\"@type\":\"ListItem\",\"position\":2,\"name\":\"About us\"}]},{\"@type\":\"WebSite\",\"@id\":\"https:\/\/www.educatiusacademy.org\/pt-pt\/#website\",\"url\":\"https:\/\/www.educatiusacademy.org\/pt-pt\/\",\"name\":\"Educatius Academy Online\",\"description\":\"\",\"publisher\":{\"@id\":\"https:\/\/www.educatiusacademy.org\/pt-pt\/#organization\"},\"potentialAction\":[{\"@type\":\"SearchAction\",\"target\":{\"@type\":\"EntryPoint\",\"urlTemplate\":\"https:\/\/www.educatiusacademy.org\/pt-pt\/?s={search_term_string}\"},\"query-input\":{\"@type\":\"PropertyValueSpecification\",\"valueRequired\":true,\"valueName\":\"search_term_string\"}}],\"inLanguage\":\"pt-PT\"},{\"@type\":\"Organization\",\"@id\":\"https:\/\/www.educatiusacademy.org\/pt-pt\/#organization\",\"name\":\"Educatius Academy Online\",\"url\":\"https:\/\/www.educatiusacademy.org\/pt-pt\/\",\"logo\":{\"@type\":\"ImageObject\",\"inLanguage\":\"pt-PT\",\"@id\":\"https:\/\/www.educatiusacademy.org\/pt-pt\/#\/schema\/logo\/image\/\",\"url\":\"https:\/\/www.educatiusacademy.org\/wp-content\/uploads\/2025\/02\/educatius_academy_white.png\",\"contentUrl\":\"https:\/\/www.educatiusacademy.org\/wp-content\/uploads\/2025\/02\/educatius_academy_white.png\",\"width\":837,\"height\":332,\"caption\":\"Educatius Academy Online\"},\"image\":{\"@id\":\"https:\/\/www.educatiusacademy.org\/pt-pt\/#\/schema\/logo\/image\/\"}}]}<\/script>\n<!-- \/ Yoast SEO Premium plugin. -->","yoast_head_json":{"title":"About us - Educatius Academy Online","robots":{"index":"index","follow":"follow","max-snippet":"max-snippet:-1","max-image-preview":"max-image-preview:large","max-video-preview":"max-video-preview:-1"},"canonical":"https:\/\/www.educatiusacademy.org\/pt-pt\/about-us-3\/","og_locale":"pt_PT","og_type":"article","og_title":"About us","og_url":"https:\/\/www.educatiusacademy.org\/pt-pt\/about-us-3\/","og_site_name":"Educatius Academy Online","article_modified_time":"2026-01-09T09:20:56+00:00","og_image":[{"width":640,"height":427,"url":"https:\/\/www.educatiusacademy.org\/wp-content\/uploads\/2025\/02\/graduation-students-yellow-sash.jpg","type":"image\/jpeg"}],"twitter_card":"summary_large_image","twitter_misc":{"Est. reading time":"3 minutos"},"schema":{"@context":"https:\/\/schema.org","@graph":[{"@type":"WebPage","@id":"https:\/\/www.educatiusacademy.org\/pt-pt\/about-us-3\/","url":"https:\/\/www.educatiusacademy.org\/pt-pt\/about-us-3\/","name":"About us - Educatius Academy Online","isPartOf":{"@id":"https:\/\/www.educatiusacademy.org\/pt-pt\/#website"},"primaryImageOfPage":{"@id":"https:\/\/www.educatiusacademy.org\/pt-pt\/about-us-3\/#primaryimage"},"image":{"@id":"https:\/\/www.educatiusacademy.org\/pt-pt\/about-us-3\/#primaryimage"},"thumbnailUrl":"https:\/\/www.educatiusacademy.org\/wp-content\/uploads\/2025\/02\/graduation-students-yellow-sash.jpg","datePublished":"2025-02-20T11:23:05+00:00","dateModified":"2026-01-09T09:20:56+00:00","breadcrumb":{"@id":"https:\/\/www.educatiusacademy.org\/pt-pt\/about-us-3\/#breadcrumb"},"inLanguage":"pt-PT","potentialAction":[{"@type":"ReadAction","target":["https:\/\/www.educatiusacademy.org\/pt-pt\/about-us-3\/"]}]},{"@type":"ImageObject","inLanguage":"pt-PT","@id":"https:\/\/www.educatiusacademy.org\/pt-pt\/about-us-3\/#primaryimage","url":"https:\/\/www.educatiusacademy.org\/wp-content\/uploads\/2025\/02\/graduation-students-yellow-sash.jpg","contentUrl":"https:\/\/www.educatiusacademy.org\/wp-content\/uploads\/2025\/02\/graduation-students-yellow-sash.jpg"},{"@type":"BreadcrumbList","@id":"https:\/\/www.educatiusacademy.org\/pt-pt\/about-us-3\/#breadcrumb","itemListElement":[{"@type":"ListItem","position":1,"name":"Home","item":"https:\/\/www.educatiusacademy.org\/pt-pt\/"},{"@type":"ListItem","position":2,"name":"About us"}]},{"@type":"WebSite","@id":"https:\/\/www.educatiusacademy.org\/pt-pt\/#website","url":"https:\/\/www.educatiusacademy.org\/pt-pt\/","name":"Educatius Academy Online","description":"","publisher":{"@id":"https:\/\/www.educatiusacademy.org\/pt-pt\/#organization"},"potentialAction":[{"@type":"SearchAction","target":{"@type":"EntryPoint","urlTemplate":"https:\/\/www.educatiusacademy.org\/pt-pt\/?s={search_term_string}"},"query-input":{"@type":"PropertyValueSpecification","valueRequired":true,"valueName":"search_term_string"}}],"inLanguage":"pt-PT"},{"@type":"Organization","@id":"https:\/\/www.educatiusacademy.org\/pt-pt\/#organization","name":"Educatius Academy Online","url":"https:\/\/www.educatiusacademy.org\/pt-pt\/","logo":{"@type":"ImageObject","inLanguage":"pt-PT","@id":"https:\/\/www.educatiusacademy.org\/pt-pt\/#\/schema\/logo\/image\/","url":"https:\/\/www.educatiusacademy.org\/wp-content\/uploads\/2025\/02\/educatius_academy_white.png","contentUrl":"https:\/\/www.educatiusacademy.org\/wp-content\/uploads\/2025\/02\/educatius_academy_white.png","width":837,"height":332,"caption":"Educatius Academy Online"},"image":{"@id":"https:\/\/www.educatiusacademy.org\/pt-pt\/#\/schema\/logo\/image\/"}}]}},"_links":{"self":[{"href":"https:\/\/www.educatiusacademy.org\/pt-pt\/wp-json\/wp\/v2\/pages\/3009","targetHints":{"allow":["GET"]}}],"collection":[{"href":"https:\/\/www.educatiusacademy.org\/pt-pt\/wp-json\/wp\/v2\/pages"}],"about":[{"href":"https:\/\/www.educatiusacademy.org\/pt-pt\/wp-json\/wp\/v2\/types\/page"}],"author":[{"embeddable":true,"href":"https:\/\/www.educatiusacademy.org\/pt-pt\/wp-json\/wp\/v2\/users\/18"}],"replies":[{"embeddable":true,"href":"https:\/\/www.educatiusacademy.org\/pt-pt\/wp-json\/wp\/v2\/comments?post=3009"}],"version-history":[{"count":3,"href":"https:\/\/www.educatiusacademy.org\/pt-pt\/wp-json\/wp\/v2\/pages\/3009\/revisions"}],"predecessor-version":[{"id":3128,"href":"https:\/\/www.educatiusacademy.org\/pt-pt\/wp-json\/wp\/v2\/pages\/3009\/revisions\/3128"}],"wp:attachment":[{"href":"https:\/\/www.educatiusacademy.org\/pt-pt\/wp-json\/wp\/v2\/media?parent=3009"}],"wp:term":[{"taxonomy":"wf_page_folders","embeddable":true,"href":"https:\/\/www.educatiusacademy.org\/pt-pt\/wp-json\/wp\/v2\/wf_page_folders?post=3009"}],"curies":[{"name":"wp","href":"https:\/\/api.w.org\/{rel}","templated":true}]}}